{"id":323,"date":"2025-01-22T16:00:08","date_gmt":"2025-01-22T15:00:08","guid":{"rendered":"https:\/\/semmelweis.hu\/c80\/?page_id=323"},"modified":"2025-01-23T21:12:28","modified_gmt":"2025-01-23T20:12:28","slug":"neogrady-kiss-barnabas","status":"publish","type":"page","link":"https:\/\/semmelweis.hu\/c80\/neogrady-kiss-barnabas\/","title":{"rendered":"Neogr\u00e1dy-Kiss Barnab\u00e1s"},"content":{"rendered":"<h6><img loading=\"lazy\" decoding=\"async\" class=\"alignnone size-full wp-image-315\" src=\"https:\/\/semmelweis.hu\/c80\/files\/2025\/01\/dsc6631_optimized-scaled.jpg\" alt=\"\" width=\"1708\" height=\"2560\" srcset=\"https:\/\/semmelweis.hu\/c80\/files\/2025\/01\/dsc6631_optimized-scaled.jpg 1708w, https:\/\/semmelweis.hu\/c80\/files\/2025\/01\/dsc6631_optimized-267x400.jpg 267w, https:\/\/semmelweis.hu\/c80\/files\/2025\/01\/dsc6631_optimized-683x1024.jpg 683w, https:\/\/semmelweis.hu\/c80\/files\/2025\/01\/dsc6631_optimized-768x1151.jpg 768w, https:\/\/semmelweis.hu\/c80\/files\/2025\/01\/dsc6631_optimized-1025x1536.jpg 1025w, https:\/\/semmelweis.hu\/c80\/files\/2025\/01\/dsc6631_optimized-1367x2048.jpg 1367w, https:\/\/semmelweis.hu\/c80\/files\/2025\/01\/dsc6631_optimized-753x1128.jpg 753w\" sizes=\"auto, (max-width: 1708px) 100vw, 1708px\" \/><\/h6>\n<h6><em><strong>C\u00edm n\u00e9lk\u00fcl<\/strong><\/em><br \/>\nfot\u00f3install\u00e1ci\u00f3, fa, f\u00e9m, LED<br \/>\n2024<\/h6>\n<h6>\n<em><strong>C\u00edm n\u00e9lk\u00fcl I\u2013III.<\/strong><\/em><br \/>\ngicl\u00e9e print<br \/>\n2024<\/h6>\n<h6>Az install\u00e1ci\u00f3b\u00f3l \u00e9s fot\u00f3kb\u00f3l \u00e1ll\u00f3 m\u0171egy\u00fcttes\u00e9t a betegs\u00e9g feldolgoz\u00e1sa k\u00f6ti \u00f6ssze. Neogr\u00e1dy-Kiss Barnab\u00e1sn\u00e1l fiatalkor\u00e1ban agydaganatot diagnosztiz\u00e1ltak, mind a k\u00e9t agym\u0171t\u00e9tje ut\u00e1n \u00fajra kellett tanulnia saj\u00e1t test\u00e9nek, pontosabban teste jobb fel\u00e9nek haszn\u00e1lat\u00e1t. Felgy\u00f3gyulva azt\u00e1n eg\u00e9sz \u00e9let\u00e9t v\u00e9gigk\u00eds\u00e9rte a betegs\u00e9g ki\u00fajul\u00e1s\u00e1t\u00f3l val\u00f3 retteg\u00e9s. Alkot\u00f3i tev\u00e9kenys\u00e9g\u00e9ben k\u00f6zvetetten, de folyamatosan jelen volt a betegs\u00e9g tudata. Mivel l\u00e1t\u00e1sa tart\u00f3san s\u00e9r\u00fclt, ez\u00e9rt k\u00e9peiben \u00e1lland\u00f3an a l\u00e1t\u00e1s \u00e9s \u00e9rz\u00e9kel\u00e9s kutat\u00e1s\u00e1val foglalkozik. A C80 projekt el\u0151k\u00e9sz\u00edt\u00e9si f\u00e1zisa, a betegs\u00e9g k\u00f6r\u00fcli p\u00e1rbesz\u00e9d seg\u00edtett sz\u00e1m\u00e1ra, hogy ne csak szubjekt\u00edven, hanem a r\u00e1khoz k\u00f6zelebb l\u00e9pve, amennyire csak lehet objekt\u00edven is l\u00e1ssa saj\u00e1t betegs\u00e9g\u00e9t. \u00cdgy a m\u0171vekben jelen van a r\u00e1kkal kapcsolatos stigmatiz\u00e1ci\u00f3 nehezen feldolgozhat\u00f3, \u00f6nk\u00e9pet torz\u00edt\u00f3 mivolta. A szimbolikus form\u00e1kba s\u0171r\u00edtett \u00e9s a szemmel l\u00e1that\u00f3 betegs\u00e9g, valamint a trauma feldolgoz\u00e1sa, az \u00f6nmagunkkal val\u00f3 megb\u00e9k\u00e9l\u00e9s \u00e9s a nyit\u00e1s a r\u00e1kr\u00f3l val\u00f3 besz\u00e9d ir\u00e1ny\u00e1ba az alkot\u00e1sok legf\u0151bb mondanival\u00f3i.<\/h6>\n<p>&nbsp;<\/p>\n<p><a target=\"null\" rel=\"noopener\">\u00a0 \u00a0 \u00a0 \u00a0 \u00a0 \u00a0 \u00a0<\/a><a href=\"https:\/\/semmelweis.hu\/c80\/files\/2025\/01\/dsc6706_optimized-scaled.jpg\"><img loading=\"lazy\" decoding=\"async\" class=\"alignnone wp-image-312\" src=\"https:\/\/semmelweis.hu\/c80\/files\/2025\/01\/dsc6706_optimized-scaled.jpg\" alt=\"\" width=\"234\" height=\"350\" srcset=\"https:\/\/semmelweis.hu\/c80\/files\/2025\/01\/dsc6706_optimized-scaled.jpg 1709w, https:\/\/semmelweis.hu\/c80\/files\/2025\/01\/dsc6706_optimized-267x400.jpg 267w, https:\/\/semmelweis.hu\/c80\/files\/2025\/01\/dsc6706_optimized-683x1024.jpg 683w, https:\/\/semmelweis.hu\/c80\/files\/2025\/01\/dsc6706_optimized-768x1151.jpg 768w, https:\/\/semmelweis.hu\/c80\/files\/2025\/01\/dsc6706_optimized-1025x1536.jpg 1025w, https:\/\/semmelweis.hu\/c80\/files\/2025\/01\/dsc6706_optimized-1367x2048.jpg 1367w, https:\/\/semmelweis.hu\/c80\/files\/2025\/01\/dsc6706_optimized-753x1128.jpg 753w\" sizes=\"auto, (max-width: 234px) 100vw, 234px\" \/><\/a><a href=\"https:\/\/semmelweis.hu\/c80\/files\/2025\/01\/dsc6829_optimized-scaled.jpg\"><img loading=\"lazy\" decoding=\"async\" class=\"alignnone wp-image-311\" src=\"https:\/\/semmelweis.hu\/c80\/files\/2025\/01\/dsc6829_optimized-scaled.jpg\" alt=\"\" width=\"234\" height=\"350\" srcset=\"https:\/\/semmelweis.hu\/c80\/files\/2025\/01\/dsc6829_optimized-scaled.jpg 1709w, https:\/\/semmelweis.hu\/c80\/files\/2025\/01\/dsc6829_optimized-267x400.jpg 267w, https:\/\/semmelweis.hu\/c80\/files\/2025\/01\/dsc6829_optimized-683x1024.jpg 683w, https:\/\/semmelweis.hu\/c80\/files\/2025\/01\/dsc6829_optimized-768x1151.jpg 768w, https:\/\/semmelweis.hu\/c80\/files\/2025\/01\/dsc6829_optimized-1025x1536.jpg 1025w, https:\/\/semmelweis.hu\/c80\/files\/2025\/01\/dsc6829_optimized-1367x2048.jpg 1367w, https:\/\/semmelweis.hu\/c80\/files\/2025\/01\/dsc6829_optimized-753x1128.jpg 753w\" sizes=\"auto, (max-width: 234px) 100vw, 234px\" \/><\/a> <a href=\"https:\/\/semmelweis.hu\/c80\/files\/2025\/01\/dsc6711_optimized-scaled.jpg\"><img loading=\"lazy\" decoding=\"async\" class=\"alignnone wp-image-406\" src=\"https:\/\/semmelweis.hu\/c80\/files\/2025\/01\/dsc6711_optimized-scaled.jpg\" alt=\"\" width=\"234\" height=\"350\" srcset=\"https:\/\/semmelweis.hu\/c80\/files\/2025\/01\/dsc6711_optimized-scaled.jpg 1708w, https:\/\/semmelweis.hu\/c80\/files\/2025\/01\/dsc6711_optimized-267x400.jpg 267w, https:\/\/semmelweis.hu\/c80\/files\/2025\/01\/dsc6711_optimized-683x1024.jpg 683w, https:\/\/semmelweis.hu\/c80\/files\/2025\/01\/dsc6711_optimized-768x1151.jpg 768w, https:\/\/semmelweis.hu\/c80\/files\/2025\/01\/dsc6711_optimized-1025x1536.jpg 1025w, https:\/\/semmelweis.hu\/c80\/files\/2025\/01\/dsc6711_optimized-1367x2048.jpg 1367w, https:\/\/semmelweis.hu\/c80\/files\/2025\/01\/dsc6711_optimized-753x1128.jpg 753w\" sizes=\"auto, (max-width: 234px) 100vw, 234px\" \/><\/a><a href=\"https:\/\/semmelweis.hu\/c80\/files\/2025\/01\/dsc6813_optimized-scaled.jpg\"><img loading=\"lazy\" decoding=\"async\" class=\"alignnone wp-image-405\" src=\"https:\/\/semmelweis.hu\/c80\/files\/2025\/01\/dsc6813_optimized-scaled.jpg\" alt=\"\" width=\"234\" height=\"350\" srcset=\"https:\/\/semmelweis.hu\/c80\/files\/2025\/01\/dsc6813_optimized-scaled.jpg 1708w, https:\/\/semmelweis.hu\/c80\/files\/2025\/01\/dsc6813_optimized-267x400.jpg 267w, https:\/\/semmelweis.hu\/c80\/files\/2025\/01\/dsc6813_optimized-683x1024.jpg 683w, https:\/\/semmelweis.hu\/c80\/files\/2025\/01\/dsc6813_optimized-768x1151.jpg 768w, https:\/\/semmelweis.hu\/c80\/files\/2025\/01\/dsc6813_optimized-1025x1536.jpg 1025w, https:\/\/semmelweis.hu\/c80\/files\/2025\/01\/dsc6813_optimized-1367x2048.jpg 1367w, https:\/\/semmelweis.hu\/c80\/files\/2025\/01\/dsc6813_optimized-753x1128.jpg 753w\" sizes=\"auto, (max-width: 234px) 100vw, 234px\" \/><\/a><\/p>\n<p>\u00a0 \u00a0 \u00a0 \u00a0 \u00a0 \u00a0 <a href=\"https:\/\/semmelweis.hu\/c80\/files\/2025\/01\/dsc6635_optimized-scaled.jpg\"><img loading=\"lazy\" decoding=\"async\" class=\"alignnone wp-image-313\" src=\"https:\/\/semmelweis.hu\/c80\/files\/2025\/01\/dsc6635_optimized-scaled.jpg\" alt=\"\" width=\"234\" height=\"350\" srcset=\"https:\/\/semmelweis.hu\/c80\/files\/2025\/01\/dsc6635_optimized-scaled.jpg 1709w, https:\/\/semmelweis.hu\/c80\/files\/2025\/01\/dsc6635_optimized-267x400.jpg 267w, https:\/\/semmelweis.hu\/c80\/files\/2025\/01\/dsc6635_optimized-683x1024.jpg 683w, https:\/\/semmelweis.hu\/c80\/files\/2025\/01\/dsc6635_optimized-768x1151.jpg 768w, https:\/\/semmelweis.hu\/c80\/files\/2025\/01\/dsc6635_optimized-1025x1536.jpg 1025w, https:\/\/semmelweis.hu\/c80\/files\/2025\/01\/dsc6635_optimized-1367x2048.jpg 1367w, https:\/\/semmelweis.hu\/c80\/files\/2025\/01\/dsc6635_optimized-753x1128.jpg 753w\" sizes=\"auto, (max-width: 234px) 100vw, 234px\" \/><\/a>  <a href=\"https:\/\/semmelweis.hu\/c80\/files\/2025\/01\/dsc6634_optimized.tif-masolata-scaled.jpg\"><img loading=\"lazy\" decoding=\"async\" class=\"alignnone wp-image-314\" src=\"https:\/\/semmelweis.hu\/c80\/files\/2025\/01\/dsc6634_optimized.tif-masolata-scaled.jpg\" alt=\"\" width=\"234\" height=\"350\" srcset=\"https:\/\/semmelweis.hu\/c80\/files\/2025\/01\/dsc6634_optimized.tif-masolata-scaled.jpg 1708w, https:\/\/semmelweis.hu\/c80\/files\/2025\/01\/dsc6634_optimized.tif-masolata-267x400.jpg 267w, https:\/\/semmelweis.hu\/c80\/files\/2025\/01\/dsc6634_optimized.tif-masolata-683x1024.jpg 683w, https:\/\/semmelweis.hu\/c80\/files\/2025\/01\/dsc6634_optimized.tif-masolata-768x1151.jpg 768w, https:\/\/semmelweis.hu\/c80\/files\/2025\/01\/dsc6634_optimized.tif-masolata-1025x1536.jpg 1025w, https:\/\/semmelweis.hu\/c80\/files\/2025\/01\/dsc6634_optimized.tif-masolata-1367x2048.jpg 1367w, https:\/\/semmelweis.hu\/c80\/files\/2025\/01\/dsc6634_optimized.tif-masolata-753x1128.jpg 753w\" sizes=\"auto, (max-width: 234px) 100vw, 234px\" \/><\/a><a href=\"https:\/\/semmelweis.hu\/c80\/files\/2025\/01\/dsc6634_optimized.tif-masolata-scaled.jpg\"><img loading=\"lazy\" decoding=\"async\" class=\"alignnone wp-image-403\" src=\"https:\/\/semmelweis.hu\/c80\/files\/2025\/01\/dsc6832_optimized-scaled.jpg\" alt=\"\" width=\"234\" height=\"350\" srcset=\"https:\/\/semmelweis.hu\/c80\/files\/2025\/01\/dsc6832_optimized-scaled.jpg 1708w, https:\/\/semmelweis.hu\/c80\/files\/2025\/01\/dsc6832_optimized-267x400.jpg 267w, https:\/\/semmelweis.hu\/c80\/files\/2025\/01\/dsc6832_optimized-683x1024.jpg 683w, https:\/\/semmelweis.hu\/c80\/files\/2025\/01\/dsc6832_optimized-768x1151.jpg 768w, https:\/\/semmelweis.hu\/c80\/files\/2025\/01\/dsc6832_optimized-1025x1536.jpg 1025w, https:\/\/semmelweis.hu\/c80\/files\/2025\/01\/dsc6832_optimized-1367x2048.jpg 1367w, https:\/\/semmelweis.hu\/c80\/files\/2025\/01\/dsc6832_optimized-753x1128.jpg 753w\" sizes=\"auto, (max-width: 234px) 100vw, 234px\" \/><\/a><a href=\"https:\/\/semmelweis.hu\/c80\/files\/2025\/01\/dsc6631_optimized-scaled.jpg\"><img loading=\"lazy\" decoding=\"async\" class=\"alignnone wp-image-315\" src=\"https:\/\/semmelweis.hu\/c80\/files\/2025\/01\/dsc6631_optimized-scaled.jpg\" alt=\"\" width=\"234\" height=\"350\" srcset=\"https:\/\/semmelweis.hu\/c80\/files\/2025\/01\/dsc6631_optimized-scaled.jpg 1708w, https:\/\/semmelweis.hu\/c80\/files\/2025\/01\/dsc6631_optimized-267x400.jpg 267w, https:\/\/semmelweis.hu\/c80\/files\/2025\/01\/dsc6631_optimized-683x1024.jpg 683w, https:\/\/semmelweis.hu\/c80\/files\/2025\/01\/dsc6631_optimized-768x1151.jpg 768w, https:\/\/semmelweis.hu\/c80\/files\/2025\/01\/dsc6631_optimized-1025x1536.jpg 1025w, https:\/\/semmelweis.hu\/c80\/files\/2025\/01\/dsc6631_optimized-1367x2048.jpg 1367w, https:\/\/semmelweis.hu\/c80\/files\/2025\/01\/dsc6631_optimized-753x1128.jpg 753w\" sizes=\"auto, (max-width: 234px) 100vw, 234px\" \/><\/a><\/p>\n<h6 style=\"text-align: right\"><span style=\"font-size: 12pt\"><strong>Fot\u00f3k:<\/strong> Reg\u0151s Benedek<\/span><\/h6>\n","protected":false},"excerpt":{"rendered":"<p>C\u00edm n\u00e9lk\u00fcl fot\u00f3install\u00e1ci\u00f3, fa, f\u00e9m, LED 2024 C\u00edm n\u00e9lk\u00fcl I\u2013III. gicl\u00e9e print 2024 Az install\u00e1ci\u00f3b\u00f3l \u00e9s fot\u00f3kb\u00f3l \u00e1ll\u00f3 m\u0171egy\u00fcttes\u00e9t a betegs\u00e9g feldolgoz\u00e1sa k\u00f6ti \u00f6ssze. Neogr\u00e1dy-Kiss Barnab\u00e1sn\u00e1l fiatalkor\u00e1ban agydaganatot diagnosztiz\u00e1ltak, mind a k\u00e9t agym\u0171t\u00e9tje ut\u00e1n \u00fajra kellett tanulnia saj\u00e1t test\u00e9nek, pontosabban teste jobb fel\u00e9nek haszn\u00e1lat\u00e1t. Felgy\u00f3gyulva azt\u00e1n eg\u00e9sz \u00e9let\u00e9t v\u00e9gigk\u00eds\u00e9rte a betegs\u00e9g ki\u00fajul\u00e1s\u00e1t\u00f3l val\u00f3 retteg\u00e9s. Alkot\u00f3i &hellip;<\/p>\n","protected":false},"author":102325,"featured_media":0,"parent":0,"menu_order":0,"comment_status":"closed","ping_status":"closed","template":"","meta":{"_acf_changed":false,"footnotes":""},"categories":[],"tags":[],"class_list":["post-323","page","type-page","status-publish","hentry"],"acf":[],"_links":{"self":[{"href":"https:\/\/semmelweis.hu\/c80\/wp-json\/wp\/v2\/pages\/323","targetHints":{"allow":["GET"]}}],"collection":[{"href":"https:\/\/semmelweis.hu\/c80\/wp-json\/wp\/v2\/pages"}],"about":[{"href":"https:\/\/semmelweis.hu\/c80\/wp-json\/wp\/v2\/types\/page"}],"author":[{"embeddable":true,"href":"https:\/\/semmelweis.hu\/c80\/wp-json\/wp\/v2\/users\/102325"}],"replies":[{"embeddable":true,"href":"https:\/\/semmelweis.hu\/c80\/wp-json\/wp\/v2\/comments?post=323"}],"version-history":[{"count":7,"href":"https:\/\/semmelweis.hu\/c80\/wp-json\/wp\/v2\/pages\/323\/revisions"}],"predecessor-version":[{"id":410,"href":"https:\/\/semmelweis.hu\/c80\/wp-json\/wp\/v2\/pages\/323\/revisions\/410"}],"wp:attachment":[{"href":"https:\/\/semmelweis.hu\/c80\/wp-json\/wp\/v2\/media?parent=323"}],"wp:term":[{"taxonomy":"category","embeddable":true,"href":"https:\/\/semmelweis.hu\/c80\/wp-json\/wp\/v2\/categories?post=323"},{"taxonomy":"post_tag","embeddable":true,"href":"https:\/\/semmelweis.hu\/c80\/wp-json\/wp\/v2\/tags?post=323"}],"curies":[{"name":"wp","href":"https:\/\/api.w.org\/{rel}","templated":true}]}}