{"id":309,"date":"2025-01-22T15:36:28","date_gmt":"2025-01-22T14:36:28","guid":{"rendered":"https:\/\/semmelweis.hu\/c80\/?page_id=309"},"modified":"2025-01-23T20:01:46","modified_gmt":"2025-01-23T19:01:46","slug":"daniel-mate","status":"publish","type":"page","link":"https:\/\/semmelweis.hu\/c80\/en\/daniel-mate\/","title":{"rendered":"D\u00e1niel M\u00e1t\u00e9"},"content":{"rendered":"<h6><strong><img loading=\"lazy\" decoding=\"async\" class=\"alignnone wp-image-296 size-full\" src=\"https:\/\/semmelweis.hu\/c80\/files\/2025\/01\/md_vilt_tibor_kiadvany_24_05_12_optimized-scaled.jpg\" alt=\"\" width=\"2049\" height=\"2560\" srcset=\"https:\/\/semmelweis.hu\/c80\/files\/2025\/01\/md_vilt_tibor_kiadvany_24_05_12_optimized-scaled.jpg 2049w, https:\/\/semmelweis.hu\/c80\/files\/2025\/01\/md_vilt_tibor_kiadvany_24_05_12_optimized-320x400.jpg 320w, https:\/\/semmelweis.hu\/c80\/files\/2025\/01\/md_vilt_tibor_kiadvany_24_05_12_optimized-820x1024.jpg 820w, https:\/\/semmelweis.hu\/c80\/files\/2025\/01\/md_vilt_tibor_kiadvany_24_05_12_optimized-768x959.jpg 768w, https:\/\/semmelweis.hu\/c80\/files\/2025\/01\/md_vilt_tibor_kiadvany_24_05_12_optimized-1229x1536.jpg 1229w, https:\/\/semmelweis.hu\/c80\/files\/2025\/01\/md_vilt_tibor_kiadvany_24_05_12_optimized-1639x2048.jpg 1639w, https:\/\/semmelweis.hu\/c80\/files\/2025\/01\/md_vilt_tibor_kiadvany_24_05_12_optimized-753x941.jpg 753w\" sizes=\"auto, (max-width: 2049px) 100vw, 2049px\" \/><\/strong><\/h6>\n<h6><em><strong>&#8222;No one had labored in vain&#8221;<\/strong><\/em><br \/>\nstainless steel tube, fitting, gicl\u00e9e print<br \/>\n2024<\/h6>\n<h6>\n<em><strong>Things that are needed<\/strong><\/em><br \/>\nstainless steel tube, fitting, gicl\u00e9e print<br \/>\n2024<\/h6>\n<h6>\nInfrastructures and systems are recurring characters in D\u00e1niel M\u00e1t\u00e9\u2019s work. Reflecting on the histopathology laboratory of the Department of Pathology and Experimental Cancer Research, his two ensembles of works use symbolic means to represent the complex process of cancer diagnostics, an invisible system that requires the work of up to 10-12 people per sample. The works feature diagnostic tools ranging from rubber gloves, slides and digital microscopes through the multitude of tumour tissue samples stored in the building. The support frame of the installations is itself a system: correctly assembled, the steel tubes form a strong skeleton, but one inadequately tightened screw and it all becomes unstable.<br \/>\nOne of the images is a photo of Tibor Vilt\u2019s (also symbolic) relief, a monument to radium therapy from the 1930s. This therapy was also the most successful cancer treatment of the time, but today the sculpture on the side of the Institute of Traumatology is as hidden and neglected as the discourse surrounding the disease.<\/h6>\n<h6>\u00a0<\/h6>\n<p><a href=\"https:\/\/semmelweis.hu\/c80\/files\/2025\/01\/dsc6855-retus_optimized-scaled.jpg\"><img loading=\"lazy\" decoding=\"async\" class=\"alignnone wp-image-297\" src=\"https:\/\/semmelweis.hu\/c80\/files\/2025\/01\/dsc6855-retus_optimized-scaled.jpg\" alt=\"\" width=\"234\" height=\"350\" srcset=\"https:\/\/semmelweis.hu\/c80\/files\/2025\/01\/dsc6855-retus_optimized-scaled.jpg 1709w, https:\/\/semmelweis.hu\/c80\/files\/2025\/01\/dsc6855-retus_optimized-267x400.jpg 267w, https:\/\/semmelweis.hu\/c80\/files\/2025\/01\/dsc6855-retus_optimized-683x1024.jpg 683w, https:\/\/semmelweis.hu\/c80\/files\/2025\/01\/dsc6855-retus_optimized-768x1151.jpg 768w, https:\/\/semmelweis.hu\/c80\/files\/2025\/01\/dsc6855-retus_optimized-1025x1536.jpg 1025w, https:\/\/semmelweis.hu\/c80\/files\/2025\/01\/dsc6855-retus_optimized-1367x2048.jpg 1367w, https:\/\/semmelweis.hu\/c80\/files\/2025\/01\/dsc6855-retus_optimized-753x1128.jpg 753w\" sizes=\"auto, (max-width: 234px) 100vw, 234px\" \/><\/a> <a href=\"https:\/\/semmelweis.hu\/c80\/files\/2025\/01\/dsc6825_optimized-scaled.jpg\"><img loading=\"lazy\" decoding=\"async\" class=\"alignnone wp-image-298\" src=\"https:\/\/semmelweis.hu\/c80\/files\/2025\/01\/dsc6825_optimized-scaled.jpg\" alt=\"\" width=\"234\" height=\"350\" srcset=\"https:\/\/semmelweis.hu\/c80\/files\/2025\/01\/dsc6825_optimized-scaled.jpg 1709w, https:\/\/semmelweis.hu\/c80\/files\/2025\/01\/dsc6825_optimized-267x400.jpg 267w, https:\/\/semmelweis.hu\/c80\/files\/2025\/01\/dsc6825_optimized-683x1024.jpg 683w, https:\/\/semmelweis.hu\/c80\/files\/2025\/01\/dsc6825_optimized-768x1151.jpg 768w, https:\/\/semmelweis.hu\/c80\/files\/2025\/01\/dsc6825_optimized-1025x1536.jpg 1025w, https:\/\/semmelweis.hu\/c80\/files\/2025\/01\/dsc6825_optimized-1367x2048.jpg 1367w, https:\/\/semmelweis.hu\/c80\/files\/2025\/01\/dsc6825_optimized-753x1128.jpg 753w\" sizes=\"auto, (max-width: 234px) 100vw, 234px\" \/><\/a> <a href=\"https:\/\/semmelweis.hu\/c80\/files\/2025\/01\/dsc6683_optimized-scaled.jpg\"><img loading=\"lazy\" decoding=\"async\" class=\"alignnone wp-image-304\" src=\"https:\/\/semmelweis.hu\/c80\/files\/2025\/01\/dsc6683_optimized-scaled.jpg\" alt=\"\" width=\"234\" height=\"350\" srcset=\"https:\/\/semmelweis.hu\/c80\/files\/2025\/01\/dsc6683_optimized-scaled.jpg 1709w, https:\/\/semmelweis.hu\/c80\/files\/2025\/01\/dsc6683_optimized-267x400.jpg 267w, https:\/\/semmelweis.hu\/c80\/files\/2025\/01\/dsc6683_optimized-683x1024.jpg 683w, https:\/\/semmelweis.hu\/c80\/files\/2025\/01\/dsc6683_optimized-768x1151.jpg 768w, https:\/\/semmelweis.hu\/c80\/files\/2025\/01\/dsc6683_optimized-1025x1536.jpg 1025w, https:\/\/semmelweis.hu\/c80\/files\/2025\/01\/dsc6683_optimized-1367x2048.jpg 1367w, https:\/\/semmelweis.hu\/c80\/files\/2025\/01\/dsc6683_optimized-753x1128.jpg 753w\" sizes=\"auto, (max-width: 234px) 100vw, 234px\" \/><\/a> <a href=\"https:\/\/semmelweis.hu\/c80\/files\/2025\/01\/dsc6690_optimized-scaled.jpg\"><img loading=\"lazy\" decoding=\"async\" class=\"alignnone wp-image-305\" src=\"https:\/\/semmelweis.hu\/c80\/files\/2025\/01\/dsc6690_optimized-scaled.jpg\" alt=\"\" width=\"234\" height=\"350\" srcset=\"https:\/\/semmelweis.hu\/c80\/files\/2025\/01\/dsc6690_optimized-scaled.jpg 1708w, https:\/\/semmelweis.hu\/c80\/files\/2025\/01\/dsc6690_optimized-267x400.jpg 267w, https:\/\/semmelweis.hu\/c80\/files\/2025\/01\/dsc6690_optimized-683x1024.jpg 683w, https:\/\/semmelweis.hu\/c80\/files\/2025\/01\/dsc6690_optimized-768x1151.jpg 768w, https:\/\/semmelweis.hu\/c80\/files\/2025\/01\/dsc6690_optimized-1025x1536.jpg 1025w, https:\/\/semmelweis.hu\/c80\/files\/2025\/01\/dsc6690_optimized-1367x2048.jpg 1367w, https:\/\/semmelweis.hu\/c80\/files\/2025\/01\/dsc6690_optimized-753x1128.jpg 753w\" sizes=\"auto, (max-width: 234px) 100vw, 234px\" \/><\/a><\/p>\n<h6 style=\"text-align: right\"><span style=\"font-size: 12pt\"><strong>Photos:<\/strong> Benedek Reg\u0151s<\/span><\/h6>\n","protected":false},"excerpt":{"rendered":"<p>&#8222;No one had labored in vain&#8221; stainless steel tube, fitting, gicl\u00e9e print 2024 Things that are needed stainless steel tube, fitting, gicl\u00e9e print 2024 Infrastructures and systems are recurring characters in D\u00e1niel M\u00e1t\u00e9\u2019s work. Reflecting on the histopathology laboratory of the Department of Pathology and Experimental Cancer Research, his two ensembles of works use symbolic &hellip;<\/p>\n","protected":false},"author":102325,"featured_media":0,"parent":0,"menu_order":0,"comment_status":"closed","ping_status":"closed","template":"","meta":{"_acf_changed":false,"footnotes":""},"categories":[],"tags":[],"class_list":["post-309","page","type-page","status-publish","hentry"],"acf":[],"_links":{"self":[{"href":"https:\/\/semmelweis.hu\/c80\/wp-json\/wp\/v2\/pages\/309","targetHints":{"allow":["GET"]}}],"collection":[{"href":"https:\/\/semmelweis.hu\/c80\/wp-json\/wp\/v2\/pages"}],"about":[{"href":"https:\/\/semmelweis.hu\/c80\/wp-json\/wp\/v2\/types\/page"}],"author":[{"embeddable":true,"href":"https:\/\/semmelweis.hu\/c80\/wp-json\/wp\/v2\/users\/102325"}],"replies":[{"embeddable":true,"href":"https:\/\/semmelweis.hu\/c80\/wp-json\/wp\/v2\/comments?post=309"}],"version-history":[{"count":3,"href":"https:\/\/semmelweis.hu\/c80\/wp-json\/wp\/v2\/pages\/309\/revisions"}],"predecessor-version":[{"id":385,"href":"https:\/\/semmelweis.hu\/c80\/wp-json\/wp\/v2\/pages\/309\/revisions\/385"}],"wp:attachment":[{"href":"https:\/\/semmelweis.hu\/c80\/wp-json\/wp\/v2\/media?parent=309"}],"wp:term":[{"taxonomy":"category","embeddable":true,"href":"https:\/\/semmelweis.hu\/c80\/wp-json\/wp\/v2\/categories?post=309"},{"taxonomy":"post_tag","embeddable":true,"href":"https:\/\/semmelweis.hu\/c80\/wp-json\/wp\/v2\/tags?post=309"}],"curies":[{"name":"wp","href":"https:\/\/api.w.org\/{rel}","templated":true}]}}