{"id":293,"date":"2025-01-22T15:09:34","date_gmt":"2025-01-22T14:09:34","guid":{"rendered":"https:\/\/semmelweis.hu\/c80\/?page_id=293"},"modified":"2025-01-23T20:02:05","modified_gmt":"2025-01-23T19:02:05","slug":"mate-daniel","status":"publish","type":"page","link":"https:\/\/semmelweis.hu\/c80\/mate-daniel\/","title":{"rendered":"M\u00e1t\u00e9 D\u00e1niel"},"content":{"rendered":"<h6><strong><img loading=\"lazy\" decoding=\"async\" class=\"alignnone wp-image-296 size-full\" src=\"https:\/\/semmelweis.hu\/c80\/files\/2025\/01\/md_vilt_tibor_kiadvany_24_05_12_optimized-scaled.jpg\" alt=\"\" width=\"2049\" height=\"2560\" srcset=\"https:\/\/semmelweis.hu\/c80\/files\/2025\/01\/md_vilt_tibor_kiadvany_24_05_12_optimized-scaled.jpg 2049w, https:\/\/semmelweis.hu\/c80\/files\/2025\/01\/md_vilt_tibor_kiadvany_24_05_12_optimized-320x400.jpg 320w, https:\/\/semmelweis.hu\/c80\/files\/2025\/01\/md_vilt_tibor_kiadvany_24_05_12_optimized-820x1024.jpg 820w, https:\/\/semmelweis.hu\/c80\/files\/2025\/01\/md_vilt_tibor_kiadvany_24_05_12_optimized-768x959.jpg 768w, https:\/\/semmelweis.hu\/c80\/files\/2025\/01\/md_vilt_tibor_kiadvany_24_05_12_optimized-1229x1536.jpg 1229w, https:\/\/semmelweis.hu\/c80\/files\/2025\/01\/md_vilt_tibor_kiadvany_24_05_12_optimized-1639x2048.jpg 1639w, https:\/\/semmelweis.hu\/c80\/files\/2025\/01\/md_vilt_tibor_kiadvany_24_05_12_optimized-753x941.jpg 753w\" sizes=\"auto, (max-width: 2049px) 100vw, 2049px\" \/><\/strong><\/h6>\n<h6><em><strong>&#8222;Senki sem dolgozott hi\u00e1ba&#8221;<\/strong><\/em><br \/>\nrozsdamentes ac\u00e9lcs\u0151, szerelv\u00e9ny, gicl\u00e9e print<br \/>\n2024<\/h6>\n<h6><em><strong>Dolgok, amikre sz\u00fcks\u00e9g van<\/strong><\/em><br \/>\nrozsdamentes ac\u00e9lcs\u0151, szerelv\u00e9ny, gicl\u00e9e print<br \/>\n2024<\/h6>\n<h6>M\u00e1t\u00e9 D\u00e1niel alkot\u00e1sainak visszat\u00e9r\u0151 szerepl\u0151i az infrastrukt\u00far\u00e1k \u00e9s a rendszerek. A Patol\u00f3giai \u00e9s K\u00eds\u00e9rleti R\u00e1kkutat\u00f3 Int\u00e9zet sz\u00f6vettani laborat\u00f3rium\u00e1ra reflekt\u00e1l\u00f3 k\u00e9t m\u0171egy\u00fcttese szimbolikus eszk\u00f6z\u00f6kkel mutatja be a r\u00e1kdiagnosztika \u00f6sszetett folyamat\u00e1t, a mint\u00e1nk\u00e9nt ak\u00e1r 10-12 ember munk\u00e1j\u00e1t is ig\u00e9nybevev\u0151, k\u00edv\u00fclr\u0151l l\u00e1thatatlan rendszert. A m\u0171vekben felbukkannak a diagnosztika eszk\u00f6zei a gumikeszty\u0171t\u0151l a t\u00e1rgylemezeken \u00e9s a digit\u00e1lis mikroszk\u00f3pon \u00e1t az \u00e9p\u00fcletben t\u00e1rolt daganatos sz\u00f6vetmint\u00e1k sokas\u00e1g\u00e1ig. Az install\u00e1ci\u00f3k tart\u00f3szerkezete maga is egy rendszer: helyesen \u00f6sszeszerelve er\u0151s v\u00e1z lesz az ac\u00e9l cs\u00f6vekb\u0151l, de el\u00e9g egy rosszul r\u00f6gz\u00edtett csavar \u00e9s m\u00e1ris bizonytalann\u00e1 v\u00e1lik. <br \/>\nA k\u00e9pek k\u00f6z\u00f6tt felt\u0171nik Vilt Tibor, a r\u00e1diumos sug\u00e1rkezel\u00e9snek (ugyancsak szimbolikus) eml\u00e9ket \u00e1ll\u00edt\u00f3 domborm\u0171ve az 1930-as \u00e9vekb\u0151l. A kezel\u00e9s a kor legsikeresebb r\u00e1kgy\u00f3gy\u00e1szati m\u00f3dszere is volt, m\u00e1ra a Baleseti K\u00f6zpont oldal\u00e1n l\u00e1that\u00f3 szobor azonban \u00e9ppoly rejtett \u00e9s elhanyagolt, mint a betegs\u00e9g k\u00f6r\u00fcli diskurzus.<\/h6>\n<h6>\u00a0<\/h6>\n<p><a href=\"https:\/\/semmelweis.hu\/c80\/files\/2025\/01\/dsc6855-retus_optimized-scaled.jpg\"><img loading=\"lazy\" decoding=\"async\" class=\"alignnone wp-image-297\" src=\"https:\/\/semmelweis.hu\/c80\/files\/2025\/01\/dsc6855-retus_optimized-scaled.jpg\" alt=\"\" width=\"234\" height=\"350\" srcset=\"https:\/\/semmelweis.hu\/c80\/files\/2025\/01\/dsc6855-retus_optimized-scaled.jpg 1709w, https:\/\/semmelweis.hu\/c80\/files\/2025\/01\/dsc6855-retus_optimized-267x400.jpg 267w, https:\/\/semmelweis.hu\/c80\/files\/2025\/01\/dsc6855-retus_optimized-683x1024.jpg 683w, https:\/\/semmelweis.hu\/c80\/files\/2025\/01\/dsc6855-retus_optimized-768x1151.jpg 768w, https:\/\/semmelweis.hu\/c80\/files\/2025\/01\/dsc6855-retus_optimized-1025x1536.jpg 1025w, https:\/\/semmelweis.hu\/c80\/files\/2025\/01\/dsc6855-retus_optimized-1367x2048.jpg 1367w, https:\/\/semmelweis.hu\/c80\/files\/2025\/01\/dsc6855-retus_optimized-753x1128.jpg 753w\" sizes=\"auto, (max-width: 234px) 100vw, 234px\" \/><\/a> <a href=\"https:\/\/semmelweis.hu\/c80\/files\/2025\/01\/dsc6825_optimized-scaled.jpg\"><img loading=\"lazy\" decoding=\"async\" class=\"alignnone wp-image-298\" src=\"https:\/\/semmelweis.hu\/c80\/files\/2025\/01\/dsc6825_optimized-scaled.jpg\" alt=\"\" width=\"234\" height=\"350\" srcset=\"https:\/\/semmelweis.hu\/c80\/files\/2025\/01\/dsc6825_optimized-scaled.jpg 1709w, https:\/\/semmelweis.hu\/c80\/files\/2025\/01\/dsc6825_optimized-267x400.jpg 267w, https:\/\/semmelweis.hu\/c80\/files\/2025\/01\/dsc6825_optimized-683x1024.jpg 683w, https:\/\/semmelweis.hu\/c80\/files\/2025\/01\/dsc6825_optimized-768x1151.jpg 768w, https:\/\/semmelweis.hu\/c80\/files\/2025\/01\/dsc6825_optimized-1025x1536.jpg 1025w, https:\/\/semmelweis.hu\/c80\/files\/2025\/01\/dsc6825_optimized-1367x2048.jpg 1367w, https:\/\/semmelweis.hu\/c80\/files\/2025\/01\/dsc6825_optimized-753x1128.jpg 753w\" sizes=\"auto, (max-width: 234px) 100vw, 234px\" \/><\/a> <a href=\"https:\/\/semmelweis.hu\/c80\/files\/2025\/01\/dsc6683_optimized-scaled.jpg\"><img loading=\"lazy\" decoding=\"async\" class=\"alignnone wp-image-304\" src=\"https:\/\/semmelweis.hu\/c80\/files\/2025\/01\/dsc6683_optimized-scaled.jpg\" alt=\"\" width=\"234\" height=\"350\" srcset=\"https:\/\/semmelweis.hu\/c80\/files\/2025\/01\/dsc6683_optimized-scaled.jpg 1709w, https:\/\/semmelweis.hu\/c80\/files\/2025\/01\/dsc6683_optimized-267x400.jpg 267w, https:\/\/semmelweis.hu\/c80\/files\/2025\/01\/dsc6683_optimized-683x1024.jpg 683w, https:\/\/semmelweis.hu\/c80\/files\/2025\/01\/dsc6683_optimized-768x1151.jpg 768w, https:\/\/semmelweis.hu\/c80\/files\/2025\/01\/dsc6683_optimized-1025x1536.jpg 1025w, https:\/\/semmelweis.hu\/c80\/files\/2025\/01\/dsc6683_optimized-1367x2048.jpg 1367w, https:\/\/semmelweis.hu\/c80\/files\/2025\/01\/dsc6683_optimized-753x1128.jpg 753w\" sizes=\"auto, (max-width: 234px) 100vw, 234px\" \/><\/a> <a href=\"https:\/\/semmelweis.hu\/c80\/files\/2025\/01\/dsc6690_optimized-scaled.jpg\"><img loading=\"lazy\" decoding=\"async\" class=\"alignnone wp-image-305\" src=\"https:\/\/semmelweis.hu\/c80\/files\/2025\/01\/dsc6690_optimized-scaled.jpg\" alt=\"\" width=\"234\" height=\"350\" srcset=\"https:\/\/semmelweis.hu\/c80\/files\/2025\/01\/dsc6690_optimized-scaled.jpg 1708w, https:\/\/semmelweis.hu\/c80\/files\/2025\/01\/dsc6690_optimized-267x400.jpg 267w, https:\/\/semmelweis.hu\/c80\/files\/2025\/01\/dsc6690_optimized-683x1024.jpg 683w, https:\/\/semmelweis.hu\/c80\/files\/2025\/01\/dsc6690_optimized-768x1151.jpg 768w, https:\/\/semmelweis.hu\/c80\/files\/2025\/01\/dsc6690_optimized-1025x1536.jpg 1025w, https:\/\/semmelweis.hu\/c80\/files\/2025\/01\/dsc6690_optimized-1367x2048.jpg 1367w, https:\/\/semmelweis.hu\/c80\/files\/2025\/01\/dsc6690_optimized-753x1128.jpg 753w\" sizes=\"auto, (max-width: 234px) 100vw, 234px\" \/><\/a><\/p>\n<h6 style=\"text-align: right\"><span style=\"font-size: 12pt\"><strong>Fot\u00f3k:<\/strong> Reg\u0151s Benedek<\/span><\/h6>\n<p>&nbsp;<\/p>\n","protected":false},"excerpt":{"rendered":"<p>&#8222;Senki sem dolgozott hi\u00e1ba&#8221; rozsdamentes ac\u00e9lcs\u0151, szerelv\u00e9ny, gicl\u00e9e print 2024 Dolgok, amikre sz\u00fcks\u00e9g van rozsdamentes ac\u00e9lcs\u0151, szerelv\u00e9ny, gicl\u00e9e print 2024 M\u00e1t\u00e9 D\u00e1niel alkot\u00e1sainak visszat\u00e9r\u0151 szerepl\u0151i az infrastrukt\u00far\u00e1k \u00e9s a rendszerek. A Patol\u00f3giai \u00e9s K\u00eds\u00e9rleti R\u00e1kkutat\u00f3 Int\u00e9zet sz\u00f6vettani laborat\u00f3rium\u00e1ra reflekt\u00e1l\u00f3 k\u00e9t m\u0171egy\u00fcttese szimbolikus eszk\u00f6z\u00f6kkel mutatja be a r\u00e1kdiagnosztika \u00f6sszetett folyamat\u00e1t, a mint\u00e1nk\u00e9nt ak\u00e1r 10-12 ember munk\u00e1j\u00e1t &hellip;<\/p>\n","protected":false},"author":102325,"featured_media":0,"parent":0,"menu_order":0,"comment_status":"closed","ping_status":"closed","template":"","meta":{"_acf_changed":false,"footnotes":""},"categories":[],"tags":[],"class_list":["post-293","page","type-page","status-publish","hentry"],"acf":[],"_links":{"self":[{"href":"https:\/\/semmelweis.hu\/c80\/wp-json\/wp\/v2\/pages\/293","targetHints":{"allow":["GET"]}}],"collection":[{"href":"https:\/\/semmelweis.hu\/c80\/wp-json\/wp\/v2\/pages"}],"about":[{"href":"https:\/\/semmelweis.hu\/c80\/wp-json\/wp\/v2\/types\/page"}],"author":[{"embeddable":true,"href":"https:\/\/semmelweis.hu\/c80\/wp-json\/wp\/v2\/users\/102325"}],"replies":[{"embeddable":true,"href":"https:\/\/semmelweis.hu\/c80\/wp-json\/wp\/v2\/comments?post=293"}],"version-history":[{"count":6,"href":"https:\/\/semmelweis.hu\/c80\/wp-json\/wp\/v2\/pages\/293\/revisions"}],"predecessor-version":[{"id":386,"href":"https:\/\/semmelweis.hu\/c80\/wp-json\/wp\/v2\/pages\/293\/revisions\/386"}],"wp:attachment":[{"href":"https:\/\/semmelweis.hu\/c80\/wp-json\/wp\/v2\/media?parent=293"}],"wp:term":[{"taxonomy":"category","embeddable":true,"href":"https:\/\/semmelweis.hu\/c80\/wp-json\/wp\/v2\/categories?post=293"},{"taxonomy":"post_tag","embeddable":true,"href":"https:\/\/semmelweis.hu\/c80\/wp-json\/wp\/v2\/tags?post=293"}],"curies":[{"name":"wp","href":"https:\/\/api.w.org\/{rel}","templated":true}]}}