{"id":291,"date":"2025-01-22T15:02:43","date_gmt":"2025-01-22T14:02:43","guid":{"rendered":"https:\/\/semmelweis.hu\/c80\/?page_id=291"},"modified":"2025-01-23T20:45:57","modified_gmt":"2025-01-23T19:45:57","slug":"adam-albert-shapeshifting-entity","status":"publish","type":"page","link":"https:\/\/semmelweis.hu\/c80\/en\/adam-albert-shapeshifting-entity\/","title":{"rendered":"\u00c1d\u00e1m Albert: Shapeshifting Entity"},"content":{"rendered":"<h6><img loading=\"lazy\" decoding=\"async\" class=\"alignnone size-full wp-image-284\" src=\"https:\/\/semmelweis.hu\/c80\/files\/2025\/01\/dsc6671_optimized-scaled.jpg\" alt=\"\" width=\"1709\" height=\"2560\" srcset=\"https:\/\/semmelweis.hu\/c80\/files\/2025\/01\/dsc6671_optimized-scaled.jpg 1709w, https:\/\/semmelweis.hu\/c80\/files\/2025\/01\/dsc6671_optimized-267x400.jpg 267w, https:\/\/semmelweis.hu\/c80\/files\/2025\/01\/dsc6671_optimized-684x1024.jpg 684w, https:\/\/semmelweis.hu\/c80\/files\/2025\/01\/dsc6671_optimized-768x1151.jpg 768w, https:\/\/semmelweis.hu\/c80\/files\/2025\/01\/dsc6671_optimized-1025x1536.jpg 1025w, https:\/\/semmelweis.hu\/c80\/files\/2025\/01\/dsc6671_optimized-1367x2048.jpg 1367w, https:\/\/semmelweis.hu\/c80\/files\/2025\/01\/dsc6671_optimized-753x1128.jpg 753w\" sizes=\"auto, (max-width: 1709px) 100vw, 1709px\" \/><\/h6>\n<h6><strong><em>Shapeshifting Entity<\/em><\/strong><br \/>\nmixed media, marble, welded iron, 3D animation<br \/>\n2024<\/h6>\n<h6>Contributors: \u00c1bris Gryllus, Patrik Pencz<\/h6>\n<h6>\u00c1d\u00e1m Albert often juxtaposes different material qualities and media in his research-based works. Some elements of his installation Shape-shifting Entity are worth examining in their own right, as each of them reflects on a different aspect of cancer. Cancer is a disease that develops from abnormal cell proliferation and malfunction. In contrast, when a rock, such as marble, is formed, it is the imperfections and impurities that create the patterns and shiny details that are considered beautiful. The organic and mechanically manufactured elements of the object composition evoke the human body through the combination of a spinal column and a rib cage, while a 3D animation models the reproduction of cells very specifically. The work is completed by a soundtrack that reflects on the disease on two levels: on a personal level on hospital scenes, on the tension of waiting in the corridor, and in a broader context on cancer as a metaphor and a social phenomenon. The video and the text have no beginning and no end: the spectator can join in at any time.<\/h6>\n<p>&nbsp;<\/p>\n<p><a href=\"https:\/\/semmelweis.hu\/c80\/files\/2025\/01\/dsc6671_optimized-scaled.jpg\"><img loading=\"lazy\" decoding=\"async\" class=\"alignnone wp-image-284\" src=\"https:\/\/semmelweis.hu\/c80\/files\/2025\/01\/dsc6671_optimized-scaled.jpg\" alt=\"\" width=\"234\" height=\"350\" srcset=\"https:\/\/semmelweis.hu\/c80\/files\/2025\/01\/dsc6671_optimized-scaled.jpg 1709w, https:\/\/semmelweis.hu\/c80\/files\/2025\/01\/dsc6671_optimized-267x400.jpg 267w, https:\/\/semmelweis.hu\/c80\/files\/2025\/01\/dsc6671_optimized-684x1024.jpg 684w, https:\/\/semmelweis.hu\/c80\/files\/2025\/01\/dsc6671_optimized-768x1151.jpg 768w, https:\/\/semmelweis.hu\/c80\/files\/2025\/01\/dsc6671_optimized-1025x1536.jpg 1025w, https:\/\/semmelweis.hu\/c80\/files\/2025\/01\/dsc6671_optimized-1367x2048.jpg 1367w, https:\/\/semmelweis.hu\/c80\/files\/2025\/01\/dsc6671_optimized-753x1128.jpg 753w\" sizes=\"auto, (max-width: 234px) 100vw, 234px\" \/><\/a> <a href=\"https:\/\/semmelweis.hu\/c80\/files\/2025\/01\/dsc6656_optimized.jpg\"><img loading=\"lazy\" decoding=\"async\" class=\"alignnone wp-image-286\" src=\"https:\/\/semmelweis.hu\/c80\/files\/2025\/01\/dsc6656_optimized-scaled.jpg\" alt=\"\" width=\"233\" height=\"350\" srcset=\"https:\/\/semmelweis.hu\/c80\/files\/2025\/01\/dsc6656_optimized-scaled.jpg 1709w, https:\/\/semmelweis.hu\/c80\/files\/2025\/01\/dsc6656_optimized-267x400.jpg 267w, https:\/\/semmelweis.hu\/c80\/files\/2025\/01\/dsc6656_optimized-683x1024.jpg 683w, https:\/\/semmelweis.hu\/c80\/files\/2025\/01\/dsc6656_optimized-768x1151.jpg 768w, https:\/\/semmelweis.hu\/c80\/files\/2025\/01\/dsc6656_optimized-1025x1536.jpg 1025w, https:\/\/semmelweis.hu\/c80\/files\/2025\/01\/dsc6656_optimized-1367x2048.jpg 1367w, https:\/\/semmelweis.hu\/c80\/files\/2025\/01\/dsc6656_optimized-753x1128.jpg 753w\" sizes=\"auto, (max-width: 233px) 100vw, 233px\" \/> <\/a><a href=\"https:\/\/semmelweis.hu\/c80\/files\/2025\/01\/dsc6844_optimized-scaled.jpg\"><img loading=\"lazy\" decoding=\"async\" class=\"alignnone wp-image-283\" src=\"https:\/\/semmelweis.hu\/c80\/files\/2025\/01\/dsc6844_optimized-scaled.jpg\" alt=\"\" width=\"234\" height=\"350\" srcset=\"https:\/\/semmelweis.hu\/c80\/files\/2025\/01\/dsc6844_optimized-scaled.jpg 1709w, https:\/\/semmelweis.hu\/c80\/files\/2025\/01\/dsc6844_optimized-267x400.jpg 267w, https:\/\/semmelweis.hu\/c80\/files\/2025\/01\/dsc6844_optimized-683x1024.jpg 683w, https:\/\/semmelweis.hu\/c80\/files\/2025\/01\/dsc6844_optimized-768x1151.jpg 768w, https:\/\/semmelweis.hu\/c80\/files\/2025\/01\/dsc6844_optimized-1025x1536.jpg 1025w, https:\/\/semmelweis.hu\/c80\/files\/2025\/01\/dsc6844_optimized-1367x2048.jpg 1367w, https:\/\/semmelweis.hu\/c80\/files\/2025\/01\/dsc6844_optimized-753x1128.jpg 753w\" sizes=\"auto, (max-width: 234px) 100vw, 234px\" \/><\/a><\/p>\n<h6 style=\"text-align: right\"><em><span style=\"font-size: 12pt\"><strong>Photos:<\/strong> Benedek Reg\u0151s<\/span><\/em><\/h6>\n","protected":false},"excerpt":{"rendered":"<p>Shapeshifting Entity mixed media, marble, welded iron, 3D animation 2024 Contributors: \u00c1bris Gryllus, Patrik Pencz \u00c1d\u00e1m Albert often juxtaposes different material qualities and media in his research-based works. Some elements of his installation Shape-shifting Entity are worth examining in their own right, as each of them reflects on a different aspect of cancer. Cancer is &hellip;<\/p>\n","protected":false},"author":102325,"featured_media":0,"parent":0,"menu_order":0,"comment_status":"closed","ping_status":"closed","template":"","meta":{"_acf_changed":false,"footnotes":""},"categories":[],"tags":[],"class_list":["post-291","page","type-page","status-publish","hentry"],"acf":[],"_links":{"self":[{"href":"https:\/\/semmelweis.hu\/c80\/wp-json\/wp\/v2\/pages\/291","targetHints":{"allow":["GET"]}}],"collection":[{"href":"https:\/\/semmelweis.hu\/c80\/wp-json\/wp\/v2\/pages"}],"about":[{"href":"https:\/\/semmelweis.hu\/c80\/wp-json\/wp\/v2\/types\/page"}],"author":[{"embeddable":true,"href":"https:\/\/semmelweis.hu\/c80\/wp-json\/wp\/v2\/users\/102325"}],"replies":[{"embeddable":true,"href":"https:\/\/semmelweis.hu\/c80\/wp-json\/wp\/v2\/comments?post=291"}],"version-history":[{"count":5,"href":"https:\/\/semmelweis.hu\/c80\/wp-json\/wp\/v2\/pages\/291\/revisions"}],"predecessor-version":[{"id":400,"href":"https:\/\/semmelweis.hu\/c80\/wp-json\/wp\/v2\/pages\/291\/revisions\/400"}],"wp:attachment":[{"href":"https:\/\/semmelweis.hu\/c80\/wp-json\/wp\/v2\/media?parent=291"}],"wp:term":[{"taxonomy":"category","embeddable":true,"href":"https:\/\/semmelweis.hu\/c80\/wp-json\/wp\/v2\/categories?post=291"},{"taxonomy":"post_tag","embeddable":true,"href":"https:\/\/semmelweis.hu\/c80\/wp-json\/wp\/v2\/tags?post=291"}],"curies":[{"name":"wp","href":"https:\/\/api.w.org\/{rel}","templated":true}]}}