{"id":282,"date":"2025-01-22T14:45:10","date_gmt":"2025-01-22T13:45:10","guid":{"rendered":"https:\/\/semmelweis.hu\/c80\/?page_id=282"},"modified":"2025-01-23T19:41:48","modified_gmt":"2025-01-23T18:41:48","slug":"albert-adam-alakvalto-entitas","status":"publish","type":"page","link":"https:\/\/semmelweis.hu\/c80\/albert-adam-alakvalto-entitas\/","title":{"rendered":"Albert \u00c1d\u00e1m: Alakv\u00e1lt\u00f3 entit\u00e1s"},"content":{"rendered":"<h6><img loading=\"lazy\" decoding=\"async\" class=\"alignnone wp-image-284 size-full\" src=\"https:\/\/semmelweis.hu\/c80\/files\/2025\/01\/dsc6671_optimized-scaled.jpg\" alt=\"\" width=\"1709\" height=\"2560\" srcset=\"https:\/\/semmelweis.hu\/c80\/files\/2025\/01\/dsc6671_optimized-scaled.jpg 1709w, https:\/\/semmelweis.hu\/c80\/files\/2025\/01\/dsc6671_optimized-267x400.jpg 267w, https:\/\/semmelweis.hu\/c80\/files\/2025\/01\/dsc6671_optimized-684x1024.jpg 684w, https:\/\/semmelweis.hu\/c80\/files\/2025\/01\/dsc6671_optimized-768x1151.jpg 768w, https:\/\/semmelweis.hu\/c80\/files\/2025\/01\/dsc6671_optimized-1025x1536.jpg 1025w, https:\/\/semmelweis.hu\/c80\/files\/2025\/01\/dsc6671_optimized-1367x2048.jpg 1367w, https:\/\/semmelweis.hu\/c80\/files\/2025\/01\/dsc6671_optimized-753x1128.jpg 753w\" sizes=\"auto, (max-width: 1709px) 100vw, 1709px\" \/><\/h6>\n<h6><em><strong>Alakv\u00e1lt\u00f3 entit\u00e1s<\/strong><\/em><br \/>\nvegyes technika, m\u00e1rv\u00e1ny, hegesztett vas, 3D anim\u00e1ci\u00f3<br \/>\n2024<\/h6>\n<h6>\n<span style=\"font-size: 14pt\">K\u00f6zrem\u0171k\u00f6d\u00f6tt: Gryllus \u00c1bris, Pencz Patrik<\/span><\/h6>\n<h6>Albert \u00c1d\u00e1m kutat\u00e1salap\u00fa m\u0171veiben gyakran helyez egym\u00e1s mell\u00e9 k\u00fcl\u00f6nb\u00f6z\u0151 anyagmin\u0151s\u00e9geket \u00e9s m\u00e9diumokat. Alakv\u00e1lt\u00f3 entit\u00e1s c\u00edm\u0171 install\u00e1ci\u00f3j\u00e1nak egyes elemeit \u00e9rdemes \u00f6nmagukban is megvizsg\u00e1lni, azok ugyanis a r\u00e1k k\u00fcl\u00f6nb\u00f6z\u0151 szempontjaira reflekt\u00e1lnak. A daganatos betegs\u00e9g a sejtek abnorm\u00e1lis szaporod\u00e1s\u00e1b\u00f3l, a hib\u00e1s sejtm\u0171k\u00f6d\u00e9sb\u0151l alakul ki. Ezzel szemben egy k\u0151zet, p\u00e9ld\u00e1ul a m\u00e1rv\u00e1ny keletkez\u00e9sekor<br \/>\n\u00e9ppen a hib\u00e1k \u00e9s szennyez\u0151d\u00e9sek hozz\u00e1k l\u00e9tre a sz\u00e9pnek \u00edt\u00e9lt mint\u00e1kat, csillog\u00f3 r\u00e9szleteket. A t\u00e1rgykompoz\u00edci\u00f3 organikus \u00e9s mechanikusan gy\u00e1rtott elemei megid\u00e9zhetik egy gerincoszlop \u00e9s egy bordakos\u00e1r egy\u00fcttes\u00e9b\u0151l az emberi testet, m\u00edg a 3D anim\u00e1ci\u00f3 eg\u00e9szen konkr\u00e9tan sejtek szaporod\u00e1s\u00e1t modellezi. A m\u0171vet az a hanganyag teszi teljess\u00e9, amely k\u00e9t s\u00edkon, szem\u00e9lyes szinten a k\u00f3rh\u00e1zi jelenetekr\u0151l, a folyos\u00f3n v\u00e1rakoz\u00e1s fesz\u00fclts\u00e9g\u00e9r\u0151l, t\u00e1gabb kontextusban pedig a r\u00e1kr\u00f3l mint metafor\u00e1r\u00f3l \u00e9s t\u00e1rsadalmi jelens\u00e9gr\u0151l elm\u00e9lkedik. A vide\u00f3nak \u00e9s a sz\u00f6vegnek nincs eleje \u00e9s nincs v\u00e9ge: b\u00e1rmikor bekapcsol\u00f3dhatunk.<\/h6>\n<h6>\u00a0<\/h6>\n<p><a href=\"https:\/\/semmelweis.hu\/c80\/files\/2025\/01\/dsc6671_optimized-scaled.jpg\"><img loading=\"lazy\" decoding=\"async\" class=\"alignnone wp-image-284\" src=\"https:\/\/semmelweis.hu\/c80\/files\/2025\/01\/dsc6671_optimized-scaled.jpg\" alt=\"\" width=\"234\" height=\"350\" srcset=\"https:\/\/semmelweis.hu\/c80\/files\/2025\/01\/dsc6671_optimized-scaled.jpg 1709w, https:\/\/semmelweis.hu\/c80\/files\/2025\/01\/dsc6671_optimized-267x400.jpg 267w, https:\/\/semmelweis.hu\/c80\/files\/2025\/01\/dsc6671_optimized-684x1024.jpg 684w, https:\/\/semmelweis.hu\/c80\/files\/2025\/01\/dsc6671_optimized-768x1151.jpg 768w, https:\/\/semmelweis.hu\/c80\/files\/2025\/01\/dsc6671_optimized-1025x1536.jpg 1025w, https:\/\/semmelweis.hu\/c80\/files\/2025\/01\/dsc6671_optimized-1367x2048.jpg 1367w, https:\/\/semmelweis.hu\/c80\/files\/2025\/01\/dsc6671_optimized-753x1128.jpg 753w\" sizes=\"auto, (max-width: 234px) 100vw, 234px\" \/><\/a> <a href=\"https:\/\/semmelweis.hu\/c80\/files\/2025\/01\/dsc6656_optimized.jpg\"><img loading=\"lazy\" decoding=\"async\" class=\"alignnone wp-image-286\" src=\"https:\/\/semmelweis.hu\/c80\/files\/2025\/01\/dsc6656_optimized-scaled.jpg\" alt=\"\" width=\"233\" height=\"350\" srcset=\"https:\/\/semmelweis.hu\/c80\/files\/2025\/01\/dsc6656_optimized-scaled.jpg 1709w, https:\/\/semmelweis.hu\/c80\/files\/2025\/01\/dsc6656_optimized-267x400.jpg 267w, https:\/\/semmelweis.hu\/c80\/files\/2025\/01\/dsc6656_optimized-683x1024.jpg 683w, https:\/\/semmelweis.hu\/c80\/files\/2025\/01\/dsc6656_optimized-768x1151.jpg 768w, https:\/\/semmelweis.hu\/c80\/files\/2025\/01\/dsc6656_optimized-1025x1536.jpg 1025w, https:\/\/semmelweis.hu\/c80\/files\/2025\/01\/dsc6656_optimized-1367x2048.jpg 1367w, https:\/\/semmelweis.hu\/c80\/files\/2025\/01\/dsc6656_optimized-753x1128.jpg 753w\" sizes=\"auto, (max-width: 233px) 100vw, 233px\" \/> <\/a><a href=\"https:\/\/semmelweis.hu\/c80\/files\/2025\/01\/dsc6844_optimized-scaled.jpg\"><img loading=\"lazy\" decoding=\"async\" class=\"alignnone wp-image-283\" src=\"https:\/\/semmelweis.hu\/c80\/files\/2025\/01\/dsc6844_optimized-scaled.jpg\" alt=\"\" width=\"234\" height=\"350\" srcset=\"https:\/\/semmelweis.hu\/c80\/files\/2025\/01\/dsc6844_optimized-scaled.jpg 1709w, https:\/\/semmelweis.hu\/c80\/files\/2025\/01\/dsc6844_optimized-267x400.jpg 267w, https:\/\/semmelweis.hu\/c80\/files\/2025\/01\/dsc6844_optimized-683x1024.jpg 683w, https:\/\/semmelweis.hu\/c80\/files\/2025\/01\/dsc6844_optimized-768x1151.jpg 768w, https:\/\/semmelweis.hu\/c80\/files\/2025\/01\/dsc6844_optimized-1025x1536.jpg 1025w, https:\/\/semmelweis.hu\/c80\/files\/2025\/01\/dsc6844_optimized-1367x2048.jpg 1367w, https:\/\/semmelweis.hu\/c80\/files\/2025\/01\/dsc6844_optimized-753x1128.jpg 753w\" sizes=\"auto, (max-width: 234px) 100vw, 234px\" \/><\/a><\/p>\n<h6 style=\"text-align: right\"><span style=\"font-size: 12pt\"><strong>Fot\u00f3k:<\/strong> Reg\u0151s Benedek<\/span><\/h6>\n","protected":false},"excerpt":{"rendered":"<p>Alakv\u00e1lt\u00f3 entit\u00e1s vegyes technika, m\u00e1rv\u00e1ny, hegesztett vas, 3D anim\u00e1ci\u00f3 2024 K\u00f6zrem\u0171k\u00f6d\u00f6tt: Gryllus \u00c1bris, Pencz Patrik Albert \u00c1d\u00e1m kutat\u00e1salap\u00fa m\u0171veiben gyakran helyez egym\u00e1s mell\u00e9 k\u00fcl\u00f6nb\u00f6z\u0151 anyagmin\u0151s\u00e9geket \u00e9s m\u00e9diumokat. Alakv\u00e1lt\u00f3 entit\u00e1s c\u00edm\u0171 install\u00e1ci\u00f3j\u00e1nak egyes elemeit \u00e9rdemes \u00f6nmagukban is megvizsg\u00e1lni, azok ugyanis a r\u00e1k k\u00fcl\u00f6nb\u00f6z\u0151 szempontjaira reflekt\u00e1lnak. A daganatos betegs\u00e9g a sejtek abnorm\u00e1lis szaporod\u00e1s\u00e1b\u00f3l, a hib\u00e1s sejtm\u0171k\u00f6d\u00e9sb\u0151l alakul &hellip;<\/p>\n","protected":false},"author":102325,"featured_media":0,"parent":0,"menu_order":0,"comment_status":"closed","ping_status":"closed","template":"","meta":{"_acf_changed":false,"footnotes":""},"categories":[],"tags":[],"class_list":["post-282","page","type-page","status-publish","hentry"],"acf":[],"_links":{"self":[{"href":"https:\/\/semmelweis.hu\/c80\/wp-json\/wp\/v2\/pages\/282","targetHints":{"allow":["GET"]}}],"collection":[{"href":"https:\/\/semmelweis.hu\/c80\/wp-json\/wp\/v2\/pages"}],"about":[{"href":"https:\/\/semmelweis.hu\/c80\/wp-json\/wp\/v2\/types\/page"}],"author":[{"embeddable":true,"href":"https:\/\/semmelweis.hu\/c80\/wp-json\/wp\/v2\/users\/102325"}],"replies":[{"embeddable":true,"href":"https:\/\/semmelweis.hu\/c80\/wp-json\/wp\/v2\/comments?post=282"}],"version-history":[{"count":6,"href":"https:\/\/semmelweis.hu\/c80\/wp-json\/wp\/v2\/pages\/282\/revisions"}],"predecessor-version":[{"id":380,"href":"https:\/\/semmelweis.hu\/c80\/wp-json\/wp\/v2\/pages\/282\/revisions\/380"}],"wp:attachment":[{"href":"https:\/\/semmelweis.hu\/c80\/wp-json\/wp\/v2\/media?parent=282"}],"wp:term":[{"taxonomy":"category","embeddable":true,"href":"https:\/\/semmelweis.hu\/c80\/wp-json\/wp\/v2\/categories?post=282"},{"taxonomy":"post_tag","embeddable":true,"href":"https:\/\/semmelweis.hu\/c80\/wp-json\/wp\/v2\/tags?post=282"}],"curies":[{"name":"wp","href":"https:\/\/api.w.org\/{rel}","templated":true}]}}