{"id":270,"date":"2025-01-22T14:31:24","date_gmt":"2025-01-22T13:31:24","guid":{"rendered":"https:\/\/semmelweis.hu\/c80\/?page_id=270"},"modified":"2025-01-23T19:55:08","modified_gmt":"2025-01-23T18:55:08","slug":"benczur-emese-transparency","status":"publish","type":"page","link":"https:\/\/semmelweis.hu\/c80\/benczur-emese-transparency\/","title":{"rendered":"Bencz\u00far Emese: TRANSPARENCY"},"content":{"rendered":"<p><img loading=\"lazy\" decoding=\"async\" class=\"alignnone wp-image-262 size-full\" src=\"https:\/\/semmelweis.hu\/c80\/files\/2025\/01\/DSC6737-scaled.jpg\" alt=\"\" width=\"2560\" height=\"1708\" srcset=\"https:\/\/semmelweis.hu\/c80\/files\/2025\/01\/DSC6737-scaled.jpg 2560w, https:\/\/semmelweis.hu\/c80\/files\/2025\/01\/DSC6737-400x267.jpg 400w, https:\/\/semmelweis.hu\/c80\/files\/2025\/01\/DSC6737-1024x683.jpg 1024w, https:\/\/semmelweis.hu\/c80\/files\/2025\/01\/DSC6737-768x512.jpg 768w, https:\/\/semmelweis.hu\/c80\/files\/2025\/01\/DSC6737-1536x1025.jpg 1536w, https:\/\/semmelweis.hu\/c80\/files\/2025\/01\/DSC6737-2048x1367.jpg 2048w, https:\/\/semmelweis.hu\/c80\/files\/2025\/01\/DSC6737-753x502.jpg 753w, https:\/\/semmelweis.hu\/c80\/files\/2025\/01\/DSC6737-203x135.jpg 203w\" sizes=\"auto, (max-width: 2560px) 100vw, 2560px\" \/><\/p>\n<h6><em><strong>TRANSPARENCY<\/strong><\/em><br \/>\nsz\u00f6vettani kazett\u00e1k, vil\u00e1g\u00edt\u00f3 asztal, plexi, LED szalag<br \/>\n2024<\/h6>\n<h6>\nBencz\u00far Emese m\u0171vein\u00e9l jelent\u0151s szerepet kapnak a szlogen szer\u0171, r\u00f6vid sz\u00f6vegek. A m\u0171v\u00e9hez haszn\u00e1lt sz\u00f6vettani kazett\u00e1k sz\u00ednes egys\u00e9g\u00e9b\u0151l bizonyos id\u0151k\u00f6z\u00f6nk\u00e9nt l\u00e1that\u00f3v\u00e1 v\u00e1l\u00f3 transparency [transzparencia] felirat \u00f6sszetett \u00e9rtelmez\u00e9ssel b\u00edr. Egyr\u00e9szt utal a betegs\u00e9g, a r\u00e1kos sejtek l\u00e1that\u00f3v\u00e1 t\u00e9tel\u00e9re, a kazett\u00e1k eredeti funkci\u00f3j\u00e1ra \u00e9s mag\u00e1ra a C80 projekt folyamat\u00e1ra is, amely megk\u00eds\u00e9rli transzparenss\u00e9 tenni a r\u00e1kkal kapcsolatos inform\u00e1ci\u00f3kat, a diagnosztiz\u00e1l\u00e1s folyamatait \u00e9s a daganatos betegs\u00e9gek f\u00e1zisait. Ugyanakkor r\u00e1mutat az eg\u00e9szs\u00e9g\u00fcgy egyre roml\u00f3 \u00e1llapot\u00e1ra, az orvos-beteg kommunik\u00e1ci\u00f3 neh\u00e9zs\u00e9geire vagy mag\u00e1val a r\u00e1kkal kapcsolatos t\u00e1g t\u00e1rsadalmi \u00e1tl\u00e1that\u00f3s\u00e1g hi\u00e1ny\u00e1ra. Voltak\u00e9ppen a \u201ctranszparenci\u00e1t!\u201d felki\u00e1lt\u00e1s, az \u00e1tl\u00e1that\u00f3s\u00e1g ut\u00e1ni v\u00e1gy ma Magyarorsz\u00e1gon mindenre r\u00e1olvashat\u00f3, az eg\u00e9szs\u00e9g\u00fcgyt\u0151l a k\u00e9pz\u0151m\u0171v\u00e9szeten \u00e1t a politik\u00e1ig.<\/h6>\n<p>&nbsp;<\/p>\n<p>\u00a0<a href=\"https:\/\/semmelweis.hu\/c80\/files\/2025\/01\/DSC6738.tif-masolata-scaled.jpg\"><img loading=\"lazy\" decoding=\"async\" class=\"alignnone wp-image-263\" src=\"https:\/\/semmelweis.hu\/c80\/files\/2025\/01\/DSC6738.tif-masolata-400x267.jpg\" alt=\"\" width=\"350\" height=\"234\" srcset=\"https:\/\/semmelweis.hu\/c80\/files\/2025\/01\/DSC6738.tif-masolata-400x267.jpg 400w, https:\/\/semmelweis.hu\/c80\/files\/2025\/01\/DSC6738.tif-masolata-1024x683.jpg 1024w, https:\/\/semmelweis.hu\/c80\/files\/2025\/01\/DSC6738.tif-masolata-768x512.jpg 768w, https:\/\/semmelweis.hu\/c80\/files\/2025\/01\/DSC6738.tif-masolata-1536x1025.jpg 1536w, https:\/\/semmelweis.hu\/c80\/files\/2025\/01\/DSC6738.tif-masolata-2048x1367.jpg 2048w, https:\/\/semmelweis.hu\/c80\/files\/2025\/01\/DSC6738.tif-masolata-753x502.jpg 753w, https:\/\/semmelweis.hu\/c80\/files\/2025\/01\/DSC6738.tif-masolata-203x135.jpg 203w\" sizes=\"auto, (max-width: 350px) 100vw, 350px\" \/><\/a><a href=\"https:\/\/semmelweis.hu\/c80\/files\/2025\/01\/DSC6868.tif-masolata-scaled.jpg\"><img loading=\"lazy\" decoding=\"async\" class=\"alignnone wp-image-269\" src=\"https:\/\/semmelweis.hu\/c80\/files\/2025\/01\/DSC6868.tif-masolata-400x267.jpg\" alt=\"\" width=\"350\" height=\"234\" srcset=\"https:\/\/semmelweis.hu\/c80\/files\/2025\/01\/DSC6868.tif-masolata-400x267.jpg 400w, https:\/\/semmelweis.hu\/c80\/files\/2025\/01\/DSC6868.tif-masolata-1024x683.jpg 1024w, https:\/\/semmelweis.hu\/c80\/files\/2025\/01\/DSC6868.tif-masolata-768x513.jpg 768w, https:\/\/semmelweis.hu\/c80\/files\/2025\/01\/DSC6868.tif-masolata-1536x1025.jpg 1536w, https:\/\/semmelweis.hu\/c80\/files\/2025\/01\/DSC6868.tif-masolata-2048x1367.jpg 2048w, https:\/\/semmelweis.hu\/c80\/files\/2025\/01\/DSC6868.tif-masolata-753x503.jpg 753w, https:\/\/semmelweis.hu\/c80\/files\/2025\/01\/DSC6868.tif-masolata-203x135.jpg 203w\" sizes=\"auto, (max-width: 350px) 100vw, 350px\" \/><\/a><a href=\"https:\/\/semmelweis.hu\/c80\/files\/2025\/01\/DSC6757-scaled.jpg\"><img loading=\"lazy\" decoding=\"async\" class=\"alignnone wp-image-265\" src=\"https:\/\/semmelweis.hu\/c80\/files\/2025\/01\/DSC6757-400x267.jpg\" alt=\"\" width=\"350\" height=\"234\" srcset=\"https:\/\/semmelweis.hu\/c80\/files\/2025\/01\/DSC6757-400x267.jpg 400w, https:\/\/semmelweis.hu\/c80\/files\/2025\/01\/DSC6757-1024x683.jpg 1024w, https:\/\/semmelweis.hu\/c80\/files\/2025\/01\/DSC6757-768x513.jpg 768w, https:\/\/semmelweis.hu\/c80\/files\/2025\/01\/DSC6757-1536x1025.jpg 1536w, https:\/\/semmelweis.hu\/c80\/files\/2025\/01\/DSC6757-2048x1367.jpg 2048w, https:\/\/semmelweis.hu\/c80\/files\/2025\/01\/DSC6757-753x502.jpg 753w, https:\/\/semmelweis.hu\/c80\/files\/2025\/01\/DSC6757-203x135.jpg 203w\" sizes=\"auto, (max-width: 350px) 100vw, 350px\" \/><\/a><\/p>\n<p><a target=\"null\" rel=\"noopener\">\u00a0 \u00a0 \u00a0 \u00a0<\/a><a href=\"https:\/\/semmelweis.hu\/c80\/files\/2025\/01\/DSC6754.tif-masolata-scaled.jpg\"><img loading=\"lazy\" decoding=\"async\" class=\"alignnone wp-image-264\" src=\"https:\/\/semmelweis.hu\/c80\/files\/2025\/01\/DSC6754.tif-masolata-267x400.jpg\" alt=\"\" width=\"234\" height=\"350\" srcset=\"https:\/\/semmelweis.hu\/c80\/files\/2025\/01\/DSC6754.tif-masolata-267x400.jpg 267w, https:\/\/semmelweis.hu\/c80\/files\/2025\/01\/DSC6754.tif-masolata-683x1024.jpg 683w, https:\/\/semmelweis.hu\/c80\/files\/2025\/01\/DSC6754.tif-masolata-768x1151.jpg 768w, https:\/\/semmelweis.hu\/c80\/files\/2025\/01\/DSC6754.tif-masolata-1025x1536.jpg 1025w, https:\/\/semmelweis.hu\/c80\/files\/2025\/01\/DSC6754.tif-masolata-1367x2048.jpg 1367w, https:\/\/semmelweis.hu\/c80\/files\/2025\/01\/DSC6754.tif-masolata-753x1128.jpg 753w, https:\/\/semmelweis.hu\/c80\/files\/2025\/01\/DSC6754.tif-masolata-scaled.jpg 1708w\" sizes=\"auto, (max-width: 234px) 100vw, 234px\" \/><\/a> \u00a0<a href=\"https:\/\/semmelweis.hu\/c80\/files\/2025\/01\/DSC6765.tif-masolata-scaled.jpg\"><img loading=\"lazy\" decoding=\"async\" class=\"alignnone wp-image-266\" src=\"https:\/\/semmelweis.hu\/c80\/files\/2025\/01\/DSC6765.tif-masolata-267x400.jpg\" alt=\"\" width=\"234\" height=\"350\" srcset=\"https:\/\/semmelweis.hu\/c80\/files\/2025\/01\/DSC6765.tif-masolata-267x400.jpg 267w, https:\/\/semmelweis.hu\/c80\/files\/2025\/01\/DSC6765.tif-masolata-683x1024.jpg 683w, https:\/\/semmelweis.hu\/c80\/files\/2025\/01\/DSC6765.tif-masolata-768x1151.jpg 768w, https:\/\/semmelweis.hu\/c80\/files\/2025\/01\/DSC6765.tif-masolata-1025x1536.jpg 1025w, https:\/\/semmelweis.hu\/c80\/files\/2025\/01\/DSC6765.tif-masolata-1367x2048.jpg 1367w, https:\/\/semmelweis.hu\/c80\/files\/2025\/01\/DSC6765.tif-masolata-753x1128.jpg 753w, https:\/\/semmelweis.hu\/c80\/files\/2025\/01\/DSC6765.tif-masolata-scaled.jpg 1708w\" sizes=\"auto, (max-width: 234px) 100vw, 234px\" \/><\/a> <a href=\"https:\/\/semmelweis.hu\/c80\/files\/2025\/01\/DSC6769-scaled.jpg\"><img loading=\"lazy\" decoding=\"async\" class=\"alignnone wp-image-267\" src=\"https:\/\/semmelweis.hu\/c80\/files\/2025\/01\/DSC6769-267x400.jpg\" alt=\"\" width=\"234\" height=\"350\" srcset=\"https:\/\/semmelweis.hu\/c80\/files\/2025\/01\/DSC6769-267x400.jpg 267w, https:\/\/semmelweis.hu\/c80\/files\/2025\/01\/DSC6769-683x1024.jpg 683w, https:\/\/semmelweis.hu\/c80\/files\/2025\/01\/DSC6769-768x1151.jpg 768w, https:\/\/semmelweis.hu\/c80\/files\/2025\/01\/DSC6769-1025x1536.jpg 1025w, https:\/\/semmelweis.hu\/c80\/files\/2025\/01\/DSC6769-1367x2048.jpg 1367w, https:\/\/semmelweis.hu\/c80\/files\/2025\/01\/DSC6769-753x1128.jpg 753w, https:\/\/semmelweis.hu\/c80\/files\/2025\/01\/DSC6769-scaled.jpg 1709w\" sizes=\"auto, (max-width: 234px) 100vw, 234px\" \/><\/a> <a href=\"https:\/\/semmelweis.hu\/c80\/files\/2025\/01\/DSC6820.tif-masolata-scaled.jpg\"><img loading=\"lazy\" decoding=\"async\" class=\"alignnone wp-image-268\" src=\"https:\/\/semmelweis.hu\/c80\/files\/2025\/01\/DSC6820.tif-masolata-267x400.jpg\" alt=\"\" width=\"234\" height=\"350\" srcset=\"https:\/\/semmelweis.hu\/c80\/files\/2025\/01\/DSC6820.tif-masolata-267x400.jpg 267w, https:\/\/semmelweis.hu\/c80\/files\/2025\/01\/DSC6820.tif-masolata-684x1024.jpg 684w, https:\/\/semmelweis.hu\/c80\/files\/2025\/01\/DSC6820.tif-masolata-768x1151.jpg 768w, https:\/\/semmelweis.hu\/c80\/files\/2025\/01\/DSC6820.tif-masolata-1025x1536.jpg 1025w, https:\/\/semmelweis.hu\/c80\/files\/2025\/01\/DSC6820.tif-masolata-1367x2048.jpg 1367w, https:\/\/semmelweis.hu\/c80\/files\/2025\/01\/DSC6820.tif-masolata-753x1128.jpg 753w, https:\/\/semmelweis.hu\/c80\/files\/2025\/01\/DSC6820.tif-masolata-scaled.jpg 1709w\" sizes=\"auto, (max-width: 234px) 100vw, 234px\" \/><\/a>\u00a0<\/p>\n<h6 style=\"text-align: right\"><span style=\"font-size: 12pt\"><strong>Fot\u00f3k:<\/strong> Reg\u0151s Benedek<\/span><\/h6>\n","protected":false},"excerpt":{"rendered":"<p>TRANSPARENCY sz\u00f6vettani kazett\u00e1k, vil\u00e1g\u00edt\u00f3 asztal, plexi, LED szalag 2024 Bencz\u00far Emese m\u0171vein\u00e9l jelent\u0151s szerepet kapnak a szlogen szer\u0171, r\u00f6vid sz\u00f6vegek. A m\u0171v\u00e9hez haszn\u00e1lt sz\u00f6vettani kazett\u00e1k sz\u00ednes egys\u00e9g\u00e9b\u0151l bizonyos id\u0151k\u00f6z\u00f6nk\u00e9nt l\u00e1that\u00f3v\u00e1 v\u00e1l\u00f3 transparency [transzparencia] felirat \u00f6sszetett \u00e9rtelmez\u00e9ssel b\u00edr. Egyr\u00e9szt utal a betegs\u00e9g, a r\u00e1kos sejtek l\u00e1that\u00f3v\u00e1 t\u00e9tel\u00e9re, a kazett\u00e1k eredeti funkci\u00f3j\u00e1ra \u00e9s mag\u00e1ra a C80 projekt &hellip;<\/p>\n","protected":false},"author":102325,"featured_media":0,"parent":0,"menu_order":0,"comment_status":"closed","ping_status":"closed","template":"","meta":{"_acf_changed":false,"footnotes":""},"categories":[],"tags":[],"class_list":["post-270","page","type-page","status-publish","hentry"],"acf":[],"_links":{"self":[{"href":"https:\/\/semmelweis.hu\/c80\/wp-json\/wp\/v2\/pages\/270","targetHints":{"allow":["GET"]}}],"collection":[{"href":"https:\/\/semmelweis.hu\/c80\/wp-json\/wp\/v2\/pages"}],"about":[{"href":"https:\/\/semmelweis.hu\/c80\/wp-json\/wp\/v2\/types\/page"}],"author":[{"embeddable":true,"href":"https:\/\/semmelweis.hu\/c80\/wp-json\/wp\/v2\/users\/102325"}],"replies":[{"embeddable":true,"href":"https:\/\/semmelweis.hu\/c80\/wp-json\/wp\/v2\/comments?post=270"}],"version-history":[{"count":10,"href":"https:\/\/semmelweis.hu\/c80\/wp-json\/wp\/v2\/pages\/270\/revisions"}],"predecessor-version":[{"id":384,"href":"https:\/\/semmelweis.hu\/c80\/wp-json\/wp\/v2\/pages\/270\/revisions\/384"}],"wp:attachment":[{"href":"https:\/\/semmelweis.hu\/c80\/wp-json\/wp\/v2\/media?parent=270"}],"wp:term":[{"taxonomy":"category","embeddable":true,"href":"https:\/\/semmelweis.hu\/c80\/wp-json\/wp\/v2\/categories?post=270"},{"taxonomy":"post_tag","embeddable":true,"href":"https:\/\/semmelweis.hu\/c80\/wp-json\/wp\/v2\/tags?post=270"}],"curies":[{"name":"wp","href":"https:\/\/api.w.org\/{rel}","templated":true}]}}