{"id":25,"date":"2024-01-11T09:49:28","date_gmt":"2024-01-11T08:49:28","guid":{"rendered":"https:\/\/semmelweis.hu\/c80\/?page_id=25"},"modified":"2024-03-28T18:09:17","modified_gmt":"2024-03-28T17:09:17","slug":"kapcsolat","status":"publish","type":"page","link":"https:\/\/semmelweis.hu\/c80\/kapcsolat\/","title":{"rendered":"Kapcsolat"},"content":{"rendered":"<h6><strong>Dr. Kiss Rich\u00e1rd PhD<br \/>\n<\/strong>projektvezet\u0151<br \/>\nemail: kiss.richard@semmelweis.hu<\/h6>\n<h6><strong>Koll\u00e1r Dalma Eszter<br \/>\n<\/strong>kur\u00e1tor<br \/>\nemail: hello@dalmaeszterkollar.com<\/h6>\n<h6><strong>Kov\u00e1cs Krist\u00f3f (Sajnos Gergely, helysz\u00ednel\u0151)<br \/>\n<\/strong>kur\u00e1tor<br \/>\nemail: kovacsbigkristof@gmail.com<\/h6>\n","protected":false},"excerpt":{"rendered":"<p>Dr. Kiss Rich\u00e1rd PhD<br \/>\nprojektvezet\u0151<br \/>\nemail: kiss.richard@semmelweis.hu<br \/>\nKoll\u00e1r Dalma Eszter<br \/>\nkur\u00e1tor<br \/>\nemail: hello@dalmaeszterkollar.com<br \/>\nKov\u00e1cs Krist\u00f3f (Sajnos Gergely, helysz\u00ednel\u0151)<br \/>\nkur\u00e1tor<br \/>\nemail: kovacsbigkristof@gmail.com<\/p>\n","protected":false},"author":12,"featured_media":0,"parent":0,"menu_order":8,"comment_status":"closed","ping_status":"closed","template":"","meta":{"_acf_changed":false,"footnotes":""},"categories":[],"tags":[],"class_list":["post-25","page","type-page","status-publish","hentry"],"acf":[],"_links":{"self":[{"href":"https:\/\/semmelweis.hu\/c80\/wp-json\/wp\/v2\/pages\/25","targetHints":{"allow":["GET"]}}],"collection":[{"href":"https:\/\/semmelweis.hu\/c80\/wp-json\/wp\/v2\/pages"}],"about":[{"href":"https:\/\/semmelweis.hu\/c80\/wp-json\/wp\/v2\/types\/page"}],"author":[{"embeddable":true,"href":"https:\/\/semmelweis.hu\/c80\/wp-json\/wp\/v2\/users\/12"}],"replies":[{"embeddable":true,"href":"https:\/\/semmelweis.hu\/c80\/wp-json\/wp\/v2\/comments?post=25"}],"version-history":[{"count":6,"href":"https:\/\/semmelweis.hu\/c80\/wp-json\/wp\/v2\/pages\/25\/revisions"}],"predecessor-version":[{"id":213,"href":"https:\/\/semmelweis.hu\/c80\/wp-json\/wp\/v2\/pages\/25\/revisions\/213"}],"wp:attachment":[{"href":"https:\/\/semmelweis.hu\/c80\/wp-json\/wp\/v2\/media?parent=25"}],"wp:term":[{"taxonomy":"category","embeddable":true,"href":"https:\/\/semmelweis.hu\/c80\/wp-json\/wp\/v2\/categories?post=25"},{"taxonomy":"post_tag","embeddable":true,"href":"https:\/\/semmelweis.hu\/c80\/wp-json\/wp\/v2\/tags?post=25"}],"curies":[{"name":"wp","href":"https:\/\/api.w.org\/{rel}","templated":true}]}}