{"id":233,"date":"2024-04-24T17:53:50","date_gmt":"2024-04-24T15:53:50","guid":{"rendered":"https:\/\/semmelweis.hu\/c80\/?page_id=233"},"modified":"2024-04-24T18:30:50","modified_gmt":"2024-04-24T16:30:50","slug":"sajtomegjelenesek","status":"publish","type":"page","link":"https:\/\/semmelweis.hu\/c80\/sajtomegjelenesek\/","title":{"rendered":"Sajt\u00f3megjelen\u00e9sek"},"content":{"rendered":"<h6><strong>Qubit<\/strong><br \/>\nVan a r\u00e1knak eszt\u00e9tik\u00e1ja?<br \/>\n<a href=\"https:\/\/qubit.hu\/2024\/04\/12\/van-a-raknak-esztetikaja\">LINK<\/a><\/h6>\n<h6><strong>wmn.hu<\/strong><br \/>\nA r\u00e1kkal \u00fagy tudunk a legjobban megk\u00fczdeni, ha megtiszt\u00edtjuk a balj\u00f3s metafor\u00e1kt\u00f3l<br \/>\n<a href=\"https:\/\/wmn.hu\/wmn-egszsg\/62354-a-rakkal-ugy-tudunk-a-legjobban-megkuzdeni-ha-megtisztitjuk-a-baljos-metaforaktol\">LINK<\/a><\/h6>\n<h6><strong>Tilos R\u00e1di\u00f3 &#8211; 7t\u00e9r\u00edt\u0151<\/strong><br \/>\n<a href=\"https:\/\/tilos.hu\/episode\/7terito\/2024\/04\/08\">LINK<\/a><\/h6>\n<h6><strong>Klub R\u00e1di\u00f3 &#8211; Zsebenciklop\u00e9dia<\/strong><br \/>\n<a href=\"https:\/\/www.klubradio.hu\/archivum\/zsebenciklopedia-2024-aprilis-11-csutortok-1300-40328\">LINK<\/a><\/h6>\n<h6><strong>N\u00e9pszava<\/strong><br \/>\nR\u00e1kbetegs\u00e9g \u00e9s az eszt\u00e9tika<br \/>\n<a href=\"https:\/\/nepszava.hu\/3231801_rakbetegseg-es-az-esztetika\">LINK<\/a><\/h6>\n<h6><strong>Kossuth R\u00e1di\u00f3 &#8211; Szombat reggel<\/strong><br \/>\n<a href=\"https:\/\/mediaklikk.hu\/radio-lejatszo-kossuth\/?ch=mr1&amp;date=2024-04-06_06-07-45&amp;enddate=2024-04-06_08-40-02\">LINK<\/a><\/h6>\n<h6><strong>ELLE<\/strong><br \/>\nKi\u00e1ll\u00edt\u00e1s seg\u00edt lebontani a r\u00e1kbetegs\u00e9g k\u00f6r\u00fcli tabukat<br \/>\n<a href=\"https:\/\/elle.hu\/kultura\/kiallitas-segit-lebontani-a-rakbetegseg-koruli-tabukat\">LINK<\/a><\/h6>\n<h6><strong>We Love Budapest<\/strong><br \/>\nC80 &#8211; A r\u00e1k eszt\u00e9tik\u00e1ja?<br \/>\n<a href=\"https:\/\/welovebudapest.com\/program\/c80-rak-esztetikaja\/\">LINK<\/a><\/h6>\n<h6><strong>Refresher.hu<\/strong><br \/>\n7 ki\u00e1ll\u00edt\u00e1s, amivel k\u00f6nnyebb lesz ber\u00fagni a tavaszt<br \/>\n<a href=\"https:\/\/refresher.hu\/4844-Hova-menjunk-miket-nezzunk-aprilisban-7-kiallitas-amivel-konnyebb-lesz-berugni-a-tavaszt\">LINK<\/a><\/h6>\n<h6><strong>Telekom Spots<\/strong><br \/>\nKult \u00e1prilisra: M\u0171v\u00e9szet a k\u00f6b\u00f6n<br \/>\n<a href=\"https:\/\/telekomspots.hu\/en\/articles\/237\/kult-aprilisra-muveszet-a-kobon\">LINK<\/a><\/h6>\n<h6><strong>Roadster.hu<\/strong> <br \/>\nLebontan\u00e1 a r\u00e1kkal kapcsolatos tabukat ez a k\u00fcl\u00f6nleges kort\u00e1rs m\u0171v\u00e9szeti program<br \/>\n<a href=\"https:\/\/roadster.hu\/c80-projekt\">LINK<\/a><\/h6>\n","protected":false},"excerpt":{"rendered":"<p>Qubit Van a r\u00e1knak eszt\u00e9tik\u00e1ja? <a href=\"https:\/\/qubit.hu\/2024\/04\/12\/van-a-raknak-esztetikaja\">LINK<\/a> wmn.hu A r\u00e1kkal \u00fagy tudunk a legjobban megk\u00fczdeni, ha megtiszt\u00edtjuk a balj\u00f3s metafor\u00e1kt\u00f3l <a href=\"https:\/\/wmn.hu\/wmn-egszsg\/62354-a-rakkal-ugy-tudunk-a-legjobban-megkuzdeni-ha-megtisztitjuk-a-baljos-metaforaktol\">LINK<\/a> Tilos R\u00e1di\u00f3 &#8211; 7t\u00e9r\u00edt\u0151 <a href=\"https:\/\/tilos.hu\/episode\/7terito\/2024\/04\/08\">LINK<\/a> Klub R\u00e1di\u00f3 &#8211; Zsebenciklop\u00e9dia <a href=\"https:\/\/www.klubradio.hu\/archivum\/zsebenciklopedia-2024-aprilis-11-csutortok-1300-40328\">LINK<\/a> N\u00e9pszava R\u00e1kbetegs\u00e9g \u00e9s az eszt\u00e9tika <a href=\"https:\/\/nepszava.hu\/3231801_rakbetegseg-es-az-esztetika\">LINK<\/a> Kossuth R\u00e1di\u00f3 &#8211; Szombat reggel <a href=\"https:\/\/mediaklikk.hu\/radio-lejatszo-kossuth\/?ch=mr1&amp;date=2024-04-06_06-07-45&amp;enddate=2024-04-06_08-40-02\">LINK<\/a> ELLE Ki\u00e1ll\u00edt\u00e1s seg\u00edt lebontani a r\u00e1kbetegs\u00e9g k\u00f6r\u00fcli tabukat <a href=\"https:\/\/elle.hu\/kultura\/kiallitas-segit-lebontani-a-rakbetegseg-koruli-tabukat\">LINK<\/a> We Love Budapest C80 &#8211; A r\u00e1k eszt\u00e9tik\u00e1ja? <a href=\"https:\/\/welovebudapest.com\/program\/c80-rak-esztetikaja\/\">LINK<\/a> Refresher.hu 7 ki\u00e1ll\u00edt\u00e1s, &hellip;<\/p>\n","protected":false},"author":102325,"featured_media":0,"parent":0,"menu_order":0,"comment_status":"closed","ping_status":"closed","template":"","meta":{"_acf_changed":false,"footnotes":""},"categories":[],"tags":[],"class_list":["post-233","page","type-page","status-publish","hentry"],"acf":[],"_links":{"self":[{"href":"https:\/\/semmelweis.hu\/c80\/wp-json\/wp\/v2\/pages\/233","targetHints":{"allow":["GET"]}}],"collection":[{"href":"https:\/\/semmelweis.hu\/c80\/wp-json\/wp\/v2\/pages"}],"about":[{"href":"https:\/\/semmelweis.hu\/c80\/wp-json\/wp\/v2\/types\/page"}],"author":[{"embeddable":true,"href":"https:\/\/semmelweis.hu\/c80\/wp-json\/wp\/v2\/users\/102325"}],"replies":[{"embeddable":true,"href":"https:\/\/semmelweis.hu\/c80\/wp-json\/wp\/v2\/comments?post=233"}],"version-history":[{"count":4,"href":"https:\/\/semmelweis.hu\/c80\/wp-json\/wp\/v2\/pages\/233\/revisions"}],"predecessor-version":[{"id":238,"href":"https:\/\/semmelweis.hu\/c80\/wp-json\/wp\/v2\/pages\/233\/revisions\/238"}],"wp:attachment":[{"href":"https:\/\/semmelweis.hu\/c80\/wp-json\/wp\/v2\/media?parent=233"}],"wp:term":[{"taxonomy":"category","embeddable":true,"href":"https:\/\/semmelweis.hu\/c80\/wp-json\/wp\/v2\/categories?post=233"},{"taxonomy":"post_tag","embeddable":true,"href":"https:\/\/semmelweis.hu\/c80\/wp-json\/wp\/v2\/tags?post=233"}],"curies":[{"name":"wp","href":"https:\/\/api.w.org\/{rel}","templated":true}]}}