{"id":23,"date":"2024-01-11T09:49:02","date_gmt":"2024-01-11T08:49:02","guid":{"rendered":"https:\/\/semmelweis.hu\/c80\/?page_id=23"},"modified":"2024-03-28T18:08:16","modified_gmt":"2024-03-28T17:08:16","slug":"a-projektrol","status":"publish","type":"page","link":"https:\/\/semmelweis.hu\/c80\/a-projektrol\/","title":{"rendered":"A projektr\u0151l"},"content":{"rendered":"<h6>Mindannyian tudjuk, hogy vannak l\u00e1thatatlan betegs\u00e9gek, amelyek k\u00edv\u00fclr\u0151l \u00e9rz\u00e9kelhetetlen t\u00fcnetekkel t\u00e1madj\u00e1k meg az emberi szervezetet. Ezek a betegs\u00e9gek azonban \u2013 t\u00f6bbek k\u00f6z\u00f6tt ilyen a r\u00e1k is \u2013 a nem laikusok sz\u00e1m\u00e1ra nagyon is l\u00e1that\u00f3ak. Az eg\u00e9szs\u00e9g\u00fcgyi szakemberek a sejtek szintj\u00e9n kutatva hat\u00e1rozott vizu\u00e1lis vet\u00fcleteit ismerik megbeteged\u00e9seinknek. Ez a kett\u0151ss\u00e9g adja a <em>C80 &#8211; A r\u00e1k eszt\u00e9tik\u00e1ja?<\/em> projekt kiindul\u00f3pontj\u00e1t.<\/h6>\n<h6>A program c\u00e9lja egyr\u00e9szt a betegs\u00e9g, \u00e9s k\u00fcl\u00f6n\u00f6sen a r\u00e1kkal szembeni tabuk lebont\u00e1sa, m\u00e1sr\u00e9szt pedig a k\u00f6lcs\u00f6n\u00f6s tanul\u00e1si lehet\u0151s\u00e9gek kiakn\u00e1z\u00e1sa betegek, orvosok (\u00e9s oktat\u00f3 orvosok), \u00e1pol\u00f3k, orvostanhallgat\u00f3k \u00e9s, a vizualit\u00e1st er\u0151s\u00edtend\u0151, k\u00e9pz\u0151m\u0171v\u00e9szek k\u00f6z\u00f6tt. A folyamat r\u00e9szek\u00e9nt 2023 szeptembere \u00f3ta szervez\u00fcnk workshopokat, amelyeken k\u00fcl\u00f6nb\u00f6z\u0151 \u00f6sszet\u00e9telben tal\u00e1lkozhattak egym\u00e1ssal a r\u00e9sztvev\u0151k, tanulhattak a r\u00e1kos megbeteged\u00e9sekr\u0151l tudom\u00e1nyos, a betegek oldal\u00e1r\u00f3l pedig tapasztalati szinten is (laborl\u00e1togat\u00e1s, el\u0151ad\u00e1sok, besz\u00e9lget\u00e9sek, pszichol\u00f3giai medi\u00e1ci\u00f3k, stb.).<\/h6>\n<h6>V\u00e9geredm\u00e9nyben k\u00e9t kifut\u00e1sa lesz a projektnek:<\/h6>\n<h6>Az egyik egy ki\u00e1ll\u00edt\u00e1s, amely a Semmelweis Egyetem Patol\u00f3giai \u00e9s K\u00eds\u00e9rleti R\u00e1kkutat\u00f3 Int\u00e9zet\u00e9nek el\u0151csarnok\u00e1ban ker\u00fcl megrendez\u00e9sre 2024 tavasz\u00e1n. A felk\u00e9rt kort\u00e1rs m\u0171v\u00e9szek \u2013 Albert \u00c1d\u00e1m, Bencz\u00far Emese, M\u00e1t\u00e9 D\u00e1niel, Neogr\u00e1dy-Kiss Barnab\u00e1s, Po\u00f3r Dorottya, Simon Zsuzsi \u2013 helyspecifikus, a workshopok folyam\u00e1n, illetve az azokat k\u00f6vet\u0151 id\u0151szakban l\u00e9trehozott \u00faj m\u0171veiket mutatj\u00e1k be itt, amelyek rem\u00e9nyeink szerint seg\u00edtenek a r\u00e9sztvev\u0151k (\u00e9s a l\u00e1togat\u00f3k) sz\u00e1m\u00e1ra is \u00faj perspekt\u00edv\u00e1t nyitni a r\u00e1kr\u00f3l val\u00f3 gondolkod\u00e1sban.<\/h6>\n<h6>A m\u00e1sik egy k\u00e9tnyelv\u0171 (magyar \u00e9s angol) kiadv\u00e1ny, amely \u00f6sszefoglalja a workshopok sor\u00e1n termel\u0151d\u00f6tt tud\u00e1sanyagot, tapasztalatokat, valamint a folyamat, az elk\u00e9sz\u00fclt m\u0171vek \u00e9s a ki\u00e1ll\u00edt\u00e1s dokument\u00e1ci\u00f3j\u00e1t.<\/h6>\n<h6>A program az EuniWell nev\u0171 EU-s p\u00e1ly\u00e1zat finansz\u00edroz\u00e1s\u00e1ban val\u00f3sul meg, ennek k\u00f6sz\u00f6nhet\u0151en a magyar (Semmelweis Egyetem) mellett h\u00e1rom eur\u00f3pai egyetem (University of Florence, Murcia University, Linnaeus University) oktat\u00f3ival \u00e9s hallgat\u00f3ival m\u0171k\u00f6d\u00fcnk egy\u00fctt.<\/h6>\n<h6>\u00a0<\/h6>\n","protected":false},"excerpt":{"rendered":"<p>A C80 projekt c\u00e9lja egyr\u00e9szt a betegs\u00e9g, \u00e9s k\u00fcl\u00f6n\u00f6sen a r\u00e1kkal szembeni tabuk vizu\u00e1lis m\u0171v\u00e9szeten kereszt\u00fcli lebont\u00e1sa, m\u00e1sr\u00e9szt pedig a k\u00f6lcs\u00f6n\u00f6s tanul\u00e1si lehet\u0151s\u00e9gek kiakn\u00e1z\u00e1sa betegek, orvosok (\u00e9s oktat\u00f3 orvosok), \u00e1pol\u00f3k, orvostanhallgat\u00f3k \u00e9s k\u00e9pz\u0151m\u0171v\u00e9szek k\u00f6z\u00f6tt.<\/p>\n","protected":false},"author":12,"featured_media":103,"parent":0,"menu_order":0,"comment_status":"closed","ping_status":"closed","template":"","meta":{"_acf_changed":false,"footnotes":""},"categories":[],"tags":[],"class_list":["post-23","page","type-page","status-publish","has-post-thumbnail","hentry"],"acf":[],"_links":{"self":[{"href":"https:\/\/semmelweis.hu\/c80\/wp-json\/wp\/v2\/pages\/23","targetHints":{"allow":["GET"]}}],"collection":[{"href":"https:\/\/semmelweis.hu\/c80\/wp-json\/wp\/v2\/pages"}],"about":[{"href":"https:\/\/semmelweis.hu\/c80\/wp-json\/wp\/v2\/types\/page"}],"author":[{"embeddable":true,"href":"https:\/\/semmelweis.hu\/c80\/wp-json\/wp\/v2\/users\/12"}],"replies":[{"embeddable":true,"href":"https:\/\/semmelweis.hu\/c80\/wp-json\/wp\/v2\/comments?post=23"}],"version-history":[{"count":10,"href":"https:\/\/semmelweis.hu\/c80\/wp-json\/wp\/v2\/pages\/23\/revisions"}],"predecessor-version":[{"id":211,"href":"https:\/\/semmelweis.hu\/c80\/wp-json\/wp\/v2\/pages\/23\/revisions\/211"}],"wp:featuredmedia":[{"embeddable":true,"href":"https:\/\/semmelweis.hu\/c80\/wp-json\/wp\/v2\/media\/103"}],"wp:attachment":[{"href":"https:\/\/semmelweis.hu\/c80\/wp-json\/wp\/v2\/media?parent=23"}],"wp:term":[{"taxonomy":"category","embeddable":true,"href":"https:\/\/semmelweis.hu\/c80\/wp-json\/wp\/v2\/categories?post=23"},{"taxonomy":"post_tag","embeddable":true,"href":"https:\/\/semmelweis.hu\/c80\/wp-json\/wp\/v2\/tags?post=23"}],"curies":[{"name":"wp","href":"https:\/\/api.w.org\/{rel}","templated":true}]}}