{"id":199,"date":"2024-03-28T18:02:19","date_gmt":"2024-03-28T17:02:19","guid":{"rendered":"https:\/\/semmelweis.hu\/c80\/?page_id=199"},"modified":"2025-01-23T21:20:08","modified_gmt":"2025-01-23T20:20:08","slug":"exhibition","status":"publish","type":"page","link":"https:\/\/semmelweis.hu\/c80\/en\/exhibition\/","title":{"rendered":"Exhibition"},"content":{"rendered":"<h6><img loading=\"lazy\" decoding=\"async\" class=\"alignleft wp-image-244 size-full\" src=\"https:\/\/semmelweis.hu\/c80\/files\/2025\/01\/a7404290_optimized.jpg-masolata-scaled.jpg\" alt=\"\" width=\"2560\" height=\"1707\" srcset=\"https:\/\/semmelweis.hu\/c80\/files\/2025\/01\/a7404290_optimized.jpg-masolata-scaled.jpg 2560w, https:\/\/semmelweis.hu\/c80\/files\/2025\/01\/a7404290_optimized.jpg-masolata-400x267.jpg 400w, https:\/\/semmelweis.hu\/c80\/files\/2025\/01\/a7404290_optimized.jpg-masolata-1024x683.jpg 1024w, https:\/\/semmelweis.hu\/c80\/files\/2025\/01\/a7404290_optimized.jpg-masolata-768x512.jpg 768w, https:\/\/semmelweis.hu\/c80\/files\/2025\/01\/a7404290_optimized.jpg-masolata-1536x1024.jpg 1536w, https:\/\/semmelweis.hu\/c80\/files\/2025\/01\/a7404290_optimized.jpg-masolata-2048x1365.jpg 2048w, https:\/\/semmelweis.hu\/c80\/files\/2025\/01\/a7404290_optimized.jpg-masolata-753x502.jpg 753w, https:\/\/semmelweis.hu\/c80\/files\/2025\/01\/a7404290_optimized.jpg-masolata-203x135.jpg 203w\" sizes=\"auto, (max-width: 2560px) 100vw, 2560px\" \/><\/h6>\n<h6>\u00a0<\/h6>\n<h6><span style=\"font-size: 12pt\"><strong><\/p>\n<p>Venue:<\/strong> <\/span><br \/>\n<span style=\"font-size: 15pt\">Semmelweis University \u2013 Department of Pathology and Experimental Cancer Research <\/span><br \/>\n<span style=\"font-size: 12pt\">(1085 Budapest, \u00dcll\u0151i \u00fat 26.)<\/span><\/h6>\n<h6 class=\"x11i5rnm xat24cr x1mh8g0r x1vvkbs xtlvy1s\"><span style=\"font-size: 12pt\">The exhibition was open from <strong>6 April to 31 May 2024.<\/strong><\/span><\/h6>\n<h6>\u00a0<\/h6>\n<h6><span style=\"font-size: 12pt\"><strong>Exhibiting artists:<\/strong> <\/span><br \/>\n\u00c1d\u00e1m Albert, Emese Bencz\u00far, D\u00e1niel M\u00e1t\u00e9, Barnab\u00e1s Neogr\u00e1dy-Kiss, Dorottya Po\u00f3r, Zsuzsi Simon<\/h6>\n<h6>\u00a0<\/h6>\n<h6>The primary means of reducing misconceptions and fears around cancer is through dialogue. To talk more openly about the subject, we turn to art. We hope that contemporary art can bring in a different approach to help us move towards breaking down the taboos surrounding cancer.<\/h6>\n<h6>During the C80 project, the exhibiting artists and the curators learned about the diagnosis, types, treatment and psychological implications of cancer through workshops, lectures and discussions. Oncologists, pathologists, medical students, psychologists and cancer survivors have been involved in the process for more than half a year, and the collaboration has resulted in the creation of site-specific works on display. The artworks produced during and after the sessions aim to open up a new perspective on thinking about cancer. They do so by focusing on different aspects of cancer: from stigma and altered self-image, to misconceptions and the sci-fi-like realities of cancer, to the complex diagnostic process, its intransparency and the intimate, human moments experienced during the disease.<\/h6>\n<h6>In the case of tumours, it is inevitable that, in addition to the physical symptoms, there will be a sense of illness and stigma, both on the part of the patient and those around them. The latter condition, stigma, is one of the subjects of Susan Sontag&#8217;s text, Illness as Metaphor, in which she states (relying mainly on literary examples) that \u2018it seems unimaginable to aestheticize the disease\u2019. The subtitle of the exhibition and of the project alludes to this, while C80 is an ICD (International Classification of Diseases) code referring to malignant neoplasm, without specification of site. The code, rarely used on its own, expresses the presence of cancer, but also leaves room to address any type of it and in any way, while the question in the subtitle invites us to override our general thinking about the disease.<\/h6>\n<h6>The exhibition is hosted at the Department of Pathology and Experimental Cancer Research (also home to the project), which is visited by specialists, cancer researchers, medical students and, from time to time, patients. The opening of the building to the general public is both an attempt to bring information about the disease that seems inaccessible and an opportunity for collective reflection. As it stands, we will all be involved in cancer, nearer or further away. That is why we need a change of attitude, so that we do not immediately identify this disease with death \u2013 and this is an important task not only for science, but also for our society.<\/h6>\n<p>&nbsp;<\/p>\n<h5 class=\"text-norm font-bold font-text-r mb-2\">Exhibited works:\u00a0<\/h5>\n<p><a href=\"https:\/\/semmelweis.hu\/c80\/en\/adam-albert-shapeshifting-entity\/\"><img loading=\"lazy\" decoding=\"async\" class=\"alignnone wp-image-284 size-thumbnail\" src=\"https:\/\/semmelweis.hu\/c80\/files\/2025\/01\/dsc6671_optimized-150x150.jpg\" alt=\"\" width=\"150\" height=\"150\" \/><\/a><a href=\"https:\/\/semmelweis.hu\/c80\/en\/emese-benczur-transparency\/\"><img loading=\"lazy\" decoding=\"async\" class=\"alignnone wp-image-267 size-thumbnail\" src=\"https:\/\/semmelweis.hu\/c80\/files\/2025\/01\/DSC6769-150x150.jpg\" alt=\"\" width=\"150\" height=\"150\" \/><\/a><a href=\"https:\/\/semmelweis.hu\/c80\/en\/daniel-mate\/\"><img loading=\"lazy\" decoding=\"async\" class=\"alignnone wp-image-412 size-thumbnail\" src=\"https:\/\/semmelweis.hu\/c80\/files\/2025\/01\/dsc6826_optimized-150x150.jpg\" alt=\"\" width=\"150\" height=\"150\" \/><\/a><a href=\"https:\/\/semmelweis.hu\/c80\/neogrady-kiss-barnabas\/\">\u00a0<\/a><a href=\"https:\/\/semmelweis.hu\/c80\/en\/barnabas-neogrady-kiss\/\"><img loading=\"lazy\" decoding=\"async\" class=\"alignnone wp-image-313 size-thumbnail\" src=\"https:\/\/semmelweis.hu\/c80\/files\/2025\/01\/dsc6635_optimized-150x150.jpg\" alt=\"\" width=\"150\" height=\"150\" \/><\/a> <a href=\"https:\/\/semmelweis.hu\/c80\/en\/dorottya-poor-i-\u2026-i-have-a-choice\/\"><img loading=\"lazy\" decoding=\"async\" class=\"alignnone wp-image-319 size-thumbnail\" src=\"https:\/\/semmelweis.hu\/c80\/files\/2025\/01\/dsc6749_optimized-150x150.jpg\" alt=\"\" width=\"150\" height=\"150\" \/><\/a><a href=\"https:\/\/semmelweis.hu\/c80\/en\/zsuzsi-simon-sel\u2026ealing-processes\/\"><img loading=\"lazy\" decoding=\"async\" class=\"alignnone wp-image-327 size-thumbnail\" src=\"https:\/\/semmelweis.hu\/c80\/files\/2025\/01\/dsc6719_optimized-150x150.jpg\" alt=\"\" width=\"150\" height=\"150\" \/><\/a><\/p>\n<p>&nbsp;<\/p>\n<p><a href=\"https:\/\/semmelweis.hu\/c80\/files\/2025\/01\/dsc6776_optimized.tif-masolata-scaled.jpg\"><img loading=\"lazy\" decoding=\"async\" class=\"alignnone wp-image-249\" src=\"https:\/\/semmelweis.hu\/c80\/files\/2025\/01\/dsc6776_optimized.tif-masolata-400x267.jpg\" alt=\"\" width=\"350\" height=\"234\" srcset=\"https:\/\/semmelweis.hu\/c80\/files\/2025\/01\/dsc6776_optimized.tif-masolata-400x267.jpg 400w, https:\/\/semmelweis.hu\/c80\/files\/2025\/01\/dsc6776_optimized.tif-masolata-1024x684.jpg 1024w, https:\/\/semmelweis.hu\/c80\/files\/2025\/01\/dsc6776_optimized.tif-masolata-768x513.jpg 768w, https:\/\/semmelweis.hu\/c80\/files\/2025\/01\/dsc6776_optimized.tif-masolata-1536x1025.jpg 1536w, https:\/\/semmelweis.hu\/c80\/files\/2025\/01\/dsc6776_optimized.tif-masolata-2048x1367.jpg 2048w, https:\/\/semmelweis.hu\/c80\/files\/2025\/01\/dsc6776_optimized.tif-masolata-753x503.jpg 753w, https:\/\/semmelweis.hu\/c80\/files\/2025\/01\/dsc6776_optimized.tif-masolata-203x135.jpg 203w\" sizes=\"auto, (max-width: 350px) 100vw, 350px\" \/><\/a><a href=\"https:\/\/semmelweis.hu\/c80\/files\/2025\/01\/dsc6781-retus_optimized.tif-masolata-scaled.jpg\"><img loading=\"lazy\" decoding=\"async\" class=\"alignnone wp-image-250\" src=\"https:\/\/semmelweis.hu\/c80\/files\/2025\/01\/dsc6781-retus_optimized.tif-masolata-400x267.jpg\" alt=\"\" width=\"350\" height=\"234\" srcset=\"https:\/\/semmelweis.hu\/c80\/files\/2025\/01\/dsc6781-retus_optimized.tif-masolata-400x267.jpg 400w, https:\/\/semmelweis.hu\/c80\/files\/2025\/01\/dsc6781-retus_optimized.tif-masolata-1024x683.jpg 1024w, https:\/\/semmelweis.hu\/c80\/files\/2025\/01\/dsc6781-retus_optimized.tif-masolata-768x513.jpg 768w, https:\/\/semmelweis.hu\/c80\/files\/2025\/01\/dsc6781-retus_optimized.tif-masolata-1536x1025.jpg 1536w, https:\/\/semmelweis.hu\/c80\/files\/2025\/01\/dsc6781-retus_optimized.tif-masolata-2048x1367.jpg 2048w, https:\/\/semmelweis.hu\/c80\/files\/2025\/01\/dsc6781-retus_optimized.tif-masolata-753x503.jpg 753w, https:\/\/semmelweis.hu\/c80\/files\/2025\/01\/dsc6781-retus_optimized.tif-masolata-203x135.jpg 203w\" sizes=\"auto, (max-width: 350px) 100vw, 350px\" \/><\/a><a href=\"https:\/\/semmelweis.hu\/c80\/files\/2025\/01\/dsc6790-retus_optimized.tif-masolata-scaled.jpg\"><img loading=\"lazy\" decoding=\"async\" class=\"alignnone wp-image-253\" style=\"font-size: 1rem\" src=\"https:\/\/semmelweis.hu\/c80\/files\/2025\/01\/dsc6790-retus_optimized.tif-masolata-400x267.jpg\" alt=\"\" width=\"350\" height=\"234\" srcset=\"https:\/\/semmelweis.hu\/c80\/files\/2025\/01\/dsc6790-retus_optimized.tif-masolata-400x267.jpg 400w, https:\/\/semmelweis.hu\/c80\/files\/2025\/01\/dsc6790-retus_optimized.tif-masolata-1024x683.jpg 1024w, https:\/\/semmelweis.hu\/c80\/files\/2025\/01\/dsc6790-retus_optimized.tif-masolata-768x513.jpg 768w, https:\/\/semmelweis.hu\/c80\/files\/2025\/01\/dsc6790-retus_optimized.tif-masolata-1536x1025.jpg 1536w, https:\/\/semmelweis.hu\/c80\/files\/2025\/01\/dsc6790-retus_optimized.tif-masolata-2048x1367.jpg 2048w, https:\/\/semmelweis.hu\/c80\/files\/2025\/01\/dsc6790-retus_optimized.tif-masolata-753x503.jpg 753w, https:\/\/semmelweis.hu\/c80\/files\/2025\/01\/dsc6790-retus_optimized.tif-masolata-203x135.jpg 203w\" sizes=\"auto, (max-width: 350px) 100vw, 350px\" \/><\/a><span style=\"font-size: 1rem\">\u00a0<\/span><\/p>\n<p><a href=\"https:\/\/semmelweis.hu\/c80\/files\/2025\/01\/dsc6789-retus_optimized.tif-masolata-scaled.jpg\"><img loading=\"lazy\" decoding=\"async\" class=\"alignnone wp-image-252\" src=\"https:\/\/semmelweis.hu\/c80\/files\/2025\/01\/dsc6789-retus_optimized.tif-masolata-400x267.jpg\" alt=\"\" width=\"350\" height=\"234\" srcset=\"https:\/\/semmelweis.hu\/c80\/files\/2025\/01\/dsc6789-retus_optimized.tif-masolata-400x267.jpg 400w, https:\/\/semmelweis.hu\/c80\/files\/2025\/01\/dsc6789-retus_optimized.tif-masolata-1024x683.jpg 1024w, https:\/\/semmelweis.hu\/c80\/files\/2025\/01\/dsc6789-retus_optimized.tif-masolata-768x513.jpg 768w, https:\/\/semmelweis.hu\/c80\/files\/2025\/01\/dsc6789-retus_optimized.tif-masolata-1536x1025.jpg 1536w, https:\/\/semmelweis.hu\/c80\/files\/2025\/01\/dsc6789-retus_optimized.tif-masolata-2048x1367.jpg 2048w, https:\/\/semmelweis.hu\/c80\/files\/2025\/01\/dsc6789-retus_optimized.tif-masolata-753x503.jpg 753w, https:\/\/semmelweis.hu\/c80\/files\/2025\/01\/dsc6789-retus_optimized.tif-masolata-203x135.jpg 203w\" sizes=\"auto, (max-width: 350px) 100vw, 350px\" \/><\/a><a href=\"https:\/\/semmelweis.hu\/c80\/files\/2025\/01\/dsc6745-retus_optimized-scaled.jpg\"><img loading=\"lazy\" decoding=\"async\" class=\"alignnone wp-image-250\" src=\"https:\/\/semmelweis.hu\/c80\/files\/2025\/01\/dsc6781-retus_optimized.tif-masolata-400x267.jpg\" alt=\"\" width=\"350\" height=\"234\" srcset=\"https:\/\/semmelweis.hu\/c80\/files\/2025\/01\/dsc6781-retus_optimized.tif-masolata-400x267.jpg 400w, https:\/\/semmelweis.hu\/c80\/files\/2025\/01\/dsc6781-retus_optimized.tif-masolata-1024x683.jpg 1024w, https:\/\/semmelweis.hu\/c80\/files\/2025\/01\/dsc6781-retus_optimized.tif-masolata-768x513.jpg 768w, https:\/\/semmelweis.hu\/c80\/files\/2025\/01\/dsc6781-retus_optimized.tif-masolata-1536x1025.jpg 1536w, https:\/\/semmelweis.hu\/c80\/files\/2025\/01\/dsc6781-retus_optimized.tif-masolata-2048x1367.jpg 2048w, https:\/\/semmelweis.hu\/c80\/files\/2025\/01\/dsc6781-retus_optimized.tif-masolata-753x503.jpg 753w, https:\/\/semmelweis.hu\/c80\/files\/2025\/01\/dsc6781-retus_optimized.tif-masolata-203x135.jpg 203w\" sizes=\"auto, (max-width: 350px) 100vw, 350px\" \/><img loading=\"lazy\" decoding=\"async\" class=\"alignnone wp-image-257\" src=\"https:\/\/semmelweis.hu\/c80\/files\/2025\/01\/dsc6745-retus_optimized-400x267.jpg\" alt=\"\" width=\"350\" height=\"234\" srcset=\"https:\/\/semmelweis.hu\/c80\/files\/2025\/01\/dsc6745-retus_optimized-400x267.jpg 400w, https:\/\/semmelweis.hu\/c80\/files\/2025\/01\/dsc6745-retus_optimized-1024x683.jpg 1024w, https:\/\/semmelweis.hu\/c80\/files\/2025\/01\/dsc6745-retus_optimized-768x513.jpg 768w, https:\/\/semmelweis.hu\/c80\/files\/2025\/01\/dsc6745-retus_optimized-1536x1025.jpg 1536w, https:\/\/semmelweis.hu\/c80\/files\/2025\/01\/dsc6745-retus_optimized-2048x1367.jpg 2048w, https:\/\/semmelweis.hu\/c80\/files\/2025\/01\/dsc6745-retus_optimized-753x503.jpg 753w, https:\/\/semmelweis.hu\/c80\/files\/2025\/01\/dsc6745-retus_optimized-203x135.jpg 203w\" sizes=\"auto, (max-width: 350px) 100vw, 350px\" \/><\/a> \u00a0<\/p>\n<p>\u00a0 \u00a0 \u00a0 \u00a0<a href=\"https:\/\/semmelweis.hu\/c80\/files\/2025\/01\/dsc6798_optimized-scaled.jpg\"><img loading=\"lazy\" decoding=\"async\" class=\"alignnone wp-image-254\" src=\"https:\/\/semmelweis.hu\/c80\/files\/2025\/01\/dsc6798_optimized-267x400.jpg\" alt=\"\" width=\"234\" height=\"350\" srcset=\"https:\/\/semmelweis.hu\/c80\/files\/2025\/01\/dsc6798_optimized-267x400.jpg 267w, https:\/\/semmelweis.hu\/c80\/files\/2025\/01\/dsc6798_optimized-683x1024.jpg 683w, https:\/\/semmelweis.hu\/c80\/files\/2025\/01\/dsc6798_optimized-768x1151.jpg 768w, https:\/\/semmelweis.hu\/c80\/files\/2025\/01\/dsc6798_optimized-1025x1536.jpg 1025w, https:\/\/semmelweis.hu\/c80\/files\/2025\/01\/dsc6798_optimized-1367x2048.jpg 1367w, https:\/\/semmelweis.hu\/c80\/files\/2025\/01\/dsc6798_optimized-753x1128.jpg 753w, https:\/\/semmelweis.hu\/c80\/files\/2025\/01\/dsc6798_optimized-scaled.jpg 1708w\" sizes=\"auto, (max-width: 234px) 100vw, 234px\" \/><\/a> <a href=\"https:\/\/semmelweis.hu\/c80\/files\/2025\/01\/dsc6806_optimized.tif-masolata-scaled.jpg\"><img loading=\"lazy\" decoding=\"async\" class=\"alignnone wp-image-255\" src=\"https:\/\/semmelweis.hu\/c80\/files\/2025\/01\/dsc6806_optimized.tif-masolata-267x400.jpg\" alt=\"\" width=\"234\" height=\"350\" srcset=\"https:\/\/semmelweis.hu\/c80\/files\/2025\/01\/dsc6806_optimized.tif-masolata-267x400.jpg 267w, https:\/\/semmelweis.hu\/c80\/files\/2025\/01\/dsc6806_optimized.tif-masolata-684x1024.jpg 684w, https:\/\/semmelweis.hu\/c80\/files\/2025\/01\/dsc6806_optimized.tif-masolata-768x1151.jpg 768w, https:\/\/semmelweis.hu\/c80\/files\/2025\/01\/dsc6806_optimized.tif-masolata-1025x1536.jpg 1025w, https:\/\/semmelweis.hu\/c80\/files\/2025\/01\/dsc6806_optimized.tif-masolata-1367x2048.jpg 1367w, https:\/\/semmelweis.hu\/c80\/files\/2025\/01\/dsc6806_optimized.tif-masolata-753x1128.jpg 753w, https:\/\/semmelweis.hu\/c80\/files\/2025\/01\/dsc6806_optimized.tif-masolata-scaled.jpg 1709w\" sizes=\"auto, (max-width: 234px) 100vw, 234px\" \/><\/a> <a href=\"https:\/\/semmelweis.hu\/c80\/files\/2025\/01\/dsc6852-masolat_optimized-scaled.jpg\"><img loading=\"lazy\" decoding=\"async\" class=\"alignnone wp-image-256\" src=\"https:\/\/semmelweis.hu\/c80\/files\/2025\/01\/dsc6839_optimized.tif-masolata-267x400.jpg\" alt=\"\" width=\"234\" height=\"350\" srcset=\"https:\/\/semmelweis.hu\/c80\/files\/2025\/01\/dsc6839_optimized.tif-masolata-267x400.jpg 267w, https:\/\/semmelweis.hu\/c80\/files\/2025\/01\/dsc6839_optimized.tif-masolata-684x1024.jpg 684w, https:\/\/semmelweis.hu\/c80\/files\/2025\/01\/dsc6839_optimized.tif-masolata-768x1151.jpg 768w, https:\/\/semmelweis.hu\/c80\/files\/2025\/01\/dsc6839_optimized.tif-masolata-1025x1536.jpg 1025w, https:\/\/semmelweis.hu\/c80\/files\/2025\/01\/dsc6839_optimized.tif-masolata-1367x2048.jpg 1367w, https:\/\/semmelweis.hu\/c80\/files\/2025\/01\/dsc6839_optimized.tif-masolata-753x1128.jpg 753w, https:\/\/semmelweis.hu\/c80\/files\/2025\/01\/dsc6839_optimized.tif-masolata-scaled.jpg 1709w\" sizes=\"auto, (max-width: 234px) 100vw, 234px\" \/><img loading=\"lazy\" decoding=\"async\" class=\"alignnone wp-image-402\" src=\"https:\/\/semmelweis.hu\/c80\/files\/2025\/01\/dsc6852-masolat_optimized-scaled.jpg\" alt=\"\" width=\"234\" height=\"350\" srcset=\"https:\/\/semmelweis.hu\/c80\/files\/2025\/01\/dsc6852-masolat_optimized-scaled.jpg 1708w, https:\/\/semmelweis.hu\/c80\/files\/2025\/01\/dsc6852-masolat_optimized-267x400.jpg 267w, https:\/\/semmelweis.hu\/c80\/files\/2025\/01\/dsc6852-masolat_optimized-683x1024.jpg 683w, https:\/\/semmelweis.hu\/c80\/files\/2025\/01\/dsc6852-masolat_optimized-768x1151.jpg 768w, https:\/\/semmelweis.hu\/c80\/files\/2025\/01\/dsc6852-masolat_optimized-1025x1536.jpg 1025w, https:\/\/semmelweis.hu\/c80\/files\/2025\/01\/dsc6852-masolat_optimized-1367x2048.jpg 1367w, https:\/\/semmelweis.hu\/c80\/files\/2025\/01\/dsc6852-masolat_optimized-753x1128.jpg 753w\" sizes=\"auto, (max-width: 234px) 100vw, 234px\" \/><\/a><\/p>\n<p>&nbsp;<\/p>\n<h6><strong>Curators:<\/strong> Dalma Eszter Koll\u00e1r, Krist\u00f3f Kov\u00e1cs (Gergely Sajnos)<\/h6>\n<h6><strong>Project leader:<\/strong> Rich\u00e1rd Kiss, MD, PhD<\/h6>\n<h6><strong>Graphic design:<\/strong> Fl\u00f3ra P\u00e1lhegyi<\/h6>\n<h6><strong>Exhibition interior and artwork photos:<\/strong> Benedek Reg\u0151s<\/h6>\n<h6><strong>Photos of the exhibition opening and workshops:<\/strong> Bal\u00e1zs Krist\u00f3f<\/h6>\n<p>&nbsp;<\/p>\n<p><strong>Were accompanying events:\u00a0<\/strong><\/p>\n<p>27 April (Saturday) 4 pm &#8211; Guided tour with the artists and curators (in Hungarian)<\/p>\n<p>8 May (Wednesday) 5 pm &#8211; Guided tour with the curators (in Hungarian)<\/p>\n<p>16 May (Thursday) 5 pm &#8211; Guided tour with the artists and curators (in Hungarian)<\/p>\n<p>28 May (Tuesday) 5 pm &#8211; Cancer drawing workshop with Dorottya Po\u00f3r\u00a0<\/p>\n<p>31 May (Friday) 5 pm &#8211; Finissage<\/p>\n<p>20 September (Friday) 6pm &#8211; ISBN+ &#8211; Presentation of a bilingual publication documenting the project and the exhibition<\/p>\n","protected":false},"excerpt":{"rendered":"<p>\u00a0 Venue: Semmelweis University \u2013 Department of Pathology and Experimental Cancer Research (1085 Budapest, \u00dcll\u0151i \u00fat 26.) The exhibition was open from 6 April to 31 May 2024. \u00a0 Exhibiting artists: \u00c1d\u00e1m Albert, Emese Bencz\u00far, D\u00e1niel M\u00e1t\u00e9, Barnab\u00e1s Neogr\u00e1dy-Kiss, Dorottya Po\u00f3r, Zsuzsi Simon \u00a0 The primary means of reducing misconceptions and fears around cancer is &hellip;<\/p>\n","protected":false},"author":102325,"featured_media":0,"parent":0,"menu_order":0,"comment_status":"closed","ping_status":"closed","template":"","meta":{"_acf_changed":false,"footnotes":""},"categories":[],"tags":[],"class_list":["post-199","page","type-page","status-publish","hentry"],"acf":[],"_links":{"self":[{"href":"https:\/\/semmelweis.hu\/c80\/wp-json\/wp\/v2\/pages\/199","targetHints":{"allow":["GET"]}}],"collection":[{"href":"https:\/\/semmelweis.hu\/c80\/wp-json\/wp\/v2\/pages"}],"about":[{"href":"https:\/\/semmelweis.hu\/c80\/wp-json\/wp\/v2\/types\/page"}],"author":[{"embeddable":true,"href":"https:\/\/semmelweis.hu\/c80\/wp-json\/wp\/v2\/users\/102325"}],"replies":[{"embeddable":true,"href":"https:\/\/semmelweis.hu\/c80\/wp-json\/wp\/v2\/comments?post=199"}],"version-history":[{"count":10,"href":"https:\/\/semmelweis.hu\/c80\/wp-json\/wp\/v2\/pages\/199\/revisions"}],"predecessor-version":[{"id":414,"href":"https:\/\/semmelweis.hu\/c80\/wp-json\/wp\/v2\/pages\/199\/revisions\/414"}],"wp:attachment":[{"href":"https:\/\/semmelweis.hu\/c80\/wp-json\/wp\/v2\/media?parent=199"}],"wp:term":[{"taxonomy":"category","embeddable":true,"href":"https:\/\/semmelweis.hu\/c80\/wp-json\/wp\/v2\/categories?post=199"},{"taxonomy":"post_tag","embeddable":true,"href":"https:\/\/semmelweis.hu\/c80\/wp-json\/wp\/v2\/tags?post=199"}],"curies":[{"name":"wp","href":"https:\/\/api.w.org\/{rel}","templated":true}]}}