{"id":192,"date":"2024-03-28T18:03:13","date_gmt":"2024-03-28T17:03:13","guid":{"rendered":"https:\/\/semmelweis.hu\/c80\/?page_id=192"},"modified":"2025-01-23T21:18:36","modified_gmt":"2025-01-23T20:18:36","slug":"kiallitas","status":"publish","type":"page","link":"https:\/\/semmelweis.hu\/c80\/kiallitas\/","title":{"rendered":"Ki\u00e1ll\u00edt\u00e1s"},"content":{"rendered":"<div><img loading=\"lazy\" decoding=\"async\" class=\"alignleft wp-image-244 size-full\" src=\"https:\/\/semmelweis.hu\/c80\/files\/2025\/01\/a7404290_optimized.jpg-masolata-scaled.jpg\" alt=\"\" width=\"2560\" height=\"1707\" srcset=\"https:\/\/semmelweis.hu\/c80\/files\/2025\/01\/a7404290_optimized.jpg-masolata-scaled.jpg 2560w, https:\/\/semmelweis.hu\/c80\/files\/2025\/01\/a7404290_optimized.jpg-masolata-400x267.jpg 400w, https:\/\/semmelweis.hu\/c80\/files\/2025\/01\/a7404290_optimized.jpg-masolata-1024x683.jpg 1024w, https:\/\/semmelweis.hu\/c80\/files\/2025\/01\/a7404290_optimized.jpg-masolata-768x512.jpg 768w, https:\/\/semmelweis.hu\/c80\/files\/2025\/01\/a7404290_optimized.jpg-masolata-1536x1024.jpg 1536w, https:\/\/semmelweis.hu\/c80\/files\/2025\/01\/a7404290_optimized.jpg-masolata-2048x1365.jpg 2048w, https:\/\/semmelweis.hu\/c80\/files\/2025\/01\/a7404290_optimized.jpg-masolata-753x502.jpg 753w, https:\/\/semmelweis.hu\/c80\/files\/2025\/01\/a7404290_optimized.jpg-masolata-203x135.jpg 203w\" sizes=\"auto, (max-width: 2560px) 100vw, 2560px\" \/><\/div>\n<div>\u00a0<\/div>\n<div class=\"x11i5rnm xat24cr x1mh8g0r x1vvkbs xtlvy1s\"><strong style=\"color: #313b40;font-family: Montserrat, sans-serif;font-size: 12pt\"><span style=\"font-size: 12pt\">Helysz\u00edn<\/span>:\u00a0<\/strong><\/div>\n<div class=\"x11i5rnm xat24cr x1mh8g0r x1vvkbs xtlvy1s\">\n<h6><span style=\"font-size: 15pt\">Semmelweis Egyetem \u2013 Patol\u00f3giai \u00e9s K\u00eds\u00e9rleti R\u00e1kkutat\u00f3 Int\u00e9zet <br \/>\n<\/span><span style=\"font-size: 13pt\">(1085 Budapest, \u00dcll\u0151i \u00fat 26.)<\/span><\/h6>\n<\/div>\n<h6 class=\"x11i5rnm xat24cr x1mh8g0r x1vvkbs xtlvy1s\"><span style=\"font-size: 12pt\">A ki\u00e1ll\u00edt\u00e1s <strong>2024. \u00e1prilis 6. \u00e9s m\u00e1jus 31. <\/strong>k\u00f6z\u00f6tt volt <\/span><span style=\"font-size: 12pt\">megtekinthet\u0151.<\/span><\/h6>\n<h6 class=\"x11i5rnm xat24cr x1mh8g0r x1vvkbs xtlvy1s\">\u00a0<\/h6>\n<div class=\"x11i5rnm xat24cr x1mh8g0r x1vvkbs xtlvy1s\">\n<h6><span style=\"font-size: 12pt\"><strong>Ki\u00e1ll\u00edt\u00f3 m\u0171v\u00e9szek:<\/strong> <\/span><br \/>\n<span style=\"font-size: 15pt\">Albert \u00c1d\u00e1m, Bencz\u00far Emese, M\u00e1t\u00e9 D\u00e1niel, Neogr\u00e1dy-Kiss Barnab\u00e1s, Po\u00f3r Dorottya, Simon Zsuzsi<\/span><\/h6>\n<\/div>\n<div>\u00a0<\/div>\n<h6 class=\"x11i5rnm xat24cr x1mh8g0r x1vvkbs xtlvy1s\">A r\u00e1k k\u00f6r\u00fcli t\u00e9veszm\u00e9k \u00e9s f\u00e9lelmek cs\u00f6kkent\u00e9se els\u0151sorban p\u00e1rbesz\u00e9den kereszt\u00fcl lehets\u00e9ges. Hogy ny\u00edltabban tudjunk besz\u00e9lni a t\u00e9m\u00e1r\u00f3l, a m\u0171v\u00e9szetet h\u00edvjuk seg\u00edts\u00e9g\u00fcl. Abban b\u00edzunk, hogy a kort\u00e1rs k\u00e9pz\u0151m\u0171v\u00e9szet k\u00e9pes bevonni egy m\u00e1sfajta megk\u00f6zel\u00edt\u00e9st, amellyel k\u00f6nnyebben indulunk el a r\u00e1kot \u00f6vez\u0151 tabuk led\u00f6nt\u00e9s\u00e9hez vezet\u0151 \u00faton.<\/h6>\n<h6 class=\"x11i5rnm xat24cr x1mh8g0r x1vvkbs xtlvy1s\">A C80 projekt sor\u00e1n a ki\u00e1ll\u00edt\u00f3 m\u0171v\u00e9szek \u00e9s a kur\u00e1torok workshopok, el\u0151ad\u00e1sok, illetve besz\u00e9lget\u00e9sek ment\u00e9n ismerkedtek meg a daganatos megbeteged\u00e9sek diagnosztik\u00e1j\u00e1val, t\u00edpusaival, kezel\u00e9si m\u00f3djaival, pszich\u00e9s velej\u00e1r\u00f3ival. A t\u00f6bb, mint f\u00e9l \u00e9ves folyamatban onkol\u00f3gusok, patol\u00f3gusok, orvostanhallgat\u00f3k, pszichol\u00f3gusok \u00e9s r\u00e1kt\u00fal\u00e9l\u0151k is r\u00e9szt vettek, az egy\u00fcttm\u0171k\u00f6d\u00e9s eredm\u00e9nyek\u00e9ppen j\u00f6ttek l\u00e9tre a ki\u00e1ll\u00edtott helyspecifikus m\u0171vek. Az alkot\u00f3k a foglalkoz\u00e1sok folyam\u00e1n, illetve az azokat k\u00f6vet\u0151 id\u0151szakban l\u00e9trehozott m\u0171t\u00e1rgyai \u00faj perspekt\u00edv\u00e1t k\u00edv\u00e1nnak nyitni a r\u00e1kr\u00f3l val\u00f3 gondolkod\u00e1sban. Teszik ezt \u00fagy, hogy mindannyian a daganatok k\u00fcl\u00f6nb\u00f6z\u0151 aspektusaira f\u00f3kusz\u00e1lnak: a megb\u00e9lyegzetts\u00e9gt\u0151l \u00e9s a megv\u00e1ltozott \u00f6nk\u00e9pt\u0151l a t\u00e9vhiteken \u00e9s a r\u00e1k sci-fibe ill\u0151 val\u00f3s tulajdons\u00e1gain \u00e1t a komplex diagnosztikai folyamatig, annak \u00e1tl\u00e1thatatlans\u00e1g\u00e1ig \u00e9s a betegs\u00e9g alatt \u00e1t\u00e9lt intim, emberi pillanatokig.<\/h6>\n<h6 class=\"x11i5rnm xat24cr x1mh8g0r x1vvkbs xtlvy1s\">A daganatos megbeteged\u00e9sek eset\u00e9ben elker\u00fclhetetlen, hogy a fizikai t\u00fcnetek mellett fel\u00fcsse a fej\u00e9t a betegs\u00e9gtudat \u00e9s a megb\u00e9lyegzetts\u00e9g, ak\u00e1r a beteg, ak\u00e1r k\u00f6rnyezete r\u00e9sz\u00e9r\u0151l. Ut\u00f3bbi k\u00f6r\u00fclm\u00e9ny, a megb\u00e9lyegzetts\u00e9g az egyik t\u00e1rgya Susan Sontag A betegs\u00e9g mint metafora c\u00edm\u0171 sz\u00f6veg\u00e9nek is, amelyben (f\u0151k\u00e9nt irodalmi p\u00e9ld\u00e1kra t\u00e1maszkodva) jelenti ki: \u201eelk\u00e9pzelhetetlennek t\u0171nik, hogy e betegs\u00e9g eszt\u00e9tikuss\u00e1 v\u00e1lj\u00e9k.\u201d Erre utal a ki\u00e1ll\u00edt\u00e1s \u00e9s a projekt alc\u00edme is, m\u00edg a C80 egy BNO (Betegs\u00e9gek Nemzetk\u00f6zi Oszt\u00e1lyoz\u00e1sa) k\u00f3d, amely a lokaliz\u00e1ci\u00f3 meghat\u00e1roz\u00e1sa n\u00e9lk\u00fcli rosszindulat\u00fa daganatokat takarja. Az \u00f6nmag\u00e1ban ritk\u00e1n haszn\u00e1lt k\u00f3d kifejezi a r\u00e1k jelenl\u00e9t\u00e9t, de teret enged annak is, hogy b\u00e1rmelyik t\u00edpus\u00e1val \u00e9s b\u00e1rmilyen m\u00f3don foglalkozhassunk vele, az alc\u00edmben megfogalmazott k\u00e9rd\u00e9s pedig a k\u00f3rr\u00f3l val\u00f3 \u00e1ltal\u00e1nos gondolkod\u00e1sunk fel\u00fcl\u00edr\u00e1s\u00e1ra invit\u00e1l.<\/h6>\n<h6 class=\"x11i5rnm xat24cr x1mh8g0r x1vvkbs xtlvy1s\">A ki\u00e1ll\u00edt\u00e1s helysz\u00edne a (projektnek is otthont ad\u00f3) Patol\u00f3giai \u00e9s K\u00eds\u00e9rleti R\u00e1kkutat\u00f3 Int\u00e9zet, ahol egyar\u00e1nt megfordulnak szakorvosok, r\u00e1kkutat\u00f3k, orvostanhallgat\u00f3k, \u00e9s id\u0151r\u0151l id\u0151re betegek is. Az \u00e9p\u00fclet megnyit\u00e1sa a nagyk\u00f6z\u00f6ns\u00e9g sz\u00e1m\u00e1ra egyr\u00e9szt a betegs\u00e9g k\u00f6r\u00fcli, el\u00e9rhetetlennek t\u0171n\u0151 inform\u00e1ci\u00f3kat igyekszik k\u00f6zelebb hozni, egy\u00fattal nyit\u00e1s a k\u00f6z\u00f6s gondolkod\u00e1sra is. Jelen \u00e1ll\u00e1s szerint ugyanis k\u00f6zelebbr\u0151l vagy t\u00e1volabbr\u00f3l, de mindannyian \u00e9rintettek lesz\u00fcnk a r\u00e1kos megbeteged\u00e9sekben. \u00c9ppen ez\u00e9rt sz\u00fcks\u00e9g\u00fcnk van szeml\u00e9letv\u00e1lt\u00e1sra, hogy ne r\u00f6gt\u00f6n a hal\u00e1llal azonos\u00edtsuk ezt a betegs\u00e9get \u2013 ez pedig nem csak a tudom\u00e1ny, de a t\u00e1rsadalom fontos feladata is.<\/h6>\n<p>&nbsp;<\/p>\n<h6 class=\"text-norm font-bold font-text-r mb-2\"><strong>Ki\u00e1ll\u00edtott m\u0171vek:<\/strong><\/h6>\n<p><a href=\"https:\/\/semmelweis.hu\/c80\/albert-adam-alakvalto-entitas\/\"><img loading=\"lazy\" decoding=\"async\" class=\"alignnone wp-image-284 size-thumbnail\" src=\"https:\/\/semmelweis.hu\/c80\/files\/2025\/01\/dsc6671_optimized-150x150.jpg\" alt=\"\" width=\"150\" height=\"150\" \/><\/a><a href=\"https:\/\/semmelweis.hu\/c80\/benczur-emese-transparency\/\"><img loading=\"lazy\" decoding=\"async\" class=\"alignnone wp-image-267 size-thumbnail\" src=\"https:\/\/semmelweis.hu\/c80\/files\/2025\/01\/DSC6769-150x150.jpg\" alt=\"\" width=\"150\" height=\"150\" \/><\/a><a href=\"https:\/\/semmelweis.hu\/c80\/mate-daniel\/\"><img loading=\"lazy\" decoding=\"async\" class=\"alignnone wp-image-412 size-thumbnail\" src=\"https:\/\/semmelweis.hu\/c80\/files\/2025\/01\/dsc6826_optimized-150x150.jpg\" alt=\"\" width=\"150\" height=\"150\" \/><\/a><a href=\"https:\/\/semmelweis.hu\/c80\/neogrady-kiss-barnabas\/\"><img loading=\"lazy\" decoding=\"async\" class=\"alignnone size-thumbnail wp-image-313\" src=\"https:\/\/semmelweis.hu\/c80\/files\/2025\/01\/dsc6635_optimized-150x150.jpg\" alt=\"\" width=\"150\" height=\"150\" \/>\u00a0<\/a><a href=\"https:\/\/semmelweis.hu\/c80\/poor-dorottya-ni\u2026-mas-valasztasom\/\"><img loading=\"lazy\" decoding=\"async\" class=\"alignnone size-thumbnail wp-image-319\" src=\"https:\/\/semmelweis.hu\/c80\/files\/2025\/01\/dsc6749_optimized-150x150.jpg\" alt=\"\" width=\"150\" height=\"150\" \/> <\/a><a href=\"https:\/\/semmelweis.hu\/c80\/simon-zsuzsi-ongyogyito-folyamatok\/\"><img loading=\"lazy\" decoding=\"async\" class=\"alignnone size-thumbnail wp-image-327\" src=\"https:\/\/semmelweis.hu\/c80\/files\/2025\/01\/dsc6719_optimized-150x150.jpg\" alt=\"\" width=\"150\" height=\"150\" \/><\/a><\/p>\n<p>&nbsp;<\/p>\n<p><a href=\"https:\/\/semmelweis.hu\/c80\/files\/2025\/01\/dsc6776_optimized.tif-masolata-scaled.jpg\"><img loading=\"lazy\" decoding=\"async\" class=\"alignnone wp-image-249\" src=\"https:\/\/semmelweis.hu\/c80\/files\/2025\/01\/dsc6776_optimized.tif-masolata-400x267.jpg\" alt=\"\" width=\"350\" height=\"234\" srcset=\"https:\/\/semmelweis.hu\/c80\/files\/2025\/01\/dsc6776_optimized.tif-masolata-400x267.jpg 400w, https:\/\/semmelweis.hu\/c80\/files\/2025\/01\/dsc6776_optimized.tif-masolata-1024x684.jpg 1024w, https:\/\/semmelweis.hu\/c80\/files\/2025\/01\/dsc6776_optimized.tif-masolata-768x513.jpg 768w, https:\/\/semmelweis.hu\/c80\/files\/2025\/01\/dsc6776_optimized.tif-masolata-1536x1025.jpg 1536w, https:\/\/semmelweis.hu\/c80\/files\/2025\/01\/dsc6776_optimized.tif-masolata-2048x1367.jpg 2048w, https:\/\/semmelweis.hu\/c80\/files\/2025\/01\/dsc6776_optimized.tif-masolata-753x503.jpg 753w, https:\/\/semmelweis.hu\/c80\/files\/2025\/01\/dsc6776_optimized.tif-masolata-203x135.jpg 203w\" sizes=\"auto, (max-width: 350px) 100vw, 350px\" \/><\/a><a href=\"https:\/\/semmelweis.hu\/c80\/files\/2025\/01\/dsc6781-retus_optimized.tif-masolata-scaled.jpg\"><img loading=\"lazy\" decoding=\"async\" class=\"alignnone wp-image-250\" src=\"https:\/\/semmelweis.hu\/c80\/files\/2025\/01\/dsc6781-retus_optimized.tif-masolata-400x267.jpg\" alt=\"\" width=\"350\" height=\"234\" srcset=\"https:\/\/semmelweis.hu\/c80\/files\/2025\/01\/dsc6781-retus_optimized.tif-masolata-400x267.jpg 400w, https:\/\/semmelweis.hu\/c80\/files\/2025\/01\/dsc6781-retus_optimized.tif-masolata-1024x683.jpg 1024w, https:\/\/semmelweis.hu\/c80\/files\/2025\/01\/dsc6781-retus_optimized.tif-masolata-768x513.jpg 768w, https:\/\/semmelweis.hu\/c80\/files\/2025\/01\/dsc6781-retus_optimized.tif-masolata-1536x1025.jpg 1536w, https:\/\/semmelweis.hu\/c80\/files\/2025\/01\/dsc6781-retus_optimized.tif-masolata-2048x1367.jpg 2048w, https:\/\/semmelweis.hu\/c80\/files\/2025\/01\/dsc6781-retus_optimized.tif-masolata-753x503.jpg 753w, https:\/\/semmelweis.hu\/c80\/files\/2025\/01\/dsc6781-retus_optimized.tif-masolata-203x135.jpg 203w\" sizes=\"auto, (max-width: 350px) 100vw, 350px\" \/><\/a><a href=\"https:\/\/semmelweis.hu\/c80\/files\/2025\/01\/dsc6790-retus_optimized.tif-masolata-scaled.jpg\"><img loading=\"lazy\" decoding=\"async\" class=\"alignnone wp-image-253\" style=\"font-size: 1rem\" src=\"https:\/\/semmelweis.hu\/c80\/files\/2025\/01\/dsc6790-retus_optimized.tif-masolata-400x267.jpg\" alt=\"\" width=\"350\" height=\"234\" srcset=\"https:\/\/semmelweis.hu\/c80\/files\/2025\/01\/dsc6790-retus_optimized.tif-masolata-400x267.jpg 400w, https:\/\/semmelweis.hu\/c80\/files\/2025\/01\/dsc6790-retus_optimized.tif-masolata-1024x683.jpg 1024w, https:\/\/semmelweis.hu\/c80\/files\/2025\/01\/dsc6790-retus_optimized.tif-masolata-768x513.jpg 768w, https:\/\/semmelweis.hu\/c80\/files\/2025\/01\/dsc6790-retus_optimized.tif-masolata-1536x1025.jpg 1536w, https:\/\/semmelweis.hu\/c80\/files\/2025\/01\/dsc6790-retus_optimized.tif-masolata-2048x1367.jpg 2048w, https:\/\/semmelweis.hu\/c80\/files\/2025\/01\/dsc6790-retus_optimized.tif-masolata-753x503.jpg 753w, https:\/\/semmelweis.hu\/c80\/files\/2025\/01\/dsc6790-retus_optimized.tif-masolata-203x135.jpg 203w\" sizes=\"auto, (max-width: 350px) 100vw, 350px\" \/><\/a><span style=\"font-size: 1rem\">\u00a0<\/span><\/p>\n<p><a href=\"https:\/\/semmelweis.hu\/c80\/files\/2025\/01\/dsc6789-retus_optimized.tif-masolata-scaled.jpg\"><img loading=\"lazy\" decoding=\"async\" class=\"alignnone wp-image-252\" src=\"https:\/\/semmelweis.hu\/c80\/files\/2025\/01\/dsc6789-retus_optimized.tif-masolata-400x267.jpg\" alt=\"\" width=\"350\" height=\"234\" srcset=\"https:\/\/semmelweis.hu\/c80\/files\/2025\/01\/dsc6789-retus_optimized.tif-masolata-400x267.jpg 400w, https:\/\/semmelweis.hu\/c80\/files\/2025\/01\/dsc6789-retus_optimized.tif-masolata-1024x683.jpg 1024w, https:\/\/semmelweis.hu\/c80\/files\/2025\/01\/dsc6789-retus_optimized.tif-masolata-768x513.jpg 768w, https:\/\/semmelweis.hu\/c80\/files\/2025\/01\/dsc6789-retus_optimized.tif-masolata-1536x1025.jpg 1536w, https:\/\/semmelweis.hu\/c80\/files\/2025\/01\/dsc6789-retus_optimized.tif-masolata-2048x1367.jpg 2048w, https:\/\/semmelweis.hu\/c80\/files\/2025\/01\/dsc6789-retus_optimized.tif-masolata-753x503.jpg 753w, https:\/\/semmelweis.hu\/c80\/files\/2025\/01\/dsc6789-retus_optimized.tif-masolata-203x135.jpg 203w\" sizes=\"auto, (max-width: 350px) 100vw, 350px\" \/><\/a><a href=\"https:\/\/semmelweis.hu\/c80\/files\/2025\/01\/dsc6745-retus_optimized-scaled.jpg\"><img loading=\"lazy\" decoding=\"async\" class=\"alignnone wp-image-250\" src=\"https:\/\/semmelweis.hu\/c80\/files\/2025\/01\/dsc6781-retus_optimized.tif-masolata-400x267.jpg\" alt=\"\" width=\"350\" height=\"234\" srcset=\"https:\/\/semmelweis.hu\/c80\/files\/2025\/01\/dsc6781-retus_optimized.tif-masolata-400x267.jpg 400w, https:\/\/semmelweis.hu\/c80\/files\/2025\/01\/dsc6781-retus_optimized.tif-masolata-1024x683.jpg 1024w, https:\/\/semmelweis.hu\/c80\/files\/2025\/01\/dsc6781-retus_optimized.tif-masolata-768x513.jpg 768w, https:\/\/semmelweis.hu\/c80\/files\/2025\/01\/dsc6781-retus_optimized.tif-masolata-1536x1025.jpg 1536w, https:\/\/semmelweis.hu\/c80\/files\/2025\/01\/dsc6781-retus_optimized.tif-masolata-2048x1367.jpg 2048w, https:\/\/semmelweis.hu\/c80\/files\/2025\/01\/dsc6781-retus_optimized.tif-masolata-753x503.jpg 753w, https:\/\/semmelweis.hu\/c80\/files\/2025\/01\/dsc6781-retus_optimized.tif-masolata-203x135.jpg 203w\" sizes=\"auto, (max-width: 350px) 100vw, 350px\" \/><img loading=\"lazy\" decoding=\"async\" class=\"alignnone wp-image-257\" src=\"https:\/\/semmelweis.hu\/c80\/files\/2025\/01\/dsc6745-retus_optimized-400x267.jpg\" alt=\"\" width=\"350\" height=\"234\" srcset=\"https:\/\/semmelweis.hu\/c80\/files\/2025\/01\/dsc6745-retus_optimized-400x267.jpg 400w, https:\/\/semmelweis.hu\/c80\/files\/2025\/01\/dsc6745-retus_optimized-1024x683.jpg 1024w, https:\/\/semmelweis.hu\/c80\/files\/2025\/01\/dsc6745-retus_optimized-768x513.jpg 768w, https:\/\/semmelweis.hu\/c80\/files\/2025\/01\/dsc6745-retus_optimized-1536x1025.jpg 1536w, https:\/\/semmelweis.hu\/c80\/files\/2025\/01\/dsc6745-retus_optimized-2048x1367.jpg 2048w, https:\/\/semmelweis.hu\/c80\/files\/2025\/01\/dsc6745-retus_optimized-753x503.jpg 753w, https:\/\/semmelweis.hu\/c80\/files\/2025\/01\/dsc6745-retus_optimized-203x135.jpg 203w\" sizes=\"auto, (max-width: 350px) 100vw, 350px\" \/><\/a> \u00a0<\/p>\n<p>\u00a0 \u00a0 \u00a0 \u00a0 <a href=\"https:\/\/semmelweis.hu\/c80\/files\/2025\/01\/dsc6798_optimized-scaled.jpg\"><img loading=\"lazy\" decoding=\"async\" class=\"alignnone wp-image-254\" src=\"https:\/\/semmelweis.hu\/c80\/files\/2025\/01\/dsc6798_optimized-267x400.jpg\" alt=\"\" width=\"234\" height=\"350\" srcset=\"https:\/\/semmelweis.hu\/c80\/files\/2025\/01\/dsc6798_optimized-267x400.jpg 267w, https:\/\/semmelweis.hu\/c80\/files\/2025\/01\/dsc6798_optimized-683x1024.jpg 683w, https:\/\/semmelweis.hu\/c80\/files\/2025\/01\/dsc6798_optimized-768x1151.jpg 768w, https:\/\/semmelweis.hu\/c80\/files\/2025\/01\/dsc6798_optimized-1025x1536.jpg 1025w, https:\/\/semmelweis.hu\/c80\/files\/2025\/01\/dsc6798_optimized-1367x2048.jpg 1367w, https:\/\/semmelweis.hu\/c80\/files\/2025\/01\/dsc6798_optimized-753x1128.jpg 753w, https:\/\/semmelweis.hu\/c80\/files\/2025\/01\/dsc6798_optimized-scaled.jpg 1708w\" sizes=\"auto, (max-width: 234px) 100vw, 234px\" \/><\/a> <a href=\"https:\/\/semmelweis.hu\/c80\/files\/2025\/01\/dsc6806_optimized.tif-masolata-scaled.jpg\"><img loading=\"lazy\" decoding=\"async\" class=\"alignnone wp-image-255\" src=\"https:\/\/semmelweis.hu\/c80\/files\/2025\/01\/dsc6806_optimized.tif-masolata-267x400.jpg\" alt=\"\" width=\"234\" height=\"350\" srcset=\"https:\/\/semmelweis.hu\/c80\/files\/2025\/01\/dsc6806_optimized.tif-masolata-267x400.jpg 267w, https:\/\/semmelweis.hu\/c80\/files\/2025\/01\/dsc6806_optimized.tif-masolata-684x1024.jpg 684w, https:\/\/semmelweis.hu\/c80\/files\/2025\/01\/dsc6806_optimized.tif-masolata-768x1151.jpg 768w, https:\/\/semmelweis.hu\/c80\/files\/2025\/01\/dsc6806_optimized.tif-masolata-1025x1536.jpg 1025w, https:\/\/semmelweis.hu\/c80\/files\/2025\/01\/dsc6806_optimized.tif-masolata-1367x2048.jpg 1367w, https:\/\/semmelweis.hu\/c80\/files\/2025\/01\/dsc6806_optimized.tif-masolata-753x1128.jpg 753w, https:\/\/semmelweis.hu\/c80\/files\/2025\/01\/dsc6806_optimized.tif-masolata-scaled.jpg 1709w\" sizes=\"auto, (max-width: 234px) 100vw, 234px\" \/><\/a> <a href=\"https:\/\/semmelweis.hu\/c80\/files\/2025\/01\/dsc6839_optimized.tif-masolata-scaled.jpg\"><img loading=\"lazy\" decoding=\"async\" class=\"alignnone wp-image-256\" src=\"https:\/\/semmelweis.hu\/c80\/files\/2025\/01\/dsc6839_optimized.tif-masolata-267x400.jpg\" alt=\"\" width=\"234\" height=\"350\" srcset=\"https:\/\/semmelweis.hu\/c80\/files\/2025\/01\/dsc6839_optimized.tif-masolata-267x400.jpg 267w, https:\/\/semmelweis.hu\/c80\/files\/2025\/01\/dsc6839_optimized.tif-masolata-684x1024.jpg 684w, https:\/\/semmelweis.hu\/c80\/files\/2025\/01\/dsc6839_optimized.tif-masolata-768x1151.jpg 768w, https:\/\/semmelweis.hu\/c80\/files\/2025\/01\/dsc6839_optimized.tif-masolata-1025x1536.jpg 1025w, https:\/\/semmelweis.hu\/c80\/files\/2025\/01\/dsc6839_optimized.tif-masolata-1367x2048.jpg 1367w, https:\/\/semmelweis.hu\/c80\/files\/2025\/01\/dsc6839_optimized.tif-masolata-753x1128.jpg 753w, https:\/\/semmelweis.hu\/c80\/files\/2025\/01\/dsc6839_optimized.tif-masolata-scaled.jpg 1709w\" sizes=\"auto, (max-width: 234px) 100vw, 234px\" \/><\/a><a href=\"https:\/\/semmelweis.hu\/c80\/files\/2025\/01\/dsc6852-masolat_optimized-scaled.jpg\"><img loading=\"lazy\" decoding=\"async\" class=\"alignnone wp-image-402\" src=\"https:\/\/semmelweis.hu\/c80\/files\/2025\/01\/dsc6852-masolat_optimized-scaled.jpg\" alt=\"\" width=\"234\" height=\"350\" srcset=\"https:\/\/semmelweis.hu\/c80\/files\/2025\/01\/dsc6852-masolat_optimized-scaled.jpg 1708w, https:\/\/semmelweis.hu\/c80\/files\/2025\/01\/dsc6852-masolat_optimized-267x400.jpg 267w, https:\/\/semmelweis.hu\/c80\/files\/2025\/01\/dsc6852-masolat_optimized-683x1024.jpg 683w, https:\/\/semmelweis.hu\/c80\/files\/2025\/01\/dsc6852-masolat_optimized-768x1151.jpg 768w, https:\/\/semmelweis.hu\/c80\/files\/2025\/01\/dsc6852-masolat_optimized-1025x1536.jpg 1025w, https:\/\/semmelweis.hu\/c80\/files\/2025\/01\/dsc6852-masolat_optimized-1367x2048.jpg 1367w, https:\/\/semmelweis.hu\/c80\/files\/2025\/01\/dsc6852-masolat_optimized-753x1128.jpg 753w\" sizes=\"auto, (max-width: 234px) 100vw, 234px\" \/><\/a><\/p>\n<h6 class=\"x11i5rnm xat24cr x1mh8g0r x1vvkbs xtlvy1s\">\u00a0<\/h6>\n<h6 class=\"x11i5rnm xat24cr x1mh8g0r x1vvkbs xtlvy1s\"><strong>Kur\u00e1torok:<\/strong> Koll\u00e1r Dalma Eszter, Kov\u00e1cs Krist\u00f3f (Sajnos Gergely)<\/h6>\n<h6 class=\"x11i5rnm xat24cr x1mh8g0r x1vvkbs xtlvy1s\"><strong>Projektvezet\u0151:<\/strong> Dr. Kiss Rich\u00e1rd PhD<\/h6>\n<h6 class=\"x11i5rnm xat24cr x1mh8g0r x1vvkbs xtlvy1s\"><strong>Grafika:<\/strong> P\u00e1lhegyi Fl\u00f3ra<\/h6>\n<h6><strong>Ki\u00e1ll\u00edt\u00e1s enteri\u0151r \u00e9s m\u0171t\u00e1rgyfot\u00f3k<\/strong>: Reg\u0151s Benedek<\/h6>\n<h6><strong>Fot\u00f3k a ki\u00e1ll\u00edt\u00e1smegnyit\u00f3r\u00f3l \u00e9s a workshopokr\u00f3l<\/strong>: Krist\u00f3f Bal\u00e1zs<\/h6>\n<p>&nbsp;<\/p>\n<p><strong>Kapcsol\u00f3d\u00f3 programok voltak:<\/strong><\/p>\n<p>2024. \u00e1prilis 27. (szombat) 16:00 &#8211; T\u00e1rlatvezet\u00e9s a m\u0171v\u00e9szekkel \u00e9s a kur\u00e1torokkal<\/p>\n<p>2024. m\u00e1jus 8. (szerda) 17:00 &#8211; Kur\u00e1tori t\u00e1rlatvezet\u00e9s<\/p>\n<p>2024. m\u00e1jus 16. (cs\u00fct\u00f6rt\u00f6k) 17:00 &#8211; T\u00e1rlatvezet\u00e9s a m\u0171v\u00e9szekkel \u00e9s a kur\u00e1torokkal<\/p>\n<p>2024. m\u00e1jus 28. (kedd) 17:00 &#8211; R\u00e1k rajzol\u00f3 workshop feln\u0151tteknek Po\u00f3r Dorotty\u00e1val\u00a0<\/p>\n<p>2024. m\u00e1jus 31. (p\u00e9ntek) 17:00 &#8211; Finissz\u00e1zs\u00a0<\/p>\n<p>2024. szeptember 20. (p\u00e9ntek) 18:00 &#8211; ISBN+ &#8211; Projektet \u00e9s ki\u00e1ll\u00edt\u00e1st dokument\u00e1l\u00f3, k\u00e9tnyelv\u0171 kiadv\u00e1nyt bemutat\u00f3ja<\/p>\n","protected":false},"excerpt":{"rendered":"<p>\u00a0 Helysz\u00edn:\u00a0 Semmelweis Egyetem \u2013 Patol\u00f3giai \u00e9s K\u00eds\u00e9rleti R\u00e1kkutat\u00f3 Int\u00e9zet (1085 Budapest, \u00dcll\u0151i \u00fat 26.) A ki\u00e1ll\u00edt\u00e1s 2024. \u00e1prilis 6. \u00e9s m\u00e1jus 31. k\u00f6z\u00f6tt volt megtekinthet\u0151. \u00a0 Ki\u00e1ll\u00edt\u00f3 m\u0171v\u00e9szek: Albert \u00c1d\u00e1m, Bencz\u00far Emese, M\u00e1t\u00e9 D\u00e1niel, Neogr\u00e1dy-Kiss Barnab\u00e1s, Po\u00f3r Dorottya, Simon Zsuzsi \u00a0 A r\u00e1k k\u00f6r\u00fcli t\u00e9veszm\u00e9k \u00e9s f\u00e9lelmek cs\u00f6kkent\u00e9se els\u0151sorban p\u00e1rbesz\u00e9den kereszt\u00fcl lehets\u00e9ges. Hogy ny\u00edltabban &hellip;<\/p>\n","protected":false},"author":102325,"featured_media":0,"parent":0,"menu_order":0,"comment_status":"closed","ping_status":"closed","template":"","meta":{"_acf_changed":false,"footnotes":""},"categories":[],"tags":[],"class_list":["post-192","page","type-page","status-publish","hentry"],"acf":[],"_links":{"self":[{"href":"https:\/\/semmelweis.hu\/c80\/wp-json\/wp\/v2\/pages\/192","targetHints":{"allow":["GET"]}}],"collection":[{"href":"https:\/\/semmelweis.hu\/c80\/wp-json\/wp\/v2\/pages"}],"about":[{"href":"https:\/\/semmelweis.hu\/c80\/wp-json\/wp\/v2\/types\/page"}],"author":[{"embeddable":true,"href":"https:\/\/semmelweis.hu\/c80\/wp-json\/wp\/v2\/users\/102325"}],"replies":[{"embeddable":true,"href":"https:\/\/semmelweis.hu\/c80\/wp-json\/wp\/v2\/comments?post=192"}],"version-history":[{"count":10,"href":"https:\/\/semmelweis.hu\/c80\/wp-json\/wp\/v2\/pages\/192\/revisions"}],"predecessor-version":[{"id":221,"href":"https:\/\/semmelweis.hu\/c80\/wp-json\/wp\/v2\/pages\/192\/revisions\/221"}],"wp:attachment":[{"href":"https:\/\/semmelweis.hu\/c80\/wp-json\/wp\/v2\/media?parent=192"}],"wp:term":[{"taxonomy":"category","embeddable":true,"href":"https:\/\/semmelweis.hu\/c80\/wp-json\/wp\/v2\/categories?post=192"},{"taxonomy":"post_tag","embeddable":true,"href":"https:\/\/semmelweis.hu\/c80\/wp-json\/wp\/v2\/tags?post=192"}],"curies":[{"name":"wp","href":"https:\/\/api.w.org\/{rel}","templated":true}]}}