{"id":163,"date":"2024-03-04T12:00:22","date_gmt":"2024-03-04T11:00:22","guid":{"rendered":"https:\/\/semmelweis.hu\/c80\/?page_id=163"},"modified":"2024-03-28T18:08:55","modified_gmt":"2024-03-28T17:08:55","slug":"partnereink","status":"publish","type":"page","link":"https:\/\/semmelweis.hu\/c80\/partnereink\/","title":{"rendered":"Partnereink"},"content":{"rendered":"<h6>A C80 projekt az EUniWell Seed Fund p\u00e1ly\u00e1zat keret\u00e9ben val\u00f3sul meg.<\/h6>\n<p><a href=\"https:\/\/www.euniwell.eu\/\"><img loading=\"lazy\" decoding=\"async\" class=\"alignnone\" src=\"https:\/\/semmelweis.hu\/c80\/files\/2024\/03\/logo-euniwell-logo-full.jpg\" alt=\"\" width=\"278\" height=\"100\" \/><\/a><\/p>\n<p>&nbsp;<\/p>\n<h6>Partnerint\u00e9zm\u00e9nyeink:\u00a0<\/h6>\n<p><a href=\"https:\/\/www.unifi.it\/\"><img loading=\"lazy\" decoding=\"async\" class=\"alignnone\" src=\"https:\/\/semmelweis.hu\/c80\/files\/2024\/03\/logo-florence.jpg\" alt=\"\" width=\"209\" height=\"100\" \/><\/a>\u00a0 \u00a0 \u00a0 \u00a0 \u00a0 \u00a0\u00a0<a href=\"https:\/\/lnu.se\/en\/\"><img loading=\"lazy\" decoding=\"async\" class=\"alignnone\" src=\"https:\/\/semmelweis.hu\/c80\/files\/2024\/03\/logo-linnaeus.jpg\" alt=\"\" width=\"277\" height=\"100\" \/><\/a><\/p>\n<p><a href=\"https:\/\/www.um.es\/\"><img loading=\"lazy\" decoding=\"async\" class=\"alignnone\" src=\"https:\/\/semmelweis.hu\/c80\/files\/2024\/03\/logo-murcia.jpg\" alt=\"\" width=\"239\" height=\"100\" \/><\/a>\u00a0 \u00a0 \u00a0 \u00a0<a href=\"https:\/\/semmelweis.hu\/\"><img loading=\"lazy\" decoding=\"async\" class=\"alignnone\" src=\"https:\/\/semmelweis.hu\/c80\/files\/2024\/03\/logo-semmelweis-23.jpg\" alt=\"\" width=\"265\" height=\"100\" \/><\/a><\/p>\n<p>&nbsp;<\/p>\n<h6>T\u00e1mogat\u00f3nk:<\/h6>\n<p><img loading=\"lazy\" decoding=\"async\" src=\"https:\/\/semmelweis.hu\/c80\/files\/2024\/03\/logo-Rakkutatok_logo_horizontalis_kek.jpg\" alt=\"\" width=\"303\" height=\"100\" \/><\/p>\n","protected":false},"excerpt":{"rendered":"<p>A C80 projekt az EUniWell Seed Fund p\u00e1ly\u00e1zat keret\u00e9ben val\u00f3sul meg.<br \/>\n<a href=\"https:\/\/www.euniwell.eu\/\"><\/a><br \/>\n&nbsp;<br \/>\nPartnerint\u00e9zm\u00e9nyeink:\u00a0<br \/>\n<a href=\"https:\/\/www.unifi.it\/\"><\/a>\u00a0 \u00a0 \u00a0 \u00a0 \u00a0 \u00a0\u00a0<a href=\"https:\/\/lnu.se\/en\/\"><\/a><br \/>\n<a href=\"https:\/\/www.um.es\/\"><\/a>\u00a0 \u00a0 \u00a0 \u00a0<a href=\"https:\/\/semmelweis.hu\/\"><\/a><br \/>\n&nbsp;<br \/>\nT\u00e1mogat\u00f3nk:<\/p>\n","protected":false},"author":102325,"featured_media":0,"parent":0,"menu_order":0,"comment_status":"closed","ping_status":"closed","template":"","meta":{"_acf_changed":false,"footnotes":""},"categories":[],"tags":[],"class_list":["post-163","page","type-page","status-publish","hentry"],"acf":[],"_links":{"self":[{"href":"https:\/\/semmelweis.hu\/c80\/wp-json\/wp\/v2\/pages\/163","targetHints":{"allow":["GET"]}}],"collection":[{"href":"https:\/\/semmelweis.hu\/c80\/wp-json\/wp\/v2\/pages"}],"about":[{"href":"https:\/\/semmelweis.hu\/c80\/wp-json\/wp\/v2\/types\/page"}],"author":[{"embeddable":true,"href":"https:\/\/semmelweis.hu\/c80\/wp-json\/wp\/v2\/users\/102325"}],"replies":[{"embeddable":true,"href":"https:\/\/semmelweis.hu\/c80\/wp-json\/wp\/v2\/comments?post=163"}],"version-history":[{"count":5,"href":"https:\/\/semmelweis.hu\/c80\/wp-json\/wp\/v2\/pages\/163\/revisions"}],"predecessor-version":[{"id":212,"href":"https:\/\/semmelweis.hu\/c80\/wp-json\/wp\/v2\/pages\/163\/revisions\/212"}],"wp:attachment":[{"href":"https:\/\/semmelweis.hu\/c80\/wp-json\/wp\/v2\/media?parent=163"}],"wp:term":[{"taxonomy":"category","embeddable":true,"href":"https:\/\/semmelweis.hu\/c80\/wp-json\/wp\/v2\/categories?post=163"},{"taxonomy":"post_tag","embeddable":true,"href":"https:\/\/semmelweis.hu\/c80\/wp-json\/wp\/v2\/tags?post=163"}],"curies":[{"name":"wp","href":"https:\/\/api.w.org\/{rel}","templated":true}]}}