{"id":8,"date":"2020-09-22T15:50:54","date_gmt":"2020-09-22T13:50:54","guid":{"rendered":"https:\/\/semmelweis.hu\/brand\/?page_id=8"},"modified":"2022-07-26T11:34:55","modified_gmt":"2022-07-26T09:34:55","slug":"rolunk","status":"publish","type":"page","link":"https:\/\/semmelweis.hu\/brand\/rolunk\/","title":{"rendered":"R\u00f3lunk"},"content":{"rendered":"<h6>A Semmelweis Brand \u00e9s Marketing Igazgat\u00f3s\u00e1g 2020-ban j\u00f6tt l\u00e9tre a Rektori Kabinet r\u00e9szek\u00e9nt, majd 2021. okt\u00f3ber\u00e9t\u0151l a Marketing \u00e9s Kommunik\u00e1ci\u00f3s F\u0151igazgat\u00f3s\u00e1g al\u00e1 tartoz\u00f3 szervezeti egys\u00e9gk\u00e9nt m\u0171k\u00f6dik. Feladataink k\u00f6z\u00f6tt szerepel az egyetem arculati megjelen\u00e9s\u00e9nek egys\u00e9ges\u00edt\u00e9se, a \u201eSemmelweis brand\u201d \u00e9s \u201eSemmelweis identit\u00e1s\u201d er\u0151s\u00edt\u00e9se az egyetemen bel\u00fcl, valamint el\u0151bbi tekintet\u00e9ben az int\u00e9zm\u00e9nyen k\u00edv\u00fcl egyar\u00e1nt. Kiemelt c\u00e9lunknak \u00e9rezz\u00fck a Semmelweis identit\u00e1s er\u0151s\u00edt\u00e9s\u00e9t mind a hallgat\u00f3k, mind a munkat\u00e1rsak k\u00f6r\u00e9ben. Fontosnak tartjuk, hogy az egyetem vizu\u00e1lis megjelen\u00e9se is m\u00e9lt\u00f3 legyen a preszt\u00edzs\u00e9hez. Priorit\u00e1sk\u00e9nt kezelj\u00fck tov\u00e1bb\u00e1, int\u00e9zm\u00e9ny\u00fcnk vizu\u00e1lis kommunik\u00e1ci\u00f3s anyagaiban a szinergi\u00e1ra val\u00f3 t\u00f6rekv\u00e9st.<\/h6>\n<ul style=\"list-style-type: square;\">\n<li>\n<h6><a href=\"https:\/\/semmelweis.hu\/brand\/portfolio\/\">Portf\u00f3li\u00f3nk<\/a><\/h6>\n<\/li>\n<li>\n<h6><a href=\"https:\/\/semmelweis.hu\/brand\/arculat\/arculati-kezikonyv\/\">A Semmelweis Egyetem arculati k\u00e9zik\u00f6nyve<\/a><\/h6>\n<\/li>\n<li>\n<h6><a href=\"https:\/\/semmelweisshop.hu\">Webshop<\/a><\/h6>\n<\/li>\n<\/ul>\n","protected":false},"excerpt":{"rendered":"<p>A Semmelweis Brand \u00e9s Marketing Igazgat\u00f3s\u00e1g 2020-ban j\u00f6tt l\u00e9tre a Rektori Kabinet r\u00e9szek\u00e9nt, majd 2021. okt\u00f3ber\u00e9t\u0151l a Marketing \u00e9s Kommunik\u00e1ci\u00f3s F\u0151igazgat\u00f3s\u00e1g al\u00e1 tartoz\u00f3 szervezeti egys\u00e9gk\u00e9nt m\u0171k\u00f6dik. Feladataink k\u00f6z\u00f6tt szerepel az egyetem arculati megjelen\u00e9s\u00e9nek egys\u00e9ges\u00edt\u00e9se, a \u201eSemmelweis brand\u201d \u00e9s \u201eSemmelweis identit\u00e1s\u201d er\u0151s\u00edt\u00e9se az egyetemen bel\u00fcl, valamint el\u0151bbi tekintet\u00e9ben az int\u00e9zm\u00e9nyen k\u00edv\u00fcl egyar\u00e1nt. Kiemelt c\u00e9lunknak \u00e9rezz\u00fck a Semmelweis identit\u00e1s er\u0151s\u00edt\u00e9s\u00e9t mind a hallgat\u00f3k, mind a munkat\u00e1rsak k\u00f6r\u00e9ben. Fontosnak tartjuk, hogy az egyetem vizu\u00e1lis megjelen\u00e9se is m\u00e9lt\u00f3 legyen a preszt\u00edzs\u00e9hez. Priorit\u00e1sk\u00e9nt kezelj\u00fck tov\u00e1bb\u00e1, int\u00e9zm\u00e9ny\u00fcnk vizu\u00e1lis kommunik\u00e1ci\u00f3s anyagaiban a szinergi\u00e1ra val\u00f3 t\u00f6rekv\u00e9st.<\/p>\n","protected":false},"author":12,"featured_media":1609,"parent":0,"menu_order":1,"comment_status":"closed","ping_status":"closed","template":"","meta":{"_acf_changed":false,"footnotes":""},"categories":[],"tags":[28],"class_list":["post-8","page","type-page","status-publish","has-post-thumbnail","hentry","tag-rolunk-hu"],"acf":[],"_links":{"self":[{"href":"https:\/\/semmelweis.hu\/brand\/wp-json\/wp\/v2\/pages\/8","targetHints":{"allow":["GET"]}}],"collection":[{"href":"https:\/\/semmelweis.hu\/brand\/wp-json\/wp\/v2\/pages"}],"about":[{"href":"https:\/\/semmelweis.hu\/brand\/wp-json\/wp\/v2\/types\/page"}],"author":[{"embeddable":true,"href":"https:\/\/semmelweis.hu\/brand\/wp-json\/wp\/v2\/users\/12"}],"replies":[{"embeddable":true,"href":"https:\/\/semmelweis.hu\/brand\/wp-json\/wp\/v2\/comments?post=8"}],"version-history":[{"count":10,"href":"https:\/\/semmelweis.hu\/brand\/wp-json\/wp\/v2\/pages\/8\/revisions"}],"predecessor-version":[{"id":1610,"href":"https:\/\/semmelweis.hu\/brand\/wp-json\/wp\/v2\/pages\/8\/revisions\/1610"}],"wp:featuredmedia":[{"embeddable":true,"href":"https:\/\/semmelweis.hu\/brand\/wp-json\/wp\/v2\/media\/1609"}],"wp:attachment":[{"href":"https:\/\/semmelweis.hu\/brand\/wp-json\/wp\/v2\/media?parent=8"}],"wp:term":[{"taxonomy":"category","embeddable":true,"href":"https:\/\/semmelweis.hu\/brand\/wp-json\/wp\/v2\/categories?post=8"},{"taxonomy":"post_tag","embeddable":true,"href":"https:\/\/semmelweis.hu\/brand\/wp-json\/wp\/v2\/tags?post=8"}],"curies":[{"name":"wp","href":"https:\/\/api.w.org\/{rel}","templated":true}]}}