{"id":2964,"date":"2025-10-15T16:33:31","date_gmt":"2025-10-15T14:33:31","guid":{"rendered":"https:\/\/semmelweis.hu\/brand\/?page_id=2964"},"modified":"2026-01-09T10:17:21","modified_gmt":"2026-01-09T09:17:21","slug":"diszcsomagolasok","status":"publish","type":"page","link":"https:\/\/semmelweis.hu\/brand\/ajandekok\/diszcsomagolasok\/","title":{"rendered":"D\u00edszcsomagol\u00e1sok"},"content":{"rendered":"<div class=\"fontos_div\">\n<p>Az al\u00e1bbi d\u00edszcsomagol\u00e1sokat az egyetemi <strong>szervezeti egys\u00e9gek \u00e1tk\u00f6nyvel\u00e9ssel v\u00e1s\u00e1rolhatj\u00e1k meg<\/strong>.<\/p>\n<p>Aktu\u00e1lis\u00a0<strong>k\u00e9szletinform\u00e1ci\u00f3\u00e9rt<\/strong>, valamint\u00a0<strong>rendel\u00e9ssel kapcsolatban\u00a0<\/strong>az al\u00e1bbi telefonsz\u00e1mon \/ e-mail c\u00edmen tud \u00e9rdekl\u0151dni:<br \/>\n+36 1 459 1500 (mell\u00e9k: 55477) \/\u00a0<strong>brand.marketing@semmelweis.hu<\/strong><\/p>\n<p><strong>A megrendel\u00e9s akkor sz\u00e1m\u00edt v\u00e9glegesnek, ha az \u00edr\u00e1sban visszaigazol\u00e1sra ker\u00fclt.<\/strong><\/p>\n<\/div>\n<h2>Aj\u00e1nd\u00e9kt\u00e1sk\u00e1k<\/h2>\n<p><img loading=\"lazy\" decoding=\"async\" class=\"alignright\" src=\"https:\/\/semmelweis.hu\/brand\/files\/2024\/07\/ajandektasak.jpeg\" alt=\"ajandektaskak\" width=\"400\" height=\"266\" \/>Aj\u00e1nd\u00e9kt\u00e1sk\u00e1k n\u00e9gy k\u00fcl\u00f6nb\u00f6z\u0151 m\u00e9retben el\u00e9rhet\u0151ek, egyik oldal\u00e1n magyar a m\u00e1sik oldal\u00e1n angol log\u00f3val:<\/p>\n<ul>\n<li>\n<p data-wp-editing=\"1\"><strong>Boros aj\u00e1nd\u00e9kt\u00e1ska<\/strong><br \/>\n<em>M\u00e9ret: 12 cm x 39 cm x 9 cm<\/em><br \/>\n<strong>\u00c1r: 1 029 Ft \/ db<\/strong><\/p>\n<\/li>\n<li>\n<p><strong>Kis aj\u00e1nd\u00e9kt\u00e1ska<\/strong><br \/>\n<em>M\u00e9ret 18 cm x 24 cm x 10 cm<\/em><br \/>\n<strong>\u00c1r:\u00a0<span data-sheets-root=\"1\">1 349<\/span>\u00a0Ft \/ db<\/strong><\/p>\n<\/li>\n<li>\n<p><strong>K\u00f6zepes aj\u00e1nd\u00e9kt\u00e1ska<\/strong><br \/>\n<em>M\u00e9ret 24 cm x 35 cm x 9 cm<\/em><br \/>\n<strong>\u00c1r: 1 221 Ft \/ db<\/strong><\/p>\n<\/li>\n<li>\n<p><strong>Nagy aj\u00e1nd\u00e9kt\u00e1ska<\/strong><br \/>\n<em>M\u00e9ret: 50 cm x 40 cm x 15 cm<\/em><br \/>\n<strong>\u00c1r: 2 300 Ft \/ db<\/strong><\/p>\n<\/li>\n<\/ul>\n<hr \/>\n<h2>\u00c9getett fa d\u00edszdoboz rafi\u00e1val b\u00e9lelve<\/h2>\n<p><img loading=\"lazy\" decoding=\"async\" class=\"alignright\" src=\"https:\/\/semmelweis.hu\/brand\/files\/2023\/02\/egetett_fadoboz_nyitott-400x267.png\" alt=\"doboz\" width=\"400\" height=\"267\" \/>L\u00e9zergrav\u00edrozott Semmelweis Egyetem c\u00edmerrel ell\u00e1tott \u00e9getett feny\u0151fa d\u00edszdoboz rafi\u00e1val b\u00e9lelve eleg\u00e1ns aj\u00e1nd\u00e9kcsomagok k\u00e9sz\u00edt\u00e9s\u00e9hez.\u00a0<\/p>\n<p><strong>A doboz bels\u0151 m\u00e9rete:<\/strong>\u00a036 x 18 x 9 cm\u00a0<\/p>\n<p><strong>T\u00f6me<\/strong><strong>g:\u00a0\u00a0<\/strong>~805\u00a0g<\/p>\n<p><strong>\u00c1r:\u00a0 5 120 Ft\/db<\/strong><\/p>\n","protected":false},"excerpt":{"rendered":"<p>Az al\u00e1bbi d\u00edszcsomagol\u00e1sokat az egyetemi szervezeti egys\u00e9gek \u00e1tk\u00f6nyvel\u00e9ssel v\u00e1s\u00e1rolhatj\u00e1k meg. Aktu\u00e1lis\u00a0k\u00e9szletinform\u00e1ci\u00f3\u00e9rt, valamint\u00a0rendel\u00e9ssel kapcsolatban\u00a0az al\u00e1bbi telefonsz\u00e1mon \/ e-mail c\u00edmen tud \u00e9rdekl\u0151dni: +36 1 459 1500 (mell\u00e9k: 55477) \/\u00a0brand.marketing@semmelweis.hu A megrendel\u00e9s akkor sz\u00e1m\u00edt v\u00e9glegesnek, ha az \u00edr\u00e1sban visszaigazol\u00e1sra ker\u00fclt. Aj\u00e1nd\u00e9kt\u00e1sk\u00e1k Aj\u00e1nd\u00e9kt\u00e1sk\u00e1k n\u00e9gy k\u00fcl\u00f6nb\u00f6z\u0151 m\u00e9retben el\u00e9rhet\u0151ek, egyik oldal\u00e1n magyar a m\u00e1sik oldal\u00e1n angol log\u00f3val: Boros aj\u00e1nd\u00e9kt\u00e1ska M\u00e9ret: 12 &hellip;<\/p>\n","protected":false},"author":102316,"featured_media":0,"parent":66,"menu_order":0,"comment_status":"closed","ping_status":"closed","template":"template-fullwidth.php","meta":{"_acf_changed":false,"footnotes":""},"categories":[],"tags":[],"class_list":["post-2964","page","type-page","status-publish","hentry"],"acf":[],"_links":{"self":[{"href":"https:\/\/semmelweis.hu\/brand\/wp-json\/wp\/v2\/pages\/2964","targetHints":{"allow":["GET"]}}],"collection":[{"href":"https:\/\/semmelweis.hu\/brand\/wp-json\/wp\/v2\/pages"}],"about":[{"href":"https:\/\/semmelweis.hu\/brand\/wp-json\/wp\/v2\/types\/page"}],"author":[{"embeddable":true,"href":"https:\/\/semmelweis.hu\/brand\/wp-json\/wp\/v2\/users\/102316"}],"replies":[{"embeddable":true,"href":"https:\/\/semmelweis.hu\/brand\/wp-json\/wp\/v2\/comments?post=2964"}],"version-history":[{"count":5,"href":"https:\/\/semmelweis.hu\/brand\/wp-json\/wp\/v2\/pages\/2964\/revisions"}],"predecessor-version":[{"id":3093,"href":"https:\/\/semmelweis.hu\/brand\/wp-json\/wp\/v2\/pages\/2964\/revisions\/3093"}],"up":[{"embeddable":true,"href":"https:\/\/semmelweis.hu\/brand\/wp-json\/wp\/v2\/pages\/66"}],"wp:attachment":[{"href":"https:\/\/semmelweis.hu\/brand\/wp-json\/wp\/v2\/media?parent=2964"}],"wp:term":[{"taxonomy":"category","embeddable":true,"href":"https:\/\/semmelweis.hu\/brand\/wp-json\/wp\/v2\/categories?post=2964"},{"taxonomy":"post_tag","embeddable":true,"href":"https:\/\/semmelweis.hu\/brand\/wp-json\/wp\/v2\/tags?post=2964"}],"curies":[{"name":"wp","href":"https:\/\/api.w.org\/{rel}","templated":true}]}}