{"id":2656,"date":"2025-05-30T16:49:26","date_gmt":"2025-05-30T14:49:26","guid":{"rendered":"https:\/\/semmelweis.hu\/brand\/?page_id=2656"},"modified":"2025-06-02T09:59:35","modified_gmt":"2025-06-02T07:59:35","slug":"program-sablon","status":"publish","type":"page","link":"https:\/\/semmelweis.hu\/brand\/arculat\/egyetemi-arculat\/sablonok\/program-sablon\/","title":{"rendered":"Program sablon"},"content":{"rendered":"<p>Az al\u00e1bbi, let\u00f6lthet\u0151 program sablonok szerkeszthet\u0151 <strong>PowerPoint prezent\u00e1ci\u00f3k\u00e9sz\u00edt\u0151 programmal k\u00e9sz\u00fcltek<\/strong>. Az egyedi grafik\u00e1val ell\u00e1tott h\u00e1rom arculatos sablon k\u00f6z\u00fcl opcion\u00e1lisan kiv\u00e1laszthat\u00f3 a legink\u00e1bb megfelel\u0151 sz\u00edn\u0171 design. A Semmelweis log\u00f3 mell\u00e9 tov\u00e1bbi k\u00e9t szervezeti\/int\u00e9zm\u00e9nyi log\u00f3 felt\u00f6lt\u00e9s\u00e9re van lehet\u0151s\u00e9g sz\u00fcks\u00e9g szerint. <strong>A sablonban k\u00e9sz\u00edtett programterv nyomtathat\u00f3 is, legfeljebb A3-as m\u00e9retben.<\/strong><\/p>\n<p style=\"text-align: center\"><a class=\"btn\" href=\"https:\/\/semmelweis.hu\/brand\/files\/2025\/05\/SE_A3_program_sablon.pptx\">LET\u00d6LT\u00c9S<\/a><\/p>\n<p><a href=\"https:\/\/semmelweis.hu\/brand\/files\/2025\/05\/belyegkep_program_sablon.png\"><img loading=\"lazy\" decoding=\"async\" class=\"wp-image-2657 size-medium aligncenter\" src=\"https:\/\/semmelweis.hu\/brand\/files\/2025\/05\/belyegkep_program_sablon-400x267.png\" alt=\"\" width=\"400\" height=\"267\" srcset=\"https:\/\/semmelweis.hu\/brand\/files\/2025\/05\/belyegkep_program_sablon-400x267.png 400w, https:\/\/semmelweis.hu\/brand\/files\/2025\/05\/belyegkep_program_sablon-768x512.png 768w, https:\/\/semmelweis.hu\/brand\/files\/2025\/05\/belyegkep_program_sablon-753x502.png 753w, https:\/\/semmelweis.hu\/brand\/files\/2025\/05\/belyegkep_program_sablon-203x135.png 203w, https:\/\/semmelweis.hu\/brand\/files\/2025\/05\/belyegkep_program_sablon.png 950w\" sizes=\"auto, (max-width: 400px) 100vw, 400px\" \/><\/a><\/p>\n<p>&nbsp;<\/p>\n","protected":false},"excerpt":{"rendered":"<p>Az al\u00e1bbi, let\u00f6lthet\u0151 program sablonok szerkeszthet\u0151 PowerPoint prezent\u00e1ci\u00f3k\u00e9sz\u00edt\u0151 programmal k\u00e9sz\u00fcltek. Az egyedi grafik\u00e1val ell\u00e1tott h\u00e1rom arculatos sablon k\u00f6z\u00fcl opcion\u00e1lisan kiv\u00e1laszthat\u00f3 a legink\u00e1bb megfelel\u0151 sz\u00edn\u0171 design. A Semmelweis log\u00f3 mell\u00e9 tov\u00e1bbi k\u00e9t szervezeti\/int\u00e9zm\u00e9nyi log\u00f3 felt\u00f6lt\u00e9s\u00e9re van lehet\u0151s\u00e9g sz\u00fcks\u00e9g szerint. A sablonban k\u00e9sz\u00edtett programterv nyomtathat\u00f3 is, legfeljebb A3-as m\u00e9retben.<br \/>\n<a class=\"btn\" href=\"https:\/\/semmelweis.hu\/brand\/files\/2025\/05\/SE_A3_program_sablon.pptx\">LET\u00d6LT\u00c9S<\/a><br \/>\n<a href=\"https:\/\/semmelweis.hu\/brand\/files\/2025\/05\/belyegkep_program_sablon.png\"><\/a><br \/>\n&nbsp;<\/p>\n","protected":false},"author":102316,"featured_media":2657,"parent":89,"menu_order":17,"comment_status":"closed","ping_status":"closed","template":"template-fullwidth.php","meta":{"_acf_changed":false,"footnotes":""},"categories":[],"tags":[],"class_list":["post-2656","page","type-page","status-publish","has-post-thumbnail","hentry"],"acf":[],"_links":{"self":[{"href":"https:\/\/semmelweis.hu\/brand\/wp-json\/wp\/v2\/pages\/2656","targetHints":{"allow":["GET"]}}],"collection":[{"href":"https:\/\/semmelweis.hu\/brand\/wp-json\/wp\/v2\/pages"}],"about":[{"href":"https:\/\/semmelweis.hu\/brand\/wp-json\/wp\/v2\/types\/page"}],"author":[{"embeddable":true,"href":"https:\/\/semmelweis.hu\/brand\/wp-json\/wp\/v2\/users\/102316"}],"replies":[{"embeddable":true,"href":"https:\/\/semmelweis.hu\/brand\/wp-json\/wp\/v2\/comments?post=2656"}],"version-history":[{"count":2,"href":"https:\/\/semmelweis.hu\/brand\/wp-json\/wp\/v2\/pages\/2656\/revisions"}],"predecessor-version":[{"id":2660,"href":"https:\/\/semmelweis.hu\/brand\/wp-json\/wp\/v2\/pages\/2656\/revisions\/2660"}],"up":[{"embeddable":true,"href":"https:\/\/semmelweis.hu\/brand\/wp-json\/wp\/v2\/pages\/89"}],"wp:featuredmedia":[{"embeddable":true,"href":"https:\/\/semmelweis.hu\/brand\/wp-json\/wp\/v2\/media\/2657"}],"wp:attachment":[{"href":"https:\/\/semmelweis.hu\/brand\/wp-json\/wp\/v2\/media?parent=2656"}],"wp:term":[{"taxonomy":"category","embeddable":true,"href":"https:\/\/semmelweis.hu\/brand\/wp-json\/wp\/v2\/categories?post=2656"},{"taxonomy":"post_tag","embeddable":true,"href":"https:\/\/semmelweis.hu\/brand\/wp-json\/wp\/v2\/tags?post=2656"}],"curies":[{"name":"wp","href":"https:\/\/api.w.org\/{rel}","templated":true}]}}