{"id":12,"date":"2020-09-22T15:51:29","date_gmt":"2020-09-22T13:51:29","guid":{"rendered":"https:\/\/semmelweis.hu\/brand\/?page_id=12"},"modified":"2024-10-11T09:48:15","modified_gmt":"2024-10-11T07:48:15","slug":"elerhetoseg","status":"publish","type":"page","link":"https:\/\/semmelweis.hu\/brand\/elerhetoseg\/","title":{"rendered":"Kapcsolat"},"content":{"rendered":"<h2 style=\"text-align: center;\"><span style=\"font-size: 24pt;\">Semmelweis <\/span><span style=\"font-size: 24pt;\">Brand \u00e9s Marketing Igazgat\u00f3s\u00e1g<\/span><\/h2>\n<h6 style=\"text-align: center;\"><span style=\"font-size: 12pt;\"><span style=\"font-size: 14pt;\"><strong>C\u00edm: <\/strong><\/span><em style=\"font-weight: normal;\">1085 Budapest, \u00dcll\u0151i \u00fat 26.<\/em><\/span><\/h6>\n<h6 style=\"text-align: center;\"><span style=\"font-size: 12pt;\"><strong><span style=\"font-size: 14pt;\">Vezet\u00e9kes:<\/span> <\/strong><em style=\"font-weight: normal;\">+36 1 459 1500 (mell\u00e9k: 55477)<\/em><\/span><\/h6>\n<h6 style=\"text-align: center;\"><span style=\"font-size: 14pt;\"><strong>Mobil: <\/strong><\/span><span style=\"font-size: 12pt;\"><em style=\"font-weight: normal;\">+36 20 825 9769<\/em><\/span><\/h6>\n<h6 style=\"text-align: center;\"><span style=\"font-size: 12pt;\"><span style=\"font-size: 14pt;\"><strong>E-mail:<\/strong><\/span><em> brand.marketing@semmelweis.hu<\/em><\/span><\/h6>\n<p><iframe loading=\"lazy\" id=\"gmap_canvas\" src=\"https:\/\/maps.google.com\/maps?q=semmelweis%20egyetem%201085%20%C3%9Cll%C5%91i%20%C3%BAt%2026&amp;t=&amp;z=13&amp;ie=UTF8&amp;iwloc=&amp;output=embed\" width=\"100%\" height=\"500\"><\/iframe><\/p>\n<div class=\"mapouter\">\n<h6 class=\"gmap_canvas\">\u00a0<\/h6>\n<\/div>\n","protected":false},"excerpt":{"rendered":"<p>Semmelweis Brand \u00e9s Marketing Igazgat\u00f3s\u00e1g<br \/>\nC\u00edm: 1085 Budapest, \u00dcll\u0151i \u00fat 26.<br \/>\nVezet\u00e9kes: +36 1 459 1500 (mell\u00e9k: 55477)<br \/>\nMobil: +36 20 825 9769<br \/>\nE-mail: brand.marketing@semmelweis.hu<\/p>\n<p>\u00a0<\/p>\n","protected":false},"author":12,"featured_media":0,"parent":0,"menu_order":6,"comment_status":"closed","ping_status":"closed","template":"template-fullwidth.php","meta":{"_acf_changed":false,"footnotes":""},"categories":[],"tags":[97],"class_list":["post-12","page","type-page","status-publish","hentry","tag-kapcsolat"],"acf":[],"_links":{"self":[{"href":"https:\/\/semmelweis.hu\/brand\/wp-json\/wp\/v2\/pages\/12","targetHints":{"allow":["GET"]}}],"collection":[{"href":"https:\/\/semmelweis.hu\/brand\/wp-json\/wp\/v2\/pages"}],"about":[{"href":"https:\/\/semmelweis.hu\/brand\/wp-json\/wp\/v2\/types\/page"}],"author":[{"embeddable":true,"href":"https:\/\/semmelweis.hu\/brand\/wp-json\/wp\/v2\/users\/12"}],"replies":[{"embeddable":true,"href":"https:\/\/semmelweis.hu\/brand\/wp-json\/wp\/v2\/comments?post=12"}],"version-history":[{"count":11,"href":"https:\/\/semmelweis.hu\/brand\/wp-json\/wp\/v2\/pages\/12\/revisions"}],"predecessor-version":[{"id":2494,"href":"https:\/\/semmelweis.hu\/brand\/wp-json\/wp\/v2\/pages\/12\/revisions\/2494"}],"wp:attachment":[{"href":"https:\/\/semmelweis.hu\/brand\/wp-json\/wp\/v2\/media?parent=12"}],"wp:term":[{"taxonomy":"category","embeddable":true,"href":"https:\/\/semmelweis.hu\/brand\/wp-json\/wp\/v2\/categories?post=12"},{"taxonomy":"post_tag","embeddable":true,"href":"https:\/\/semmelweis.hu\/brand\/wp-json\/wp\/v2\/tags?post=12"}],"curies":[{"name":"wp","href":"https:\/\/api.w.org\/{rel}","templated":true}]}}