{"id":9804,"date":"2022-05-02T11:30:06","date_gmt":"2022-05-02T09:30:06","guid":{"rendered":"https:\/\/semmelweis.hu\/borklinika\/?page_id=9804"},"modified":"2024-10-09T10:09:37","modified_gmt":"2024-10-09T08:09:37","slug":"melanoma-klub","status":"publish","type":"page","link":"https:\/\/semmelweis.hu\/borklinika\/a-betegellatas-fo-profiljai\/melanoma-klub\/","title":{"rendered":"Melanoma Klub"},"content":{"rendered":"<p style=\"margin-top: 0cm;background: white\"><strong><span style=\"font-size: 16.0pt;color: #1e2326\">Melanoma Klub a B\u0151rklinik\u00e1n<\/span><\/strong><\/p>\n<p style=\"margin-top: 0cm;text-align: justify;background: white\"><span style=\"font-size: 15.0pt;color: #1e2326\">A Melanoma Klubot abb\u00f3l a meggondol\u00e1sb\u00f3l hoztuk l\u00e9tre, hogy visszat\u00e9r\u0151 betegeink ne \u00e9rezz\u00e9k magukat elveszettnek a diagn\u00f3zis, a kezel\u00e9sek \u00e9s a kontrollvizsg\u00e1latok labirintus\u00e1ban, ne maradjanak magukra a szorong\u00e1saikkal. \u00dagy gondoltuk, hogy egy k\u00f6tetlen, bizonyos keretekhez m\u00e9gis ragaszkod\u00f3 klub teszi ezt legink\u00e1bb lehet\u0151v\u00e9.<\/span><\/p>\n<p style=\"margin-top: 0cm;text-align: justify;background: white\"><span style=\"font-size: 15.0pt;color: #1e2326\">2017 janu\u00e1rj\u00e1ban tartottuk az els\u0151 \u00f6sszej\u00f6vetelt, melynek form\u00e1ja alapvet\u0151en az\u00f3ta sem v\u00e1ltozott.\u00a0A B\u0151rklinika \u00e1tt\u00e9tes melanom\u00e1s betegei minden alkalommal szem\u00e9lyre sz\u00f3l\u00f3 megh\u00edv\u00f3t kapnak, a hozz\u00e1tartoz\u00f3k bevon\u00e1s\u00e1nak lehet\u0151s\u00e9g\u00e9vel.<\/span><\/p>\n<p style=\"margin-top: 0cm;text-align: justify;background: white\"><span style=\"font-size: 15.0pt;color: #1e2326\">A havi rendszeress\u00e9ggel tartott \u00f6sszej\u00f6veteleken mindig r\u00e9szt vesz legal\u00e1bb egy orvos, pszichol\u00f3gus, szakasszisztens, \u00f6nk\u00e9ntesek.\u00a0<br \/>\nAz ind\u00edt\u00f3 t\u00e9mafelvet\u00e9s alkalmank\u00e9nt v\u00e1ltozik, a betegek szabadon k\u00e9rdezhetnek az orvosokt\u00f3l \u00e9s az el\u0151ad\u00f3kt\u00f3l, emellett megoszthatj\u00e1k betegt\u00e1rsaikkal tapasztalataikat. Igyeksz\u00fcnk Klinik\u00e1nkon k\u00edv\u00fclr\u0151l is fontos szakembereket megh\u00edvni: a Hospice Alap\u00edtv\u00e1ny munkat\u00e1rsait, onkopszichol\u00f3gust, dietetikust, gy\u00f3gytorn\u00e1szt. <\/span><\/p>\n<p style=\"margin-top: 0cm;text-align: justify;background: white\"><span style=\"font-size: 15.0pt;color: #1e2326\">Az \u00f6sszej\u00f6vetelek sor\u00e1n zene \u00e9s irodalom is seg\u00edti a k\u00f6z\u00f6s gondolkod\u00e1st, \u00e9rzelmeink \u00e1t\u00e9l\u00e9s\u00e9t \u00e9s kimond\u00e1s\u00e1t.<\/span><\/p>\n<p style=\"margin-top: 0cm;text-align: justify;background: white\"><span style=\"font-size: 15.0pt;color: #1e2326\">A visszajelz\u00e9sek alapj\u00e1n a klub sokat seg\u00edt a betegs\u00e9ggel val\u00f3 megk\u00fczd\u00e9sben, enyh\u00edti a betegek szorong\u00e1s\u00e1t az ismeretlennel szemben, \u00e9s fontos szerepet kap a megv\u00e1ltozott \u00e9lethelyzetben kialakult fesz\u00fclts\u00e9gek old\u00e1s\u00e1ban.<\/span><\/p>\n<p style=\"margin-top: 0cm;text-align: justify;background: white\"><span style=\"font-size: 15.0pt;color: #1e2326\">A COVID-j\u00e1rv\u00e1ny miatt sz\u00fcneteltett\u00fck a klubot, de 2023. janu\u00e1rj\u00e1t\u00f3l ism\u00e9t elind\u00edtottuk \u00f6sszej\u00f6veteleinket.<\/span><\/p>\n","protected":false},"excerpt":{"rendered":"<p>Melanoma Klub a B\u0151rklinik\u00e1n A Melanoma Klubot abb\u00f3l a meggondol\u00e1sb\u00f3l hoztuk l\u00e9tre, hogy visszat\u00e9r\u0151 betegeink ne \u00e9rezz\u00e9k magukat elveszettnek a diagn\u00f3zis, a kezel\u00e9sek \u00e9s a kontrollvizsg\u00e1latok labirintus\u00e1ban, ne maradjanak magukra a szorong\u00e1saikkal. \u00dagy gondoltuk, hogy egy k\u00f6tetlen, bizonyos keretekhez m\u00e9gis ragaszkod\u00f3 klub teszi ezt legink\u00e1bb lehet\u0151v\u00e9. 2017 janu\u00e1rj\u00e1ban tartottuk az els\u0151 \u00f6sszej\u00f6vetelt, melynek form\u00e1ja alapvet\u0151en &hellip;<\/p>\n","protected":false},"author":101244,"featured_media":0,"parent":9,"menu_order":5,"comment_status":"closed","ping_status":"closed","template":"","meta":{"_acf_changed":false,"footnotes":""},"categories":[],"tags":[],"class_list":["post-9804","page","type-page","status-publish","hentry"],"acf":[],"_links":{"self":[{"href":"https:\/\/semmelweis.hu\/borklinika\/wp-json\/wp\/v2\/pages\/9804","targetHints":{"allow":["GET"]}}],"collection":[{"href":"https:\/\/semmelweis.hu\/borklinika\/wp-json\/wp\/v2\/pages"}],"about":[{"href":"https:\/\/semmelweis.hu\/borklinika\/wp-json\/wp\/v2\/types\/page"}],"author":[{"embeddable":true,"href":"https:\/\/semmelweis.hu\/borklinika\/wp-json\/wp\/v2\/users\/101244"}],"replies":[{"embeddable":true,"href":"https:\/\/semmelweis.hu\/borklinika\/wp-json\/wp\/v2\/comments?post=9804"}],"version-history":[{"count":3,"href":"https:\/\/semmelweis.hu\/borklinika\/wp-json\/wp\/v2\/pages\/9804\/revisions"}],"predecessor-version":[{"id":10782,"href":"https:\/\/semmelweis.hu\/borklinika\/wp-json\/wp\/v2\/pages\/9804\/revisions\/10782"}],"up":[{"embeddable":true,"href":"https:\/\/semmelweis.hu\/borklinika\/wp-json\/wp\/v2\/pages\/9"}],"wp:attachment":[{"href":"https:\/\/semmelweis.hu\/borklinika\/wp-json\/wp\/v2\/media?parent=9804"}],"wp:term":[{"taxonomy":"category","embeddable":true,"href":"https:\/\/semmelweis.hu\/borklinika\/wp-json\/wp\/v2\/categories?post=9804"},{"taxonomy":"post_tag","embeddable":true,"href":"https:\/\/semmelweis.hu\/borklinika\/wp-json\/wp\/v2\/tags?post=9804"}],"curies":[{"name":"wp","href":"https:\/\/api.w.org\/{rel}","templated":true}]}}