{"id":8252,"date":"2021-01-15T13:20:46","date_gmt":"2021-01-15T12:20:46","guid":{"rendered":"https:\/\/semmelweis.hu\/borklinika\/?page_id=8252"},"modified":"2025-05-27T12:31:35","modified_gmt":"2025-05-27T10:31:35","slug":"fekvobeteg-osztalyaink","status":"publish","type":"page","link":"https:\/\/semmelweis.hu\/borklinika\/a-betegellatas-fo-profiljai\/fekvobeteg-ellatas\/fekvobeteg-osztalyaink\/","title":{"rendered":"Fekv\u0151beteg oszt\u00e1lyaink"},"content":{"rendered":"<div class=\"responsive-tabs\">\n<h2 class=\"tabtitle\">\u00c1ltal\u00e1nos<br \/>\nb\u0151rgy\u00f3gy\u00e1szati<\/h2>\n<div class=\"tabcontent\">\n\n<h2>\u00c1ltal\u00e1nos b\u0151rgy\u00f3gy\u00e1szati fekv\u0151beteg oszt\u00e1ly<\/h2>\n<p><em>Jelenleg a SE-Belgy\u00f3gy\u00e1szati \u00e9s Haematol\u00f3giai Klinka fekv\u0151beteg oszt\u00e1lyak\u00e9nt m\u0171k\u00f6dik<\/em><\/p>\n<p><strong>Helye<\/strong>: magasf\u00f6ldszint<\/p>\n<p><strong>\u00c1gysz\u00e1m<\/strong>: 23<\/p>\n<p><strong>Profil<\/strong>:<\/p>\n<ul>\n<li>fert\u0151z\u0151 b\u0151rbetegs\u00e9gek<\/li>\n<li>fek\u00e9lybetegs\u00e9g<\/li>\n<li>gyullad\u00e1sos b\u0151rbetegs\u00e9gek<\/li>\n<\/ul>\n<p><strong><span style=\"color: #999999\">Oszt\u00e1lyvezet\u0151k:<\/span> &#8211;<\/strong><\/p>\n<p>&nbsp;<\/p>\n\n<\/div><h2 class=\"tabtitle\">Allergo- immunol\u00f3giai<\/h2>\n<div class=\"tabcontent\">\n\n<h2>Allergo-immunol\u00f3giai \u00e9s \u00e1ltal\u00e1nos fekv\u0151beteg oszt\u00e1ly<\/h2>\n<p><strong>Helye<\/strong>: IV. emelet<\/p>\n<p><strong>\u00c1gysz\u00e1m<\/strong>: 25<\/p>\n<p><strong>Profil<\/strong>:<\/p>\n<ul>\n<li>allergi\u00e1s b\u0151rbetegs\u00e9gek<\/li>\n<li>autoimmun b\u0151rbetegs\u00e9gek<\/li>\n<li>gyullad\u00e1sos b\u0151rbetegs\u00e9gek<\/li>\n<li>fert\u0151z\u0151 b\u0151rbetegs\u00e9gek<\/li>\n<li>fek\u00e9lybetegs\u00e9g<\/li>\n<li>gyullad\u00e1sos b\u0151rbetegs\u00e9gek<\/li>\n<\/ul>\n<p><strong>Oszt\u00e1lyvezet\u0151k:<\/strong><\/p>\n<ul>\n<li>Dr. Kerner T\u00fcnde, klinikai szakorvos<\/li>\n<li>Dr. Kiss Norbert, egyetemi adjunktus<\/li>\n<\/ul>\n\n<\/div><h2 class=\"tabtitle\">Onkol\u00f3giai<\/h2>\n<div class=\"tabcontent\">\n\n<h2>Onkol\u00f3giai fekv\u0151beteg oszt\u00e1ly<\/h2>\n<p><strong>Helye<\/strong>: VII. emelet<\/p>\n<p><strong>\u00c1gysz\u00e1m<\/strong>: 14<\/p>\n<p><strong>Profil<\/strong>:<\/p>\n<ul>\n<li>b\u0151rdaganatok seb\u00e9szi ell\u00e1t\u00e1s\u00e1nak oszt\u00e1lyos biztos\u00edt\u00e1sa<\/li>\n<li>melanoma p\u00e1ciensek komplex onkol\u00f3giai gondoz\u00e1sa (m\u0171t\u00e9t, kemoter\u00e1pia, immunter\u00e1pia)<\/li>\n<li>r\u00f6ntgenkezel\u00e9sben r\u00e9szes\u00fcl\u0151 p\u00e1ciensek hospitaliz\u00e1ci\u00f3ja<\/li>\n<\/ul>\n<p><strong>Oszt\u00e1lyvezet\u0151k: <\/strong><\/p>\n<ul>\n<li><span style=\"font-size: 14pt\">Dr. L\u0151rincz Kende egyetemi adjunktus<\/span><\/li>\n<\/ul>\n<p>&nbsp;<\/p>\n<p><a href=\"https:\/\/semmelweis.hu\/borklinika\/files\/2019\/08\/SKM_C22719080907581.pdf\" target=\"_blank\" rel=\"noopener noreferrer\">B\u0151rdaganatokr\u00f3l mindenkinek &#8211; t\u00e1j\u00e9koztat\u00f3 kiadv\u00e1ny<\/a><\/p>\n<p><a href=\"https:\/\/semmelweis.hu\/borklinika\/files\/2019\/08\/0001.jpg\" target=\"_blank\" rel=\"noopener noreferrer\"><img loading=\"lazy\" decoding=\"async\" class=\"alignleft wp-image-5587 size-medium\" src=\"https:\/\/semmelweis.hu\/borklinika\/files\/2019\/08\/0001-300x212.jpg\" alt=\"\" width=\"300\" height=\"212\" srcset=\"https:\/\/semmelweis.hu\/borklinika\/files\/2019\/08\/0001-300x212.jpg 300w, https:\/\/semmelweis.hu\/borklinika\/files\/2019\/08\/0001-768x543.jpg 768w, https:\/\/semmelweis.hu\/borklinika\/files\/2019\/08\/0001-1024x725.jpg 1024w, https:\/\/semmelweis.hu\/borklinika\/files\/2019\/08\/0001-424x300.jpg 424w\" sizes=\"auto, (max-width: 300px) 100vw, 300px\" \/><\/a> <a href=\"https:\/\/semmelweis.hu\/borklinika\/files\/2019\/08\/0002.jpg\" target=\"_blank\" rel=\"noopener noreferrer\"><img loading=\"lazy\" decoding=\"async\" class=\"alignnone wp-image-5588 size-medium\" src=\"https:\/\/semmelweis.hu\/borklinika\/files\/2019\/08\/0002-300x212.jpg\" alt=\"\" width=\"300\" height=\"212\" srcset=\"https:\/\/semmelweis.hu\/borklinika\/files\/2019\/08\/0002-300x212.jpg 300w, https:\/\/semmelweis.hu\/borklinika\/files\/2019\/08\/0002-768x543.jpg 768w, https:\/\/semmelweis.hu\/borklinika\/files\/2019\/08\/0002-1024x725.jpg 1024w, https:\/\/semmelweis.hu\/borklinika\/files\/2019\/08\/0002-424x300.jpg 424w\" sizes=\"auto, (max-width: 300px) 100vw, 300px\" \/><\/a><\/p>\n<p>&nbsp;<\/p>\n<\/div><\/div>\n","protected":false},"excerpt":{"rendered":"<p>\u00c1ltal\u00e1nos b\u0151rgy\u00f3gy\u00e1szati fekv\u0151beteg oszt\u00e1ly Jelenleg a SE-Belgy\u00f3gy\u00e1szati \u00e9s Haematol\u00f3giai Klinka fekv\u0151beteg oszt\u00e1lyak\u00e9nt m\u0171k\u00f6dik Helye: magasf\u00f6ldszint \u00c1gysz\u00e1m: 23 Profil: fert\u0151z\u0151 b\u0151rbetegs\u00e9gek fek\u00e9lybetegs\u00e9g gyullad\u00e1sos b\u0151rbetegs\u00e9gek Oszt\u00e1lyvezet\u0151k: &#8211; &nbsp; Allergo-immunol\u00f3giai \u00e9s \u00e1ltal\u00e1nos fekv\u0151beteg oszt\u00e1ly Helye: IV. emelet \u00c1gysz\u00e1m: 25 Profil: allergi\u00e1s b\u0151rbetegs\u00e9gek autoimmun b\u0151rbetegs\u00e9gek gyullad\u00e1sos b\u0151rbetegs\u00e9gek fert\u0151z\u0151 b\u0151rbetegs\u00e9gek fek\u00e9lybetegs\u00e9g gyullad\u00e1sos b\u0151rbetegs\u00e9gek Oszt\u00e1lyvezet\u0151k: Dr. Kerner T\u00fcnde, klinikai szakorvos Dr. &hellip;<\/p>\n","protected":false},"author":12,"featured_media":0,"parent":269,"menu_order":1,"comment_status":"closed","ping_status":"closed","template":"","meta":{"_acf_changed":false,"footnotes":""},"categories":[],"tags":[],"class_list":["post-8252","page","type-page","status-publish","hentry"],"acf":[],"_links":{"self":[{"href":"https:\/\/semmelweis.hu\/borklinika\/wp-json\/wp\/v2\/pages\/8252","targetHints":{"allow":["GET"]}}],"collection":[{"href":"https:\/\/semmelweis.hu\/borklinika\/wp-json\/wp\/v2\/pages"}],"about":[{"href":"https:\/\/semmelweis.hu\/borklinika\/wp-json\/wp\/v2\/types\/page"}],"author":[{"embeddable":true,"href":"https:\/\/semmelweis.hu\/borklinika\/wp-json\/wp\/v2\/users\/12"}],"replies":[{"embeddable":true,"href":"https:\/\/semmelweis.hu\/borklinika\/wp-json\/wp\/v2\/comments?post=8252"}],"version-history":[{"count":10,"href":"https:\/\/semmelweis.hu\/borklinika\/wp-json\/wp\/v2\/pages\/8252\/revisions"}],"predecessor-version":[{"id":13023,"href":"https:\/\/semmelweis.hu\/borklinika\/wp-json\/wp\/v2\/pages\/8252\/revisions\/13023"}],"up":[{"embeddable":true,"href":"https:\/\/semmelweis.hu\/borklinika\/wp-json\/wp\/v2\/pages\/269"}],"wp:attachment":[{"href":"https:\/\/semmelweis.hu\/borklinika\/wp-json\/wp\/v2\/media?parent=8252"}],"wp:term":[{"taxonomy":"category","embeddable":true,"href":"https:\/\/semmelweis.hu\/borklinika\/wp-json\/wp\/v2\/categories?post=8252"},{"taxonomy":"post_tag","embeddable":true,"href":"https:\/\/semmelweis.hu\/borklinika\/wp-json\/wp\/v2\/tags?post=8252"}],"curies":[{"name":"wp","href":"https:\/\/api.w.org\/{rel}","templated":true}]}}