{"id":8167,"date":"2021-01-15T12:33:42","date_gmt":"2021-01-15T11:33:42","guid":{"rendered":"https:\/\/semmelweis.hu\/borklinika\/?page_id=8167"},"modified":"2021-01-15T12:33:42","modified_gmt":"2021-01-15T11:33:42","slug":"a-bororok-megszuletese","status":"publish","type":"page","link":"https:\/\/semmelweis.hu\/borklinika\/magunkrol\/a-klinika-tortenete\/125-eves-a-borklinika\/a-bororok-megszuletese\/","title":{"rendered":"A B\u0151r\u0150r\u00f6k megsz\u00fclet\u00e9se"},"content":{"rendered":"<p style=\"text-align: justify;\">A <strong><a href=\"https:\/\/semmelweis.hu\/borklinika\/125ev\/bororok\/\" target=\"_blank\" rel=\"noopener noreferrer\">B\u0151r\u0150r\u00f6k eg\u00e9szs\u00e9gnevel\u0151 \u00e9s felvil\u00e1gos\u00edt\u00f3 programsorozat<\/a><\/strong> a B\u0151rklinika szervez\u00e9s\u00e9ben, prof. S\u00e1rdy Mikl\u00f3s int\u00e9zetvezet\u0151 \u00f6tlete alapj\u00e1n 2018 janu\u00e1rj\u00e1ban indult \u00fatj\u00e1ra. C\u00e9lja, hogy a 12-18 \u00e9ves koroszt\u00e1ly kell\u0151 ismeretekkel rendelkezzen az eg\u00e9szs\u00e9g\u00e9t \u00e9rint\u0151 t\u00e9m\u00e1kban, melyekr\u0151l esetleg kevesebbet hall, \u00e9s mindezt megb\u00edzhat\u00f3 forr\u00e1sb\u00f3l kapja.<a href=\"https:\/\/semmelweis.hu\/borklinika\/files\/2019\/01\/01.19.B\u0151r\u0151r\u00f6k-csapata.jpg\" target=\"_blank\" rel=\"noopener noreferrer\"><img loading=\"lazy\" decoding=\"async\" class=\"alignright wp-image-4470 size-medium\" src=\"https:\/\/semmelweis.hu\/borklinika\/files\/2019\/01\/01.19.B\u0151r\u0151r\u00f6k-csapata-300x200.jpg\" alt=\"\" width=\"300\" height=\"200\" srcset=\"https:\/\/semmelweis.hu\/borklinika\/files\/2019\/01\/01.19.B\u0151r\u0151r\u00f6k-csapata-300x200.jpg 300w, https:\/\/semmelweis.hu\/borklinika\/files\/2019\/01\/01.19.B\u0151r\u0151r\u00f6k-csapata-768x512.jpg 768w, https:\/\/semmelweis.hu\/borklinika\/files\/2019\/01\/01.19.B\u0151r\u0151r\u00f6k-csapata-1024x683.jpg 1024w, https:\/\/semmelweis.hu\/borklinika\/files\/2019\/01\/01.19.B\u0151r\u0151r\u00f6k-csapata-450x300.jpg 450w, https:\/\/semmelweis.hu\/borklinika\/files\/2019\/01\/01.19.B\u0151r\u0151r\u00f6k-csapata.jpg 1500w\" sizes=\"auto, (max-width: 300px) 100vw, 300px\" \/><\/a> A k\u00f6z\u00e9piskol\u00e1knak meghirdetett programsorozat sor\u00e1n r\u00f6vid el\u0151ad\u00e1sok keret\u00e9ben dr. Kuroli Enik\u0151 a f\u00e9nyv\u00e9delem fontoss\u00e1g\u00e1r\u00f3l \u00e9s a b\u0151rdaganatokr\u00f3l, Benc\u00e9s Ilona t\u00f6bbek k\u00f6z\u00f6tt a higi\u00e9ni\u00e1r\u00f3l, dr. Kov\u00e1cs Anik\u00f3 az akn\u00e9r\u00f3l, dr. Hodossy-Vir\u00e1gh Andor a tetov\u00e1l\u00e1sok \u00e9s piercingek lehets\u00e9ges vesz\u00e9lyeir\u0151l, dr. Gergely L\u00e1szl\u00f3 Hunor a nemi szervek anat\u00f3mi\u00e1j\u00e1r\u00f3l \u00e9s a szexu\u00e1lis funkci\u00f3kr\u00f3l, dr. Tam\u00e1si B\u00e9la pedig a szexu\u00e1lis \u00faton terjed\u0151 fert\u0151z\u00e9sekr\u0151l ad \u00e1t fontos \u00e9s hasznos inform\u00e1ci\u00f3kat a fiataloknak, k\u00f6z\u00e9rthet\u0151 form\u00e1ban. A programhoz id\u0151k\u00f6zben csatlakozott a Budapesti Orvostanhallgat\u00f3k Egyes\u00fclete is, melynek el\u0151ad\u00f3i (a k\u00e9pen Sebesty\u00e9n Barbara) a fogamz\u00e1sg\u00e1tl\u00e1s t\u00e9mak\u00f6r\u00e9t j\u00e1rj\u00e1k k\u00f6r\u00fcl.<br \/>\nK\u00fcldet\u00e9s\u00fcnk fontoss\u00e1g\u00e1t \u00e9s hi\u00e1nyp\u00f3tl\u00f3 jelleg\u00e9t j\u00f3l mutatja, hogy mind az iskol\u00e1k, mind a m\u00e9dia hatalmas \u00e9rdekl\u0151d\u00e9ssel fogadta a program indul\u00e1s\u00e1t, \u00e9s szponzorok is sz\u00e9p sz\u00e1mmal \u00e1lltak m\u00f6g\u00e9nk, melyek j\u00f3volt\u00e1b\u00f3l minden r\u00e9sztvev\u0151nek aj\u00e1nd\u00e9kcsomagot tudtunk adni, illetve minden el\u0151ad\u00e1ssorozat v\u00e9g\u00e9n egy nyerem\u00e9nyj\u00e1t\u00e9kos kv\u00edzzel m\u00e9rhett\u00fck fel, mennyi inform\u00e1ci\u00f3t tudtunk a fiataloknak k\u00f6zvet\u00edteni.<br \/>\nA B\u0151r\u0150r\u00f6k programsorozat t\u00e1mogat\u00f3i a 2018-as \u00e9vben: Kerpel-Fronius \u00d6d\u00f6n Tehets\u00e9gkutat\u00f3 Program; Magyar Gerincgy\u00f3gy\u00e1szati T\u00e1rsas\u00e1g; Bella Hungaria; Beiersdorf Kft.; Bioderma; Budapesti Orvostanhallgat\u00f3k Egyes\u00fclete; Feelx Products; Florin; Fodor J\u00f3zsef Iskolaeg\u00e9szs\u00e9g\u00fcgyi T\u00e1rsas\u00e1g; Hormonmentes.hu; La Roche-Posay; Magyar V\u00e9d\u0151n\u0151k Egyes\u00fclete; MovoMed; Rextra Kft.; Vajda Pap\u00edr Kft.<\/p>\n","protected":false},"excerpt":{"rendered":"<p>A <a href=\"https:\/\/semmelweis.hu\/borklinika\/125ev\/bororok\/\" target=\"_blank\" rel=\"noopener noreferrer\">B\u0151r\u0150r\u00f6k eg\u00e9szs\u00e9gnevel\u0151 \u00e9s felvil\u00e1gos\u00edt\u00f3 programsorozat<\/a> a B\u0151rklinika szervez\u00e9s\u00e9ben, prof. S\u00e1rdy Mikl\u00f3s int\u00e9zetvezet\u0151 \u00f6tlete alapj\u00e1n 2018 janu\u00e1rj\u00e1ban indult \u00fatj\u00e1ra. C\u00e9lja, hogy a 12-18 \u00e9ves koroszt\u00e1ly kell\u0151 ismeretekkel rendelkezzen az eg\u00e9szs\u00e9g\u00e9t \u00e9rint\u0151 t\u00e9m\u00e1kban, melyekr\u0151l esetleg kevesebbet hall, \u00e9s mindezt megb\u00edzhat\u00f3 forr\u00e1sb\u00f3l kapja. <a href=\"https:\/\/semmelweis.hu\/borklinika\/files\/2019\/01\/01.19.B\u0151r\u0151r\u00f6k-csapata.jpg\" target=\"_blank\" rel=\"noopener noreferrer\"><\/a> A k\u00f6z\u00e9piskol\u00e1knak meghirdetett programsorozat sor\u00e1n r\u00f6vid el\u0151ad\u00e1sok keret\u00e9ben dr. Kuroli Enik\u0151 a f\u00e9nyv\u00e9delem fontoss\u00e1g\u00e1r\u00f3l \u00e9s a b\u0151rdaganatokr\u00f3l, Benc\u00e9s Ilona &hellip;<\/p>\n","protected":false},"author":12,"featured_media":0,"parent":4405,"menu_order":0,"comment_status":"closed","ping_status":"closed","template":"","meta":{"_acf_changed":false,"footnotes":""},"categories":[],"tags":[],"class_list":["post-8167","page","type-page","status-publish","hentry"],"acf":[],"_links":{"self":[{"href":"https:\/\/semmelweis.hu\/borklinika\/wp-json\/wp\/v2\/pages\/8167","targetHints":{"allow":["GET"]}}],"collection":[{"href":"https:\/\/semmelweis.hu\/borklinika\/wp-json\/wp\/v2\/pages"}],"about":[{"href":"https:\/\/semmelweis.hu\/borklinika\/wp-json\/wp\/v2\/types\/page"}],"author":[{"embeddable":true,"href":"https:\/\/semmelweis.hu\/borklinika\/wp-json\/wp\/v2\/users\/12"}],"replies":[{"embeddable":true,"href":"https:\/\/semmelweis.hu\/borklinika\/wp-json\/wp\/v2\/comments?post=8167"}],"version-history":[{"count":1,"href":"https:\/\/semmelweis.hu\/borklinika\/wp-json\/wp\/v2\/pages\/8167\/revisions"}],"predecessor-version":[{"id":8168,"href":"https:\/\/semmelweis.hu\/borklinika\/wp-json\/wp\/v2\/pages\/8167\/revisions\/8168"}],"up":[{"embeddable":true,"href":"https:\/\/semmelweis.hu\/borklinika\/wp-json\/wp\/v2\/pages\/4405"}],"wp:attachment":[{"href":"https:\/\/semmelweis.hu\/borklinika\/wp-json\/wp\/v2\/media?parent=8167"}],"wp:term":[{"taxonomy":"category","embeddable":true,"href":"https:\/\/semmelweis.hu\/borklinika\/wp-json\/wp\/v2\/categories?post=8167"},{"taxonomy":"post_tag","embeddable":true,"href":"https:\/\/semmelweis.hu\/borklinika\/wp-json\/wp\/v2\/tags?post=8167"}],"curies":[{"name":"wp","href":"https:\/\/api.w.org\/{rel}","templated":true}]}}