{"id":8151,"date":"2021-01-14T17:57:24","date_gmt":"2021-01-14T16:57:24","guid":{"rendered":"https:\/\/semmelweis.hu\/borklinika\/?page_id=8151"},"modified":"2024-10-09T10:07:05","modified_gmt":"2024-10-09T08:07:05","slug":"betegtajekoztato-hazirend","status":"publish","type":"page","link":"https:\/\/semmelweis.hu\/borklinika\/a-betegellatas-fo-profiljai\/jarobeteg-ellatas\/betegtajekoztato-hazirend\/","title":{"rendered":"Betegt\u00e1j\u00e9koztat\u00f3 &#8211; H\u00e1zirend"},"content":{"rendered":"<p style=\"text-align: justify\">A Semmelweis Egyetem kiemelten fontos feladat\u00e1nak tartja a betegek \u00e9s hozz\u00e1tartoz\u00f3ik (a tov\u00e1bbiakban: Beteg) t\u00e1j\u00e9koztat\u00e1shoz f\u0171z\u0151d\u0151 jog\u00e1nak teljes k\u00f6r\u0171 gyakorl\u00e1s\u00e1t, az orvos-beteg kapcsolatban az eredm\u00e9nyes betegell\u00e1t\u00e1shoz sz\u00fcks\u00e9ges inform\u00e1ci\u00f3 \u00e1raml\u00e1s\u00e1nak biztos\u00edt\u00e1s\u00e1t. A betegt\u00e1j\u00e9koztat\u00f3val sz\u00e9lesk\u00f6r\u0171 ismereteket szeretn\u00e9nk ny\u00fajtani a betegt\u00e1j\u00e9koztat\u00e1si gyakorlatr\u00f3l a betegek jogair\u00f3l \u00e9s k\u00f6teless\u00e9geir\u0151l illetve a H\u00e1zirendr\u0151l.<\/p>\n<p style=\"text-align: justify\">A t\u00e1j\u00e9koztat\u00f3 c\u00e9lja, hogy hasznos inform\u00e1ci\u00f3kkal seg\u00edts\u00fck az \u00d6n int\u00e9zm\u00e9nybeli ell\u00e1t\u00e1s\u00e1t, cs\u00f6kkents\u00fck az \u00d6nben rejl\u0151 esetleges bizonytalans\u00e1got \u00e9s kiszolg\u00e1ltatotts\u00e1g \u00e9rz\u00e9s\u00e9t. Az ell\u00e1t\u00e1shoz sz\u00fcks\u00e9ges tudnival\u00f3k rendelkez\u00e9sre \u00e1ll\u00e1sa egyar\u00e1nt fontos a beteg (hozz\u00e1tartoz\u00f3) \u00e9s az int\u00e9zm\u00e9ny munkat\u00e1rsai sz\u00e1m\u00e1ra is, az ell\u00e1t\u00e1s \u00edgy val\u00f3s\u00edthat\u00f3 meg eredm\u00e9nyesen, hat\u00e9konyan \u00e9s biztons\u00e1gosan.<\/p>\n<p><em>K\u00f6sz\u00f6nj\u00fck, hogy a H\u00c1ZIREND betart\u00e1s\u00e1val seg\u00edti munk\u00e1nkat \u00e9s betegt\u00e1rsai gy\u00f3gyul\u00e1s\u00e1t!<\/em><\/p>\n<p><a href=\"https:\/\/semmelweis.hu\/borklinika\/files\/2023\/05\/Jarobeteg-hazirend-reszletes_2023.05.pdf\" target=\"_blank\" rel=\"noopener noreferrer\"><span style=\"color: #3366ff\"><strong>J\u00e1r\u00f3beteg h\u00e1zirend let\u00f6lthet\u0151 teljes verzi\u00f3 (pdf)<\/strong><\/span><\/a><\/p>\n<p><span style=\"font-size: 14pt\"><strong>J\u00c1R\u00d3BETEG H\u00c1ZIREND KIVONAT<\/strong><\/span><\/p>\n<p style=\"text-align: justify\">Jelen kivonattal szeretn\u00e9nk t\u00e1j\u00e9koztatni \u00d6nt az Int\u00e9zm\u00e9ny alapvet\u0151 m\u0171k\u00f6d\u00e9si saj\u00e1toss\u00e1gair\u00f3l, a bel\u00e9p\u00e9s \u00e9s benntart\u00f3zkod\u00e1s szab\u00e1lyair\u00f3l.<br \/>\nA r\u00e9szletes h\u00e1zirendet megtal\u00e1lhatja a port\u00e1n, \u00e9s honlapunkon, (ld. let\u00f6lthet\u0151 teljes verzi\u00f3k)<\/p>\n<p style=\"text-align: justify\">T\u00e1j\u00e9koztatjuk, hogy Int\u00e9zm\u00e9ny\u00fcnk ter\u00fclet\u00e9n megfigyel\u0151 rendszer m\u0171k\u00f6dik. Ezzel kapcsolatban b\u0151vebb inform\u00e1ci\u00f3t a port\u00e1n elhelyezett t\u00e1j\u00e9koztat\u00f3b\u00f3l kaphat.<\/p>\n<p style=\"text-align: justify\"><span style=\"font-size: 14pt\"><strong>I. Alapelvek<\/strong><\/span><\/p>\n<p style=\"text-align: justify\">A fekv\u0151\/ j\u00e1r\u00f3 eg\u00e9szs\u00e9g\u00fcgyi ell\u00e1t\u00e1st ig\u00e9nybe vev\u0151, a beteg hozz\u00e1tartoz\u00f3ja, l\u00e1togat\u00f3ja \u00e9s b\u00e1rmely az Int\u00e9zm\u00e9ny ter\u00fclet\u00e9re bel\u00e9p\u0151 szem\u00e9ly (a tov\u00e1bbiakban: Beteg) az eg\u00e9szs\u00e9g\u00fcgyi szolg\u00e1ltat\u00e1s ig\u00e9nybev\u00e9telekor k\u00f6teles tiszteletben tartani a vonatkoz\u00f3 jogszab\u00e1lyokat \u00e9s a h\u00e1zirendet az Int\u00e9zm\u00e9ny teljes ter\u00fclet\u00e9n.<\/p>\n<p style=\"text-align: justify\">A beteg \u2013 k\u00e9pess\u00e9gei \u00e9s ismeretei szerint \u2013 k\u00f6teles az ell\u00e1t\u00e1s\u00e1ban k\u00f6zrem\u0171k\u00f6d\u0151 eg\u00e9szs\u00e9g\u00fcgyi dolgoz\u00f3kkal egy\u00fcttm\u0171k\u00f6dni.<\/p>\n<p style=\"text-align: justify\">A beteg \u00e9s hozz\u00e1tartoz\u00f3i k\u00f6telesek tiszteletben tartani m\u00e1s betegek jogait, saj\u00e1t jogaik gyakorl\u00e1sa sor\u00e1n.<\/p>\n<p style=\"text-align: justify\">Az Int\u00e9zm\u00e9ny ter\u00fclet\u00e9re tilos fegyvert, vagy \u2013 a jogszab\u00e1lyban meghat\u00e1rozott \u2013 k\u00f6zbiztons\u00e1gra k\u00fcl\u00f6n\u00f6sen vesz\u00e9lyes eszk\u00f6zt, \u00e9l\u0151\u00e1llatot \u2013 a vonatkoz\u00f3 rendeletben meghat\u00e1rozott \u201eseg\u00edt\u0151 kutya\u201d kiv\u00e9tel\u00e9vel \u2013 behozni.<\/p>\n<p style=\"text-align: justify\">Az \u00e9p\u00fcletben tilos g\u00f6rkorcsoly\u00e1val, g\u00f6rdeszk\u00e1val, ker\u00e9kp\u00e1rral \u00e9s egy\u00e9b hasonl\u00f3 eszk\u00f6zzel k\u00f6zlekedni.<\/p>\n<p style=\"text-align: justify\"><span style=\"font-size: 14pt\"><strong>II. Panaszkezel\u00e9s<\/strong><\/span><\/p>\n<p style=\"text-align: justify\">Betegjogi k\u00e9pvisel\u0151 &#8211; r\u00e9szletes inform\u00e1ci\u00f3k <a href=\"https:\/\/semmelweis.hu\/borklinika\/a-betegellatas-fo-profiljai\/betegjogi-kepviselo\/\" target=\"_blank\" rel=\"noopener\"><strong>ide<\/strong> <\/a>kattintva \u00e9rhet\u0151k el.<\/p>\n<p style=\"text-align: justify\"><em><strong>T\u00e1j\u00e9koztatjuk, hogy az eg\u00e9szs\u00e9g\u00fcgyi szem\u00e9lyzetet munkav\u00e9gz\u00e9s k\u00f6zben \u00e9rt fenyeget\u00e9s k\u00f6zfeladatot ell\u00e1t\u00f3 szem\u00e9ly elleni er\u0151szaknak min\u0151s\u00fcl.<\/strong><\/em><\/p>\n<p><span style=\"font-size: 14pt\"><strong>III. A bel\u00e9p\u00e9s \u00e9s a benntart\u00f3zkod\u00e1s rendje<\/strong><\/span><\/p>\n<p style=\"text-align: justify\">Amennyiben ambul\u00e1ns\/j\u00e1r\u00f3beteg ell\u00e1t\u00e1sra \u00e9rkezett k\u00e9rj\u00fck, jelentkezzen a regisztr\u00e1ci\u00f3n\u00e1l (f\u00f6ldszinten tal\u00e1lhat\u00f3), ahol minden tov\u00e1bbi inform\u00e1ci\u00f3t megkap a szolg\u00e1ltat\u00e1saink ig\u00e9nybev\u00e9tel\u00e9nek m\u00f3dj\u00e1r\u00f3l \u00e9s felt\u00e9teleir\u0151l.<\/p>\n<p style=\"text-align: justify\">Az el\u0151jegyz\u00e9ssel nem rendelkez\u0151 betegek ell\u00e1t\u00e1sa nem \u00e9rkez\u00e9si sorrendben t\u00f6rt\u00e9nik. A vizsg\u00e1latra jelentkez\u0151ket s\u00falyoss\u00e1g szerinti l\u00e1tjuk el, a ment\u0151vel \u00e9rkez\u0151 betegek is priorit\u00e1st \u00e9lveznek. Ez\u00e9rt \u00e9s mert a klinik\u00e1ra \u00e9rkez\u0151 betegek sz\u00e1ma el\u0151re nem kalkul\u00e1lhat\u00f3 el\u0151fordulhatnak t\u00f6bb \u00f3r\u00e1s v\u00e1rakoz\u00e1si id\u0151k is.<\/p>\n<p style=\"text-align: justify\">K\u00e9rj\u00fck, csak a kezel\u00e9se, vizsg\u00e1lata c\u00e9lj\u00e1b\u00f3l meghat\u00e1rozott ter\u00fcleten, illetve az Int\u00e9zm\u00e9ny v\u00e1r\u00f3j\u00e1ban tart\u00f3zkodjon.<\/p>\n<p style=\"text-align: justify\"><span style=\"font-size: 14pt\"><strong>IV. Ruhat\u00e1r<\/strong><\/span><\/p>\n<p style=\"text-align: justify\">Az Int\u00e9zetben ruhat\u00e1r nincs. \u00c9rt\u00e9kek meg\u0151rz\u00e9s\u00e9re a II. emeleti, gazdas\u00e1gi irod\u00e1ban van lehet\u0151s\u00e9g, a v\u00e1r\u00f3ban hagyott t\u00e1rgyak\u00e9rt felel\u0151ss\u00e9get a Klinika nem v\u00e1llal.<\/p>\n<p><span style=\"font-size: 14pt\"><strong>V. Betegfogad\u00e1si rend<\/strong><\/span><\/p>\n<p style=\"text-align: justify\">Az Int\u00e9zet \u00e1ltal\u00e1nos ambulanci\u00e1ja h\u00e9tf\u0151t\u0151l cs\u00fct\u00f6rt\u00f6kig 8-16-ig, p\u00e9nteken 8-14-ig ny\u00fajt ell\u00e1t\u00e1st el\u0151jegyz\u00e9ssel illetve el\u0151jegyz\u00e9s n\u00e9lk\u00fcli form\u00e1ban, a megengedett kapacit\u00e1s f\u00fcggv\u00e9ny\u00e9ben. <br \/>\nAz \u00faj betegek regisztr\u00e1ci\u00f3ja 7-12-ig t\u00f6rt\u00e9nik. A s\u00fcrg\u0151s eseteket munkaid\u0151ben folyamatosan ell\u00e1tjuk.<\/p>\n<p style=\"text-align: justify\">El\u0151jegyz\u00e9s a 061\/2352180-as sz\u00e1mon k\u00e9rhet\u0151 munkanapokon 12-15 \u00f3ra k\u00f6z\u00f6tt.<\/p>\n<p style=\"text-align: justify\">\u00c1ltal\u00e1nos b\u0151rgy\u00f3gy\u00e1szati ell\u00e1t\u00e1st beutal\u00f3 n\u00e9lk\u00fcl is ig\u00e9nybe lehet venni, azonban szakrendel\u00e9seinkre el\u0151jegyz\u00e9s \u00e9s beutal\u00f3 sz\u00fcks\u00e9ges, melynek m\u00f3dja a klinika honlapj\u00e1n \u00e9s a r\u00e9szletes h\u00e1zirendben is megtal\u00e1lhat\u00f3.<\/p>\n<p style=\"text-align: justify\">14 \u00e9ven aluli gyermekek a beteget lehet\u0151s\u00e9g szerint ne k\u00eds\u00e9rj\u00e9k kiv\u00e9ve, ha a gyermek rendel\u00e9sre \u00e9rkeztek.<\/p>\n<p style=\"text-align: justify\"><span style=\"font-size: 14pt\"><strong>VI. Behozand\u00f3 eg\u00e9szs\u00e9g\u00fcgyi \u00e9s szem\u00e9lyes dokumentumok<\/strong><\/span><\/p>\n<p style=\"text-align: justify\">Ell\u00e1t\u00e1s\u00e1hoz k\u00e9rj\u00fck, hozza mag\u00e1val az \u00d6n k\u00f6telez\u0151 azonos\u00edt\u00e1s\u00e1hoz sz\u00fcks\u00e9ges szem\u00e9lyes iratokat:<\/p>\n<ul>\n<li>szem\u00e9lyi azonos\u00edt\u00f3 igazolv\u00e1ny, ennek hi\u00e1ny\u00e1ban jogos\u00edtv\u00e1ny, \u00fatlev\u00e9l,<\/li>\n<li>lakc\u00edmk\u00e1rtya,<\/li>\n<li>TAJ k\u00e1rtya vagy Eur\u00f3pai Eg\u00e9szs\u00e9gbiztos\u00edt\u00e1si K\u00e1rtya,<\/li>\n<li>ell\u00e1t\u00e1s\u00e1nak biztons\u00e1gos megtervez\u00e9s\u00e9hez sz\u00fcks\u00e9ges eg\u00e9szs\u00e9g\u00fcgyi dokument\u00e1ci\u00f3t:<\/li>\n<li>beutal\u00f3, kor\u00e1bbi z\u00e1r\u00f3jelent\u00e9sek, ambul\u00e1ns lapok,<\/li>\n<li>leletek, vizsg\u00e1lati eredm\u00e9nyek (laborat\u00f3riumi leletek, r\u00f6ntgen lelet, CT, MR vizsg\u00e1lat lelete \u00e9s CD k\u00e9panyaga)<\/li>\n<li>k\u00f6zgy\u00f3gyell\u00e1t\u00e1si igazolv\u00e1ny (ha van)<\/li>\n<li>szedett gy\u00f3gyszereinek list\u00e1j\u00e1t, adagol\u00e1s\u00e1t \u00e9s egy\u00e9b gy\u00f3gyszernek nem min\u0151s\u00fcl\u0151 t\u00e1pl\u00e1l\u00e9kkieg\u00e9sz\u00edt\u0151k, vitaminok stb. list\u00e1j\u00e1t.<\/li>\n<\/ul>\n<p><span style=\"font-size: 14pt\"><strong>VII. A beteg t\u00e1voz\u00e1sa<\/strong><\/span><\/p>\n<p style=\"text-align: justify\">Elbocs\u00e1t\u00e1sa el\u0151tt az al\u00e1bbi dokumentumokat kapja k\u00e9zhez:<\/p>\n<ul>\n<li>ambul\u00e1ns lap, ha sz\u00fcks\u00e9ges szakorvosi javaslat<\/li>\n<li>receptek az \u00fajonnan be\u00e1ll\u00edtott gy\u00f3gyszerekr\u0151l.<\/li>\n<\/ul>\n<p style=\"text-align: justify\"><span style=\"font-size: 14pt\"><strong>VIII.\u00a0<\/strong><\/span><strong><span style=\"font-size: 14pt\">K\u00e9p \u00e9s hangfelv\u00e9tel k\u00e9sz\u00edt\u00e9se<br \/>\n<\/span><\/strong><\/p>\n<p style=\"text-align: justify\">Az Int\u00e9zetben \u00e1ll\u00f3k\u00e9p, mozg\u00f3k\u00e9p vagy hangfelv\u00e9tel k\u00e9sz\u00edt\u00e9se a Kommunik\u00e1ci\u00f3s \u00e9s Rendezv\u00e9nyszervez\u00e9si Igazgat\u00f3s\u00e1g enged\u00e9lye n\u00e9lk\u00fcl szigor\u00faan tilos.<\/p>\n<p style=\"text-align: justify\"><span style=\"font-size: 14pt\"><strong>IX. Doh\u00e1nyz\u00e1s<\/strong><\/span><\/p>\n<p style=\"text-align: justify\">Doh\u00e1nyz\u00e1sra a kapubej\u00e1r\u00f3t\u00f3l sz\u00e1m\u00edtott 5 m\u00e9teres k\u00f6rzeten k\u00edv\u00fcl, illetve az udvaron tal\u00e1lhat\u00f3 kijel\u00f6lt doh\u00e1nyz\u00f3helyen van lehet\u0151s\u00e9g.<\/p>\n<p style=\"text-align: justify\"><span style=\"font-size: 14pt\"><strong>X. Lakoss\u00e1gi fert\u0151z\u0151 hullad\u00e9kok \u00e1tv\u00e9tele<\/strong><\/span><\/p>\n<p style=\"text-align: justify\">Fenti hullad\u00e9kok (pl: injekci\u00f3s t\u0171, fecskend\u0151 stb.) \u00e1tv\u00e9tele h\u00e9tk\u00f6znap, munkaid\u0151ben a f\u00f6ldszinti regisztr\u00e1ci\u00f3s pultn\u00e1l t\u00f6rt\u00e9nik.<\/p>\n<p style=\"text-align: justify\"><span style=\"font-size: 14pt\"><strong>XI. Egy\u00e9b rendelkez\u00e9sek<\/strong><\/span><\/p>\n<p style=\"text-align: justify\">K\u00e9rj\u00fck, hogy az Int\u00e9zet csendj\u00e9t \u0151rizze meg, ne zavarja betegt\u00e1rsai nyugalm\u00e1t. K\u00e9rj\u00fck, \u00fcgyeljen az int\u00e9zet rendj\u00e9re, tisztas\u00e1g\u00e1ra, saj\u00e1t \u00e9s betegt\u00e1rsai gy\u00f3gyul\u00e1sa \u00e9rdek\u00e9ben.<\/p>\n<p style=\"text-align: justify\">A klinika berendez\u00e9seinek nem megfelel\u0151 kezel\u00e9se, haszn\u00e1lata, rong\u00e1l\u00e1sa eset\u00e9n az int\u00e9zet k\u00e1rt\u00e9r\u00edt\u00e9si ig\u00e9nnyel \u00e9l.<\/p>\n<p style=\"text-align: justify\">Amennyiben rendk\u00edv\u00fcli esem\u00e9nyt \u00e9szlel, jelezze az Int\u00e9zet munkat\u00e1rsainak, a portaszolg\u00e1latnak, vagy h\u00edvja a nap 24 \u00f3r\u00e1j\u00e1ban az Egyetem K\u00f6zponti Diszp\u00e9cser- \u00e9s J\u00e1r\u0151rszolg\u00e1lat\u00e1t a 06-20\/663-2000-es telefonsz\u00e1mon!<\/p>\n<p style=\"text-align: justify\">B\u00fcf\u00e9 az udvarban tal\u00e1lhat\u00f3. Gy\u00f3gyszert\u00e1r \u00e9s Gy\u00f3gy\u00e1szati seg\u00e9deszk\u00f6z bolt Int\u00e9zet\u00fcnkben nincs.<\/p>\n<p>Budapest, 2023. \u00e1prilis 26.<\/p>\n","protected":false},"excerpt":{"rendered":"<p>A Semmelweis Egyetem kiemelten fontos feladat\u00e1nak tartja a betegek \u00e9s hozz\u00e1tartoz\u00f3ik (a tov\u00e1bbiakban: Beteg) t\u00e1j\u00e9koztat\u00e1shoz f\u0171z\u0151d\u0151 jog\u00e1nak teljes k\u00f6r\u0171 gyakorl\u00e1s\u00e1t, az orvos-beteg kapcsolatban az eredm\u00e9nyes betegell\u00e1t\u00e1shoz sz\u00fcks\u00e9ges inform\u00e1ci\u00f3 \u00e1raml\u00e1s\u00e1nak biztos\u00edt\u00e1s\u00e1t. A betegt\u00e1j\u00e9koztat\u00f3val sz\u00e9lesk\u00f6r\u0171 ismereteket szeretn\u00e9nk ny\u00fajtani a betegt\u00e1j\u00e9koztat\u00e1si gyakorlatr\u00f3l a betegek jogair\u00f3l \u00e9s k\u00f6teless\u00e9geir\u0151l illetve a H\u00e1zirendr\u0151l. A t\u00e1j\u00e9koztat\u00f3 c\u00e9lja, hogy hasznos inform\u00e1ci\u00f3kkal seg\u00edts\u00fck az &hellip;<\/p>\n","protected":false},"author":12,"featured_media":0,"parent":217,"menu_order":20,"comment_status":"closed","ping_status":"closed","template":"","meta":{"_acf_changed":false,"footnotes":""},"categories":[],"tags":[],"class_list":["post-8151","page","type-page","status-publish","hentry"],"acf":[],"_links":{"self":[{"href":"https:\/\/semmelweis.hu\/borklinika\/wp-json\/wp\/v2\/pages\/8151","targetHints":{"allow":["GET"]}}],"collection":[{"href":"https:\/\/semmelweis.hu\/borklinika\/wp-json\/wp\/v2\/pages"}],"about":[{"href":"https:\/\/semmelweis.hu\/borklinika\/wp-json\/wp\/v2\/types\/page"}],"author":[{"embeddable":true,"href":"https:\/\/semmelweis.hu\/borklinika\/wp-json\/wp\/v2\/users\/12"}],"replies":[{"embeddable":true,"href":"https:\/\/semmelweis.hu\/borklinika\/wp-json\/wp\/v2\/comments?post=8151"}],"version-history":[{"count":10,"href":"https:\/\/semmelweis.hu\/borklinika\/wp-json\/wp\/v2\/pages\/8151\/revisions"}],"predecessor-version":[{"id":12600,"href":"https:\/\/semmelweis.hu\/borklinika\/wp-json\/wp\/v2\/pages\/8151\/revisions\/12600"}],"up":[{"embeddable":true,"href":"https:\/\/semmelweis.hu\/borklinika\/wp-json\/wp\/v2\/pages\/217"}],"wp:attachment":[{"href":"https:\/\/semmelweis.hu\/borklinika\/wp-json\/wp\/v2\/media?parent=8151"}],"wp:term":[{"taxonomy":"category","embeddable":true,"href":"https:\/\/semmelweis.hu\/borklinika\/wp-json\/wp\/v2\/categories?post=8151"},{"taxonomy":"post_tag","embeddable":true,"href":"https:\/\/semmelweis.hu\/borklinika\/wp-json\/wp\/v2\/tags?post=8151"}],"curies":[{"name":"wp","href":"https:\/\/api.w.org\/{rel}","templated":true}]}}