{"id":7948,"date":"2020-11-11T10:12:49","date_gmt":"2020-11-11T09:12:49","guid":{"rendered":"https:\/\/semmelweis.hu\/borklinika\/?page_id=7948"},"modified":"2025-05-30T12:41:32","modified_gmt":"2025-05-30T10:41:32","slug":"rektori-palyamunkak","status":"publish","type":"page","link":"https:\/\/semmelweis.hu\/borklinika\/informaci-hallgatoknak\/rektori-palyamunkak\/","title":{"rendered":"Rektori p\u00e1lyamunk\u00e1k"},"content":{"rendered":"<div style=\"text-align: justify\">A rektori p\u00e1lyamunk\u00e1kat a hallgat\u00f3k minden \u00e9v<span style=\"color: #ff0000\"> okt\u00f3ber 15-ig <\/span>ny\u00fajthatj\u00e1k be a p\u00e1lyat\u00e9telt ki\u00edr\u00f3 Szervezeti Egys\u00e9g vezet\u0151j\u00e9hez.<\/div>\n<div style=\"text-align: justify\">Az\u00a0<strong>int\u00e9zeteknek<\/strong>\u00a0a\u00a0p\u00e1lyamunka\u00a0<strong>k\u00e9t p\u00e9ld\u00e1ny\u00e1t<\/strong>\u00a0(egy pap\u00edr-alap\u00fa \u00e9s egy pendrive-ra ki\u00edrt), valamint a javaslatot tartalmaz\u00f3 b\u00edr\u00e1lati lapot<strong>\u00a0november 15-ig<\/strong>\u00a0kell megk\u00fcldeni\u00fck a Rektori P\u00e1lyamunka \u00c9rt\u00e9kel\u0151 Bizotts\u00e1gnak (eln\u00f6ke: Prof. T\u00edm\u00e1r J\u00f3zsef egyetemi tan\u00e1r;\u00a0<strong>helyileg: 1082 Budapest, \u00dcll\u0151i \u00fat 78. Seb\u00e9szeti, Transzplant\u00e1ci\u00f3s \u00e9s Gasztroenterol\u00f3giai Klinika, igazgat\u00f3s\u00e1g<\/strong>).<\/div>\n<div style=\"text-align: justify\">A Bizotts\u00e1g minden \u00e9v <span style=\"color: #ff0000\">november 30-ig <\/span>tesz javaslatot arra, hogy a Rektor mely rektori p\u00e1lyamunk\u00e1kat jutalmazza I. d\u00edjjal, II. d\u00edjjal, III. d\u00edjjal, illetve dics\u00e9rettel.<\/div>\n<div>\n<div style=\"text-align: justify\">A rektori p\u00e1lyamunk\u00e1k d\u00edjait a Bizotts\u00e1g javaslat\u00e1t figyelembe v\u00e9ve a Rektor minden \u00e9v <span style=\"color: #ff0000\">december 15-ig<\/span> hagyja j\u00f3v\u00e1.<\/div>\n<div>\n<p>&nbsp;<\/p>\n<\/div>\n<\/div>\n<table style=\"width: 106.47%;height: 2425px\" width=\"1213\">\n<tbody>\n<tr style=\"height: 62px\">\n<td style=\"width: 51.2148%;height: 62px\" width=\"1000\"><strong>Rektori p\u00e1lyamunka c\u00edme<\/strong><\/td>\n<td style=\"width: 18.0315%;height: 62px\" width=\"213\"><strong>T\u00e9mavezet\u0151 neve (fokozattal)<\/strong><\/td>\n<td style=\"width: 12.949%;height: 62px\">\u00a0<\/td>\n<td style=\"width: 17.7694%;height: 62px\">\u00a0<\/td>\n<\/tr>\n<tr style=\"height: 62px\">\n<td style=\"width: 51.2148%;height: 62px\">A melanoma malignum agressz\u00edv \u00e9s kev\u00e9sb\u00e9 agressz\u00edv klinikai t\u00edpusainak \u00f6sszehasonl\u00edt\u00f3 elemz\u00e9se proteomikai mint\u00e1k alapj\u00e1n<\/td>\n<td style=\"width: 18.0315%;height: 62px\">Prof. Holl\u00f3 P\u00e9ter<\/td>\n<td style=\"width: 12.949%;height: 62px\">\u00a0<\/td>\n<td style=\"width: 17.7694%;height: 62px\">\u00a0<\/td>\n<\/tr>\n<tr style=\"height: 32px\">\n<td style=\"width: 51.2148%;height: 32px\">Neoadjuv\u00e1ns kezel\u00e9sek a nagy rizik\u00f3j\u00fa melanoma ell\u00e1t\u00e1s\u00e1ban<\/td>\n<td style=\"width: 18.0315%;height: 32px\">Prof. Holl\u00f3 P\u00e9ter<\/td>\n<td style=\"width: 12.949%;height: 32px\">\u00a0<\/td>\n<td style=\"width: 17.7694%;height: 32px\">\u00a0<\/td>\n<\/tr>\n<tr style=\"height: 62px\">\n<td style=\"width: 51.2148%;height: 62px\">Kardiovaszkul\u00e1ris \u00e9s m\u00e1s t\u00e1rsbetegs\u00e9gekkel \u00f6sszef\u00fcgg\u0151 markerek vizsg\u00e1lata k\u00f6z\u00e9ps\u00falyos-s\u00falyos pikkelys\u00f6m\u00f6r\u00f6s betegekben<\/td>\n<td style=\"width: 18.0315%;height: 62px\">Prof. Holl\u00f3 P\u00e9ter<\/td>\n<td style=\"width: 12.949%;height: 62px\">\u00a0<\/td>\n<td style=\"width: 17.7694%;height: 62px\">\u00a0<\/td>\n<\/tr>\n<tr style=\"height: 62px\">\n<td style=\"width: 51.2148%;height: 62px\">Patogenetikai komponensek g\u00e1tl\u00e1s\u00e1nak hat\u00e1sa dermatitis herpetiformisban<\/td>\n<td style=\"width: 18.0315%;height: 62px\">Prof. Dr. S\u00e1rdy Mikl\u00f3s<\/td>\n<td style=\"width: 12.949%;height: 62px\">\u00a0<\/td>\n<td style=\"width: 17.7694%;height: 62px\">\u00a0<\/td>\n<\/tr>\n<tr style=\"height: 32px\">\n<td style=\"width: 51.2148%;height: 32px\">A Syk g\u00e1tl\u00f3k hat\u00e1sa bullosus pemphigoidban<\/td>\n<td style=\"width: 18.0315%;height: 32px\">Prof. Dr. S\u00e1rdy Mikl\u00f3s<\/td>\n<td style=\"width: 12.949%;height: 32px\">\u00a0<\/td>\n<td style=\"width: 17.7694%;height: 32px\">\u00a0<\/td>\n<\/tr>\n<tr style=\"height: 62px\">\n<td style=\"width: 51.2148%;height: 62px\">Patogenetikai komponensek g\u00e1tl\u00e1s\u00e1nak hat\u00e1sa bullosus pemphigoidban<\/td>\n<td style=\"width: 18.0315%;height: 62px\">Prof. Dr. S\u00e1rdy Mikl\u00f3s<\/td>\n<td style=\"width: 12.949%;height: 62px\">\u00a0<\/td>\n<td style=\"width: 17.7694%;height: 62px\">\u00a0<\/td>\n<\/tr>\n<tr style=\"height: 32px\">\n<td style=\"width: 51.2148%;height: 32px\">Az alopecia areata klinikuma \u00e9s kezel\u00e9se<\/td>\n<td style=\"width: 18.0315%;height: 32px\">Prof. Dr. S\u00e1rdy Mikl\u00f3s<\/td>\n<td style=\"width: 12.949%;height: 32px\">\u00a0<\/td>\n<td style=\"width: 17.7694%;height: 32px\">\u00a0<\/td>\n<\/tr>\n<tr style=\"height: 32px\">\n<td style=\"width: 51.2148%;height: 32px\">A JAK-g\u00e1tl\u00f3k haszn\u00e1lata a b\u0151rgy\u00f3gy\u00e1szatban<\/td>\n<td style=\"width: 18.0315%;height: 32px\">Prof. Dr. S\u00e1rdy Mikl\u00f3s<\/td>\n<td style=\"width: 12.949%;height: 32px\">\u00a0<\/td>\n<td style=\"width: 17.7694%;height: 32px\">\u00a0<\/td>\n<\/tr>\n<tr style=\"height: 62px\">\n<td style=\"width: 51.2148%;height: 62px\">Ill\u00f3olaj kontakt szenzibiliz\u00e1ci\u00f3<\/td>\n<td style=\"width: 18.0315%;height: 62px\">Dr. P\u00f3nyai Gy\u00f6rgyi PhD<\/td>\n<td style=\"width: 12.949%;height: 62px\">\u00a0<\/td>\n<td style=\"width: 17.7694%;height: 62px\">\u00a0<\/td>\n<\/tr>\n<tr style=\"height: 62px\">\n<td style=\"width: 51.2148%;height: 62px\">\u00daj kontakt allerg\u00e9nek az epicutan tesztsorban<\/td>\n<td style=\"width: 18.0315%;height: 62px\">Dr. P\u00f3nyai Gy\u00f6rgyi PhD<\/td>\n<td style=\"width: 12.949%;height: 62px\">\u00a0<\/td>\n<td style=\"width: 17.7694%;height: 62px\">\u00a0<\/td>\n<\/tr>\n<tr style=\"height: 62px\">\n<td style=\"width: 51.2148%;height: 62px\">Biol\u00f3giai ter\u00e1pi\u00e1k at\u00f3pi\u00e1ban<\/td>\n<td style=\"width: 18.0315%;height: 62px\">Dr. P\u00f3nyai Gy\u00f6rgyi PhD<\/td>\n<td style=\"width: 12.949%;height: 62px\">\u00a0<\/td>\n<td style=\"width: 17.7694%;height: 62px\">\u00a0<\/td>\n<\/tr>\n<tr style=\"height: 62px\">\n<td style=\"width: 51.2148%;height: 62px\">K\u00fcl\u00f6nf\u00e9le b\u0151rbetegs\u00e9gekhez t\u00e1rsul\u00f3 kontakt szenzibiliz\u00e1ci\u00f3<\/td>\n<td style=\"width: 18.0315%;height: 62px\">Dr. P\u00f3nyai Gy\u00f6rgyi PhD<\/td>\n<td style=\"width: 12.949%;height: 62px\">\u00a0<\/td>\n<td style=\"width: 17.7694%;height: 62px\">\u00a0<\/td>\n<\/tr>\n<tr style=\"height: 62px\">\n<td style=\"width: 51.2148%;height: 62px\">Oralis allergia szindroma<\/td>\n<td style=\"width: 18.0315%;height: 62px\">Dr. P\u00f3nyai Gy\u00f6rgyi PhD<\/td>\n<td style=\"width: 12.949%;height: 62px\">\u00a0<\/td>\n<td style=\"width: 17.7694%;height: 62px\">\u00a0<\/td>\n<\/tr>\n<tr style=\"height: 62px\">\n<td style=\"width: 51.2148%;height: 62px\">Feln\u0151ttkori at\u00f3pia jellegzetess\u00e9gei<\/td>\n<td style=\"width: 18.0315%;height: 62px\">Dr. P\u00f3nyai Gy\u00f6rgyi PhD<\/td>\n<td style=\"width: 12.949%;height: 62px\">\u00a0<\/td>\n<td style=\"width: 17.7694%;height: 62px\">\u00a0<\/td>\n<\/tr>\n<tr style=\"height: 62px\">\n<td style=\"width: 51.2148%;height: 62px\">Illatanyag szenibiliz\u00e1ci\u00f3 aktualit\u00e1sai<\/td>\n<td style=\"width: 18.0315%;height: 62px\">Dr. P\u00f3nyai Gy\u00f6rgyi PhD<\/td>\n<td style=\"width: 12.949%;height: 62px\">\u00a0<\/td>\n<td style=\"width: 17.7694%;height: 62px\">\u00a0<\/td>\n<\/tr>\n<tr style=\"height: 62px\">\n<td style=\"width: 51.2148%;height: 62px\">Arci dermatitisok \u00e9s kontakt szenzibiliz\u00e1ci\u00f3<\/td>\n<td style=\"width: 18.0315%;height: 62px\">Dr. P\u00f3nyai Gy\u00f6rgyi PhD<\/td>\n<td style=\"width: 12.949%;height: 62px\">\u00a0<\/td>\n<td style=\"width: 17.7694%;height: 62px\">\u00a0<\/td>\n<\/tr>\n<tr style=\"height: 62px\">\n<td style=\"width: 51.2148%;height: 62px\">Kontakt szenzibiliz\u00e1ci\u00f3 gyermekkorban<\/td>\n<td style=\"width: 18.0315%;height: 62px\">Dr. P\u00f3nyai Gy\u00f6rgyi PhD<\/td>\n<td style=\"width: 12.949%;height: 62px\">\u00a0<\/td>\n<td style=\"width: 17.7694%;height: 62px\">\u00a0<\/td>\n<\/tr>\n<tr style=\"height: 62px\">\n<td style=\"width: 51.2148%;height: 62px\">Rosacea \u00e9s kontakt szenzibiliz\u00e1ci\u00f3<\/td>\n<td style=\"width: 18.0315%;height: 62px\">Dr. P\u00f3nyai Gy\u00f6rgyi PhD<\/td>\n<td style=\"width: 12.949%;height: 62px\">\u00a0<\/td>\n<td style=\"width: 17.7694%;height: 62px\">\u00a0<\/td>\n<\/tr>\n<tr style=\"height: 62px\">\n<td style=\"width: 51.2148%;height: 62px\">Biol\u00f3giai ter\u00e1pi\u00e1k adverz hat\u00e1sai<\/td>\n<td style=\"width: 18.0315%;height: 62px\">Dr. P\u00f3nyai Gy\u00f6rgyi PhD<\/td>\n<td style=\"width: 12.949%;height: 62px\">\u00a0<\/td>\n<td style=\"width: 17.7694%;height: 62px\">\u00a0<\/td>\n<\/tr>\n<tr style=\"height: 62px\">\n<td style=\"width: 51.2148%;height: 62px\">A f\u00e9m szenzibiliz\u00e1ci\u00f3 aktualit\u00e1sai<\/td>\n<td style=\"width: 18.0315%;height: 62px\">Dr. P\u00f3nyai Gy\u00f6rgyi PhD<\/td>\n<td style=\"width: 12.949%;height: 62px\">\u00a0<\/td>\n<td style=\"width: 17.7694%;height: 62px\">\u00a0<\/td>\n<\/tr>\n<tr style=\"height: 62px\">\n<td style=\"width: 51.2148%;height: 62px\">Lok\u00e1lis szteroid szenzibiliz\u00e1ci\u00f3<\/td>\n<td style=\"width: 18.0315%;height: 62px\">Dr. P\u00f3nyai Gy\u00f6rgyi PhD<\/td>\n<td style=\"width: 12.949%;height: 62px\">\u00a0<\/td>\n<td style=\"width: 17.7694%;height: 62px\">\u00a0<\/td>\n<\/tr>\n<tr style=\"height: 62px\">\n<td style=\"width: 51.2148%;height: 62px\">Kozmetikai beavatkoz\u00e1sok allergol\u00f3giai adverz hat\u00e1sai<\/td>\n<td style=\"width: 18.0315%;height: 62px\">Dr. P\u00f3nyai Gy\u00f6rgyi PhD<\/td>\n<td style=\"width: 12.949%;height: 62px\">\u00a0<\/td>\n<td style=\"width: 17.7694%;height: 62px\">\u00a0<\/td>\n<\/tr>\n<tr style=\"height: 62px\">\n<td style=\"width: 51.2148%;height: 62px\">Neurofibromat\u00f3zis multimod\u00e1lis elemz\u00e9se<\/td>\n<td style=\"width: 18.0315%;height: 62px\">Dr. Medvecz M\u00e1rta PhD<\/td>\n<td style=\"width: 12.949%;height: 62px\">\u00a0<\/td>\n<td style=\"width: 17.7694%;height: 62px\">\u00a0<\/td>\n<\/tr>\n<tr style=\"height: 62px\">\n<td style=\"width: 51.2148%;height: 62px\">Pityriasis rubra pilaris patomechanizmus, klinikai form\u00e1k, kezel\u00e9s<\/td>\n<td style=\"width: 18.0315%;height: 62px\">Dr. Hidv\u00e9gi Bernadett PhD<\/td>\n<td style=\"width: 12.949%;height: 62px\">\u00a0<\/td>\n<td style=\"width: 17.7694%;height: 62px\">\u00a0<\/td>\n<\/tr>\n<tr style=\"height: 62px\">\n<td style=\"width: 51.2148%;height: 62px\">Cutan lupus erythematodes klinikai t\u00fcnetek pathomechanizmus<\/td>\n<td style=\"width: 18.0315%;height: 62px\">Dr. Hidv\u00e9gi Bernadett PhD<\/td>\n<td style=\"width: 12.949%;height: 62px\">\u00a0<\/td>\n<td style=\"width: 17.7694%;height: 62px\">\u00a0<\/td>\n<\/tr>\n<tr style=\"height: 62px\">\n<td style=\"width: 51.2148%;height: 62px\">Chronikus urticaria omalizumab kezel\u00e9s\u00e9vel szerzett tapasztalataink<\/td>\n<td style=\"width: 18.0315%;height: 62px\">Dr. Hidv\u00e9gi Bernadett PhD<\/td>\n<td style=\"width: 12.949%;height: 62px\">\u00a0<\/td>\n<td style=\"width: 17.7694%;height: 62px\">\u00a0<\/td>\n<\/tr>\n<tr style=\"height: 62px\">\n<td style=\"width: 51.2148%;height: 62px\">Immunter\u00e1pi\u00e1ra kedvez\u0151 illetve kedvez\u0151tlen v\u00e1lszt ad\u00f3 melanom\u00e1s betegek \u00f6sszehasonl\u00edt\u00e1sa<\/td>\n<td style=\"width: 18.0315%;height: 62px\">Dr. T\u00f3th Veronika PhD<\/td>\n<td style=\"width: 12.949%;height: 62px\">\u00a0<\/td>\n<td style=\"width: 17.7694%;height: 62px\">\u00a0<\/td>\n<\/tr>\n<tr style=\"height: 32px\">\n<td style=\"width: 51.2148%;height: 32px\">T\u00f6bbedvonalbeli kezel\u00e9st kap\u00f3 melanom\u00e1s betegek vizsg\u00e1lat<\/td>\n<td style=\"width: 18.0315%;height: 32px\">Dr. T\u00f3th Veronika PhD<\/td>\n<td style=\"width: 12.949%;height: 32px\">\u00a0<\/td>\n<td style=\"width: 17.7694%;height: 32px\">\u00a0<\/td>\n<\/tr>\n<tr style=\"height: 62px\">\n<td style=\"width: 51.2148%;height: 62px\">Immun- \u00e9s lokoregion\u00e1lis kezel\u00e9sben r\u00e9szes\u00fcl\u0151 melanom\u00e1 betegek k\u00f3rlefoly\u00e1sa<\/td>\n<td style=\"width: 18.0315%;height: 62px\">Dr. T\u00f3th Veronika PhD<\/td>\n<td style=\"width: 12.949%;height: 62px\">\u00a0<\/td>\n<td style=\"width: 17.7694%;height: 62px\">\u00a0<\/td>\n<\/tr>\n<tr style=\"height: 32px\">\n<td style=\"width: 51.2148%;height: 32px\">B\u0151rgy\u00f3gy\u00e1szati k\u00e9palkot\u00e1s<\/td>\n<td style=\"width: 18.0315%;height: 32px\">Dr. Kiss Norbert PhD<\/td>\n<td style=\"width: 12.949%;height: 32px\">\u00a0<\/td>\n<td style=\"width: 17.7694%;height: 32px\">\u00a0<\/td>\n<\/tr>\n<tr style=\"height: 32px\">\n<td style=\"width: 51.2148%;height: 32px\">Innovat\u00edv technol\u00f3gi\u00e1k a b\u0151ronkol\u00f3gia ter\u00fclet\u00e9n<\/td>\n<td style=\"width: 18.0315%;height: 32px\">Dr. Kiss Norbert PhD<\/td>\n<td style=\"width: 12.949%;height: 32px\">\u00a0<\/td>\n<td style=\"width: 17.7694%;height: 32px\">\u00a0<\/td>\n<\/tr>\n<tr style=\"height: 32px\">\n<td style=\"width: 51.2148%;height: 32px\">A b\u0151r \u00e9s b\u00e9l mikrobiom vizsg\u00e1lata kr\u00f3nikus b\u0151rbetegs\u00e9gekben<\/td>\n<td style=\"width: 18.0315%;height: 32px\">Dr. Kiss Norbert PhD<\/td>\n<td style=\"width: 12.949%;height: 32px\">\u00a0<\/td>\n<td style=\"width: 17.7694%;height: 32px\">\u00a0<\/td>\n<\/tr>\n<tr style=\"height: 32px\">\n<td style=\"width: 51.2148%;height: 32px\">Pszichodermatol\u00f3gia<\/td>\n<td style=\"width: 18.0315%;height: 32px\">Dr. Kiss Norbert PhD<\/td>\n<td style=\"width: 12.949%;height: 32px\">\u00a0<\/td>\n<td style=\"width: 17.7694%;height: 32px\">\u00a0<\/td>\n<\/tr>\n<tr style=\"height: 32px\">\n<td style=\"width: 51.2148%;height: 32px\" width=\"1000\">Modern ter\u00e1pi\u00e1s lehet\u0151s\u00e9gek a dermatol\u00f3gia ter\u00fclet\u00e9n<\/td>\n<td style=\"width: 18.0315%;height: 32px\">Dr. Kiss Norbert PhD<\/td>\n<td style=\"width: 12.949%;height: 32px\">\u00a0<\/td>\n<td style=\"width: 17.7694%;height: 32px\">\u00a0<\/td>\n<\/tr>\n<tr style=\"height: 62px\">\n<td style=\"width: 51.2148%;height: 62px\">Eszt\u00e9tikai beavatkoz\u00e1son \u00e1tes\u0151 p\u00e1ciensek \u00e9letmin\u0151s\u00e9g\u00e9nek vizsg\u00e1lata<\/td>\n<td style=\"width: 18.0315%;height: 62px\">Dr. Kem\u00e9ny Lajos PhD<\/td>\n<td style=\"width: 12.949%;height: 62px\">\u00a0<\/td>\n<td style=\"width: 17.7694%;height: 62px\">\u00a0<\/td>\n<\/tr>\n<tr style=\"height: 62px\">\n<td style=\"width: 51.2148%;height: 62px\" width=\"1000\">Neurosyphilis epidemiol\u00f3giai \u00e9s klinikai vonatkoz\u00e1sinak vizsg\u00e1lata<\/td>\n<td style=\"width: 18.0315%;height: 62px\">Dr. T\u00f3th B\u00e9la PhD<\/td>\n<td style=\"width: 12.949%;height: 62px\">\u00a0<\/td>\n<td style=\"width: 17.7694%;height: 62px\">\u00a0<\/td>\n<\/tr>\n<tr style=\"height: 32px\">\n<td style=\"width: 51.2148%;height: 32px\" width=\"1000\">Cutan lymphom\u00e1k<\/td>\n<td style=\"width: 18.0315%;height: 32px\">Dr. Szakonyi J\u00f3zsef<\/td>\n<td style=\"width: 12.949%;height: 32px\">\u00a0<\/td>\n<td style=\"width: 17.7694%;height: 32px\">\u00a0<\/td>\n<\/tr>\n<tr style=\"height: 32px\">\n<td style=\"width: 51.2148%;height: 32px\">A j\u00f3 \u00e9s a rossz hat\u00e1r\u00e1n: alacsony malignit\u00e1s\u00fa cutan lymphom\u00e1k<\/td>\n<td style=\"width: 18.0315%;height: 32px\">Dr. Szakonyi J\u00f3zsef<\/td>\n<td style=\"width: 12.949%;height: 32px\">\u00a0<\/td>\n<td style=\"width: 17.7694%;height: 32px\">\u00a0<\/td>\n<\/tr>\n<tr style=\"height: 32px\">\n<td style=\"width: 51.2148%;height: 32px\">CD30 poz. lymphoproliferat\u00edv k\u00f3rk\u00e9pek \u00e9s kezel\u00e9s\u00fck<\/td>\n<td style=\"width: 18.0315%;height: 32px\">Dr. Szakonyi J\u00f3zsef<\/td>\n<td style=\"width: 12.949%;height: 32px\">\u00a0<\/td>\n<td style=\"width: 17.7694%;height: 32px\">\u00a0<\/td>\n<\/tr>\n<tr style=\"height: 32px\">\n<td style=\"width: 51.2148%;height: 32px\">Fel\u00fcleti radioter\u00e1pia szerepe cutan lymphom\u00e1k kezel\u00e9s\u00e9ben<\/td>\n<td style=\"width: 18.0315%;height: 32px\">Dr. Szakonyi J\u00f3zsef<\/td>\n<td style=\"width: 12.949%;height: 32px\">\u00a0<\/td>\n<td style=\"width: 17.7694%;height: 32px\">\u00a0<\/td>\n<\/tr>\n<tr style=\"height: 32px\">\n<td style=\"width: 51.2148%;height: 32px\">Erythroderm\u00e1val j\u00e1r\u00f3 lymphoproliferat\u00edv megbeteged\u00e9sek<\/td>\n<td style=\"width: 18.0315%;height: 32px\">Dr. Szakonyi J\u00f3zsef<\/td>\n<td style=\"width: 12.949%;height: 32px\">\u00a0<\/td>\n<td style=\"width: 17.7694%;height: 32px\">\u00a0<\/td>\n<\/tr>\n<tr style=\"height: 32px\">\n<td style=\"width: 51.2148%;height: 32px\">Basaliom\u00e1k nem seb\u00e9szi kezel\u00e9se<\/td>\n<td style=\"width: 18.0315%;height: 32px\">Dr. Szakonyi J\u00f3zsef<\/td>\n<td style=\"width: 12.949%;height: 32px\">\u00a0<\/td>\n<td style=\"width: 17.7694%;height: 32px\">\u00a0<\/td>\n<\/tr>\n<tr style=\"height: 31px\">\n<td style=\"width: 51.2148%;height: 31px\">Laph\u00e1mr\u00e1k \u00e9s el\u0151\u00e1llapotainak nem seb\u00e9szi kezel\u00e9se<\/td>\n<td style=\"width: 18.0315%;height: 31px\">Dr. Szakonyi J\u00f3zsef<\/td>\n<td style=\"width: 12.949%;height: 31px\">\u00a0<\/td>\n<td style=\"width: 17.7694%;height: 31px\">\u00a0<\/td>\n<\/tr>\n<tr style=\"height: 62px\">\n<td style=\"width: 51.2148%;height: 62px\" width=\"238\">A pigment\u00e1ci\u00f3 szerepe a ferropt\u00f3zis szab\u00e1lyoz\u00e1s\u00e1ban melan\u00f3m\u00e1ban<\/td>\n<td style=\"width: 18.0315%;height: 62px\" width=\"200\">Dr. Kem\u00e9ny Lajos PhD<\/td>\n<td style=\"width: 12.949%;height: 62px\" width=\"106\">\u00a0<\/td>\n<td style=\"width: 17.7694%;height: 62px\" width=\"126\">\u00a0<\/td>\n<\/tr>\n<tr style=\"height: 82px\">\n<td style=\"width: 51.2148%;height: 82px\">\n<p>Terhess\u00e9gi \u00e9s connatalis syphilis epidemiol\u00f3giai \u00e9s klinikai vonatkoz\u00e1sai<\/p>\n<\/td>\n<td style=\"width: 18.0315%;height: 82px\">Dr. Cakir Ugur PhD<\/td>\n<td style=\"width: 12.949%;height: 82px\">\u00a0<\/td>\n<td style=\"width: 17.7694%;height: 82px\">\u00a0<\/td>\n<\/tr>\n<tr style=\"height: 32px\">\n<td style=\"width: 51.2148%;height: 32px\">\u00a0<\/td>\n<td style=\"width: 18.0315%;height: 32px\">\u00a0<\/td>\n<td style=\"width: 12.949%;height: 32px\">\u00a0<\/td>\n<td style=\"width: 17.7694%;height: 32px\">\u00a0<\/td>\n<\/tr>\n<tr style=\"height: 32px\">\n<td style=\"width: 51.2148%;height: 32px\" width=\"1000\">Utols\u00f3 m\u00f3dos\u00edt\u00e1s 2025.05.30.<\/td>\n<td style=\"width: 18.0315%;height: 32px\">\u00a0<\/td>\n<td style=\"width: 12.949%;height: 32px\">\u00a0<\/td>\n<td style=\"width: 17.7694%;height: 32px\">\u00a0<\/td>\n<\/tr>\n<\/tbody>\n<\/table>\n","protected":false},"excerpt":{"rendered":"<p>A rektori p\u00e1lyamunk\u00e1kat a hallgat\u00f3k minden \u00e9v okt\u00f3ber 15-ig ny\u00fajthatj\u00e1k be a p\u00e1lyat\u00e9telt ki\u00edr\u00f3 Szervezeti Egys\u00e9g vezet\u0151j\u00e9hez. Az\u00a0int\u00e9zeteknek\u00a0a\u00a0p\u00e1lyamunka\u00a0k\u00e9t p\u00e9ld\u00e1ny\u00e1t\u00a0(egy pap\u00edr-alap\u00fa \u00e9s egy pendrive-ra ki\u00edrt), valamint a javaslatot tartalmaz\u00f3 b\u00edr\u00e1lati lapot\u00a0november 15-ig\u00a0kell megk\u00fcldeni\u00fck a Rektori P\u00e1lyamunka \u00c9rt\u00e9kel\u0151 Bizotts\u00e1gnak (eln\u00f6ke: Prof. T\u00edm\u00e1r J\u00f3zsef egyetemi tan\u00e1r;\u00a0helyileg: 1082 Budapest, \u00dcll\u0151i \u00fat 78. Seb\u00e9szeti, Transzplant\u00e1ci\u00f3s \u00e9s Gasztroenterol\u00f3giai Klinika, igazgat\u00f3s\u00e1g). A &hellip;<\/p>\n","protected":false},"author":101274,"featured_media":0,"parent":15,"menu_order":7,"comment_status":"closed","ping_status":"closed","template":"","meta":{"_acf_changed":false,"footnotes":""},"categories":[],"tags":[],"class_list":["post-7948","page","type-page","status-publish","hentry"],"acf":[],"_links":{"self":[{"href":"https:\/\/semmelweis.hu\/borklinika\/wp-json\/wp\/v2\/pages\/7948","targetHints":{"allow":["GET"]}}],"collection":[{"href":"https:\/\/semmelweis.hu\/borklinika\/wp-json\/wp\/v2\/pages"}],"about":[{"href":"https:\/\/semmelweis.hu\/borklinika\/wp-json\/wp\/v2\/types\/page"}],"author":[{"embeddable":true,"href":"https:\/\/semmelweis.hu\/borklinika\/wp-json\/wp\/v2\/users\/101274"}],"replies":[{"embeddable":true,"href":"https:\/\/semmelweis.hu\/borklinika\/wp-json\/wp\/v2\/comments?post=7948"}],"version-history":[{"count":10,"href":"https:\/\/semmelweis.hu\/borklinika\/wp-json\/wp\/v2\/pages\/7948\/revisions"}],"predecessor-version":[{"id":13031,"href":"https:\/\/semmelweis.hu\/borklinika\/wp-json\/wp\/v2\/pages\/7948\/revisions\/13031"}],"up":[{"embeddable":true,"href":"https:\/\/semmelweis.hu\/borklinika\/wp-json\/wp\/v2\/pages\/15"}],"wp:attachment":[{"href":"https:\/\/semmelweis.hu\/borklinika\/wp-json\/wp\/v2\/media?parent=7948"}],"wp:term":[{"taxonomy":"category","embeddable":true,"href":"https:\/\/semmelweis.hu\/borklinika\/wp-json\/wp\/v2\/categories?post=7948"},{"taxonomy":"post_tag","embeddable":true,"href":"https:\/\/semmelweis.hu\/borklinika\/wp-json\/wp\/v2\/tags?post=7948"}],"curies":[{"name":"wp","href":"https:\/\/api.w.org\/{rel}","templated":true}]}}