{"id":7732,"date":"2020-09-18T17:42:53","date_gmt":"2020-09-18T15:42:53","guid":{"rendered":"https:\/\/semmelweis.hu\/borklinika\/?page_id=7732"},"modified":"2026-03-12T09:28:16","modified_gmt":"2026-03-12T08:28:16","slug":"intezkedesi-terv-2","status":"publish","type":"page","link":"https:\/\/semmelweis.hu\/borklinika\/informaci-hallgatoknak\/aok\/intezkedesi-terv-2\/","title":{"rendered":"Int\u00e9zked\u00e9si terv \u00c1OK"},"content":{"rendered":"<p><u>Int\u00e9zked\u00e9si terv az OMHV alapj\u00e1n a 2025\/2026. tan\u00e9v I. szemeszter<\/u><\/p>\n<p><strong>Szervezeti egys\u00e9g: <\/strong>SE B\u0151r-, Nemik\u00f3rtani \u00e9s B\u0151ronkol\u00f3giai Klinika<\/p>\n<p><strong>Kar:<\/strong> magyar \u00c1OK<\/p>\n<p><strong>A tant\u00e1rgy neve:<\/strong> B\u0151rgy\u00f3gy\u00e1szat<\/p>\n<p><strong>Neptun k\u00f3dja:<\/strong> AOKBOR043_1M<\/p>\n<p><strong>Adatszolg\u00e1ltat\u00f3:<\/strong> SE Oktat\u00e1sfejleszt\u00e9si, -m\u00f3dszertani \u00e9s -szervez\u00e9si K\u00f6zpont<\/p>\n<p><strong>Visszajelz\u00e9s\u00fcnk &#8222;A t\u00e1rgy \u00e9rt\u00e9kel\u00e9se&#8221; OMHV m\u00e9r\u00e9sre vonatkoz\u00f3 az \u00e1ltal\u00e1nos jelleg\u0171 hallgat\u00f3i v\u00e9lem\u00e9nyekre:<\/strong><\/p>\n<p>A magyar \u00c1OK IV. \u00e9vfolyam \u00e1ltal k\u00e9sz\u00edtett OMHV alapj\u00e1n a B\u0151r-, Nemik\u00f3rtani \u00e9s B\u0151ronkol\u00f3giai Klinika oktat\u00e1si teljes\u00edtm\u00e9nye a 2025\/26. tan\u00e9v I. szemesztere sor\u00e1n minden m\u00e9r\u00e9si pontban a kari \u00e1tlag feletti volt.<\/p>\n<p style=\"margin-top: 0cm;text-align: justify;background: white\"><span style=\"font-size: 15.0pt;color: #1e2326\">A hallgat\u00f3k az al\u00e1bbi szempontb\u00f3l \u00e9rt\u00e9kelt\u00e9k kedvez\u0151en az oktat\u00e1st: oktat\u00f3k\/el\u0151ad\u00f3k el\u0151ad\u00f3k\u00e9szs\u00e9ge; az oktat\u00f3k\/gyakorlatvezet\u0151k mennyire rendszeresen alkalmazz\u00e1k a tanul\u00e1st\u00e1mogat\u00f3 lehet\u0151s\u00e9geket; az oktat\u00f3k tan\u00f3r\u00e1ra val\u00f3 felk\u00e9sz\u00fclts\u00e9ge; az oktat\u00f3k tartalommal t\u00f6lt\u00f6tt\u00e9k meg a rendelkez\u00e9s\u00fckre \u00e1ll\u00f3 id\u0151t; elegend\u0151 lehet\u0151s\u00e9g volt a betegvizsg\u00e1latra, a kommunik\u00e1ci\u00f3s k\u00e9szs\u00e9gek gyakorl\u00e1s\u00e1ra \u00e9s jav\u00edt\u00e1s\u00e1ra; a gyakorlati k\u00e9pz\u00e9s seg\u00edtette a vizsg\u00e1ra val\u00f3 felk\u00e9sz\u00fcl\u00e9st; \u00f6sszess\u00e9g\u00e9ben \u00e9rt\u00e9kelt\u00e9k a blokkos\u00edtott oktat\u00e1st.\u00a0<\/span><\/p>\n<p style=\"margin-top: 0cm;text-align: justify;background: white\"><span style=\"font-size: 15.0pt;color: #1e2326\">Megjegyzend\u0151, hogy az el\u0151z\u0151 \u00e9vhez viszony\u00edtva a hallgat\u00f3k az id\u00e9n nagyobb ar\u00e1nyban, 248 (121.57%) kit\u00f6lt\u00f6tt k\u00e9rd\u0151\u00edv alapj\u00e1n v\u00e9lem\u00e9nyezt\u00e9k a tant\u00e1rgyra vonatkoz\u00f3 oktat\u00e1sunkat.<\/span><\/p>\n<p>&nbsp;<\/p>\n<p><strong>A hallgat\u00f3k egyedi visszajelz\u00e9se, javaslatai alapj\u00e1n a Klinika int\u00e9zked\u00e9sei a k\u00f6vetkez\u0151ek:<\/strong><\/p>\n<p>a t\u00e1rgy Moodle-fel\u00fclet\u00e9t folyamatosan karbantartjuk \u00e9s aktualiz\u00e1ljuk, valamennyi oktat\u00f3 tanul\u00e1st\u00e1mogat\u00f3 anyag\u00e1t hozz\u00e1f\u00e9rhet\u0151v\u00e9 tessz\u00fck. Javasoljuk, hogy az \u00f3rai munka sor\u00e1n az adott oktat\u00f3hoz rendelt seg\u00e9dletet haszn\u00e1lj\u00e1k. Az elm\u00falt szemeszterek konzekvens hallgat\u00f3i visszajelz\u00e9sei alapj\u00e1n oktat\u00f3ink \u00faj, els\u0151sorban orvostanhallgat\u00f3k sz\u00e1m\u00e1ra k\u00e9sz\u00fcl\u0151 tank\u00f6nyv fejleszt\u00e9s\u00e9t megkezdt\u00e9k.<\/p>\n<p>K\u00f6sz\u00f6nj\u00fck az oktat\u00f3 munkat\u00e1rsaink pedag\u00f3giai munk\u00e1j\u00e1t m\u00e9ltat\u00f3 szavakat.<\/p>\n<p><strong>Visszajelz\u00e9s\u00fcnk a \u201eblokkos\u00edtott oktat\u00e1si form\u00e1ra\u201d, gyakorlatokra vonatkoz\u00f3 \u00e1ltal\u00e1nos jelleg\u0171 hallgat\u00f3i v\u00e9lem\u00e9nyekre:<\/strong><\/p>\n<p>A magyar \u00c1OK IV. \u00e9vfolyam \u00e1ltal a 2024\/25. tan\u00e9v II. szemeszter\u00e9ben k\u00e9sz\u00edtett OMHV alapj\u00e1n a B\u0151rklinika blokkoktat\u00e1s\u00e1nak gyakorlati teljes\u00edtm\u00e9nye t\u00f6bbs\u00e9g\u00e9ben a Kari \u00e1tlag feletti vagy azzal l\u00e9nyeg\u00e9ben megegyez\u0151 volt. A hallgat\u00f3k az al\u00e1bbi szempontb\u00f3l \u00e9rt\u00e9kelt\u00e9k kedvez\u0151en az oktat\u00e1st: a blokkos\u00edtott oktat\u00e1s szervezetts\u00e9ge; a tematika struktur\u00e1lts\u00e1ga; a betegvizsg\u00e1lat lehet\u0151s\u00e9ge; a gyakorlatvezet\u0151vel val\u00f3 szem\u00e9lyes kapcsolat; a sz\u00fcnetek mennyis\u00e9ge; a gyakorlatok p\u00f3tl\u00e1s\u00e1nak lehet\u0151s\u00e9ge.<\/p>\n<p>K\u00f6sz\u00f6nj\u00fck a visszajelz\u00e9seket!<\/p>\n<p>Budapest, 2026. m\u00e1rcius 09.<\/p>\n<p>Az int\u00e9zked\u00e9si tervet \u00f6ssze\u00e1ll\u00edtotta:<\/p>\n<p>&nbsp;<\/p>\n<p>Prof. Dr. Holl\u00f3 P\u00e9ter\u00a0\u00a0\u00a0\u00a0\u00a0\u00a0\u00a0\u00a0\u00a0\u00a0\u00a0\u00a0\u00a0 Dr. Medvecz M\u00e1rta<br \/>\negyetemi tan\u00e1r, igazgat\u00f3\u00a0\u00a0\u00a0\u00a0\u00a0\u00a0\u00a0\u00a0 docens, magyar \u00c1OK tanulm\u00e1nyi felel\u0151s<\/p>\n","protected":false},"excerpt":{"rendered":"<p>Int\u00e9zked\u00e9si terv az OMHV alapj\u00e1n a 2025\/2026. tan\u00e9v I. szemeszter Szervezeti egys\u00e9g: SE B\u0151r-, Nemik\u00f3rtani \u00e9s B\u0151ronkol\u00f3giai Klinika Kar: magyar \u00c1OK A tant\u00e1rgy neve: B\u0151rgy\u00f3gy\u00e1szat Neptun k\u00f3dja: AOKBOR043_1M Adatszolg\u00e1ltat\u00f3: SE Oktat\u00e1sfejleszt\u00e9si, -m\u00f3dszertani \u00e9s -szervez\u00e9si K\u00f6zpont Visszajelz\u00e9s\u00fcnk &#8222;A t\u00e1rgy \u00e9rt\u00e9kel\u00e9se&#8221; OMHV m\u00e9r\u00e9sre vonatkoz\u00f3 az \u00e1ltal\u00e1nos jelleg\u0171 hallgat\u00f3i v\u00e9lem\u00e9nyekre: A magyar \u00c1OK IV. \u00e9vfolyam \u00e1ltal k\u00e9sz\u00edtett OMHV &hellip;<\/p>\n","protected":false},"author":101274,"featured_media":0,"parent":321,"menu_order":6,"comment_status":"closed","ping_status":"closed","template":"","meta":{"_acf_changed":false,"footnotes":""},"categories":[],"tags":[],"class_list":["post-7732","page","type-page","status-publish","hentry"],"acf":[],"_links":{"self":[{"href":"https:\/\/semmelweis.hu\/borklinika\/wp-json\/wp\/v2\/pages\/7732","targetHints":{"allow":["GET"]}}],"collection":[{"href":"https:\/\/semmelweis.hu\/borklinika\/wp-json\/wp\/v2\/pages"}],"about":[{"href":"https:\/\/semmelweis.hu\/borklinika\/wp-json\/wp\/v2\/types\/page"}],"author":[{"embeddable":true,"href":"https:\/\/semmelweis.hu\/borklinika\/wp-json\/wp\/v2\/users\/101274"}],"replies":[{"embeddable":true,"href":"https:\/\/semmelweis.hu\/borklinika\/wp-json\/wp\/v2\/comments?post=7732"}],"version-history":[{"count":10,"href":"https:\/\/semmelweis.hu\/borklinika\/wp-json\/wp\/v2\/pages\/7732\/revisions"}],"predecessor-version":[{"id":13463,"href":"https:\/\/semmelweis.hu\/borklinika\/wp-json\/wp\/v2\/pages\/7732\/revisions\/13463"}],"up":[{"embeddable":true,"href":"https:\/\/semmelweis.hu\/borklinika\/wp-json\/wp\/v2\/pages\/321"}],"wp:attachment":[{"href":"https:\/\/semmelweis.hu\/borklinika\/wp-json\/wp\/v2\/media?parent=7732"}],"wp:term":[{"taxonomy":"category","embeddable":true,"href":"https:\/\/semmelweis.hu\/borklinika\/wp-json\/wp\/v2\/categories?post=7732"},{"taxonomy":"post_tag","embeddable":true,"href":"https:\/\/semmelweis.hu\/borklinika\/wp-json\/wp\/v2\/tags?post=7732"}],"curies":[{"name":"wp","href":"https:\/\/api.w.org\/{rel}","templated":true}]}}