{"id":7216,"date":"2020-05-22T10:51:38","date_gmt":"2020-05-22T08:51:38","guid":{"rendered":"https:\/\/semmelweis.hu\/borklinika\/?page_id=7216"},"modified":"2025-09-29T11:18:30","modified_gmt":"2025-09-29T09:18:30","slug":"tematika-2","status":"publish","type":"page","link":"https:\/\/semmelweis.hu\/borklinika\/informaci-hallgatoknak\/fok\/tematika-2\/","title":{"rendered":"K\u00f6vetelm\u00e9nyrendszer FOK"},"content":{"rendered":"<p>A 2024\/2025-\u00f6s tan\u00e9vre vonatkoz\u00f3 FOK k\u00f6vetelm\u00e9nyrendszer <a href=\"https:\/\/semmelweis.hu\/borklinika\/files\/2025\/09\/FOK-Magyar-kovetelm-kitoltott_2025_07_.pdf\" target=\"_blank\" rel=\"noopener\">IDE\u00a0<\/a>kattintva \u00e9rhet\u0151 el.\u00a0<\/p>\n<p>&nbsp;<\/p>\n<p>&nbsp;<\/p>\n","protected":false},"excerpt":{"rendered":"<p>A 2024\/2025-\u00f6s tan\u00e9vre vonatkoz\u00f3 FOK k\u00f6vetelm\u00e9nyrendszer <a href=\"https:\/\/semmelweis.hu\/borklinika\/files\/2025\/09\/FOK-Magyar-kovetelm-kitoltott_2025_07_.pdf\" target=\"_blank\" rel=\"noopener\">IDE\u00a0<\/a>kattintva \u00e9rhet\u0151 el.\u00a0<br \/>\n&nbsp;<br \/>\n&nbsp;<\/p>\n","protected":false},"author":101244,"featured_media":0,"parent":325,"menu_order":3,"comment_status":"closed","ping_status":"closed","template":"","meta":{"_acf_changed":false,"footnotes":""},"categories":[],"tags":[],"class_list":["post-7216","page","type-page","status-publish","hentry"],"acf":[],"_links":{"self":[{"href":"https:\/\/semmelweis.hu\/borklinika\/wp-json\/wp\/v2\/pages\/7216","targetHints":{"allow":["GET"]}}],"collection":[{"href":"https:\/\/semmelweis.hu\/borklinika\/wp-json\/wp\/v2\/pages"}],"about":[{"href":"https:\/\/semmelweis.hu\/borklinika\/wp-json\/wp\/v2\/types\/page"}],"author":[{"embeddable":true,"href":"https:\/\/semmelweis.hu\/borklinika\/wp-json\/wp\/v2\/users\/101244"}],"replies":[{"embeddable":true,"href":"https:\/\/semmelweis.hu\/borklinika\/wp-json\/wp\/v2\/comments?post=7216"}],"version-history":[{"count":11,"href":"https:\/\/semmelweis.hu\/borklinika\/wp-json\/wp\/v2\/pages\/7216\/revisions"}],"predecessor-version":[{"id":13195,"href":"https:\/\/semmelweis.hu\/borklinika\/wp-json\/wp\/v2\/pages\/7216\/revisions\/13195"}],"up":[{"embeddable":true,"href":"https:\/\/semmelweis.hu\/borklinika\/wp-json\/wp\/v2\/pages\/325"}],"wp:attachment":[{"href":"https:\/\/semmelweis.hu\/borklinika\/wp-json\/wp\/v2\/media?parent=7216"}],"wp:term":[{"taxonomy":"category","embeddable":true,"href":"https:\/\/semmelweis.hu\/borklinika\/wp-json\/wp\/v2\/categories?post=7216"},{"taxonomy":"post_tag","embeddable":true,"href":"https:\/\/semmelweis.hu\/borklinika\/wp-json\/wp\/v2\/tags?post=7216"}],"curies":[{"name":"wp","href":"https:\/\/api.w.org\/{rel}","templated":true}]}}