{"id":7,"date":"2012-02-01T10:29:08","date_gmt":"2012-02-01T09:29:08","guid":{"rendered":"http:\/\/semmelweis-egyetem.hu\/borklinika\/?page_id=7"},"modified":"2024-09-26T08:10:55","modified_gmt":"2024-09-26T06:10:55","slug":"elerhetoseg","status":"publish","type":"page","link":"https:\/\/semmelweis.hu\/borklinika\/elerhetoseg\/","title":{"rendered":"El\u00e9rhet\u0151s\u00e9g"},"content":{"rendered":"<h4><strong>B\u0151r-, Nemik\u00f3rtani \u00e9s B\u0151ronkol\u00f3giai Klinika<\/strong><\/h4>\n<p><strong>C\u00edm:<\/strong> 1085 Budapest, VIII. M\u00e1ria u. 41.<br \/>\n<strong>Telefon:<\/strong> 459-1500, 266-0465, 266-0468 (egyetemi k\u00f6zponti sz\u00e1m)<\/p>\n<h5>A klinika megk\u00f6zel\u00edthet\u0151s\u00e9ge:<\/h5>\n<ul>\n<li style=\"text-align: justify\"><strong>gyalogosk\u00e9nt<\/strong>: a Baross utcai kapu fel\u0151l<\/li>\n<li style=\"text-align: justify\"><strong>aut\u00f3val<\/strong>: parkol\u00e1s a k\u00f6rnyez\u0151 utc\u00e1kban (\u00dcll\u0151i \u00fat, M\u00e1ria u., Szentkir\u00e1lyi u., Baross u.) &#8211;\u00a0<em>h\u00e9tk\u00f6znap munkaid\u0151ben a parkol\u00e1s d\u00edjk\u00f6teles.\u00a0<\/em>A klinikai t\u00f6mb bels\u0151 ter\u00fclet\u00e9re a behajt\u00e1s nem enged\u00e9lyezett.<\/li>\n<li style=\"text-align: justify\"><strong>t\u00f6megk\u00f6zleked\u00e9ssel<\/strong>: M3 metr\u00f3 \/ 4-6 villamos Corvin negyed meg\u00e1ll\u00f3ja, 83-as trolibusz \u00dcll\u0151i \u00fat meg\u00e1ll\u00f3ja.<\/li>\n<\/ul>\n<p><strong>A klinika \u00e9p\u00fclete akad\u00e1lymentes\u00edtett.<\/strong><\/p>\n\n<!-- iframe plugin v.4.9 wordpress.org\/plugins\/iframe\/ -->\n<iframe loading=\"lazy\" src=\"https:\/\/www.google.com\/maps\/embed?pb=!1m18!1m12!1m3!1d2696.144777907548!2d19.068097500000007!3d47.48709289999996!2m3!1f0!2f0!3f0!3m2!1i1024!2i768!4f13.1!3m3!1m2!1s0x4741dc59c6278221%3A0x3ae9e136232b0c74!2s1085+Budapest%2C+M%C3%A1ria+utca+41!5e0!3m2!1shu!2shu!4v1399464290980\" width=\"100%\" height=\"450\" scrolling=\"yes\" class=\"iframe-class\" frameborder=\"0\"><\/iframe>\n\n","protected":false},"excerpt":{"rendered":"<p>B\u0151r-, Nemik\u00f3rtani \u00e9s B\u0151ronkol\u00f3giai Klinika C\u00edm: 1085 Budapest, VIII. M\u00e1ria u. 41. Telefon: 459-1500, 266-0465, 266-0468 (egyetemi k\u00f6zponti sz\u00e1m) A klinika megk\u00f6zel\u00edthet\u0151s\u00e9ge: gyalogosk\u00e9nt: a Baross utcai kapu fel\u0151l aut\u00f3val: parkol\u00e1s a k\u00f6rnyez\u0151 utc\u00e1kban (\u00dcll\u0151i \u00fat, M\u00e1ria u., Szentkir\u00e1lyi u., Baross u.) &#8211;\u00a0h\u00e9tk\u00f6znap munkaid\u0151ben a parkol\u00e1s d\u00edjk\u00f6teles.\u00a0A klinikai t\u00f6mb bels\u0151 ter\u00fclet\u00e9re a behajt\u00e1s nem enged\u00e9lyezett. t\u00f6megk\u00f6zleked\u00e9ssel: &hellip;<\/p>\n","protected":false},"author":101536,"featured_media":0,"parent":0,"menu_order":6,"comment_status":"closed","ping_status":"closed","template":"","meta":{"_acf_changed":false,"footnotes":""},"categories":[],"tags":[],"class_list":["post-7","page","type-page","status-publish","hentry"],"acf":[],"_links":{"self":[{"href":"https:\/\/semmelweis.hu\/borklinika\/wp-json\/wp\/v2\/pages\/7","targetHints":{"allow":["GET"]}}],"collection":[{"href":"https:\/\/semmelweis.hu\/borklinika\/wp-json\/wp\/v2\/pages"}],"about":[{"href":"https:\/\/semmelweis.hu\/borklinika\/wp-json\/wp\/v2\/types\/page"}],"author":[{"embeddable":true,"href":"https:\/\/semmelweis.hu\/borklinika\/wp-json\/wp\/v2\/users\/101536"}],"replies":[{"embeddable":true,"href":"https:\/\/semmelweis.hu\/borklinika\/wp-json\/wp\/v2\/comments?post=7"}],"version-history":[{"count":10,"href":"https:\/\/semmelweis.hu\/borklinika\/wp-json\/wp\/v2\/pages\/7\/revisions"}],"predecessor-version":[{"id":7212,"href":"https:\/\/semmelweis.hu\/borklinika\/wp-json\/wp\/v2\/pages\/7\/revisions\/7212"}],"wp:attachment":[{"href":"https:\/\/semmelweis.hu\/borklinika\/wp-json\/wp\/v2\/media?parent=7"}],"wp:term":[{"taxonomy":"category","embeddable":true,"href":"https:\/\/semmelweis.hu\/borklinika\/wp-json\/wp\/v2\/categories?post=7"},{"taxonomy":"post_tag","embeddable":true,"href":"https:\/\/semmelweis.hu\/borklinika\/wp-json\/wp\/v2\/tags?post=7"}],"curies":[{"name":"wp","href":"https:\/\/api.w.org\/{rel}","templated":true}]}}