{"id":6611,"date":"2020-02-25T12:07:10","date_gmt":"2020-02-25T11:07:10","guid":{"rendered":"http:\/\/semmelweis.hu\/borklinika\/?page_id=6611"},"modified":"2024-10-09T10:11:06","modified_gmt":"2024-10-09T08:11:06","slug":"pszichologus","status":"publish","type":"page","link":"https:\/\/semmelweis.hu\/borklinika\/a-betegellatas-fo-profiljai\/pszichologus\/","title":{"rendered":"Pszichol\u00f3gus"},"content":{"rendered":"<p style=\"text-align: justify\">Klinik\u00e1nk t\u00f6bb \u00e9ve r\u00e9szt vesz a szakpszichol\u00f3gus-k\u00e9pz\u00e9sben. Ennek k\u00f6sz\u00f6nhet\u0151en folyamatos a pszichol\u00f3gus jelenl\u00e9te int\u00e9zet\u00fcnkben. Ez\u00e9rt az \u00e1ltalunk ell\u00e1tott, gondozott p\u00e1ciensek k\u00e9rhetik pszichol\u00f3gus t\u00e1mogat\u00e1s\u00e1t.<br \/>\nAz erre val\u00f3 ig\u00e9nyt a kezel\u0151orvosnak sz\u00fcks\u00e9ges jelezni.\u00a0 Az ell\u00e1t\u00e1s t\u00e9r\u00edt\u00e9smentes.<\/p>\n","protected":false},"excerpt":{"rendered":"<p>Klinik\u00e1nk t\u00f6bb \u00e9ve r\u00e9szt vesz a szakpszichol\u00f3gus-k\u00e9pz\u00e9sben. Ennek k\u00f6sz\u00f6nhet\u0151en folyamatos a pszichol\u00f3gus jelenl\u00e9te int\u00e9zet\u00fcnkben. Ez\u00e9rt az \u00e1ltalunk ell\u00e1tott, gondozott p\u00e1ciensek k\u00e9rhetik pszichol\u00f3gus t\u00e1mogat\u00e1s\u00e1t.<br \/>\nAz erre val\u00f3 ig\u00e9nyt a kezel\u0151orvosnak sz\u00fcks\u00e9ges jelezni.\u00a0 Az ell\u00e1t\u00e1s t\u00e9r\u00edt\u00e9smentes.<\/p>\n","protected":false},"author":101244,"featured_media":0,"parent":9,"menu_order":10,"comment_status":"closed","ping_status":"closed","template":"","meta":{"_acf_changed":false,"footnotes":""},"categories":[],"tags":[],"class_list":["post-6611","page","type-page","status-publish","hentry"],"acf":[],"_links":{"self":[{"href":"https:\/\/semmelweis.hu\/borklinika\/wp-json\/wp\/v2\/pages\/6611","targetHints":{"allow":["GET"]}}],"collection":[{"href":"https:\/\/semmelweis.hu\/borklinika\/wp-json\/wp\/v2\/pages"}],"about":[{"href":"https:\/\/semmelweis.hu\/borklinika\/wp-json\/wp\/v2\/types\/page"}],"author":[{"embeddable":true,"href":"https:\/\/semmelweis.hu\/borklinika\/wp-json\/wp\/v2\/users\/101244"}],"replies":[{"embeddable":true,"href":"https:\/\/semmelweis.hu\/borklinika\/wp-json\/wp\/v2\/comments?post=6611"}],"version-history":[{"count":4,"href":"https:\/\/semmelweis.hu\/borklinika\/wp-json\/wp\/v2\/pages\/6611\/revisions"}],"predecessor-version":[{"id":6643,"href":"https:\/\/semmelweis.hu\/borklinika\/wp-json\/wp\/v2\/pages\/6611\/revisions\/6643"}],"up":[{"embeddable":true,"href":"https:\/\/semmelweis.hu\/borklinika\/wp-json\/wp\/v2\/pages\/9"}],"wp:attachment":[{"href":"https:\/\/semmelweis.hu\/borklinika\/wp-json\/wp\/v2\/media?parent=6611"}],"wp:term":[{"taxonomy":"category","embeddable":true,"href":"https:\/\/semmelweis.hu\/borklinika\/wp-json\/wp\/v2\/categories?post=6611"},{"taxonomy":"post_tag","embeddable":true,"href":"https:\/\/semmelweis.hu\/borklinika\/wp-json\/wp\/v2\/tags?post=6611"}],"curies":[{"name":"wp","href":"https:\/\/api.w.org\/{rel}","templated":true}]}}