{"id":6330,"date":"2019-12-19T10:48:43","date_gmt":"2019-12-19T09:48:43","guid":{"rendered":"http:\/\/semmelweis.hu\/borklinika\/?page_id=6330"},"modified":"2025-09-29T12:08:51","modified_gmt":"2025-09-29T10:08:51","slug":"fekely-szakambulancia","status":"publish","type":"page","link":"https:\/\/semmelweis.hu\/borklinika\/a-betegellatas-fo-profiljai\/jarobeteg-ellatas\/fekely-szakambulancia\/","title":{"rendered":"Fek\u00e9ly Szakambulancia"},"content":{"rendered":"<p style=\"text-align: justify\">Szakrendel\u00e9s\u00fcnk\u00f6n az als\u00f3 v\u00e9gtagot illetve egy\u00e9b testt\u00e1jakat \u00e9rint\u0151, k\u00fcl\u00f6nb\u00f6z\u0151 h\u00e1tter\u0171 kr\u00f3nikus sebek diagnosztik\u00e1j\u00e1t, kezel\u00e9s \u00e9s gondoz\u00e1s\u00e1t v\u00e9gezz\u00fck.<\/p>\n<p>F\u0151 profilok:<\/p>\n<ul>\n<li>a v\u00e9n\u00e1s (visszeres), art\u00e9ri\u00e1s (\u00fct\u0151eres) vagy diabeteses eredet\u0171 fek\u00e9lyek<\/li>\n<li>kiemelt figyelmet ford\u00edtunk a ritka\n<ul>\n<li>autoimmun<\/li>\n<li>tumoros<\/li>\n<li>v\u00e9ralvad\u00e1s zavar\u00e1val (thrombophyli\u00e1k) \u00f6sszef\u00fcgg\u0151 fek\u00e9lyekre<\/li>\n<\/ul>\n<\/li>\n<\/ul>\n<p style=\"text-align: justify\">Az elm\u00falt \u00e9vben k\u00f6zel 200 beteg rendszeres gondoz\u00e1s\u00e1t v\u00e9gezt\u00fck. A legkorszer\u0171bb \u00fan. intelligens k\u00f6tszerek mellett az fekv\u0151beteg r\u00e9szleggel szorosan egy\u00fcttm\u0171k\u00f6dve rendszeres kering\u00e9sjav\u00edt\u00f3 kezel\u00e9seket, \u00e9s egy\u00e9b speci\u00e1lis gy\u00f3gym\u00f3dok lehet\u0151s\u00e9g\u00e9t (pl. negat\u00edvnyom\u00e1s-ter\u00e1pia) biztos\u00edtjuk.<\/p>\n<p style=\"text-align: justify\">A t\u00e1rsszakm\u00e1kkal szorosan egy\u00fcttm\u0171k\u00f6dve az ell\u00e1t\u00e1s hat\u00e9konys\u00e1g\u00e1t \u00e9s a f\u00e1jdalomcsillap\u00edt\u00e1s jelent\u0151s\u00e9g\u00e9t priorit\u00e1sk\u00e9nt kezelj\u00fck.<\/p>\n<div dir=\"ltr\">\n<div style=\"text-align: justify\"><strong>A Fek\u00e9ly Szakambulanci\u00e1n t\u00f6rt\u00e9n\u0151 vizsg\u00e1latot minden esetben az \u00c1ltal\u00e1nos Ambulanci\u00e1n t\u00f6rt\u00e9n\u0151 vizsg\u00e1lat kell, hogy megel\u0151zze, ennek hi\u00e1ny\u00e1ban nem \u00e1ll m\u00f3dunkban a rendel\u00e9sre id\u0151pontot adni.<\/strong><\/div>\n<div>\u00a0<\/div>\n<div style=\"text-align: justify\"><span style=\"text-decoration: underline\">Gondozott betegeink sz\u00e1m\u00e1ra<\/span> id\u0151pont egyeztet\u00e9s c\u00e9lj\u00e1b\u00f3l a <strong>+36-20-666-3761<\/strong> telefonsz\u00e1m\u00a0minden <strong>kedden 12.00-14.00 \u00f3ra\u00a0<\/strong>\u00e9s minden <strong>cs\u00fct\u00f6rt\u00f6k\u00f6n 13.00-14.00<\/strong> \u00f3ra k\u00f6z\u00f6tt h\u00edvhat\u00f3.<\/div>\n<div>\u00a0<\/div>\n<div style=\"text-align: justify\"><span style=\"text-align: justify;font-size: 1rem\">Az els\u0151 vizsg\u00e1latra kor\u00e1bbi b\u0151rgy\u00f3gy\u00e1szati, \u00e9rseb\u00e9szeti, angiol\u00f3giai \u00e9s egy\u00e9b l\u00e9nyeges orvosi dokument\u00e1ci\u00f3j\u00e1t, a rendszeresen szedett gy\u00f3gyszerek,ismert gy\u00f3gyszer\u00e9rz\u00e9kenys\u00e9gek list\u00e1j\u00e1t illetve 6 h\u00f3napn\u00e1l nem r\u00e9gebbi v\u00e9rv\u00e9teli lelet\u00e9t hozza el!<\/span><\/div>\n<div>\u00a0<\/div>\n<div><span style=\"font-size: 1rem\">Rendel\u0151 orvosok:<\/span><\/div>\n<div><span style=\"font-size: 1rem\"><br \/>\n\u00a0 \u00a0 \u00a0 \u00a0 \u00a0 \u00a0 \u00a0 \u00a0 Dr. B\u00e1nv\u00f6lgyi Andr\u00e1s egyetemi docens \u2013 vezet\u0151<\/span><\/div>\n<div>\u00a0 \u00a0 \u00a0 \u00a0 \u00a0 \u00a0 \u00a0 \u00a0 Dr. Kiss Norbert egyetemi tan\u00e1rseg\u00e9d<\/div>\n<\/div>\n<p style=\"padding-left: 80px\">Dr. T\u00f3th B\u00e9la egyetemi adjunktus<br \/>\nDr. Jobb\u00e1gy Antal<br \/>\nDr. Anker P\u00e1lma<\/p>\n<p>Tov\u00e1bbi munkat\u00e1rsak:<\/p>\n<p>\u00a0 \u00a0 \u00a0 \u00a0 \u00a0 \u00a0 \u00a0 \u00a0 Horv\u00e1th Imre<br \/>\n\u00a0\u00a0\u00a0\u00a0\u00a0<\/p>\n","protected":false},"excerpt":{"rendered":"<p>Szakrendel\u00e9s\u00fcnk\u00f6n az als\u00f3 v\u00e9gtagot illetve egy\u00e9b testt\u00e1jakat \u00e9rint\u0151, k\u00fcl\u00f6nb\u00f6z\u0151 h\u00e1tter\u0171 kr\u00f3nikus sebek diagnosztik\u00e1j\u00e1t, kezel\u00e9s \u00e9s gondoz\u00e1s\u00e1t v\u00e9gezz\u00fck. F\u0151 profilok: a v\u00e9n\u00e1s (visszeres), art\u00e9ri\u00e1s (\u00fct\u0151eres) vagy diabeteses eredet\u0171 fek\u00e9lyek kiemelt figyelmet ford\u00edtunk a ritka autoimmun tumoros v\u00e9ralvad\u00e1s zavar\u00e1val (thrombophyli\u00e1k) \u00f6sszef\u00fcgg\u0151 fek\u00e9lyekre Az elm\u00falt \u00e9vben k\u00f6zel 200 beteg rendszeres gondoz\u00e1s\u00e1t v\u00e9gezt\u00fck. A legkorszer\u0171bb \u00fan. intelligens k\u00f6tszerek mellett &hellip;<\/p>\n","protected":false},"author":101274,"featured_media":0,"parent":217,"menu_order":7,"comment_status":"closed","ping_status":"closed","template":"","meta":{"_acf_changed":false,"footnotes":""},"categories":[],"tags":[],"class_list":["post-6330","page","type-page","status-publish","hentry"],"acf":[],"_links":{"self":[{"href":"https:\/\/semmelweis.hu\/borklinika\/wp-json\/wp\/v2\/pages\/6330","targetHints":{"allow":["GET"]}}],"collection":[{"href":"https:\/\/semmelweis.hu\/borklinika\/wp-json\/wp\/v2\/pages"}],"about":[{"href":"https:\/\/semmelweis.hu\/borklinika\/wp-json\/wp\/v2\/types\/page"}],"author":[{"embeddable":true,"href":"https:\/\/semmelweis.hu\/borklinika\/wp-json\/wp\/v2\/users\/101274"}],"replies":[{"embeddable":true,"href":"https:\/\/semmelweis.hu\/borklinika\/wp-json\/wp\/v2\/comments?post=6330"}],"version-history":[{"count":10,"href":"https:\/\/semmelweis.hu\/borklinika\/wp-json\/wp\/v2\/pages\/6330\/revisions"}],"predecessor-version":[{"id":13202,"href":"https:\/\/semmelweis.hu\/borklinika\/wp-json\/wp\/v2\/pages\/6330\/revisions\/13202"}],"up":[{"embeddable":true,"href":"https:\/\/semmelweis.hu\/borklinika\/wp-json\/wp\/v2\/pages\/217"}],"wp:attachment":[{"href":"https:\/\/semmelweis.hu\/borklinika\/wp-json\/wp\/v2\/media?parent=6330"}],"wp:term":[{"taxonomy":"category","embeddable":true,"href":"https:\/\/semmelweis.hu\/borklinika\/wp-json\/wp\/v2\/categories?post=6330"},{"taxonomy":"post_tag","embeddable":true,"href":"https:\/\/semmelweis.hu\/borklinika\/wp-json\/wp\/v2\/tags?post=6330"}],"curies":[{"name":"wp","href":"https:\/\/api.w.org\/{rel}","templated":true}]}}