{"id":5885,"date":"2019-10-07T17:16:46","date_gmt":"2019-10-07T15:16:46","guid":{"rendered":"http:\/\/semmelweis.hu\/borklinika\/?page_id=5885"},"modified":"2025-09-29T13:42:46","modified_gmt":"2025-09-29T11:42:46","slug":"klinikai-vizsgalatok","status":"publish","type":"page","link":"https:\/\/semmelweis.hu\/borklinika\/kutatasi-tevekenysegek\/klinikai-vizsgalatok\/","title":{"rendered":"Klinikai vizsg\u00e1latok"},"content":{"rendered":"<p style=\"text-align: justify\">Klinik\u00e1nkon sz\u00e1mos betegs\u00e9g kezel\u00e9s\u00e9re \u00fan. klinikai vizsg\u00e1lat keret\u00e9n bel\u00fcl is lehet\u0151s\u00e9g van.\u00a0 A klinikai vizsg\u00e1lat olyan emberen v\u00e9gzett orvostudom\u00e1nyi kutat\u00e1s, amelynek c\u00e9lja egy gy\u00f3gy\u00edt\u00e1sra sz\u00e1nt hat\u00f3anyag tulajdons\u00e1gainak, hat\u00e1sainak, illetve az \u00e1ltala kiv\u00e1ltott nem k\u00edv\u00e1natos hat\u00e1soknak a felt\u00e1r\u00e1sa. A klinikai vizsg\u00e1latra, vagyis a hat\u00f3anyag emberen t\u00f6rt\u00e9n\u0151 alkalmaz\u00e1s\u00e1ra, term\u00e9szetesen csak szigor\u00fa el\u0151\u00edr\u00e1sok szerint lefolytatott laborat\u00f3riumi- \u00e9s \u00e1llatk\u00eds\u00e9rletek ut\u00e1n ker\u00fclhet sor.\u00a0A klinikai vizsg\u00e1latok c\u00e9lja a gy\u00f3gyszeres ter\u00e1pia fejl\u0151d\u00e9se, egyre hat\u00e1sosabb \u00e9s biztons\u00e1gosabb gy\u00f3gyszerek kifejleszt\u00e9se.<\/p>\n<p style=\"text-align: justify\">Klinik\u00e1nkon sz\u00e1mos indik\u00e1ci\u00f3val zajlanak jelenleg klinikai vizsg\u00e1latok, \u00fagymint psoriasis, at\u00f3pi\u00e1s dermatitis, melanoma malignum, urticaria, acne, STD-k.\u00a0<\/p>\n<p style=\"text-align: justify\">A folyamatban l\u00e9v\u0151 vizsg\u00e1latokkal kapcsolatban k\u00e9rj\u00fck keresse az egyes vizsg\u00e1latokn\u00e1l megjel\u00f6lt koll\u00e9g\u00e1inkat (lsd. almen\u00fcpontok).\u00a0 \u00a0<\/p>\n","protected":false},"excerpt":{"rendered":"<p>Klinik\u00e1nkon sz\u00e1mos betegs\u00e9g kezel\u00e9s\u00e9re \u00fan. klinikai vizsg\u00e1lat keret\u00e9n bel\u00fcl is lehet\u0151s\u00e9g van.\u00a0 A klinikai vizsg\u00e1lat olyan emberen v\u00e9gzett orvostudom\u00e1nyi kutat\u00e1s, amelynek c\u00e9lja egy gy\u00f3gy\u00edt\u00e1sra sz\u00e1nt hat\u00f3anyag tulajdons\u00e1gainak, hat\u00e1sainak, illetve az \u00e1ltala kiv\u00e1ltott nem k\u00edv\u00e1natos hat\u00e1soknak a felt\u00e1r\u00e1sa. A klinikai vizsg\u00e1latra, vagyis a hat\u00f3anyag emberen t\u00f6rt\u00e9n\u0151 alkalmaz\u00e1s\u00e1ra, term\u00e9szetesen csak szigor\u00fa el\u0151\u00edr\u00e1sok szerint lefolytatott laborat\u00f3riumi- \u00e9s \u00e1llatk\u00eds\u00e9rletek &hellip;<\/p>\n","protected":false},"author":101274,"featured_media":0,"parent":10,"menu_order":2,"comment_status":"closed","ping_status":"closed","template":"","meta":{"_acf_changed":false,"footnotes":""},"categories":[],"tags":[],"class_list":["post-5885","page","type-page","status-publish","hentry"],"acf":[],"_links":{"self":[{"href":"https:\/\/semmelweis.hu\/borklinika\/wp-json\/wp\/v2\/pages\/5885","targetHints":{"allow":["GET"]}}],"collection":[{"href":"https:\/\/semmelweis.hu\/borklinika\/wp-json\/wp\/v2\/pages"}],"about":[{"href":"https:\/\/semmelweis.hu\/borklinika\/wp-json\/wp\/v2\/types\/page"}],"author":[{"embeddable":true,"href":"https:\/\/semmelweis.hu\/borklinika\/wp-json\/wp\/v2\/users\/101274"}],"replies":[{"embeddable":true,"href":"https:\/\/semmelweis.hu\/borklinika\/wp-json\/wp\/v2\/comments?post=5885"}],"version-history":[{"count":6,"href":"https:\/\/semmelweis.hu\/borklinika\/wp-json\/wp\/v2\/pages\/5885\/revisions"}],"predecessor-version":[{"id":5930,"href":"https:\/\/semmelweis.hu\/borklinika\/wp-json\/wp\/v2\/pages\/5885\/revisions\/5930"}],"up":[{"embeddable":true,"href":"https:\/\/semmelweis.hu\/borklinika\/wp-json\/wp\/v2\/pages\/10"}],"wp:attachment":[{"href":"https:\/\/semmelweis.hu\/borklinika\/wp-json\/wp\/v2\/media?parent=5885"}],"wp:term":[{"taxonomy":"category","embeddable":true,"href":"https:\/\/semmelweis.hu\/borklinika\/wp-json\/wp\/v2\/categories?post=5885"},{"taxonomy":"post_tag","embeddable":true,"href":"https:\/\/semmelweis.hu\/borklinika\/wp-json\/wp\/v2\/tags?post=5885"}],"curies":[{"name":"wp","href":"https:\/\/api.w.org\/{rel}","templated":true}]}}