{"id":495,"date":"2014-05-23T10:25:29","date_gmt":"2014-05-23T10:25:29","guid":{"rendered":"http:\/\/semmelweis.hu\/borklinika\/?page_id=495"},"modified":"2025-11-24T12:22:10","modified_gmt":"2025-11-24T11:22:10","slug":"fakultat-fur-zahnmedizin","status":"publish","type":"page","link":"https:\/\/semmelweis.hu\/borklinika\/de\/fur-studenten\/fakultat-fur-zahnmedizin\/","title":{"rendered":"Fakult\u00e4t f\u00fcr Zahnmedizin"},"content":{"rendered":"<p><strong>SEMESTERTHEMATIK\u00a0<em>DERMATOLOGIE UND VENEROLOGIE<\/em>\u00a0<br \/>\nF\u00dcR ZAHNMEDIZIN-STUDENTEN<br \/>\nJAHRGANG V., I. SEMESTER, 2025\/26\u00a0<\/strong><\/p>\n<p>Termin:\u00a0\u00a0\u00a0\u00a0\u00a0\u00a0\u00a0\u00a0\u00a0\u00a0\u00a0<br \/>\nDonnerstags zwischen 15:00 \u2013 15:45 (Vorlesung) bzw. 15:00-16:30 (Praktikum)<\/p>\n<p>Ort:\u00a0\u00a0\u00a0\u00a0\u00a0\u00a0\u00a0\u00a0\u00a0\u00a0\u00a0\u00a0\u00a0\u00a0\u00a0\u00a0\u00a0<br \/>\nKlinik f\u00fcr Dermatologie, M\u00e1ria utca 41.<br \/>\nVorlesungen im Saal 209, im 2. OG des Klinikgeb\u00e4udes<br \/>\nTreffpunkt f\u00fcr Praktika im Foyer im Hochparterre der Klinik<\/p>\n<p>Zust\u00e4ndig f\u00fcr die Fakult\u00e4t:\u00a0\u00a0<br \/>\nDr. Bernadett Hidv\u00e9gi<\/p>\n<p>Zust\u00e4ndig f\u00fcr die StudentInnen:<br \/>\nDr. Anik\u00f3 Kov\u00e1cs (+36-20-670-1564)<\/p>\n<p>Praktikumsleiter:<br \/>\nDr. Veronika Kolonics, Dr. Tam\u00e1s Malkovics<\/p>\n<p>Lehrbuch:<br \/>\nDuale Reihe Dermatologie, Thieme Verlag<\/p>\n<p>Vorlesungen:\u00a0<\/p>\n<p>\u00a0<strong> 4 September:\u00a0<\/strong><em><br \/>\n\u00a0 \u00a0 \u00a0 Einf\u00fchrung in die allgemeine dermatologische Pathologie und Diagnostik<br \/>\n<\/em>\u00a0 \u00a0 \u00a0 Prof. Dr. Mikl\u00f3s S\u00e1rdy<\/p>\n<p>\u00a0 <strong>18 September:<\/strong><\/p>\n<p><em>\u00a0 \u00a0 \u00a0Infektionskrankheiten der Haut (Bakterielle und virale Infektionen, Mykosen)<br \/>\n<\/em>\u00a0 \u00a0 \u00a0Dr. No\u00e9mi Mihalik<\/p>\n<p><strong>\u00a0 02 Oktober:<\/strong><\/p>\n<p><em>\u00a0 \u00a0 \u00a0Blasenbildende Autoimmunerkrankungen\u00a0<\/em><\/p>\n<p><em>\u00a0 \u00a0 \u00a0<\/em>Prof. Dr. Mikl\u00f3s S\u00e1rdy<\/p>\n<p>\u00a0<strong> 16 Oktober:<\/strong><\/p>\n<p><em>\u00a0 \u00a0 \u00a0Sexuell \u00fcbertragbare Infektionen (Gonorrh\u00f6, Syphilis, HIV)<\/em><\/p>\n<p>\u00a0 \u00a0 \u00a0Dr. No\u00e9mi Mihalik<\/p>\n<p><strong>\u00a0 30 Oktober:<\/strong><br \/>\n<em>\u00a0 \u00a0 \u00a0Arzneimittelreaktionen<br \/>\n<\/em>\u00a0 \u00a0 \u00a0Prof. Dr. Mikl\u00f3s S\u00e1rdy<\/p>\n<p>\u00a0<strong> 13 November:<\/strong><br \/>\n<em>\u00a0 \u00a0 \u00a0Onkodermatologie (Pigmentn\u00e4vi, Basaliom, Spinaliom, malignes Melanom, Kaposi-Sarkom)<br \/>\n\u00a0 \u00a0 \u00a0Dr. Aniko Kovacs<\/em><\/p>\n<p>\u00a0 <strong>27 November:<\/strong><\/p>\n<p><em>\u00a0 \u00a0 Mundschleimhauterkrankungen und periorale Dermatosen\u00a0<\/em><\/p>\n<p>\u00a0 \u00a0 \u00a0Prof. Dr. Mikl\u00f3s S\u00e1rdy\u00a0\u00a0<\/p>\n<p>&nbsp;<\/p>\n<p><strong>Termine der Praktika:<\/strong><\/p>\n<p>\u00a0 \u00a0 \u00a0 \u00a011 September<br \/>\n\u00a0 \u00a0 \u00a0 \u00a025 September<br \/>\n\u00a0 \u00a0 \u00a0 \u00a09 Oktober<br \/>\n\u00a0 \u00a0 \u00a0 \u00a006 November<br \/>\n\u00a0 \u00a0 \u00a0 \u00a020 November<br \/>\n\u00a0 \u00a0 \u00a0 \u00a04 Dezember<\/p>\n","protected":false},"excerpt":{"rendered":"<p>SEMESTERTHEMATIK\u00a0DERMATOLOGIE UND VENEROLOGIE\u00a0 F\u00dcR ZAHNMEDIZIN-STUDENTEN JAHRGANG V., I. SEMESTER, 2025\/26\u00a0 Termin:\u00a0\u00a0\u00a0\u00a0\u00a0\u00a0\u00a0\u00a0\u00a0\u00a0\u00a0 Donnerstags zwischen 15:00 \u2013 15:45 (Vorlesung) bzw. 15:00-16:30 (Praktikum) Ort:\u00a0\u00a0\u00a0\u00a0\u00a0\u00a0\u00a0\u00a0\u00a0\u00a0\u00a0\u00a0\u00a0\u00a0\u00a0\u00a0\u00a0 Klinik f\u00fcr Dermatologie, M\u00e1ria utca 41. Vorlesungen im Saal 209, im 2. OG des Klinikgeb\u00e4udes Treffpunkt f\u00fcr Praktika im Foyer im Hochparterre der Klinik Zust\u00e4ndig f\u00fcr die Fakult\u00e4t:\u00a0\u00a0 Dr. Bernadett Hidv\u00e9gi Zust\u00e4ndig f\u00fcr die &hellip;<\/p>\n","protected":false},"author":101242,"featured_media":0,"parent":480,"menu_order":2,"comment_status":"closed","ping_status":"closed","template":"","meta":{"_acf_changed":false,"footnotes":""},"categories":[],"tags":[],"class_list":["post-495","page","type-page","status-publish","hentry"],"acf":[],"_links":{"self":[{"href":"https:\/\/semmelweis.hu\/borklinika\/wp-json\/wp\/v2\/pages\/495","targetHints":{"allow":["GET"]}}],"collection":[{"href":"https:\/\/semmelweis.hu\/borklinika\/wp-json\/wp\/v2\/pages"}],"about":[{"href":"https:\/\/semmelweis.hu\/borklinika\/wp-json\/wp\/v2\/types\/page"}],"author":[{"embeddable":true,"href":"https:\/\/semmelweis.hu\/borklinika\/wp-json\/wp\/v2\/users\/101242"}],"replies":[{"embeddable":true,"href":"https:\/\/semmelweis.hu\/borklinika\/wp-json\/wp\/v2\/comments?post=495"}],"version-history":[{"count":12,"href":"https:\/\/semmelweis.hu\/borklinika\/wp-json\/wp\/v2\/pages\/495\/revisions"}],"predecessor-version":[{"id":13314,"href":"https:\/\/semmelweis.hu\/borklinika\/wp-json\/wp\/v2\/pages\/495\/revisions\/13314"}],"up":[{"embeddable":true,"href":"https:\/\/semmelweis.hu\/borklinika\/wp-json\/wp\/v2\/pages\/480"}],"wp:attachment":[{"href":"https:\/\/semmelweis.hu\/borklinika\/wp-json\/wp\/v2\/media?parent=495"}],"wp:term":[{"taxonomy":"category","embeddable":true,"href":"https:\/\/semmelweis.hu\/borklinika\/wp-json\/wp\/v2\/categories?post=495"},{"taxonomy":"post_tag","embeddable":true,"href":"https:\/\/semmelweis.hu\/borklinika\/wp-json\/wp\/v2\/tags?post=495"}],"curies":[{"name":"wp","href":"https:\/\/api.w.org\/{rel}","templated":true}]}}