{"id":4911,"date":"2019-03-13T21:04:08","date_gmt":"2019-03-13T20:04:08","guid":{"rendered":"http:\/\/semmelweis.hu\/borklinika\/?page_id=4911"},"modified":"2024-10-09T10:10:13","modified_gmt":"2024-10-09T08:10:13","slug":"europai-halozat-ern-skin","status":"publish","type":"page","link":"https:\/\/semmelweis.hu\/borklinika\/a-betegellatas-fo-profiljai\/europai-halozat-ern-skin\/","title":{"rendered":"Eur\u00f3pai Referencia H\u00e1l\u00f3zat (ERN-Skin)"},"content":{"rendered":"<p style=\"text-align: justify\"><a href=\"https:\/\/semmelweis.hu\/borklinika\/files\/2019\/03\/ERNSkin.png\"><img loading=\"lazy\" decoding=\"async\" class=\"size-full wp-image-4913 alignright\" src=\"https:\/\/semmelweis.hu\/borklinika\/files\/2019\/03\/ERNSkin.png\" alt=\"\" width=\"200\" height=\"127\" \/><\/a>Klinik\u00e1nk b\u0151rgy\u00f3gy\u00e1szati szak\u00e9rt\u0151i k\u00f6zpontk\u00e9nt tagja a Ritka \u00e9s Alacsony Prevalenci\u00e1j\u00fa\u00a0 Komplex Betegs\u00e9gek Eur\u00f3pai Referencia H\u00e1l\u00f3zat\u00e1nak (European Reference Network for rare or low-prevalence complex diseases).<\/p>\n<p>B\u0151vebb inform\u00e1ci\u00f3 <a href=\"https:\/\/ern-skin.eu\/\" target=\"_blank\" rel=\"noopener noreferrer\"><strong>A h\u00e1l\u00f3zat angol nyelv\u0171 honlapj\u00e1n olvashat\u00f3<\/strong> \u2192<\/a><\/p>\n<p>Az ERN-Skin t\u00e1j\u00e9koztat\u00f3t tett k\u00f6zz\u00e9 a ritka b\u0151rgy\u00f3gy\u00e1szati betegs\u00e9gek \u00e1ltal \u00e9rintettek sz\u00e1m\u00e1ra a COVID-19 j\u00e1rv\u00e1ny tekintet\u00e9ben. B\u0151vebb inform\u00e1ci\u00f3 \u00e9s a magyar ford\u00edt\u00e1s <a href=\"https:\/\/semmelweis.hu\/borklinika\/files\/2020\/04\/HUN_ERN-Skin-and-Covid-19_virusAPMM_v3.pdf\" target=\"_blank\" rel=\"noopener noreferrer\">IDE<\/a> kattintva \u00e9rhet\u0151 el.<\/p>\n<div id=\"GroupWiseSection_1616422170000_sillo.palma@med.semmelweis-univ.hu_413069011A1F0000BB5A000000000000_\" class=\"GroupWiseMessageBody\">\n<div>Az ERN-Skin k\u00e9t Covid olt\u00e1s javaslata is el\u00e9rhet\u0151:<\/div>\n<ul>\n<li>Epidermolysis Bullosa &#8211; magyar \u00e9s angol nyelven <a href=\"https:\/\/semmelweis.hu\/borklinika\/files\/2021\/03\/EB-Covid-vaccine-olt\u00e1s.pdf\" target=\"_blank\" rel=\"noopener noreferrer\">IDE<\/a> kattintva olvashat\u00f3<\/li>\n<li><span style=\"font-size: 1rem\">Ichthyosis &#8211; magyar \u00e9s angol nyelven <\/span><a href=\"https:\/\/semmelweis.hu\/borklinika\/files\/2021\/03\/Covid-olt\u00e1s-ERN-ichthyosis_2.pdf\" target=\"_blank\" rel=\"noopener noreferrer\">IDE<\/a><span style=\"font-size: 1rem\"> kattintva olvashat\u00f3<\/span><\/li>\n<\/ul>\n<\/div>\n<p>&nbsp;<\/p>\n<p>&nbsp;<\/p>\n","protected":false},"excerpt":{"rendered":"<p><a href=\"https:\/\/semmelweis.hu\/borklinika\/files\/2019\/03\/ERNSkin.png\"><\/a> Klinik\u00e1nk b\u0151rgy\u00f3gy\u00e1szati szak\u00e9rt\u0151i k\u00f6zpontk\u00e9nt tagja a Ritka \u00e9s Alacsony Prevalenci\u00e1j\u00fa\u00a0 Komplex Betegs\u00e9gek Eur\u00f3pai Referencia H\u00e1l\u00f3zat\u00e1nak (European Reference Network for rare or low-prevalence complex diseases). B\u0151vebb inform\u00e1ci\u00f3 <a href=\"https:\/\/ern-skin.eu\/\" target=\"_blank\" rel=\"noopener noreferrer\">A h\u00e1l\u00f3zat angol nyelv\u0171 honlapj\u00e1n olvashat\u00f3 \u2192<\/a> Az ERN-Skin t\u00e1j\u00e9koztat\u00f3t tett k\u00f6zz\u00e9 a ritka b\u0151rgy\u00f3gy\u00e1szati betegs\u00e9gek \u00e1ltal \u00e9rintettek sz\u00e1m\u00e1ra a COVID-19 j\u00e1rv\u00e1ny tekintet\u00e9ben. B\u0151vebb inform\u00e1ci\u00f3 \u00e9s a magyar ford\u00edt\u00e1s <a href=\"https:\/\/semmelweis.hu\/borklinika\/files\/2020\/04\/HUN_ERN-Skin-and-Covid-19_virusAPMM_v3.pdf\" target=\"_blank\" rel=\"noopener noreferrer\">IDE<\/a> kattintva \u00e9rhet\u0151 el. Az ERN-Skin k\u00e9t Covid &hellip;<\/p>\n","protected":false},"author":101274,"featured_media":0,"parent":9,"menu_order":7,"comment_status":"closed","ping_status":"closed","template":"","meta":{"_acf_changed":false,"footnotes":""},"categories":[],"tags":[],"class_list":["post-4911","page","type-page","status-publish","hentry"],"acf":[],"_links":{"self":[{"href":"https:\/\/semmelweis.hu\/borklinika\/wp-json\/wp\/v2\/pages\/4911","targetHints":{"allow":["GET"]}}],"collection":[{"href":"https:\/\/semmelweis.hu\/borklinika\/wp-json\/wp\/v2\/pages"}],"about":[{"href":"https:\/\/semmelweis.hu\/borklinika\/wp-json\/wp\/v2\/types\/page"}],"author":[{"embeddable":true,"href":"https:\/\/semmelweis.hu\/borklinika\/wp-json\/wp\/v2\/users\/101274"}],"replies":[{"embeddable":true,"href":"https:\/\/semmelweis.hu\/borklinika\/wp-json\/wp\/v2\/comments?post=4911"}],"version-history":[{"count":9,"href":"https:\/\/semmelweis.hu\/borklinika\/wp-json\/wp\/v2\/pages\/4911\/revisions"}],"predecessor-version":[{"id":8638,"href":"https:\/\/semmelweis.hu\/borklinika\/wp-json\/wp\/v2\/pages\/4911\/revisions\/8638"}],"up":[{"embeddable":true,"href":"https:\/\/semmelweis.hu\/borklinika\/wp-json\/wp\/v2\/pages\/9"}],"wp:attachment":[{"href":"https:\/\/semmelweis.hu\/borklinika\/wp-json\/wp\/v2\/media?parent=4911"}],"wp:term":[{"taxonomy":"category","embeddable":true,"href":"https:\/\/semmelweis.hu\/borklinika\/wp-json\/wp\/v2\/categories?post=4911"},{"taxonomy":"post_tag","embeddable":true,"href":"https:\/\/semmelweis.hu\/borklinika\/wp-json\/wp\/v2\/tags?post=4911"}],"curies":[{"name":"wp","href":"https:\/\/api.w.org\/{rel}","templated":true}]}}