{"id":4854,"date":"2019-03-04T15:29:58","date_gmt":"2019-03-04T14:29:58","guid":{"rendered":"http:\/\/semmelweis.hu\/borklinika\/?page_id=4854"},"modified":"2025-05-20T10:32:59","modified_gmt":"2025-05-20T08:32:59","slug":"szakorvoskepzes","status":"publish","type":"page","link":"https:\/\/semmelweis.hu\/borklinika\/borgyogyaszoknak\/szakorvoskepzes\/","title":{"rendered":"Rezidensk\u00e9pz\u00e9s \/ Szakorvosk\u00e9pz\u00e9s"},"content":{"rendered":"<p style=\"text-align: justify\">A b\u0151rgy\u00f3gy\u00e1szat gyakorlat teljes\u00edt\u00e9se nemcsak a b\u0151rgy\u00f3gy\u00e1sz rezidensek \u00e9s szakorvosjel\u00f6ltek, hanem sz\u00e1mos m\u00e1s t\u00e1rsszakm\u00e1t gyakorl\u00f3k sz\u00e1m\u00e1ra is k\u00f6vetelm\u00e9ny (pl. orvosi mikrobiol\u00f3gia, sug\u00e1rter\u00e1pia, klinikai onkol\u00f3gia, allergol\u00f3gia \u00e9s klinikai immunol\u00f3gia).<\/p>\n<p style=\"text-align: justify\">\nA b\u0151rgy\u00f3gy\u00e1szat szakk\u00e9pz\u00e9s 12 h\u00f3nap alapk\u00e9pz\u00e9sb\u0151l \u00e9s 48 h\u00f3nap szakgyakorlati k\u00e9pz\u00e9sb\u0151l \u00e1ll, melynek pontos r\u00e9szletei (szakk\u00e9pz\u00e9si terv, munkanapl\u00f3, r\u00e9szvizsga, \u00fcgyeleti tev\u00e9kenys\u00e9g ell\u00e1t\u00e1snak felt\u00e9telei) a\u00a0<a href=\"http:\/\/reny.hu\/\" target=\"_blank\" rel=\"noopener\">reny.hu<\/a> honlapon tal\u00e1lhat\u00f3ak (bel\u00e9p\u00e9si n\u00e9v \u00e9s jelsz\u00f3 az OFTEX honlapon alkalmazottal megegyezik).<br \/>\nA rezidensek \u00e9s szakorvosjel\u00f6ltek az orsz\u00e1g\u00a0 eg\u00e9sz ter\u00fclet\u00e9r\u0151l \u00e9rkeznek a B\u0151r-, Nemik\u00f3rtani \u00e9s B\u0151ronkol\u00f3giai Klinik\u00e1ra sz\u00e9lesk\u00f6r\u0171 szakmai tapasztalatszerz\u00e9s c\u00e9lj\u00e1b\u00f3l.<\/p>\n<p style=\"text-align: justify\">Az elv\u00e9gzett gyakorlatot tutorok fel\u00fcgyelik, majd a k\u00e9pz\u0151d\u0151 koll\u00e9g\u00e1k a <a href=\"http:\/\/reny.hu\/\" target=\"_blank\" rel=\"noopener\">reny.hu<\/a> honlapon, sz\u00fcks\u00e9g eset\u00e9n a Titk\u00e1rs\u00e1gnak \u00e9s a Semmelweis Egyetem, Szak- \u00e9s Tov\u00e1bbk\u00e9pz\u00e9si K\u00f6zpontnak teljes\u00edt\u00e9sigazol\u00e1st ny\u00fajtanak be, illetve <a href=\"https:\/\/semmelweis.hu\/szak-es-tovabbkepzes\/szakkepzes\/letoltheto-szakkepzesi-dokumentumok\/\" target=\"_blank\" rel=\"noopener noreferrer\">jelenl\u00e9ti \u00edvet<\/a>\u00a0a munk\u00e1ltat\u00f3juknak.<\/p>\n<p style=\"text-align: justify\"><strong>A gyakorlatra jelentkez\u00e9shez<\/strong><strong>\u00a0<\/strong><strong>t\u00f6ltse ki az al\u00e1bbi \u0171rlapot <\/strong>(a tervezett gyakorlat el\u0151tt min. 2 h\u00f3nappal).<\/p>\n<p style=\"text-align: justify\">Jelentkez\u00e9skor a <strong>Szakk\u00e9pz\u00e9si Munkatervet<\/strong> k\u00e9rj\u00fck mell\u00e9kletk\u00e9nt a Titk\u00e1rs\u00e1g <strong>e-mail <\/strong>c\u00edm\u00e9re bek\u00fcldeni (t<em>itkarsag pont bor kukac semmelweis pont hu<\/em>).<\/p>\n<p>Prefer\u00e1lt a gyakorlatok t\u00f6bb h\u00f3napos blokkban val\u00f3 t\u00f6lt\u00e9se.<strong><\/p>\n<p><\/strong><\/p>\n<p><iframe loading=\"lazy\" src=\"https:\/\/forms.office.com\/Pages\/ResponsePage.aspx?id=uJCuuvE5TUOrpmTr1YljV0PbIZdEFolGtb0SEyiFb_BUM001RjlPSUIyM1dPVkRIRjBMSFBPMDNRVi4u&amp;embed=true\" width=\"640px\" height=\"480px\"> <\/iframe><\/p>\n<p>&nbsp;<\/p>\n<p style=\"text-align: justify\">Vid\u00e9ki rezidensek \u00e9s szakorvosjel\u00f6ltek f\u0151v\u00e1rosi sz\u00e1ll\u00e1s ig\u00e9ny\u00fcket a <a href=\"https:\/\/semmelweis.hu\/kollegiumok\/rolunk\/\" target=\"_blank\" rel=\"noopener noreferrer\">Koll\u00e9giumok Igazgat\u00f3s\u00e1ga<\/a>\u00a0fel\u00e9 tudj\u00e1k jelezni.<\/p>\n<p style=\"text-align: justify\">A k\u00e9pz\u00e9si tervek \u00f6ssze\u00e1ll\u00edt\u00e1s\u00e1ban Dr. Po\u00f3r\u00a0<span class=\"il\">Adrienn<\/span>, egyetemi adjunktus, gr\u00e9miumi tag adhat hasznos tan\u00e1csokat.\u00a0<\/p>\n<p style=\"text-align: justify\">Jelentkez\u00e9s:<\/p>\n<p style=\"text-align: justify\">A Klinik\u00e1ra rezidensi st\u00e1tuszba t\u00f6rt\u00e9n\u0151 jelentkez\u00e9st a\u00a0<a href=\"https:\/\/semmelweis.hu\/szak-es-tovabbkepzes\/szakkepzes\/keretszamok\/\" target=\"_blank\" rel=\"noopener noreferrer\">Semmelweis Egyetem, Szak-\u00e9s Tov\u00e1bbk\u00e9pz\u00e9si K\u00f6zpontja<\/a> int\u00e9zi. \u00c9vente meghat\u00e1rozott alkalmakkor p\u00e1ly\u00e1zat ker\u00fcl ki\u00edr\u00e1sra, a koll\u00e9g\u00e1k a sikeres felv\u00e9teli elj\u00e1r\u00e1st k\u00f6vet\u0151en kezdhetik meg a k\u00e9pz\u00e9st.<\/p>\n<p>&nbsp;<\/p>\n","protected":false},"excerpt":{"rendered":"<p>A b\u0151rgy\u00f3gy\u00e1szat gyakorlat teljes\u00edt\u00e9se nemcsak a b\u0151rgy\u00f3gy\u00e1sz rezidensek \u00e9s szakorvosjel\u00f6ltek, hanem sz\u00e1mos m\u00e1s t\u00e1rsszakm\u00e1t gyakorl\u00f3k sz\u00e1m\u00e1ra is k\u00f6vetelm\u00e9ny (pl. orvosi mikrobiol\u00f3gia, sug\u00e1rter\u00e1pia, klinikai onkol\u00f3gia, allergol\u00f3gia \u00e9s klinikai immunol\u00f3gia). A b\u0151rgy\u00f3gy\u00e1szat szakk\u00e9pz\u00e9s 12 h\u00f3nap alapk\u00e9pz\u00e9sb\u0151l \u00e9s 48 h\u00f3nap szakgyakorlati k\u00e9pz\u00e9sb\u0151l \u00e1ll, melynek pontos r\u00e9szletei (szakk\u00e9pz\u00e9si terv, munkanapl\u00f3, r\u00e9szvizsga, \u00fcgyeleti tev\u00e9kenys\u00e9g ell\u00e1t\u00e1snak felt\u00e9telei) a\u00a0 <a href=\"http:\/\/reny.hu\/\" target=\"_blank\" rel=\"noopener\">reny.hu<\/a> honlapon tal\u00e1lhat\u00f3ak (bel\u00e9p\u00e9si &hellip;<\/p>\n","protected":false},"author":101274,"featured_media":0,"parent":4849,"menu_order":2,"comment_status":"closed","ping_status":"closed","template":"","meta":{"_acf_changed":false,"footnotes":""},"categories":[],"tags":[],"class_list":["post-4854","page","type-page","status-publish","hentry"],"acf":[],"_links":{"self":[{"href":"https:\/\/semmelweis.hu\/borklinika\/wp-json\/wp\/v2\/pages\/4854","targetHints":{"allow":["GET"]}}],"collection":[{"href":"https:\/\/semmelweis.hu\/borklinika\/wp-json\/wp\/v2\/pages"}],"about":[{"href":"https:\/\/semmelweis.hu\/borklinika\/wp-json\/wp\/v2\/types\/page"}],"author":[{"embeddable":true,"href":"https:\/\/semmelweis.hu\/borklinika\/wp-json\/wp\/v2\/users\/101274"}],"replies":[{"embeddable":true,"href":"https:\/\/semmelweis.hu\/borklinika\/wp-json\/wp\/v2\/comments?post=4854"}],"version-history":[{"count":11,"href":"https:\/\/semmelweis.hu\/borklinika\/wp-json\/wp\/v2\/pages\/4854\/revisions"}],"predecessor-version":[{"id":13011,"href":"https:\/\/semmelweis.hu\/borklinika\/wp-json\/wp\/v2\/pages\/4854\/revisions\/13011"}],"up":[{"embeddable":true,"href":"https:\/\/semmelweis.hu\/borklinika\/wp-json\/wp\/v2\/pages\/4849"}],"wp:attachment":[{"href":"https:\/\/semmelweis.hu\/borklinika\/wp-json\/wp\/v2\/media?parent=4854"}],"wp:term":[{"taxonomy":"category","embeddable":true,"href":"https:\/\/semmelweis.hu\/borklinika\/wp-json\/wp\/v2\/categories?post=4854"},{"taxonomy":"post_tag","embeddable":true,"href":"https:\/\/semmelweis.hu\/borklinika\/wp-json\/wp\/v2\/tags?post=4854"}],"curies":[{"name":"wp","href":"https:\/\/api.w.org\/{rel}","templated":true}]}}