{"id":460,"date":"2014-05-23T09:23:40","date_gmt":"2014-05-23T07:23:40","guid":{"rendered":"http:\/\/semmelweis.hu\/borklinika\/?page_id=460"},"modified":"2024-03-27T11:36:43","modified_gmt":"2024-03-27T10:36:43","slug":"kontakt","status":"publish","type":"page","link":"https:\/\/semmelweis.hu\/borklinika\/de\/kontakt\/","title":{"rendered":"Kontakt"},"content":{"rendered":"<h4 id=\"site-title\"><strong>Klinik f\u00fcr Dermatologie, Venereologie und Dermatoonkologie<\/strong><\/h4>\n<p>1085 Budapest, VIII. M\u00e1ria u. 41. (<a href=\"#karte\">Karte<\/a>)<br \/>\nTel: +36 1 266-0465, +36 1 266-0468, +36 1 459-1500<br \/>\nFax: +36 1 267-6974<\/p>\n<div class=\"keretes w-100\">\n<h5>Uns zu finden<\/h5>\n<ul>\n<li><strong>zu Fu\u00df:<\/strong> Haupteingang von\u00a0M\u00e1ria Stra\u00dfe 41.<\/li>\n<li><strong>mit PKW:<\/strong>\u00a0Parken in den naheliegenden Stra\u00dfen\u00a0(\u00dcll\u0151i \u00fat, M\u00e1ria u., Szentkir\u00e1lyi u., Baross u.) &#8211; <em>geb\u00fchrenpflichtig an Werktagen!<\/em><\/li>\n<li>Einfahrt in den Innenhof der Klinik ist nicht gestattet.<\/li>\n<li><strong>mit \u00f6ffentlichem Verkehr:<\/strong>\u00a0U-Bahn M3 \/ Stra\u00dfenbahn\u00a0No. 4-6, Haltestelle\u00a0Corvin negyed, O-Bus\u00a0No. 83, Haltestelle\u00a0\u00dcll\u0151i \u00fat<\/li>\n<\/ul>\n<p><strong>Das ganze Klinikgeb\u00e4ude ist mit Rollstuhl zu erreichen.<a id=\"karte\"><\/a><\/strong><\/p>\n<\/div>\n\n<!-- iframe plugin v.4.9 wordpress.org\/plugins\/iframe\/ -->\n<iframe loading=\"lazy\" src=\"https:\/\/www.google.com\/maps\/embed?pb=!1m18!1m12!1m3!1d2696.144777907548!2d19.068097500000007!3d47.48709289999996!2m3!1f0!2f0!3f0!3m2!1i1024!2i768!4f13.1!3m3!1m2!1s0x4741dc59c6278221%3A0x3ae9e136232b0c74!2s1085+Budapest%2C+M%C3%A1ria+utca+41!5e0!3m2!1shu!2shu!4v1399464290980\" width=\"100%\" height=\"450\" scrolling=\"yes\" class=\"iframe-class\" frameborder=\"0\"><\/iframe>\n\n","protected":false},"excerpt":{"rendered":"<p>Klinik f\u00fcr Dermatologie, Venereologie und Dermatoonkologie 1085 Budapest, VIII. M\u00e1ria u. 41. ( <a href=\"#karte\">Karte<\/a> ) Tel: +36 1 266-0465, +36 1 266-0468, +36 1 459-1500 Fax: +36 1 267-6974 Uns zu finden zu Fu\u00df: Haupteingang von\u00a0M\u00e1ria Stra\u00dfe 41. mit PKW:\u00a0Parken in den naheliegenden Stra\u00dfen\u00a0(\u00dcll\u0151i \u00fat, M\u00e1ria u., Szentkir\u00e1lyi u., Baross u.) &#8211; geb\u00fchrenpflichtig an Werktagen! Einfahrt &hellip;<\/p>\n","protected":false},"author":101242,"featured_media":0,"parent":0,"menu_order":8,"comment_status":"open","ping_status":"closed","template":"template-fullwidth.php","meta":{"_acf_changed":false,"footnotes":""},"categories":[],"tags":[],"class_list":["post-460","page","type-page","status-publish","hentry"],"acf":[],"_links":{"self":[{"href":"https:\/\/semmelweis.hu\/borklinika\/wp-json\/wp\/v2\/pages\/460","targetHints":{"allow":["GET"]}}],"collection":[{"href":"https:\/\/semmelweis.hu\/borklinika\/wp-json\/wp\/v2\/pages"}],"about":[{"href":"https:\/\/semmelweis.hu\/borklinika\/wp-json\/wp\/v2\/types\/page"}],"author":[{"embeddable":true,"href":"https:\/\/semmelweis.hu\/borklinika\/wp-json\/wp\/v2\/users\/101242"}],"replies":[{"embeddable":true,"href":"https:\/\/semmelweis.hu\/borklinika\/wp-json\/wp\/v2\/comments?post=460"}],"version-history":[{"count":8,"href":"https:\/\/semmelweis.hu\/borklinika\/wp-json\/wp\/v2\/pages\/460\/revisions"}],"predecessor-version":[{"id":12038,"href":"https:\/\/semmelweis.hu\/borklinika\/wp-json\/wp\/v2\/pages\/460\/revisions\/12038"}],"wp:attachment":[{"href":"https:\/\/semmelweis.hu\/borklinika\/wp-json\/wp\/v2\/media?parent=460"}],"wp:term":[{"taxonomy":"category","embeddable":true,"href":"https:\/\/semmelweis.hu\/borklinika\/wp-json\/wp\/v2\/categories?post=460"},{"taxonomy":"post_tag","embeddable":true,"href":"https:\/\/semmelweis.hu\/borklinika\/wp-json\/wp\/v2\/tags?post=460"}],"curies":[{"name":"wp","href":"https:\/\/api.w.org\/{rel}","templated":true}]}}