{"id":456,"date":"2014-05-23T09:14:09","date_gmt":"2014-05-23T09:14:09","guid":{"rendered":"http:\/\/semmelweis.hu\/borklinika\/?page_id=456"},"modified":"2024-03-27T11:28:13","modified_gmt":"2024-03-27T10:28:13","slug":"uber-uns","status":"publish","type":"page","link":"https:\/\/semmelweis.hu\/borklinika\/de\/uber-uns\/","title":{"rendered":"\u00dcber uns"},"content":{"rendered":"<figure id=\"attachment_12032\" aria-describedby=\"caption-attachment-12032\" style=\"width: 400px\" class=\"wp-caption alignright\"><a href=\"https:\/\/semmelweis.hu\/borklinika\/files\/2024\/03\/RS33480_IV-4-22-1-scr.jpg\"><img loading=\"lazy\" decoding=\"async\" class=\"size-medium wp-image-12032\" src=\"https:\/\/semmelweis.hu\/borklinika\/files\/2024\/03\/RS33480_IV-4-22-1-scr-400x235.jpg\" alt=\"\" width=\"400\" height=\"235\" srcset=\"https:\/\/semmelweis.hu\/borklinika\/files\/2024\/03\/RS33480_IV-4-22-1-scr-400x235.jpg 400w, https:\/\/semmelweis.hu\/borklinika\/files\/2024\/03\/RS33480_IV-4-22-1-scr-768x452.jpg 768w, https:\/\/semmelweis.hu\/borklinika\/files\/2024\/03\/RS33480_IV-4-22-1-scr-753x443.jpg 753w, https:\/\/semmelweis.hu\/borklinika\/files\/2024\/03\/RS33480_IV-4-22-1-scr.jpg 950w\" sizes=\"auto, (max-width: 400px) 100vw, 400px\" \/><\/a><figcaption id=\"caption-attachment-12032\" class=\"wp-caption-text\">Das Klinikgeb\u00e4ude vor\u00a01956.<\/figcaption><\/figure>\n<p>Als die \u00e4lteste dermatologische Abteilung Ungarns, geh\u00f6rt unsere Klinik seit 1893 der Semmelweis Universit\u00e4t. Zwischen 1897-1938. trug Prof. N\u00e9k\u00e1m erheblich dazu bei, da\u00df die Klinik auch international anerkannt wurde. Die Infrastruktur und die meisten Einrichtungen der Klinik konnten zwischen 2009-2010 dank dem Projekt &#8222;EEA-Norway Grants&#8221; erneuert und renoviert werden.<\/p>\n<p>Der derzeitige Klinikleiter ist Prof. Dr. dr. med. P\u00e9ter Holl\u00f3.<\/p>\n<p>Heutzutage verf\u00fcgt unsere Klinik \u00fcber 3 Bettenstationen, sowie \u00fcber mehrere Ambulanzen (Allgemeindermatologie, Abteilung f\u00fcr Sexuell \u00dcbertragbare Krankheiten, Dermatoonkologie, Allergologie). Neben medizinischer Behandlung und wissenschaftlicher Forschung nehmen wir auch am Unterricht sowohl fremdsprachiger als auch ungarischer Studenten der Semmelweis Universit\u00e4t teil.<\/p>\n","protected":false},"excerpt":{"rendered":"<p>Als die \u00e4lteste dermatologische Abteilung Ungarns, geh\u00f6rt unsere Klinik seit 1893 der Semmelweis Universit\u00e4t. Zwischen 1897-1938. trug Prof. N\u00e9k\u00e1m erheblich dazu bei, da\u00df die Klinik auch international anerkannt wurde. Die Infrastruktur und die meisten Einrichtungen der Klinik konnten zwischen 2009-2010 dank dem Projekt &#8222;EEA-Norway Grants&#8221; erneuert und renoviert werden.<\/p>\n<p>Der derzeitige Klinikleiter ist\u00a0Prof. Dr. dr. med. Mikl\u00f3s S\u00e1rdy.<\/p>\n","protected":false},"author":101242,"featured_media":12032,"parent":0,"menu_order":0,"comment_status":"closed","ping_status":"closed","template":"","meta":{"_acf_changed":false,"footnotes":""},"categories":[],"tags":[],"class_list":["post-456","page","type-page","status-publish","has-post-thumbnail","hentry"],"acf":[],"_links":{"self":[{"href":"https:\/\/semmelweis.hu\/borklinika\/wp-json\/wp\/v2\/pages\/456","targetHints":{"allow":["GET"]}}],"collection":[{"href":"https:\/\/semmelweis.hu\/borklinika\/wp-json\/wp\/v2\/pages"}],"about":[{"href":"https:\/\/semmelweis.hu\/borklinika\/wp-json\/wp\/v2\/types\/page"}],"author":[{"embeddable":true,"href":"https:\/\/semmelweis.hu\/borklinika\/wp-json\/wp\/v2\/users\/101242"}],"replies":[{"embeddable":true,"href":"https:\/\/semmelweis.hu\/borklinika\/wp-json\/wp\/v2\/comments?post=456"}],"version-history":[{"count":10,"href":"https:\/\/semmelweis.hu\/borklinika\/wp-json\/wp\/v2\/pages\/456\/revisions"}],"predecessor-version":[{"id":12034,"href":"https:\/\/semmelweis.hu\/borklinika\/wp-json\/wp\/v2\/pages\/456\/revisions\/12034"}],"wp:featuredmedia":[{"embeddable":true,"href":"https:\/\/semmelweis.hu\/borklinika\/wp-json\/wp\/v2\/media\/12032"}],"wp:attachment":[{"href":"https:\/\/semmelweis.hu\/borklinika\/wp-json\/wp\/v2\/media?parent=456"}],"wp:term":[{"taxonomy":"category","embeddable":true,"href":"https:\/\/semmelweis.hu\/borklinika\/wp-json\/wp\/v2\/categories?post=456"},{"taxonomy":"post_tag","embeddable":true,"href":"https:\/\/semmelweis.hu\/borklinika\/wp-json\/wp\/v2\/tags?post=456"}],"curies":[{"name":"wp","href":"https:\/\/api.w.org\/{rel}","templated":true}]}}