{"id":4533,"date":"2022-01-07T13:27:53","date_gmt":"2022-01-07T12:27:53","guid":{"rendered":"http:\/\/semmelweis.hu\/borklinika\/?page_id=4533"},"modified":"2026-02-03T13:29:59","modified_gmt":"2026-02-03T12:29:59","slug":"szexualis-uton-terjedo-betegsegek-std-az-altalanos-orvosi-gyakorlatban","status":"publish","type":"page","link":"https:\/\/semmelweis.hu\/borklinika\/informaci-hallgatoknak\/szexualis-uton-terjedo-betegsegek-std-az-altalanos-orvosi-gyakorlatban\/","title":{"rendered":"Szexu\u00e1lis \u00faton terjed\u0151 betegs\u00e9gek \u2013 STD \u2013 az \u00e1ltal\u00e1nos orvosi gyakorlatban"},"content":{"rendered":"<p><strong>Szexu\u00e1lis \u00faton terjed\u0151 betegs\u00e9gek \u2013 STD \u2013 az \u00e1ltal\u00e1nos orvosi gyakorlatban<\/strong><\/p>\n<p>V\u00e1laszthat\u00f3 tant\u00e1rgy, PhD kurzus<\/p>\n<p><strong>2025-2026. tan\u00e9v II. f\u00e9l\u00e9v<\/strong><\/p>\n<p>&nbsp;<\/p>\n<p><u>El\u0151ad\u00e1sok id\u0151pontja<\/u>: szerda 16h.00\u2019-17h.45\u2019<\/p>\n<p><u>Helye<\/u>: B\u0151r- Nemik\u00f3rtani \u00e9s B\u0151ronkol\u00f3giai Klinika el\u0151ad\u00f3terme,VIII. ker. M\u00e1ria utca 41.<\/p>\n<p style=\"text-align: center\">\u00a0<\/p>\n<p>Az el\u0151ad\u00e1sok t\u00e9m\u00e1ja:<\/p>\n<p><strong>2026.<\/strong> <strong style=\"font-size: 1rem\">febru\u00e1r 11.<\/strong><\/p>\n<p>STD jelent\u0151s\u00e9ge. dr. Hidv\u00e9gi Bernadett med. habil Prof. Dr. Marschalk\u00f3 M\u00e1rta emer (30&#8242;)<\/p>\n<p>STD k\u00f3rokoz\u00f3k diagnosztika, molekul\u00e1rbiol\u00f3giai elj\u00e1r\u00e1sok.<\/p>\n<p>Syphilis szerol\u00f3giai elj\u00e1r\u00e1sok. dr. Ostorh\u00e1zi Eszter PhD. med. habil. (60\u2019)<\/p>\n<p><strong>2026. febru\u00e1r 18.<\/strong><\/p>\n<p>Gonorrhoea epidemiol\u00f3gi\u00e1ja, klinikum, diagnosztika, ter\u00e1pia.<\/p>\n<p>Antibiotikum rezisztencia adatai. <em style=\"font-size: 1rem\">dr. T\u00f3th B\u00e9la PhD (40&#8242;)<\/em><\/p>\n<p>STD gondoz\u00e1s, kontaktuskutat\u00e1s dr. T\u00f3th B\u00e9la PhD (30&#8242;)<\/p>\n<p>Esetbemutat\u00e1sok dr. T\u00f3th B\u00e9la (20&#8242;)<\/p>\n<p><em>\u00a0<strong>2026. <\/strong><\/em><strong style=\"font-size: 1rem\">febru\u00e1r 25.<\/strong><\/p>\n<p>Bakteri\u00e1lis vagin\u00f3zis, egy\u00e9b h\u00fcvelyi fert\u0151z\u00e9sek. H\u00fcvelykenetek \u00e9rt\u00e9kel\u00e9se. dr. Mihalik No\u00e9mi (60\u2019)<\/p>\n<p>Candida fert\u0151z\u00e9s STD jelent\u0151s\u00e9ge dr. Mihalik No\u00e9mi (30&#8242;)<\/p>\n<p><strong>2026.<\/strong> <strong style=\"font-size: 1rem\">m\u00e1rci<\/strong><strong style=\"font-size: 1rem\">us 04.<\/strong><\/p>\n<p>Syphilis klinikum, differenci\u00e1l diagnosztika, ter\u00e1pia. Connatalis syphilis.<\/p>\n<p>prof. emer Marschalk\u00f3 M\u00e1rta (55&#8242;)<\/p>\n<p>Syphilis epidemiol\u00f3gia, k\u00e9s\u0151i syphilis dr. Mohos Anita PhD (35&#8242;)<\/p>\n<p><strong>2026<\/strong>. <strong style=\"font-size: 1rem\">m\u00e1rcius 11.<\/strong><\/p>\n<p>Herpes fert\u0151z\u00e9s venerologiai jelent\u0151s\u00e9ge, HSV, CMV.\u00a0 Genitalis herpes. (45\u2019) prof. dr. Holl\u00f3 P\u00e9ter PhD, med.habil\u00a0 (45\u2019)<\/p>\n<p>Neurosyphilis prof. dr. Kov\u00e1cs Tibor PhD, med habil.\u00a0 (45\u2019)<\/p>\n<p><strong>2026. <\/strong><strong style=\"font-size: 1rem\">m\u00e1rcius 18.<\/strong><\/p>\n<p>HHV8 fert\u0151z\u00e9s jelent\u0151s\u00e9ge. dr. Csire M\u00e1rta (25&#8242;)<\/p>\n<p>Genitalis mikrobiom dr. Kiss Norbert PhD (35&#8242;)<\/p>\n<p>HIV fert\u0151z\u00e9s diagnosztik\u00e1ja, laborat\u00f3riumi elj\u00e1r\u00e1sok dr. \u00c1y \u00c9va (30\u2019)<\/p>\n<p><strong>2026. m\u00e1rcius 25. <\/strong><\/p>\n<p>HIV fert\u0151z\u00e9s klinikai lefoly\u00e1s, t\u00fcnetek, HIV fert\u0151z\u00e9s kezel\u00e9se.\u00a0<\/p>\n<p>Esetleges vil\u00e1gj\u00e1rv\u00e1nyt kiv\u00e1lt\u00f3 k\u00f3rokoz\u00f3k dr. Szl\u00e1vik J\u00e1nos (90&#8242;)<\/p>\n<p><strong>2026. <\/strong><strong style=\"font-size: 1rem\">\u00e1p<\/strong><strong style=\"font-size: 1rem\">rilis 01.<\/strong><\/p>\n<p>STD t\u00f6rt\u00e9neti adatok dr. T\u00f3th Veronika PhD <em>(30&#8242;)<\/em><\/p>\n<p>Doxycyclin profilaxis \u00e9s gonorrhoea vakcin\u00e1ci\u00f3 a szexu\u00e1lisan terjed\u0151 fert\u0151z\u00e9sek megel\u0151z\u00e9s\u00e9re dr. Szondy Istv\u00e1n (20&#8242;)<\/p>\n<p>Lymphogranuloma venereum. COVID \u00e9s STI. Majomhiml\u0151 dr. B\u00e1nv\u00f6lgyi Andr\u00e1s PhD (40\u2019)<\/p>\n<p><strong>\u00a02026. <\/strong><strong style=\"font-size: 1rem\">\u00e1prilis. 08.\u00a0<\/strong><\/p>\n<p>HPV fert\u0151z\u00e9s klinikum, diagnosztika, megel\u0151z\u00e9s, vaccin\u00e1ci\u00f3.<em>\u00a0 STD koinfekci\u00f3k dr. Tisza Timea (90&#8242;)<\/em><\/p>\n<p><strong>\u00a02026. <\/strong><strong style=\"font-size: 1rem\">\u00e1prilis 15.<\/strong><\/p>\n<p>Chlamydia fert\u0151z\u00e9s, klinikum, diagnosztika, ter\u00e1pia. Perinat\u00e1lis k\u00f6vetkezm\u00e9nyek. STI n\u0151gy\u00f3gy\u00e1szati k\u00f6vetkezm\u00e9nyei. PID. Prof. dr. Sziller Istv\u00e1n, PhD (45\u2019)<\/p>\n<p>Clamydia fert\u0151z\u00e9s laborat\u00f3riumi diagnosztika dr. Balla Eszter PhD (30&#8242;)<\/p>\n<p>Connatalis syphilis update dr. Balla Eszter PhD (15&#8242;)<\/p>\n<p><strong>2026. <\/strong><strong>\u00e1prilis 22.<\/strong><\/p>\n<p>STD proktol\u00f3giai vonatkoz\u00e1sai dr. \u00d3nody P\u00e9ter (30\u2019)<\/p>\n<p>Az STD \u00e9s ab\u00fazus gyermekkori vonatkoz\u00e1sai dr. Farkas Ferenc Bal\u00e1zs (30\u2019)<\/p>\n<p>STD esetbemutat\u00e1sok dr. Hidv\u00e9gi Bernadett PhD (30&#8242;)<\/p>\n<p><strong><em>2026. <\/em><\/strong><strong style=\"font-size: 1rem\">\u00e1prilis 29.<\/strong><\/p>\n<p>HPV fert\u0151z\u00e9s n\u0151gy\u00f3gy\u00e1szati vonatkoz\u00e1sai Prof. dr. Melczer Zsolt PhD (45&#8242;)<\/p>\n<p>HPV fert\u0151z\u00e9s fej-nyaki vonatkoz\u00e1sai. <em style=\"font-size: 1rem\">dr. D\u00e1nos Korn\u00e9l (45&#8242;)<\/em><\/p>\n<p><em>\u00a0<strong>2026. <\/strong><\/em><strong style=\"font-size: 1rem\">m\u00e1jus 06.<\/strong><\/p>\n<p>HIV 2025. HIV fert\u0151z\u00e9ssel kapcsolatos aktualit\u00e1sok, mit hoz a j\u00f6v\u0151?<\/p>\n<p>Tr\u00f3pusi fert\u0151z\u00e9sek \u00e9s COVID a fejl\u0151d\u0151 orsz\u00e1gokban dr. Lakatos Botond PhD, med. habil. (60\u2019)<\/p>\n<p>Konzult\u00e1ci\u00f3, STD esetbemutat\u00e1sok. dr. Hidv\u00e9gi Bernadett PhD, med. habil Prof. dr. Marschalk\u00f3 M\u00e1rta emer. (30&#8242;)<\/p>\n<p><strong>2026. m\u00e1jus 13.<\/strong><\/p>\n<p><strong><em>TESZTVIZSGA<\/em><\/strong><\/p>\n","protected":false},"excerpt":{"rendered":"<p>Szexu\u00e1lis \u00faton terjed\u0151 betegs\u00e9gek \u2013 STD \u2013 az \u00e1ltal\u00e1nos orvosi gyakorlatban V\u00e1laszthat\u00f3 tant\u00e1rgy, PhD kurzus 2025-2026. tan\u00e9v II. f\u00e9l\u00e9v &nbsp; El\u0151ad\u00e1sok id\u0151pontja: szerda 16h.00\u2019-17h.45\u2019 Helye: B\u0151r- Nemik\u00f3rtani \u00e9s B\u0151ronkol\u00f3giai Klinika el\u0151ad\u00f3terme,VIII. ker. M\u00e1ria utca 41. \u00a0 Az el\u0151ad\u00e1sok t\u00e9m\u00e1ja: 2026. febru\u00e1r 11. STD jelent\u0151s\u00e9ge. dr. Hidv\u00e9gi Bernadett med. habil Prof. Dr. Marschalk\u00f3 M\u00e1rta emer (30&#8242;) &hellip;<\/p>\n","protected":false},"author":101274,"featured_media":0,"parent":15,"menu_order":4,"comment_status":"closed","ping_status":"closed","template":"","meta":{"_acf_changed":false,"footnotes":""},"categories":[],"tags":[],"class_list":["post-4533","page","type-page","status-publish","hentry"],"acf":[],"_links":{"self":[{"href":"https:\/\/semmelweis.hu\/borklinika\/wp-json\/wp\/v2\/pages\/4533","targetHints":{"allow":["GET"]}}],"collection":[{"href":"https:\/\/semmelweis.hu\/borklinika\/wp-json\/wp\/v2\/pages"}],"about":[{"href":"https:\/\/semmelweis.hu\/borklinika\/wp-json\/wp\/v2\/types\/page"}],"author":[{"embeddable":true,"href":"https:\/\/semmelweis.hu\/borklinika\/wp-json\/wp\/v2\/users\/101274"}],"replies":[{"embeddable":true,"href":"https:\/\/semmelweis.hu\/borklinika\/wp-json\/wp\/v2\/comments?post=4533"}],"version-history":[{"count":10,"href":"https:\/\/semmelweis.hu\/borklinika\/wp-json\/wp\/v2\/pages\/4533\/revisions"}],"predecessor-version":[{"id":13398,"href":"https:\/\/semmelweis.hu\/borklinika\/wp-json\/wp\/v2\/pages\/4533\/revisions\/13398"}],"up":[{"embeddable":true,"href":"https:\/\/semmelweis.hu\/borklinika\/wp-json\/wp\/v2\/pages\/15"}],"wp:attachment":[{"href":"https:\/\/semmelweis.hu\/borklinika\/wp-json\/wp\/v2\/media?parent=4533"}],"wp:term":[{"taxonomy":"category","embeddable":true,"href":"https:\/\/semmelweis.hu\/borklinika\/wp-json\/wp\/v2\/categories?post=4533"},{"taxonomy":"post_tag","embeddable":true,"href":"https:\/\/semmelweis.hu\/borklinika\/wp-json\/wp\/v2\/tags?post=4533"}],"curies":[{"name":"wp","href":"https:\/\/api.w.org\/{rel}","templated":true}]}}