{"id":4044,"date":"2018-11-13T13:55:37","date_gmt":"2018-11-13T12:55:37","guid":{"rendered":"http:\/\/semmelweis.hu\/borklinika\/?page_id=4044"},"modified":"2021-01-15T12:34:57","modified_gmt":"2021-01-15T11:34:57","slug":"evzaro-rendezveny","status":"publish","type":"page","link":"https:\/\/semmelweis.hu\/borklinika\/magunkrol\/a-klinika-tortenete\/125-eves-a-borklinika\/evzaro-rendezveny\/","title":{"rendered":"\u00c9vz\u00e1r\u00f3 rendezv\u00e9ny"},"content":{"rendered":"<p style=\"text-align: justify\">A p\u00e1ratlan sikerrel lezajlott <em>125 \u00e9ves B\u0151r-, Nemik\u00f3rtani \u00e9s B\u0151ronkol\u00f3giai Klinika<\/em>\u00a0\u00fcnnepi eml\u00e9k\u00e9v\u00e9nek lez\u00e1r\u00e1sak\u00e9nt 2018. december 10-\u00e9n rendezt\u00fck meg \u00e9vz\u00e1r\u00f3 fogad\u00e1sunkat, melyre a programok el\u0151ad\u00f3i \u00e9s a rendezv\u00e9nysorozat t\u00e1mogat\u00f3i kaptak megh\u00edv\u00e1st.<br \/>\nA Semmelweis Szalon falai k\u00f6zt, k\u00e1v\u00e9h\u00e1zi hangulatban, \u00e9l\u0151zene mellett \u00e9lvezhett\u00e9k vend\u00e9geink a nagyszer\u0171 \u00e9v k\u00f6z\u00f6s \u00fcnnepl\u00e9s\u00e9t.<br \/>\nA rendezv\u00e9nyr\u0151l k\u00e9sz\u00fclt besz\u00e1mol\u00f3nkat elolvashatj\u00e1k <a href=\"https:\/\/semmelweis.hu\/borklinika\/2018\/12\/19\/a-borklinika-jubileumi-evenek-unnepelyes-zaroesemenye\/\" target=\"_blank\" rel=\"noopener noreferrer\"><strong>itt<\/strong><\/a>.<\/p>\n<p style=\"text-align: justify\">A 125 \u00e9ves B\u0151rklinika rendezv\u00e9nyeir\u0151l k\u00e9pes \u00f6sszefoglal\u00f3 is k\u00e9sz\u00fcl, melyet hamarosan honlapunkon is k\u00f6zz\u00e9tessz\u00fck.<\/p>\n<p>&nbsp;<\/p>\n<p><a href=\"https:\/\/semmelweis.hu\/borklinika\/files\/2018\/12\/\u00e9vz\u00e1r\u00f3-megh\u00edv\u00f3.png\" target=\"_blank\" rel=\"noopener noreferrer\"><img loading=\"lazy\" decoding=\"async\" class=\"wp-image-4217 aligncenter\" src=\"https:\/\/semmelweis.hu\/borklinika\/files\/2018\/12\/\u00e9vz\u00e1r\u00f3-megh\u00edv\u00f3-210x300.png\" alt=\"\" width=\"316\" height=\"451\" srcset=\"https:\/\/semmelweis.hu\/borklinika\/files\/2018\/12\/\u00e9vz\u00e1r\u00f3-megh\u00edv\u00f3-210x300.png 210w, https:\/\/semmelweis.hu\/borklinika\/files\/2018\/12\/\u00e9vz\u00e1r\u00f3-megh\u00edv\u00f3-768x1097.png 768w, https:\/\/semmelweis.hu\/borklinika\/files\/2018\/12\/\u00e9vz\u00e1r\u00f3-megh\u00edv\u00f3-717x1024.png 717w\" sizes=\"auto, (max-width: 316px) 100vw, 316px\" \/><\/a><\/p>\n","protected":false},"excerpt":{"rendered":"<p>A p\u00e1ratlan sikerrel lezajlott 125 \u00e9ves B\u0151r-, Nemik\u00f3rtani \u00e9s B\u0151ronkol\u00f3giai Klinika\u00a0\u00fcnnepi eml\u00e9k\u00e9v\u00e9nek lez\u00e1r\u00e1sak\u00e9nt 2018. december 10-\u00e9n rendezt\u00fck meg \u00e9vz\u00e1r\u00f3 fogad\u00e1sunkat, melyre a programok el\u0151ad\u00f3i \u00e9s a rendezv\u00e9nysorozat t\u00e1mogat\u00f3i kaptak megh\u00edv\u00e1st. A Semmelweis Szalon falai k\u00f6zt, k\u00e1v\u00e9h\u00e1zi hangulatban, \u00e9l\u0151zene mellett \u00e9lvezhett\u00e9k vend\u00e9geink a nagyszer\u0171 \u00e9v k\u00f6z\u00f6s \u00fcnnepl\u00e9s\u00e9t. A rendezv\u00e9nyr\u0151l k\u00e9sz\u00fclt besz\u00e1mol\u00f3nkat elolvashatj\u00e1k <a href=\"https:\/\/semmelweis.hu\/borklinika\/2018\/12\/19\/a-borklinika-jubileumi-evenek-unnepelyes-zaroesemenye\/\" target=\"_blank\" rel=\"noopener noreferrer\">itt<\/a> . A 125 \u00e9ves &hellip;<\/p>\n","protected":false},"author":101244,"featured_media":0,"parent":4405,"menu_order":15,"comment_status":"closed","ping_status":"closed","template":"","meta":{"_acf_changed":false,"footnotes":""},"categories":[],"tags":[],"class_list":["post-4044","page","type-page","status-publish","hentry"],"acf":[],"_links":{"self":[{"href":"https:\/\/semmelweis.hu\/borklinika\/wp-json\/wp\/v2\/pages\/4044","targetHints":{"allow":["GET"]}}],"collection":[{"href":"https:\/\/semmelweis.hu\/borklinika\/wp-json\/wp\/v2\/pages"}],"about":[{"href":"https:\/\/semmelweis.hu\/borklinika\/wp-json\/wp\/v2\/types\/page"}],"author":[{"embeddable":true,"href":"https:\/\/semmelweis.hu\/borklinika\/wp-json\/wp\/v2\/users\/101244"}],"replies":[{"embeddable":true,"href":"https:\/\/semmelweis.hu\/borklinika\/wp-json\/wp\/v2\/comments?post=4044"}],"version-history":[{"count":9,"href":"https:\/\/semmelweis.hu\/borklinika\/wp-json\/wp\/v2\/pages\/4044\/revisions"}],"predecessor-version":[{"id":8184,"href":"https:\/\/semmelweis.hu\/borklinika\/wp-json\/wp\/v2\/pages\/4044\/revisions\/8184"}],"up":[{"embeddable":true,"href":"https:\/\/semmelweis.hu\/borklinika\/wp-json\/wp\/v2\/pages\/4405"}],"wp:attachment":[{"href":"https:\/\/semmelweis.hu\/borklinika\/wp-json\/wp\/v2\/media?parent=4044"}],"wp:term":[{"taxonomy":"category","embeddable":true,"href":"https:\/\/semmelweis.hu\/borklinika\/wp-json\/wp\/v2\/categories?post=4044"},{"taxonomy":"post_tag","embeddable":true,"href":"https:\/\/semmelweis.hu\/borklinika\/wp-json\/wp\/v2\/tags?post=4044"}],"curies":[{"name":"wp","href":"https:\/\/api.w.org\/{rel}","templated":true}]}}