{"id":395,"date":"2014-05-22T10:58:28","date_gmt":"2014-05-22T10:58:28","guid":{"rendered":"http:\/\/semmelweis.hu\/borklinika\/?page_id=395"},"modified":"2024-03-27T11:52:01","modified_gmt":"2024-03-27T10:52:01","slug":"contact","status":"publish","type":"page","link":"https:\/\/semmelweis.hu\/borklinika\/en\/contact\/","title":{"rendered":"Contact"},"content":{"rendered":"<h4><strong>Department of Dermatology, Venereology and Dermatooncology<\/strong><\/h4>\n<p>1085 Budapest, VIII. M\u00e1ria u. 41. (<a href=\"#map\">Map<\/a>)<br \/>\nTel:+36 1 266-0465, 266-0468, 459-1500<br \/>\nFax: +36 1 267-6974<\/p>\n<div class=\"keretes w-100\">\n<h5>How to find us<\/h5>\n<ul>\n<li><strong>on foot<\/strong>:\u00a0main entrance from 41. M\u00e1ria street<\/li>\n<li><strong>by car<\/strong>: parking in neighbouring streets\u00a0(\u00dcll\u0151i \u00fat, M\u00e1ria u., Szentkir\u00e1lyi u., Baross u.) &#8211;\u00a0<em>parking meter zone on workdays!<\/em><\/li>\n<li>Entrance with car in the inner court of the clinic is not possible.<\/li>\n<li><strong>by public transport<\/strong>: underground M3 \/ tram No. 4-6, station Corvin negyed, trolley No. 83, station \u00dcll\u0151i \u00fat<\/li>\n<\/ul>\n<p><strong>The whole building of the clinic is accessible with wheelchair.<a id=\"map\"><\/a><\/strong><\/p>\n<\/div>\n\n<!-- iframe plugin v.4.9 wordpress.org\/plugins\/iframe\/ -->\n<iframe loading=\"lazy\" src=\"https:\/\/www.google.com\/maps\/embed?pb=!1m18!1m12!1m3!1d2696.144777907548!2d19.068097500000007!3d47.48709289999996!2m3!1f0!2f0!3f0!3m2!1i1024!2i768!4f13.1!3m3!1m2!1s0x4741dc59c6278221%3A0x3ae9e136232b0c74!2s1085+Budapest%2C+M%C3%A1ria+utca+41!5e0!3m2!1shu!2shu!4v1399464290980\" width=\"100%\" height=\"450\" scrolling=\"yes\" class=\"iframe-class\" frameborder=\"0\"><\/iframe>\n\n<p>&nbsp;<\/p>\n","protected":false},"excerpt":{"rendered":"<p>Department of Dermatology, Venereology and Dermatooncology 1085 Budapest, VIII. M\u00e1ria u. 41. ( <a href=\"#map\">Map<\/a> ) Tel:+36 1 266-0465, 266-0468, 459-1500 Fax: +36 1 267-6974 How to find us on foot:\u00a0main entrance from 41. M\u00e1ria street by car: parking in neighbouring streets\u00a0(\u00dcll\u0151i \u00fat, M\u00e1ria u., Szentkir\u00e1lyi u., Baross u.) &#8211;\u00a0parking meter zone on workdays! Entrance with car &hellip;<\/p>\n","protected":false},"author":101242,"featured_media":0,"parent":0,"menu_order":0,"comment_status":"open","ping_status":"open","template":"","meta":{"_acf_changed":false,"footnotes":""},"categories":[],"tags":[],"class_list":["post-395","page","type-page","status-publish","hentry"],"acf":[],"_links":{"self":[{"href":"https:\/\/semmelweis.hu\/borklinika\/wp-json\/wp\/v2\/pages\/395","targetHints":{"allow":["GET"]}}],"collection":[{"href":"https:\/\/semmelweis.hu\/borklinika\/wp-json\/wp\/v2\/pages"}],"about":[{"href":"https:\/\/semmelweis.hu\/borklinika\/wp-json\/wp\/v2\/types\/page"}],"author":[{"embeddable":true,"href":"https:\/\/semmelweis.hu\/borklinika\/wp-json\/wp\/v2\/users\/101242"}],"replies":[{"embeddable":true,"href":"https:\/\/semmelweis.hu\/borklinika\/wp-json\/wp\/v2\/comments?post=395"}],"version-history":[{"count":6,"href":"https:\/\/semmelweis.hu\/borklinika\/wp-json\/wp\/v2\/pages\/395\/revisions"}],"predecessor-version":[{"id":12045,"href":"https:\/\/semmelweis.hu\/borklinika\/wp-json\/wp\/v2\/pages\/395\/revisions\/12045"}],"wp:attachment":[{"href":"https:\/\/semmelweis.hu\/borklinika\/wp-json\/wp\/v2\/media?parent=395"}],"wp:term":[{"taxonomy":"category","embeddable":true,"href":"https:\/\/semmelweis.hu\/borklinika\/wp-json\/wp\/v2\/categories?post=395"},{"taxonomy":"post_tag","embeddable":true,"href":"https:\/\/semmelweis.hu\/borklinika\/wp-json\/wp\/v2\/tags?post=395"}],"curies":[{"name":"wp","href":"https:\/\/api.w.org\/{rel}","templated":true}]}}