{"id":376,"date":"2014-05-14T13:30:20","date_gmt":"2014-05-14T13:30:20","guid":{"rendered":"http:\/\/semmelweis.hu\/borklinika\/?page_id=376"},"modified":"2025-09-11T11:25:30","modified_gmt":"2025-09-11T09:25:30","slug":"vizsgatetelek","status":"publish","type":"page","link":"https:\/\/semmelweis.hu\/borklinika\/informaci-hallgatoknak\/fok\/vizsgatetelek\/","title":{"rendered":"Vizsgat\u00e9telek FOK"},"content":{"rendered":"<p>A 2025\/2026-\u00f6s tan\u00e9vben a vizsga az al\u00e1bbi A \u00e9s B csoport k\u00e9rd\u00e9seib\u0151l 1-1 kih\u00faz\u00e1s\u00e1b\u00f3l \u00e9s sz\u00f3beli ismertet\u00e9s\u00e9b\u0151l \u00e1ll.<\/p>\n<p><strong>A, B\u0151rgy\u00f3gy\u00e1szat<\/strong><\/p>\n<ol>\n<li>Primer \u00e9s secunder elemi jelens\u00e9gek<\/li>\n<li>A b\u0151r szerkezete \u00e9s funkci\u00f3i<\/li>\n<li>Pyoderm\u00e1k. Impetigo contagiosa, folliculitis, furunculus klinikai k\u00e9pe \u00e9s kezel\u00e9se<\/li>\n<li>Erysipelas, cellulitis klinikai k\u00e9pe, differenci\u00e1ldiagnosztik\u00e1ja \u00e9s kezel\u00e9se<\/li>\n<li>Herpes virus infekci\u00f3k: herpes simplex, herpes zoster<\/li>\n<li>Sarjadz\u00f3 gomb\u00e1s fert\u0151z\u00e9sek a b\u0151r\u00f6n \u00e9s a ny\u00e1lkah\u00e1rty\u00e1n. Klinikai k\u00e9p, kezel\u00e9s<\/li>\n<li>Fonalas gomb\u00e1k okozta fert\u0151z\u00e9sek a hajas fejb\u0151r\u00f6n \u00e9s a pihesz\u0151r\u00f6s ter\u00fcleteken.<\/li>\n<li>Pityriasis versicolor. Onychomycosis, erosio interdigitalis. Kezel\u00e9s\u00fck alapelvei<\/li>\n<li>SLE, DLE klinikai k\u00e9pe, diagnosztik\u00e1ja, kezel\u00e9se<\/li>\n<li>Dermatomyositis, Scleroderma<\/li>\n<li>Pemphigus, pemphigoid klinikai k\u00e9pe, kezel\u00e9se. Dermatitis herpetiformis. Differenci\u00e1l diagnosztikai szempontok<\/li>\n<li>Psoriasis: klinikai t\u00fcnetek, diagn\u00f3zis, ter\u00e1pia<\/li>\n<li>Urticaria, angioedema klinikum, diagnosztika, ter\u00e1pia<\/li>\n<li>Ekzema fogalma \u00e9s feloszt\u00e1sa, kezel\u00e9s\u00e9nek alapelvei<\/li>\n<li>Atopi\u00e1s eczema<\/li>\n<li>Adverz gy\u00f3gyszerreakci\u00f3k k\u00fcl\u00f6nb\u00f6z\u0151 form\u00e1i: toxicoderma, erythema exsudativum multiforme, Stevens-Johnson syndroma, Lyell \u2013syndroma<\/li>\n<li>Spinalioma<\/li>\n<li>Basalioma<\/li>\n<li>Melanoma malignum, pigmentnaevusokt\u00f3l val\u00f3 elk\u00fcl\u00f6n\u00edt\u00e9s, ABCD szab\u00e1ly<\/li>\n<li>Id\u0151skori b\u0151relv\u00e1ltoz\u00e1sok az arcon. Praecancerosisok. In situ carcinom\u00e1k.\u00a0 Paraneoplasi\u00e1k<\/li>\n<li>Diabetes \u00e9s m\u00e1jbetegs\u00e9gek b\u0151rt\u00fcnetei<\/li>\n<li>Lichen planus, Lichen oris<\/li>\n<li>Seborrhoe\u00e1s k\u00f3rk\u00e9pek (dermatitis seborrhoica, acne vulgaris, acne conglobata, rosacea)<\/li>\n<li>Chronicus v\u00e9n\u00e1s insufficiencia t\u00fcnetei, kezel\u00e9se. A l\u00e1bsz\u00e1rfek\u00e9ly differenci\u00e1l diagnosztik\u00e1ja<\/li>\n<li>Lok\u00e1lis kezel\u00e9s a b\u0151rgy\u00f3gy\u00e1szatban<\/li>\n<li>Bels\u0151 kezel\u00e9si elj\u00e1r\u00e1sok a b\u0151rgy\u00f3gy\u00e1szatban. Corticosteroid kezel\u00e9s: indik\u00e1ci\u00f3, mell\u00e9khat\u00e1sok. Immunszuppressz\u00edv kezel\u00e9sek. Biol\u00f3giai ter\u00e1pia. Antibiotikum v\u00e1laszt\u00e1s szempontjai.<\/li>\n<li>Sz\u00e1jt\u00fcneteket okoz\u00f3 b\u0151rgy\u00f3gy\u00e1szati k\u00f3rk\u00e9pek, klinikai jellegzetess\u00e9geik<\/li>\n<\/ol>\n<p>&nbsp;<\/p>\n<p><strong>B, STD<\/strong><\/p>\n<ol>\n<li>Syphilis I. st\u00e1dium t\u00fcnetei. A fert\u0151z\u00e9s kialakul\u00e1sa<\/li>\n<li>Syphilis II. st\u00e1dium t\u00fcnetei<\/li>\n<li>A k\u00e9s\u0151i syphilis b\u0151rt\u00fcnetei \u00e9s bels\u0151szervi elv\u00e1ltoz\u00e1sok<\/li>\n<li>A syphilis laborat\u00f3riumi diagnosztik\u00e1ja \u00e9s kezel\u00e9se<\/li>\n<li>A syphilis sz\u00e1jt\u00fcnetei<\/li>\n<li>A gonorrhoea t\u00fcnetei (urogenitalis, nem urogenitalis szervek), diagnosztik\u00e1ja \u00e9s kezel\u00e9se<\/li>\n<li>STD-k: klinikai t\u00fcnetek, kezel\u00e9s, jelent\u0151s\u00e9g\u00fck a fog\u00e1szati rendel\u0151ben<\/li>\n<li>Chlamydia trachomatis okozta fert\u0151z\u00e9sek klinikuma, diagn\u00f3zisa \u00e9s kezel\u00e9se<\/li>\n<li>Urethritis, cervicitis non-gonorrhoica<\/li>\n<li>Herpes genitalis klinikuma \u00e9s a kezel\u00e9s lehet\u0151s\u00e9gei<\/li>\n<li>Nemi \u00e9rintkez\u00e9ssel is terjesztett virusfert\u0151z\u00e9sek (HPV, Hepatitis B, cytomegalov\u00edrus fert\u0151z\u00e9sek)<\/li>\n<li>Vulvovaginitis candidomycetica, urethritis candidomycetica<\/li>\n<li>HIV fert\u0151z\u00e9s epidemiol\u00f3gi\u00e1ja, jellegzetess\u00e9gei, klinikai t\u00fcnetei<\/li>\n<li>HIV betegs\u00e9g sz\u00e1jt\u00fcnetei, fogorvosi gyakorlati jelent\u0151s\u00e9ge<\/li>\n<li>HPV fert\u0151z\u00e9sek, megel\u0151z\u00e9s. Verruca vulgaris, condyloma accuminatum<\/li>\n<li>Scabies felismer\u00e9se \u00e9s kezel\u00e9se. Pediculosisok<\/li>\n<\/ol>\n<p>&nbsp;<\/p>\n","protected":false},"excerpt":{"rendered":"<p>A 2025\/2026-\u00f6s tan\u00e9vben a vizsga az al\u00e1bbi A \u00e9s B csoport k\u00e9rd\u00e9seib\u0151l 1-1 kih\u00faz\u00e1s\u00e1b\u00f3l \u00e9s sz\u00f3beli ismertet\u00e9s\u00e9b\u0151l \u00e1ll. A, B\u0151rgy\u00f3gy\u00e1szat Primer \u00e9s secunder elemi jelens\u00e9gek A b\u0151r szerkezete \u00e9s funkci\u00f3i Pyoderm\u00e1k. Impetigo contagiosa, folliculitis, furunculus klinikai k\u00e9pe \u00e9s kezel\u00e9se Erysipelas, cellulitis klinikai k\u00e9pe, differenci\u00e1ldiagnosztik\u00e1ja \u00e9s kezel\u00e9se Herpes virus infekci\u00f3k: herpes simplex, herpes zoster Sarjadz\u00f3 gomb\u00e1s &hellip;<\/p>\n","protected":false},"author":101242,"featured_media":0,"parent":325,"menu_order":2,"comment_status":"closed","ping_status":"closed","template":"","meta":{"_acf_changed":false,"footnotes":""},"categories":[],"tags":[],"class_list":["post-376","page","type-page","status-publish","hentry"],"acf":[],"_links":{"self":[{"href":"https:\/\/semmelweis.hu\/borklinika\/wp-json\/wp\/v2\/pages\/376","targetHints":{"allow":["GET"]}}],"collection":[{"href":"https:\/\/semmelweis.hu\/borklinika\/wp-json\/wp\/v2\/pages"}],"about":[{"href":"https:\/\/semmelweis.hu\/borklinika\/wp-json\/wp\/v2\/types\/page"}],"author":[{"embeddable":true,"href":"https:\/\/semmelweis.hu\/borklinika\/wp-json\/wp\/v2\/users\/101242"}],"replies":[{"embeddable":true,"href":"https:\/\/semmelweis.hu\/borklinika\/wp-json\/wp\/v2\/comments?post=376"}],"version-history":[{"count":11,"href":"https:\/\/semmelweis.hu\/borklinika\/wp-json\/wp\/v2\/pages\/376\/revisions"}],"predecessor-version":[{"id":13132,"href":"https:\/\/semmelweis.hu\/borklinika\/wp-json\/wp\/v2\/pages\/376\/revisions\/13132"}],"up":[{"embeddable":true,"href":"https:\/\/semmelweis.hu\/borklinika\/wp-json\/wp\/v2\/pages\/325"}],"wp:attachment":[{"href":"https:\/\/semmelweis.hu\/borklinika\/wp-json\/wp\/v2\/media?parent=376"}],"wp:term":[{"taxonomy":"category","embeddable":true,"href":"https:\/\/semmelweis.hu\/borklinika\/wp-json\/wp\/v2\/categories?post=376"},{"taxonomy":"post_tag","embeddable":true,"href":"https:\/\/semmelweis.hu\/borklinika\/wp-json\/wp\/v2\/tags?post=376"}],"curies":[{"name":"wp","href":"https:\/\/api.w.org\/{rel}","templated":true}]}}