{"id":373,"date":"2014-05-14T13:29:42","date_gmt":"2014-05-14T13:29:42","guid":{"rendered":"http:\/\/semmelweis.hu\/borklinika\/?page_id=373"},"modified":"2025-08-29T12:55:49","modified_gmt":"2025-08-29T10:55:49","slug":"eloadasok","status":"publish","type":"page","link":"https:\/\/semmelweis.hu\/borklinika\/informaci-hallgatoknak\/fok\/eloadasok\/","title":{"rendered":"Inform\u00e1ci\u00f3k, el\u0151ad\u00e1sok"},"content":{"rendered":"<p style=\"text-align: center\"><strong><u>Fogorvostudom\u00e1nyi Kar k\u00e9pz\u00e9s<\/u><\/strong><\/p>\n<p style=\"text-align: center\"><strong><u>2025\/2026. I. f\u00e9l\u00e9v<\/u><\/strong><\/p>\n<p>K\u00f6sz\u00f6ntj\u00fck \u00d6n\u00f6ket a B\u0151rgy\u00f3gy\u00e1szat t\u00e1rgy gradu\u00e1lis k\u00e9pz\u00e9s\u00e9n.<\/p>\n<p>A turnus els\u0151 napj\u00e1n l\u00e9v\u0151 bevezet\u0151 el\u0151ad\u00e1s helysz\u00edne a Semmelweis Egyetem \u00c1OK, B\u0151r-, Nemik\u00f3rtani \u00e9s B\u0151ronkol\u00f3giai Klinika Tanterme (1085 Budapest M\u00e1ria utca 41.).\u00a0<\/p>\n<p>A magasf\u00f6ldszinti aul\u00e1ban a hallgat\u00f3i hirdet\u0151t\u00e1bl\u00e1n helyezz\u00fck el a gyakorlatok csoportbeoszt\u00e1s\u00e1t.<\/p>\n<p>A gyakorlatok l\u00e1togat\u00e1s\u00e1hoz javasoljuk a saj\u00e1t tulajdon\u00fa k\u00f6peny visel\u00e9s\u00e9t.<\/p>\n<p>J\u00f3 tanul\u00e1st k\u00edv\u00e1n a klinika igazgat\u00f3ja, Prof. Dr. Holl\u00f3 P\u00e9ter, \u00e9s az oktat\u00e1si felel\u0151s Dr. Hidv\u00e9gi Bernadett egyetemi docens.<\/p>\n<p>&nbsp;<\/p>\n<p><strong>El<\/strong><strong>\u0151ad\u00e1sok ideje: p\u00e1ros h\u00e9ten <\/strong>cs\u00fct\u00f6rt\u00f6k 8:00 \u2013 8:45<\/p>\n<p><strong>Helye: <\/strong>B\u0151r-, Nemik\u00f3rtani \u00e9s B\u0151ronkol\u00f3giai Klinika,<\/p>\n<p>1085 Budapest, M\u00e1ria u. 41.<\/p>\n<p><strong>Id\u0151pontok: szeptember 4, 18, okt\u00f3ber 2, 16, 30, november 13, 27,<\/strong><\/p>\n<p>&nbsp;<\/p>\n<p><strong>Gyakorlatok ideje: p\u00e1ros h\u00e9ten <\/strong>cs\u00fct\u00f6rt\u00f6k 8:15 \u2013 9:45<\/p>\n<p><strong>Helye: <\/strong>B\u0151r-, Nemik\u00f3rtani \u00e9s B\u0151ronkol\u00f3giai Klinika<\/p>\n<p>1085 Budapest, M\u00e1ria u. 41.<\/p>\n<p><strong>Id\u0151pontok: szeptember 11, 25\u00a0 okt\u00f3ber 09,\u00a0 november 6, 20,\u00a0 december 4,<\/strong><\/p>\n<p>&nbsp;<\/p>\n<p><strong>Oktat\u00e1si felel\u0151s:<\/strong> \u00a0 Dr. Hidv\u00e9gi Bernadett egyet. doc (Tel: 20\/825-0641)<\/p>\n<p><strong>Gyakorlatvezet\u0151k:<\/strong><\/p>\n<p><strong>Dr. Krebs M\u00e1t\u00e9<\/strong><\/p>\n<p><strong>Dr. Guly\u00e1s Lili<\/strong><\/p>\n<p><strong>Dr. Kun Be\u00e1ta<\/strong><\/p>\n<p><strong>Dr. Kolonics M. Veronika<\/strong><\/p>\n<p><strong>Dr. Metyovinyi Zseraldin<\/strong><\/p>\n<p><strong>Dr. Martyin Kata<\/strong><\/p>\n<p><strong>Dr. Szondy Istv\u00e1n<\/strong><\/p>\n<p><strong>Dr. Mikola Csenge<\/strong><\/p>\n<p style=\"text-align: center\">\u00a0<\/p>\n<p style=\"text-align: center\"><strong><u>Fogorvostudom\u00e1nyi Kar<\/u><\/strong><\/p>\n<p style=\"text-align: center\"><strong><u>B\u0151rgy\u00f3gy\u00e1szat el\u0151ad\u00e1sok <\/u><\/strong><\/p>\n<p style=\"text-align: center\"><strong><u>2025\/2026. I. f\u00e9l\u00e9v<\/u><\/strong><\/p>\n<p style=\"text-align: center\"><strong>\u00a0<\/strong><\/p>\n<p><strong>Helye: B\u0151r-, Nemik\u00f3rtani \u00e9s B\u0151ronkol\u00f3giai Klinika tanterme<\/strong><\/p>\n<p><strong>Cs\u00fct\u00f6rt\u00f6k 8:00 \u2013 8:45<\/strong><\/p>\n<p><strong>\u00a0<\/strong><\/p>\n<table style=\"width: 91.9704%;height: 900px\" width=\"0\">\n<tbody>\n<tr>\n<td style=\"width: 89px\" width=\"84\">\n<h3>D\u00e1tum<\/h3>\n<\/td>\n<td style=\"width: 336px\" width=\"336\">\n<p><strong>El\u0151ad\u00e1s<\/strong><\/p>\n<\/td>\n<td style=\"width: 189px\" width=\"189\">\n<p><strong>El\u0151ad\u00f3<\/strong><\/p>\n<\/td>\n<\/tr>\n<tr>\n<td style=\"width: 89px\" width=\"84\">\n<p><strong>Szept. 4<\/strong>.<\/p>\n<\/td>\n<td style=\"width: 336px\" width=\"336\">\n<div class=\"lead\">\n<p style=\"text-align: center\"><span style=\"font-size: 14pt\"><strong>A b\u0151rgy\u00f3gy\u00e1szat helye az orvostudom\u00e1nyban, fogorvostudom\u00e1nyban, a b\u0151rgy\u00f3gy\u00e1szat fogorvostani jelent\u0151s\u00e9ge. A b\u0151r szerkezete, patol\u00f3giai alapfogalmak. A b\u0151rgy\u00f3gy\u00e1szati diagnosztika alapelemei. Az elemi jelens\u00e9gek.<\/strong><\/span><\/p>\n<\/div>\n<\/td>\n<td style=\"width: 189px\" width=\"189\">\n<p><span style=\"font-size: 14pt\">Dr. Hidv\u00e9gi Bernadett<\/span><\/p>\n<p><span style=\"font-size: 14pt\">(H: Dr. Medvecz M\u00e1rta)<\/span><\/p>\n<\/td>\n<\/tr>\n<tr>\n<td style=\"width: 89px\" width=\"84\">\n<p><strong>Szept.18<\/strong>.<\/p>\n<\/td>\n<td style=\"width: 336px\" width=\"321\">\n<p><span style=\"font-size: 14pt\"><strong>Allergi\u00e1s megbeteged\u00e9sek (ekzema, atopia, urticaria). Diagnosztik\u00e1juk, jelent\u0151s\u00e9g\u00fck a fogorvosi gyakorlatban. Seborrhoe\u00e1s k\u00f3rk\u00e9pek\u00a0<\/strong><\/span><\/p>\n<\/td>\n<td style=\"width: 189px\" width=\"189\">\n<p><span style=\"font-size: 14pt\">Dr. Hidv\u00e9gi Bernadett<\/span><\/p>\n<p><span style=\"font-size: 14pt\">(H: Dr. Medvecz M\u00e1rta)<\/span><\/p>\n<\/td>\n<\/tr>\n<tr>\n<td style=\"width: 89px\" width=\"84\">\n<p><strong>Okt. 2.<\/strong><\/p>\n<\/td>\n<td style=\"width: 336px\" width=\"336\">\n<p><span style=\"font-size: 14pt\"><strong>Papulosquamosus k\u00f3rk\u00e9pek.<\/strong><\/span><\/p>\n<p><span style=\"font-size: 14pt\"><strong>Dermatophlebologia (ulcus cruris, kr\u00f3nikus v\u00e9n\u00e1s el\u00e9gtelens\u00e9g, poszttrombotikus szindr\u00f3ma).<\/strong><\/span><\/p>\n<\/td>\n<td style=\"width: 189px\" width=\"189\">\n<p><span style=\"font-size: 14pt\">Dr. Holl\u00f3 P\u00e9ter<\/span><\/p>\n<p><span style=\"font-size: 14pt\">(H: Dr. Hidv\u00e9gi Bernadett)<\/span><\/p>\n<p>&nbsp;<\/p>\n<\/td>\n<\/tr>\n<tr>\n<td style=\"width: 89px\" width=\"84\">\n<p><strong>Okt. 16.<\/strong><\/p>\n<\/td>\n<td style=\"width: 336px\" width=\"336\">\n<p><span style=\"font-size: 14pt\"><strong>STD betegs\u00e9gek. Klasszikus nemibetegs\u00e9gek.<\/strong><\/span><\/p>\n<p><span style=\"font-size: 14pt\"><strong>HIV betegs\u00e9g, v\u00edrusok \u00e1ltal okozott STD.<\/strong><\/span><\/p>\n<p><span style=\"font-size: 14pt\"><strong>\u00a0<\/strong><\/span><\/p>\n<\/td>\n<td style=\"width: 189px\" width=\"189\">\n<p><span style=\"font-size: 14pt\">Dr. T\u00f3th B\u00e9la<\/span><\/p>\n<p><span style=\"font-size: 14pt\">(H: Dr. Hidv\u00e9gi Bernadett)<\/span><\/p>\n<p>&nbsp;<\/p>\n<\/td>\n<\/tr>\n<tr>\n<td style=\"width: 89px\" width=\"84\">\n<p><strong>Okt<\/strong>. <strong>30.<\/strong><\/p>\n<\/td>\n<td style=\"width: 336px\" width=\"336\">\n<p><span style=\"font-size: 14pt\"><strong>Onkodermatol\u00f3gia. Id\u0151skori b\u0151relv\u00e1ltoz\u00e1sok az arcon. Praecancerosisok. In situ carcinom\u00e1k.<\/strong><\/span><\/p>\n<p><span style=\"font-size: 14pt\"><strong>Paraneoplasi\u00e1k Melanoma malignum, basalioma, spinalioma<\/strong><\/span><\/p>\n<\/td>\n<td style=\"width: 189px\" width=\"189\">\n<p><span style=\"font-size: 14pt\">Dr. Szakonyi J\u00f3zsef<\/span><\/p>\n<p><span style=\"font-size: 14pt\">(H: Dr. T\u00f3th B\u00e9la)<\/span><\/p>\n<p>&nbsp;<\/p>\n<\/td>\n<\/tr>\n<tr>\n<td style=\"width: 89px\" width=\"84\">\n<p><strong>Nov 13<\/strong>.<\/p>\n<\/td>\n<td style=\"width: 336px\" width=\"336\">\n<p><span style=\"font-size: 14pt\"><strong>Mikrobiol\u00f3giai \u00e1gensek okozta b\u0151rbetegs\u00e9gek. Gomb\u00e1s b\u0151rbetegs\u00e9gek, bakt\u00e9rium, v\u00edrus okozta fert\u0151z\u00e9sek a b\u0151r\u00f6n, sz\u00e1jny\u00e1lkah\u00e1rty\u00e1n.<\/strong><\/span><\/p>\n<\/td>\n<td style=\"width: 189px\" width=\"189\">\n<p><span style=\"font-size: 14pt\">Dr. Medvecz M\u00e1rta<\/span><\/p>\n<p><span style=\"font-size: 14pt\">(H: Dr. Hidv\u00e9gi Bernadett)<\/span><\/p>\n<p>&nbsp;<\/p>\n<\/td>\n<\/tr>\n<tr>\n<td style=\"width: 89px\" width=\"84\">\n<p><strong>Nov. 27.<\/strong><\/p>\n<\/td>\n<td style=\"width: 336px\" width=\"336\">\n<p><span style=\"font-size: 14pt\"><strong>Az immunpatol\u00f3gia b\u0151rgy\u00f3gy\u00e1szati vonatkoz\u00e1sai, fogorvostani jelent\u0151s\u00e9ge (autoimmun betegs\u00e9gek, h\u00f3lyagos betegs\u00e9gek, vasculitis, gy\u00f3gyszerki\u00fct\u00e9sek. Belbetegs\u00e9gek b\u0151r- \u00e9s sz\u00e1jny\u00e1lkah\u00e1rtya t\u00fcnetei.<\/strong><\/span><\/p>\n<\/td>\n<td style=\"width: 189px\" width=\"189\">\n<p><span style=\"font-size: 14pt\">Dr. Hidv\u00e9gi Bernadett<\/span><\/p>\n<p><span style=\"font-size: 14pt\">(H: Dr. Medvecz M\u00e1rta)<\/span><\/p>\n<p>&nbsp;<\/p>\n<p>&nbsp;<\/p>\n<\/td>\n<\/tr>\n<\/tbody>\n<\/table>\n<p><!--nextpage--><\/p>\n<p><strong>Tank\u00f6nyv:<\/strong><\/p>\n<p>K\u00e1rp\u00e1ti S.: B\u0151rgy\u00f3gy\u00e1szat \u00e9s Venerol\u00f3gia Medicina 2020.<\/p>\n<p>Dr. Marschalk\u00f3 M, Dr. Holl\u00f3 P. Szexu\u00e1lis \u00e9rintkez\u00e9s \u00fatj\u00e1n terjed\u0151 fert\u0151z\u0151 betegs\u00e9gek, Semmelweis kiad\u00f3 2024.<\/p>\n<p>Temesv\u00e1ri E, K\u00e1rp\u00e1ti S: Gyakorlati allergol\u00f3gia<\/p>\n","protected":false},"excerpt":{"rendered":"<p>Fogorvostudom\u00e1nyi Kar k\u00e9pz\u00e9s 2025\/2026. I. f\u00e9l\u00e9v K\u00f6sz\u00f6ntj\u00fck \u00d6n\u00f6ket a B\u0151rgy\u00f3gy\u00e1szat t\u00e1rgy gradu\u00e1lis k\u00e9pz\u00e9s\u00e9n. A turnus els\u0151 napj\u00e1n l\u00e9v\u0151 bevezet\u0151 el\u0151ad\u00e1s helysz\u00edne a Semmelweis Egyetem \u00c1OK, B\u0151r-, Nemik\u00f3rtani \u00e9s B\u0151ronkol\u00f3giai Klinika Tanterme (1085 Budapest M\u00e1ria utca 41.).\u00a0 A magasf\u00f6ldszinti aul\u00e1ban a hallgat\u00f3i hirdet\u0151t\u00e1bl\u00e1n helyezz\u00fck el a gyakorlatok csoportbeoszt\u00e1s\u00e1t. A gyakorlatok l\u00e1togat\u00e1s\u00e1hoz javasoljuk a saj\u00e1t tulajdon\u00fa k\u00f6peny &hellip;<\/p>\n","protected":false},"author":101242,"featured_media":0,"parent":325,"menu_order":1,"comment_status":"closed","ping_status":"closed","template":"","meta":{"_acf_changed":false,"footnotes":""},"categories":[],"tags":[],"class_list":["post-373","page","type-page","status-publish","hentry"],"acf":[],"_links":{"self":[{"href":"https:\/\/semmelweis.hu\/borklinika\/wp-json\/wp\/v2\/pages\/373","targetHints":{"allow":["GET"]}}],"collection":[{"href":"https:\/\/semmelweis.hu\/borklinika\/wp-json\/wp\/v2\/pages"}],"about":[{"href":"https:\/\/semmelweis.hu\/borklinika\/wp-json\/wp\/v2\/types\/page"}],"author":[{"embeddable":true,"href":"https:\/\/semmelweis.hu\/borklinika\/wp-json\/wp\/v2\/users\/101242"}],"replies":[{"embeddable":true,"href":"https:\/\/semmelweis.hu\/borklinika\/wp-json\/wp\/v2\/comments?post=373"}],"version-history":[{"count":11,"href":"https:\/\/semmelweis.hu\/borklinika\/wp-json\/wp\/v2\/pages\/373\/revisions"}],"predecessor-version":[{"id":13115,"href":"https:\/\/semmelweis.hu\/borklinika\/wp-json\/wp\/v2\/pages\/373\/revisions\/13115"}],"up":[{"embeddable":true,"href":"https:\/\/semmelweis.hu\/borklinika\/wp-json\/wp\/v2\/pages\/325"}],"wp:attachment":[{"href":"https:\/\/semmelweis.hu\/borklinika\/wp-json\/wp\/v2\/media?parent=373"}],"wp:term":[{"taxonomy":"category","embeddable":true,"href":"https:\/\/semmelweis.hu\/borklinika\/wp-json\/wp\/v2\/categories?post=373"},{"taxonomy":"post_tag","embeddable":true,"href":"https:\/\/semmelweis.hu\/borklinika\/wp-json\/wp\/v2\/tags?post=373"}],"curies":[{"name":"wp","href":"https:\/\/api.w.org\/{rel}","templated":true}]}}