{"id":335,"date":"2014-05-14T07:47:24","date_gmt":"2014-05-14T05:47:24","guid":{"rendered":"http:\/\/semmelweis.hu\/borklinika\/?page_id=335"},"modified":"2025-09-11T11:10:06","modified_gmt":"2025-09-11T09:10:06","slug":"magisztralis-receptek","status":"publish","type":"page","link":"https:\/\/semmelweis.hu\/borklinika\/informaci-hallgatoknak\/aok\/magisztralis-receptek\/","title":{"rendered":"Magisztr\u00e1lis receptek"},"content":{"rendered":"<p>B\u0150RGY\u00d3GY\u00c1GY\u00c1SZATI K\u00c9SZ\u00cdTM\u00c9NYEK\u00a0<\/p>\n<p>\n<strong>B\u0151r\u00e1pol\u00e1s<\/strong><\/p>\n<p>Rp.\/<br \/>\nCremoris ad balnei FoNo<br \/>\ndosim No I. (unam)<br \/>\nDS. K\u00fcls\u0151leg, Mosakod\u00f3kr\u00e9m \u00e9rz\u00e9keny b\u0151rre<\/p>\n<p>Rp.\/<br \/>\nDetergentis sulfurati FoNo<br \/>\ndosim No I. (unam)<br \/>\nDS. K\u00fcls\u0151leg. Gy\u00f3gysampon.<\/p>\n<p>Rp.\/<br \/>\nNatrii laurylsulfurici<br \/>\ngta 20,0 (viginti)<br \/>\nAqae purificatae<br \/>\nad gta 100,0 (centum)<br \/>\nMDS. K\u00fcls\u0151leg, hajmos\u00e1sra<\/p>\n<p>Rp.\/<br \/>\nUnguenti emollientis FoNo<br \/>\ngta 100,0 (centum)<br \/>\nDS. K\u00fcls\u0151leg, sz\u00e1raz b\u0151r \u00e1pol\u00e1s\u00e1ra<\/p>\n<p>Rp.\/<\/p>\n<p>Unguenti hydrosi FoNo<br \/>\ngta 100,0 (centum)<br \/>\nDS. K\u00fcls\u0151leg, sz\u00e1raz b\u0151r \u00e1pol\u00e1s\u00e1ra<\/p>\n<p>&nbsp;<\/p>\n<p><strong>Antimikr\u00f3b\u00e1s ter\u00e1pia<\/strong><\/p>\n<p><strong>Scabies kezel\u00e9s\u00e9re:<\/strong><\/p>\n<p>Rp.\/<br \/>\nLinimenti scabicidi FoNo<br \/>\ndosim No I. (unam)<br \/>\nD.S. K\u00fcls\u0151leg, utas\u00edt\u00e1s szerint<\/p>\n<p><strong>Pyoderma kezel\u00e9s\u00e9re:<\/strong><\/p>\n<p>Rp.\/<br \/>\nUnguenti antiseptici FoNo<br \/>\ndosim No I. (unam)<br \/>\nDS. K\u00fcls\u0151leg.<\/p>\n<p><strong>Candidosis oris kezel\u00e9s\u00e9re:<\/strong><\/p>\n<p>Rp.\/<br \/>\nSuspensionis nystatini FoNo<br \/>\ndosim No I. (unam)<br \/>\nD.S. Sz\u00e1jny\u00e1lkah\u00e1rtya ecsetel\u0151.<\/p>\n<p><strong>Mycosis kezel\u00e9s\u00e9re:<\/strong><br \/>\nRp.\/<br \/>\nUng. Canesten<br \/>\nscat orig No I (unam)<br \/>\nDS. K\u00fcls\u0151leg, 2x naponta.<\/p>\n<p><strong>Keratolysis<\/strong><br \/>\nRp.\/<br \/>\nAcidi salycilici<br \/>\ngta 5,0<br \/>\nUnguenti simplicis<br \/>\nad gta 100,0 (centum)<br \/>\nMDS. K\u00fcls\u0151leg, h\u00e1mlaszt\u00f3<\/p>\n<p>Rp.\/<br \/>\nUrei<br \/>\nAquae purificatae<br \/>\naa gta 5,0<br \/>\nVaselini cholesterinati<br \/>\nad gta 100,0 (centum)<br \/>\nMDS. K\u00fcls\u0151leg, h\u00e1mlaszt\u00f3<\/p>\n<p>Rp.\/<br \/>\nAcidi salicylici<br \/>\nSulfuris paecipitati<br \/>\naa gta 5,0<br \/>\nUnguenti hydrophilici<br \/>\nad gta 100,0 (centum)<br \/>\nMDS. K\u00fcls\u0151leg, pakol\u00e1s, hajasfejb\u0151r kezel\u00e9s\u00e9re<\/p>\n<p><strong>H\u00e1mos\u00edt\u00f3<\/strong><br \/>\nRp.\/<br \/>\nAcidi salicylici<br \/>\ngta 0,40<br \/>\nVaselini acidi borici<br \/>\nad 20,0 g<br \/>\nMDS. K\u00fcls\u0151leg, sebken\u0151cs<\/p>\n<p>Rp.\/<br \/>\nCuriosin gel<br \/>\nscat orig No I (unam)<br \/>\nDS. Ulcus kezel\u00e9s\u00e9re<\/p>\n<p><strong>Gyullad\u00e1scs\u00f6kkent\u00e9s<\/strong><br \/>\nRp.\/<br \/>\nUnguenti &#8211; Burow &#8211; aluminii acetici tartarici FoNo<br \/>\ndoses No II (duas)<br \/>\nDS. K\u00fcls\u0151leg b\u0151rgyullad\u00e1s kezel\u00e9s\u00e9re<\/p>\n<p>Rp.\/<br \/>\nCremoris refrigerantis FoNo<br \/>\ndosim No I. (unam)<br \/>\nDS. K\u00fcls\u0151leg b\u0151rgyullad\u00e1s kezel\u00e9s\u00e9re<\/p>\n<p>Rp.\/<br \/>\nCrem. Mofuder<br \/>\ntub. orig. No I (unam)<br \/>\nDS. K\u00fcls\u0151leg.<\/p>\n<p>Rp.\/<br \/>\nUng. Diprosalic<br \/>\ntub. orig. No I (unam)<br \/>\nDS. K\u00fcls\u0151leg. Psoriasis kezel\u00e9s\u00e9re<\/p>\n<p>Rp.\/<br \/>\nSol. Diprosalic<br \/>\nlag. orig. No I. (unam)<br \/>\nDS. K\u00fcls\u0151leg. Hajas fejb\u0151r kezel\u00e9s\u00e9re<\/p>\n<p>Friss\u00edtve 2024.09.04.<\/p>\n","protected":false},"excerpt":{"rendered":"<p>B\u0150RGY\u00d3GY\u00c1GY\u00c1SZATI K\u00c9SZ\u00cdTM\u00c9NYEK\u00a0 B\u0151r\u00e1pol\u00e1s Rp.\/ Cremoris ad balnei FoNo dosim No I. (unam) DS. K\u00fcls\u0151leg, Mosakod\u00f3kr\u00e9m \u00e9rz\u00e9keny b\u0151rre Rp.\/ Detergentis sulfurati FoNo dosim No I. (unam) DS. K\u00fcls\u0151leg. Gy\u00f3gysampon. Rp.\/ Natrii laurylsulfurici gta 20,0 (viginti) Aqae purificatae ad gta 100,0 (centum) MDS. K\u00fcls\u0151leg, hajmos\u00e1sra Rp.\/ Unguenti emollientis FoNo gta 100,0 (centum) DS. K\u00fcls\u0151leg, sz\u00e1raz b\u0151r \u00e1pol\u00e1s\u00e1ra &hellip;<\/p>\n","protected":false},"author":101242,"featured_media":0,"parent":321,"menu_order":4,"comment_status":"closed","ping_status":"closed","template":"","meta":{"_acf_changed":false,"footnotes":""},"categories":[],"tags":[],"class_list":["post-335","page","type-page","status-publish","hentry"],"acf":[],"_links":{"self":[{"href":"https:\/\/semmelweis.hu\/borklinika\/wp-json\/wp\/v2\/pages\/335","targetHints":{"allow":["GET"]}}],"collection":[{"href":"https:\/\/semmelweis.hu\/borklinika\/wp-json\/wp\/v2\/pages"}],"about":[{"href":"https:\/\/semmelweis.hu\/borklinika\/wp-json\/wp\/v2\/types\/page"}],"author":[{"embeddable":true,"href":"https:\/\/semmelweis.hu\/borklinika\/wp-json\/wp\/v2\/users\/101242"}],"replies":[{"embeddable":true,"href":"https:\/\/semmelweis.hu\/borklinika\/wp-json\/wp\/v2\/comments?post=335"}],"version-history":[{"count":9,"href":"https:\/\/semmelweis.hu\/borklinika\/wp-json\/wp\/v2\/pages\/335\/revisions"}],"predecessor-version":[{"id":13129,"href":"https:\/\/semmelweis.hu\/borklinika\/wp-json\/wp\/v2\/pages\/335\/revisions\/13129"}],"up":[{"embeddable":true,"href":"https:\/\/semmelweis.hu\/borklinika\/wp-json\/wp\/v2\/pages\/321"}],"wp:attachment":[{"href":"https:\/\/semmelweis.hu\/borklinika\/wp-json\/wp\/v2\/media?parent=335"}],"wp:term":[{"taxonomy":"category","embeddable":true,"href":"https:\/\/semmelweis.hu\/borklinika\/wp-json\/wp\/v2\/categories?post=335"},{"taxonomy":"post_tag","embeddable":true,"href":"https:\/\/semmelweis.hu\/borklinika\/wp-json\/wp\/v2\/tags?post=335"}],"curies":[{"name":"wp","href":"https:\/\/api.w.org\/{rel}","templated":true}]}}