{"id":328,"date":"2014-05-14T07:36:25","date_gmt":"2014-05-14T07:36:25","guid":{"rendered":"http:\/\/semmelweis.hu\/borklinika\/?page_id=328"},"modified":"2025-09-11T11:09:44","modified_gmt":"2025-09-11T09:09:44","slug":"vizsgatetelek","status":"publish","type":"page","link":"https:\/\/semmelweis.hu\/borklinika\/informaci-hallgatoknak\/aok\/vizsgatetelek\/","title":{"rendered":"Vizsgat\u00e9telek \u00c1OK"},"content":{"rendered":"<p><strong>B\u0151rgy\u00f3gy\u00e1szat kollokvium t\u00e9telek 2025\/2026-os tan\u00e9v<\/strong><\/p>\n<p><strong>I. (Piros)<\/strong><\/p>\n<ol>\n<li>Elemi jelens\u00e9gek a b\u0151r\u00f6n<\/li>\n<li>A h\u00e1m \u00e9s az irha szerkezete. A b\u0151r barrier \u00e9s adapt\u00e1ci\u00f3s funkci\u00f3i.<\/li>\n<li>A b\u0151rgy\u00f3gy\u00e1szati helyi kezel\u00e9s alapelvei. A cortocisteroid kezel\u00e9s indik\u00e1ci\u00f3i \u00e9s mell\u00e9khat\u00e1sai<\/li>\n<li>Urticaria, Quincke oedema<\/li>\n<li>Dermatitis atopica<\/li>\n<li>Ekzema fogalma \u00e9s feloszt\u00e1sa, kezel\u00e9s\u00e9nek alapelvei. Dyshidrosis.<\/li>\n<li>Gy\u00f3gyszerexanthem\u00e1k klinikai form\u00e1i.\u00a0 Stevens-Johnson szindr\u00f3ma. TEN (Lyell szindr\u00f3ma).<\/li>\n<li>Basalioma klinikai form\u00e1i<\/li>\n<li>Spinalioma klinikai form\u00e1i<\/li>\n<li>Fest\u00e9kes anyajegyek, melanoma malignum<\/li>\n<li>Praecancerosisok. In situ carcinom\u00e1k. Paraneoplasi\u00e1k.<\/li>\n<li>Cutan T-sejtes lymphom\u00e1k. M. Kaposi<\/li>\n<li>Psoriasis klinikai form\u00e1i \u00e9s kezel\u00e9se<\/li>\n<li>Lichen ruber planus. Pityriasis rosea<\/li>\n<li>\u00a0A faggy\u00fatermel\u00e9s zavarai, az acne betegs\u00e9g, rosacea<\/li>\n<li>Lupus erythematodes (DLE, SLE) b\u0151rt\u00fcnetei, kivizsg\u00e1l\u00e1si terv<\/li>\n<li>Scleroderma (Morphea, PSS)<\/li>\n<li>Dermatomyositis<\/li>\n<li>Diabetes b\u0151rt\u00fcnetei. M\u00e1jbetegs\u00e9g b\u0151rt\u00fcnetei. Pruritusok okai \u00e9s kezel\u00e9si lehet\u0151s\u00e9gei<\/li>\n<li>Dermatitis herpetiformis Duhring, pemphigoid, pemphigus klinikuma \u00e9s kezel\u00e9s\u00fck<\/li>\n<li>Ulcus cruris venosum klinikai jellemz\u0151i, differenci\u00e1l diagnosztik\u00e1ja \u00e9s kezel\u00e9se<\/li>\n<li>Alopeci\u00e1k<\/li>\n<li>Erythema exsudativum multiforme. Erythema nodosum.<\/li>\n<li>Vasculitis allergica (cutan leukocytoclasticus angiitis) klinikai jellemz\u0151i, ter\u00e1pi\u00e1ja \u00e9s differenci\u00e1ldiagnosztik\u00e1ja<\/li>\n<\/ol>\n<p><strong>\u00a0<\/strong><\/p>\n<p><strong>II. (Z\u00f6ld)<\/strong><\/p>\n<ol>\n<li>Az STD\/STI fogalma, nemi \u00e9rintkez\u00e9ssel is terjesztett fert\u0151z\u00e9sek k\u00f3rokoz\u00f3i<\/li>\n<li>Medd\u0151s\u00e9get, perinatalis sz\u00f6v\u0151dm\u00e9nyt okoz\u00f3 nemi \u00e9rintkez\u00e9ssel terjesztett fert\u0151z\u00e9sek<\/li>\n<li>A syphilis I. st\u00e1dium\u00e1nak t\u00fcnetei, a fert\u0151z\u00e9s kialakul\u00e1sa<\/li>\n<li>A syphilis II. st\u00e1dium\u00e1nak t\u00fcnetei<\/li>\n<li>A k\u00e9s\u0151i syphilis b\u0151rt\u00fcnetei \u00e9s bels\u0151szervi elv\u00e1ltoz\u00e1sai<\/li>\n<li>A syphilis laborat\u00f3riumi diagnosztik\u00e1ja<\/li>\n<li>A syphilis kezel\u00e9se (az egyes st\u00e1diumokban, terhesekben, ill. penicillin allergia eset\u00e9n)<\/li>\n<li>A f\u00e9rfiak gonorrhoe\u00e1s fert\u0151z\u00e9se, a fert\u0151z\u00e9s sz\u00f6v\u0151dm\u00e9nyes form\u00e1i<\/li>\n<li>A n\u0151k gonorrhoe\u00e1s fert\u0151z\u00e9se, a fert\u0151z\u00e9s sz\u00f6v\u0151dm\u00e9nyes form\u00e1i<\/li>\n<li>A gonorrhoea laborat\u00f3riumi diagnosztik\u00e1ja \u00e9s kezel\u00e9se<\/li>\n<li>Chlamydia trachomatis okozta fert\u0151z\u00e9sek klinikai megnyilv\u00e1nul\u00e1sa \u00e9s kezel\u00e9se<\/li>\n<li>Herpes v\u00edrus okozta betegs\u00e9gek. Herpes progenitalis klinikuma \u00e9s kezel\u00e9si lehet\u0151s\u00e9gei.<\/li>\n<li>Human papilloma v\u00edrus fert\u0151z\u00e9sek klinikuma \u00e9s kezel\u00e9si lehet\u0151s\u00e9gei<\/li>\n<li>Trichomonas vaginalis.\u00a0 Bakterialis vaginosis.<\/li>\n<li>Vulvovaginitis candidomycetica, balanitis candidosa. Angulus infectiosus oris, candidosis oris<\/li>\n<li>HIV fert\u0151z\u00e9s, AIDS<\/li>\n<li>Az impetigo contagiosa, folliculitis, furunculus, carbunculus klinikai k\u00e9pe \u00e9s kezel\u00e9se<\/li>\n<li>Az erysipelas klinikai k\u00e9pe, differenci\u00e1l diagn\u00f3zisa \u00e9s kezel\u00e9se<\/li>\n<li>Lyme-betegs\u00e9g<\/li>\n<li>Pityriasis versicolor. Microsporia.<\/li>\n<li>Mycosis superficialis capitis, corporis. Mycosis pedis.<\/li>\n<li>Intertrigo mycotica. Erythrasma. Hydradenitis suppurativa.<\/li>\n<li>Onychomycosis. Paronychia chronica.<\/li>\n<li>Scabies felismer\u00e9se \u00e9s kezel\u00e9se. Pediculosisok<\/li>\n<\/ol>\n<p>&nbsp;<\/p>\n","protected":false},"excerpt":{"rendered":"<p>B\u0151rgy\u00f3gy\u00e1szat kollokvium t\u00e9telek 2025\/2026-os tan\u00e9v I. (Piros) Elemi jelens\u00e9gek a b\u0151r\u00f6n A h\u00e1m \u00e9s az irha szerkezete. A b\u0151r barrier \u00e9s adapt\u00e1ci\u00f3s funkci\u00f3i. A b\u0151rgy\u00f3gy\u00e1szati helyi kezel\u00e9s alapelvei. A cortocisteroid kezel\u00e9s indik\u00e1ci\u00f3i \u00e9s mell\u00e9khat\u00e1sai Urticaria, Quincke oedema Dermatitis atopica Ekzema fogalma \u00e9s feloszt\u00e1sa, kezel\u00e9s\u00e9nek alapelvei. Dyshidrosis. Gy\u00f3gyszerexanthem\u00e1k klinikai form\u00e1i.\u00a0 Stevens-Johnson szindr\u00f3ma. TEN (Lyell szindr\u00f3ma). Basalioma &hellip;<\/p>\n","protected":false},"author":101242,"featured_media":0,"parent":321,"menu_order":2,"comment_status":"closed","ping_status":"closed","template":"","meta":{"_acf_changed":false,"footnotes":""},"categories":[],"tags":[],"class_list":["post-328","page","type-page","status-publish","hentry"],"acf":[],"_links":{"self":[{"href":"https:\/\/semmelweis.hu\/borklinika\/wp-json\/wp\/v2\/pages\/328","targetHints":{"allow":["GET"]}}],"collection":[{"href":"https:\/\/semmelweis.hu\/borklinika\/wp-json\/wp\/v2\/pages"}],"about":[{"href":"https:\/\/semmelweis.hu\/borklinika\/wp-json\/wp\/v2\/types\/page"}],"author":[{"embeddable":true,"href":"https:\/\/semmelweis.hu\/borklinika\/wp-json\/wp\/v2\/users\/101242"}],"replies":[{"embeddable":true,"href":"https:\/\/semmelweis.hu\/borklinika\/wp-json\/wp\/v2\/comments?post=328"}],"version-history":[{"count":11,"href":"https:\/\/semmelweis.hu\/borklinika\/wp-json\/wp\/v2\/pages\/328\/revisions"}],"predecessor-version":[{"id":13128,"href":"https:\/\/semmelweis.hu\/borklinika\/wp-json\/wp\/v2\/pages\/328\/revisions\/13128"}],"up":[{"embeddable":true,"href":"https:\/\/semmelweis.hu\/borklinika\/wp-json\/wp\/v2\/pages\/321"}],"wp:attachment":[{"href":"https:\/\/semmelweis.hu\/borklinika\/wp-json\/wp\/v2\/media?parent=328"}],"wp:term":[{"taxonomy":"category","embeddable":true,"href":"https:\/\/semmelweis.hu\/borklinika\/wp-json\/wp\/v2\/categories?post=328"},{"taxonomy":"post_tag","embeddable":true,"href":"https:\/\/semmelweis.hu\/borklinika\/wp-json\/wp\/v2\/tags?post=328"}],"curies":[{"name":"wp","href":"https:\/\/api.w.org\/{rel}","templated":true}]}}