{"id":325,"date":"2014-05-14T07:28:32","date_gmt":"2014-05-14T05:28:32","guid":{"rendered":"http:\/\/semmelweis.hu\/borklinika\/?page_id=325"},"modified":"2025-08-27T14:35:58","modified_gmt":"2025-08-27T12:35:58","slug":"fok","status":"publish","type":"page","link":"https:\/\/semmelweis.hu\/borklinika\/informaci-hallgatoknak\/fok\/","title":{"rendered":"FOK"},"content":{"rendered":"<p style=\"text-align: center\"><strong><u>Fogorvostudom\u00e1nyi Kar k\u00e9pz\u00e9s<\/u><\/strong><\/p>\n<p style=\"text-align: center\"><strong><u>2025\/2026. I. f\u00e9l\u00e9v<\/u><\/strong><\/p>\n<p style=\"text-align: center\">\u00a0<\/p>\n<p><strong>El\u0151ad\u00e1sok ideje: p\u00e1ratlan h\u00e9ten <\/strong>cs\u00fct\u00f6rt\u00f6k 8:00 \u2013 8:45<\/p>\n<p><strong>Helye: <\/strong>B\u0151r-, Nemik\u00f3rtani \u00e9s B\u0151ronkol\u00f3giai Klinika<\/p>\n<p>\u00a0 1085 Budapest, M\u00e1ria u. 41.<\/p>\n<p><strong>Id\u0151pontok: szeptember 4, 18, okt\u00f3ber 2, 16, 30, november 13, 27,<\/strong><\/p>\n<p><strong>\u00a0<\/strong><\/p>\n<p><strong>Gyakorlatok ideje: p\u00e1ros h\u00e9ten <\/strong>cs\u00fct\u00f6rt\u00f6k 8:15 \u2013 9:45<\/p>\n<p><strong>Helye: <\/strong>B\u0151r-, Nemik\u00f3rtani \u00e9s B\u0151ronkol\u00f3giai Klinika<\/p>\n<p>\u00a0 1085 Budapest, M\u00e1ria u. 41.<\/p>\n<p><strong>Id\u0151pontok: szeptember 11, 25 okt\u00f3ber 09, november 6, 20, december 4, <\/strong><\/p>\n<p>&nbsp;<\/p>\n<p><strong>Oktat\u00e1si felel\u0151s:<\/strong> \u00a0 Dr. Hidv\u00e9gi Bernadett egyet. doc (Tel: 20\/825-0641)<\/p>\n<p>&nbsp;<\/p>\n<p><strong>Gyakorlatvezet\u0151k:<\/strong><\/p>\n<p><strong>Dr.\u00a0<\/strong><\/p>\n<p><strong>Dr. Kolonics M. Veronika<\/strong><\/p>\n<p><strong>Dr. Krebs M\u00e1t\u00e9<\/strong><\/p>\n<p><strong>Dr. Mikola Csenge<\/strong><\/p>\n<p><strong>Dr. Kun Be\u00e1ta<\/strong><\/p>\n<p><strong>Dr. Metyovinyi Zseraldin<\/strong><\/p>\n<p><strong>Dr. Guly\u00e1s Lili<\/strong><\/p>\n<p><strong>Dr. Martyin Kata<\/strong><\/p>\n<p><strong>Dr. Szondy Istv\u00e1n<\/strong><\/p>\n<p>&nbsp;<\/p>\n<p style=\"text-align: center\"><strong><u>Fogorvostudom\u00e1nyi Kar<\/u><\/strong><\/p>\n<p style=\"text-align: center\"><strong><u>B\u0151rgy\u00f3gy\u00e1szat el\u0151ad\u00e1sok <\/u><\/strong><\/p>\n<p style=\"text-align: center\"><strong><u>2025\/2026. I. f\u00e9l\u00e9v<\/u><\/strong><\/p>\n<p><strong>\u00a0<\/strong><\/p>\n<p><strong>Helye: B\u0151r-, Nemik\u00f3rtani \u00e9s B\u0151ronkol\u00f3giai Klinika tanterme<\/strong><\/p>\n<p><strong>Cs\u00fct\u00f6rt\u00f6k 8:00 \u2013 8:45<\/strong><\/p>\n<p><strong>\u00a0<\/strong><\/p>\n<table style=\"width: 55.8731%;height: 1926px\" width=\"0\">\n<tbody>\n<tr style=\"height: 55px\">\n<td style=\"height: 55px\" width=\"84\">\n<h3>D\u00e1tum<\/h3>\n<\/td>\n<td style=\"height: 55px\" width=\"336\">\n<p><strong>El\u0151ad\u00e1s<\/strong><\/p>\n<\/td>\n<td style=\"height: 55px\" width=\"189\">\n<p><strong>El\u0151ad\u00f3<\/strong><\/p>\n<\/td>\n<\/tr>\n<tr style=\"height: 279px\">\n<td style=\"height: 279px\" width=\"84\">\n<p><strong>Szept. 4<\/strong>.<\/p>\n<\/td>\n<td style=\"height: 279px\" width=\"336\">\n<p><strong>A b\u0151rgy\u00f3gy\u00e1szat helye az orvostudom\u00e1nyban, fogorvostudom\u00e1nyban, a b\u0151rgy\u00f3gy\u00e1szat fogorvostani jelent\u0151s\u00e9ge. A b\u0151r szerkezete, patol\u00f3giai alapfogalmak. A b\u0151rgy\u00f3gy\u00e1szati diagnosztika alapelemei. Az elemi jelens\u00e9gek.<\/strong><\/p>\n<p><strong>HABILIT\u00c1CI\u00d3S EL\u0150AD\u00c1S!<\/strong><\/p>\n<\/td>\n<td style=\"height: 279px\" width=\"189\">\n<p>Dr. Hidv\u00e9gi Bernadett<\/p>\n<p>(H: Dr. Medvecz M\u00e1rta)<\/p>\n<p>&nbsp;<\/p>\n<\/td>\n<\/tr>\n<tr style=\"height: 172px\">\n<td style=\"height: 172px\" width=\"84\">\n<p><strong>Szept. 18<\/strong>.<\/p>\n<\/td>\n<td style=\"height: 172px\" width=\"336\">\n<p><strong>Mikrobiol\u00f3giai \u00e1gensek okozta b\u0151rbetegs\u00e9gek. Gomb\u00e1s b\u0151rbetegs\u00e9gek, bakt\u00e9rium, v\u00edrus okozta fert\u0151z\u00e9sek a b\u0151r\u00f6n, sz\u00e1jny\u00e1lkah\u00e1rty\u00e1n.<\/strong><\/p>\n<\/td>\n<td style=\"height: 172px\" width=\"189\">\n<p>Dr. Medvecz M\u00e1rta<\/p>\n<p>(H: Dr. Hidv\u00e9gi Bernadett)<\/p>\n<\/td>\n<\/tr>\n<tr style=\"height: 162px\">\n<td style=\"height: 162px\" width=\"84\">\n<p><strong>Okt. 2.<\/strong><\/p>\n<\/td>\n<td style=\"height: 162px\" width=\"336\">\n<p><strong>Papulosquamosus k\u00f3rk\u00e9pek. Dermatophlebologia (ulcus cruris, kr\u00f3nikus v\u00e9n\u00e1s el\u00e9gtelens\u00e9g, poszttrombotikus szindr\u00f3ma).\u00a0<\/strong><\/p>\n<\/td>\n<td style=\"height: 162px\" width=\"189\">\n<p>Dr. Holl\u00f3 P\u00e9ter<\/p>\n<p>(H: Dr. Medvecz M\u00e1rta)<\/p>\n<p>&nbsp;<\/p>\n<\/td>\n<\/tr>\n<tr style=\"height: 182px\">\n<td style=\"height: 182px\" width=\"84\">\n<p><strong>Okt. 16.<\/strong><\/p>\n<\/td>\n<td style=\"height: 182px\" width=\"336\">\n<p><strong>STD betegs\u00e9gek. Klasszikus nemibetegs\u00e9gek. <\/strong><strong>HIV betegs\u00e9g, v\u00edrusok \u00e1ltal okozott STD.<\/strong><\/p>\n<\/td>\n<td style=\"height: 182px\" width=\"189\">\n<p>Dr. T\u00f3th B\u00e9la<\/p>\n<p>(H: Dr. Hidv\u00e9gi Bernadett)<\/p>\n<p>&nbsp;<\/p>\n<\/td>\n<\/tr>\n<tr style=\"height: 312px\">\n<td style=\"height: 312px\" width=\"84\">\n<p><strong>Okt. 30<\/strong>.<\/p>\n<\/td>\n<td style=\"height: 312px\" width=\"336\">\n<p><strong>Onkodermatol\u00f3gia. Id\u0151skori b\u0151relv\u00e1ltoz\u00e1sok az arcon. Praecancerosisok. In situ carcinom\u00e1k. Paraneoplasi\u00e1k, <\/strong><strong>Melanoma\u00a0 malignum, basalioma, spinalioma<\/strong><\/p>\n<\/td>\n<td style=\"height: 312px\" width=\"189\">\n<p>Dr. Szakonyi J\u00f3zsef<\/p>\n<p>(H: Dr. T\u00f3th B\u00e9la)<\/p>\n<\/td>\n<\/tr>\n<tr style=\"height: 382px\">\n<td style=\"height: 382px\" width=\"84\">\n<p><strong>Nov 13<\/strong>.<\/p>\n<\/td>\n<td style=\"height: 382px\" width=\"336\">\n<p><strong>Allergi\u00e1s megbeteged\u00e9sek (ekzema, atopia, urticaria). Diagnosztik\u00e1juk, jelent\u0151s\u00e9g\u00fck a fogorvosi gyakorlatban. <\/strong><strong style=\"font-family: inherit;font-size: inherit\">Seborrhoe\u00e1s k\u00f3rk\u00e9pek.<\/strong><\/p>\n<\/td>\n<td style=\"height: 382px\" width=\"189\">\n<p>Dr. Medvecz M\u00e1rta<\/p>\n<p>(H: Dr. Hidv\u00e9gi Bernadett)<\/p>\n<\/td>\n<\/tr>\n<tr style=\"height: 412px\">\n<td style=\"height: 412px\" width=\"84\">\n<p><strong>Nov. 27.<\/strong><\/p>\n<\/td>\n<td style=\"height: 412px\" width=\"336\">\n<p><strong>Az immunpatol\u00f3gia b\u0151rgy\u00f3gy\u00e1szati vonatkoz\u00e1sai, fogorvostani jelent\u0151s\u00e9ge (autoimmun betegs\u00e9gek, h\u00f3lyagos betegs\u00e9gek, vasculitis, gy\u00f3gyszerki\u00fct\u00e9sek). <\/strong><strong>Belbetegs\u00e9gek b\u0151r- \u00e9s sz\u00e1jny\u00e1lkah\u00e1rtya t\u00fcnetei.\u00a0<\/strong><\/p>\n<\/td>\n<td style=\"height: 412px\" width=\"189\">\n<p>Dr. Hidv\u00e9gi Bernadett<\/p>\n<p>(H: Dr. Medvecz M\u00e1rta)<\/p>\n<\/td>\n<\/tr>\n<\/tbody>\n<\/table>\n<p><strong>Tank\u00f6nyv:<\/strong><\/p>\n<p>K\u00e1rp\u00e1ti S.: B\u0151rgy\u00f3gy\u00e1szat \u00e9s Venerol\u00f3gia (Medicina Kiad\u00f3, 2020)<\/p>\n<p>Marschalk\u00f3 M\u00e1rta, Holl\u00f3 P\u00e9ter: Szexu\u00e1lis \u00e9rintkez\u00e9s \u00fatj\u00e1n terjed\u0151 fert\u0151z\u0151 betetgs\u00e9gek (Semmelweis Kiad\u00f3, 2024)<\/p>\n<p>Temesv\u00e1ri E., K\u00e1rp\u00e1ti S.: Gyakorlati allergol\u00f3gia (Semmelweis Kiad\u00f3, 2021)<\/p>\n<p>&nbsp;<\/p>\n","protected":false},"excerpt":{"rendered":"<p>Fogorvostudom\u00e1nyi Kar k\u00e9pz\u00e9s 2025\/2026. I. f\u00e9l\u00e9v \u00a0 El\u0151ad\u00e1sok ideje: p\u00e1ratlan h\u00e9ten cs\u00fct\u00f6rt\u00f6k 8:00 \u2013 8:45 Helye: B\u0151r-, Nemik\u00f3rtani \u00e9s B\u0151ronkol\u00f3giai Klinika \u00a0 1085 Budapest, M\u00e1ria u. 41. Id\u0151pontok: szeptember 4, 18, okt\u00f3ber 2, 16, 30, november 13, 27, \u00a0 Gyakorlatok ideje: p\u00e1ros h\u00e9ten cs\u00fct\u00f6rt\u00f6k 8:15 \u2013 9:45 Helye: B\u0151r-, Nemik\u00f3rtani \u00e9s B\u0151ronkol\u00f3giai Klinika \u00a0 1085 &hellip;<\/p>\n","protected":false},"author":101242,"featured_media":0,"parent":15,"menu_order":2,"comment_status":"closed","ping_status":"closed","template":"","meta":{"_acf_changed":false,"footnotes":""},"categories":[],"tags":[],"class_list":["post-325","page","type-page","status-publish","hentry"],"acf":[],"_links":{"self":[{"href":"https:\/\/semmelweis.hu\/borklinika\/wp-json\/wp\/v2\/pages\/325","targetHints":{"allow":["GET"]}}],"collection":[{"href":"https:\/\/semmelweis.hu\/borklinika\/wp-json\/wp\/v2\/pages"}],"about":[{"href":"https:\/\/semmelweis.hu\/borklinika\/wp-json\/wp\/v2\/types\/page"}],"author":[{"embeddable":true,"href":"https:\/\/semmelweis.hu\/borklinika\/wp-json\/wp\/v2\/users\/101242"}],"replies":[{"embeddable":true,"href":"https:\/\/semmelweis.hu\/borklinika\/wp-json\/wp\/v2\/comments?post=325"}],"version-history":[{"count":12,"href":"https:\/\/semmelweis.hu\/borklinika\/wp-json\/wp\/v2\/pages\/325\/revisions"}],"predecessor-version":[{"id":13110,"href":"https:\/\/semmelweis.hu\/borklinika\/wp-json\/wp\/v2\/pages\/325\/revisions\/13110"}],"up":[{"embeddable":true,"href":"https:\/\/semmelweis.hu\/borklinika\/wp-json\/wp\/v2\/pages\/15"}],"wp:attachment":[{"href":"https:\/\/semmelweis.hu\/borklinika\/wp-json\/wp\/v2\/media?parent=325"}],"wp:term":[{"taxonomy":"category","embeddable":true,"href":"https:\/\/semmelweis.hu\/borklinika\/wp-json\/wp\/v2\/categories?post=325"},{"taxonomy":"post_tag","embeddable":true,"href":"https:\/\/semmelweis.hu\/borklinika\/wp-json\/wp\/v2\/tags?post=325"}],"curies":[{"name":"wp","href":"https:\/\/api.w.org\/{rel}","templated":true}]}}