{"id":321,"date":"2014-05-14T07:22:01","date_gmt":"2014-05-14T05:22:01","guid":{"rendered":"http:\/\/semmelweis.hu\/borklinika\/?page_id=321"},"modified":"2026-03-27T12:52:12","modified_gmt":"2026-03-27T11:52:12","slug":"aok","status":"publish","type":"page","link":"https:\/\/semmelweis.hu\/borklinika\/informaci-hallgatoknak\/aok\/","title":{"rendered":"\u00c1OK"},"content":{"rendered":"<p style=\"margin-top: 0cm;text-align: justify;background: white\"><b><span style=\"font-size: 15.0pt;color: #1e2326\">Tisztelt Hallgat\u00f3k!<\/span><\/b><\/p>\n<p style=\"margin-top: 0cm;text-align: justify;background: white\"><span style=\"font-size: 14pt;color: #1e2326\">K\u00f6sz\u00f6ntj\u00fck \u00d6n\u00f6ket a B\u0151rgy\u00f3gy\u00e1szat t\u00e1rgy gradu\u00e1lis k\u00e9pz\u00e9s\u00e9n. <\/span><\/p>\n<p style=\"margin-top: 0cm;text-align: justify;background: white\"><span style=\"font-size: 14pt;color: #1e2326\">A turnusok \u00f3rarend beoszt\u00e1sa honlapunkon az al\u00e1bbiakban \u00e9rhet\u0151 el. Az aktu\u00e1lis \u00f3rarend ellen\u0151rz\u00e9s\u00e9t javasoljuk a turnus megkezd\u00e9se el\u0151tt. <\/span><\/p>\n<p style=\"margin-top: 0cm;text-align: justify;background: white\"><span style=\"font-size: 14pt\"><strong><span style=\"color: #1e2326\">Turnusok:<\/span><\/strong><\/span><\/p>\n<ol>\n<li><span style=\"font-size: 14pt\"><a href=\"https:\/\/semmelweis.hu\/borklinika\/files\/2025\/08\/1.-turnus-orarend-TERVEZET-V1_2025-26.docx\">Turnus 2025.09.01 &#8211; 2025.09.19.<\/a> \u00a0A turnus <a href=\"https:\/\/semmelweis.hu\/borklinika\/files\/2025\/09\/1.-turnus-Ambulans-beosztas-2025-26.docx\">Ambul\u00e1ns Beoszt\u00e1sa\u00a0<\/a>\u00a0<\/span><\/li>\n<li><span style=\"font-size: 14pt\"><a href=\"https:\/\/semmelweis.hu\/borklinika\/files\/2025\/09\/2.-turnus-orarend-TERVEZET-V1_-2025-26-1.docx\">Turnus 2025.09.15 &#8211;\u00a0 2025.10.03.<\/a> A turnus <a href=\"https:\/\/semmelweis.hu\/borklinika\/files\/2025\/09\/2.-turnus-Ambulans-beosztas_-2025-26-1.docx\">Ambul\u00e1ns Beoszt\u00e1sa<\/a><\/span><\/li>\n<li><span style=\"font-size: 14pt\"><a href=\"https:\/\/semmelweis.hu\/borklinika\/files\/2025\/10\/3.-turnus-orarend-2025-26.V3.docx\">Turnus 2025.10.06 &#8211; 2025.10.24.<\/a>\u00a0 A turnus <a href=\"https:\/\/semmelweis.hu\/borklinika\/files\/2025\/10\/3.-turnus-ambulans-beosztas.docx\">Ambul\u00e1ns Beoszt\u00e1sa<\/a><\/span><\/li>\n<li><span style=\"font-size: 14pt\"><a href=\"https:\/\/semmelweis.hu\/borklinika\/files\/2025\/10\/4.-turnus-orarend-2025-26.V3.docx\">Turnus 2025.10.20 &#8211; 2025.11.07.<\/a>\u00a0 A turnus <a href=\"https:\/\/semmelweis.hu\/borklinika\/files\/2025\/10\/4.-turnus-ambulans-beosztas.docx\">Ambul\u00e1ns Beoszt\u00e1sa<\/a><\/span><\/li>\n<li><span style=\"font-size: 14pt\"><a href=\"https:\/\/semmelweis.hu\/borklinika\/files\/2025\/11\/5.-turnus-orarend-2025-26.V2.docx\">Turnus 2025.11.10 &#8211; 2025.11.28.<\/a>\u00a0 A turnus <a href=\"https:\/\/semmelweis.hu\/borklinika\/files\/2025\/11\/5.-turnus-ambulans-beosztas.docx\">Ambul\u00e1ns Beoszt\u00e1sa<\/a><\/span><\/li>\n<li><span style=\"font-size: 14pt\"><a href=\"https:\/\/semmelweis.hu\/borklinika\/files\/2025\/11\/6.-turnus-orarend-2025-26-TERVEZET-V1.docx\">Turnus 2025.11.24 &#8211; 2025.12.12.\u00a0<\/a> A turnus <a href=\"https:\/\/semmelweis.hu\/borklinika\/files\/2025\/11\/6.-turnus-ambulans-beosztas.V1.docx\">Ambul\u00e1ns Beoszt\u00e1sa<\/a><\/span><\/li>\n<li><span style=\"font-size: 14pt\"><a href=\"https:\/\/semmelweis.hu\/borklinika\/files\/2026\/01\/7.-turnus-orarend-V2-2025-26-1.docx\">Turnus 2026.01.05 &#8211; 2026.01.23<\/a><a href=\"https:\/\/semmelweis.hu\/borklinika\/files\/2025\/12\/7.-turnus-orarend-2025-26.docx\">.<\/a> A turnus <a href=\"https:\/\/semmelweis.hu\/borklinika\/files\/2026\/01\/7.-turnus-ambulans-beosztas_VR_mod_form-V1.docx\">Ambul\u00e1ns Beoszt\u00e1sa<\/a><\/span><\/li>\n<li><span style=\"font-size: 14pt\"><a href=\"https:\/\/semmelweis.hu\/borklinika\/files\/2026\/01\/8.-turnus-orarend-V2-2025-26.docx\">Turnus 2026.01.19 &#8211; 2026.02.06.<\/a> A turnus <a href=\"https:\/\/semmelweis.hu\/borklinika\/files\/2026\/01\/8.-turnus-ambulans-beosztas_VR_mod.docx\">Ambul\u00e1ns Beoszt\u00e1sa<\/a><\/span><\/li>\n<li><span style=\"font-size: 14pt\"><a href=\"https:\/\/semmelweis.hu\/borklinika\/files\/2026\/02\/9.-turnus-orarend-2025-26-1-1.docx\">Turnus 2026.02.09 &#8211; 2026.02.27.<\/a> A turnus <a href=\"https:\/\/semmelweis.hu\/borklinika\/files\/2026\/02\/9.-turnus-ambulans-beosztas_kmv.docx\">Ambul\u00e1ns Beoszt\u00e1sa<\/a><\/span><\/li>\n<li><span style=\"font-size: 14pt\"><a href=\"https:\/\/semmelweis.hu\/borklinika\/files\/2026\/02\/10.-turnus-orarend-2025-26.docx\">Turnus 2026.02.23 &#8211; 2026.03.13.<\/a> A turnus <a href=\"https:\/\/semmelweis.hu\/borklinika\/files\/2026\/02\/10_turnus-ambulans-beosztas_teljes.docx\">Ambul\u00e1ns Beoszt\u00e1sa<\/a><\/span><\/li>\n<li><span style=\"font-size: 14pt\"><a href=\"https:\/\/semmelweis.hu\/borklinika\/files\/2026\/03\/11.-turnus-orarend-2025-26.V1.docx\">Turnus 2026.03.16 &#8211; 2026.04.03.<\/a> A turnus <a href=\"https:\/\/semmelweis.hu\/borklinika\/files\/2026\/03\/11_turnus-ambulans-beosztas-1.docx\">Ambul\u00e1ns Beoszt\u00e1sa<\/a><\/span><\/li>\n<li><span style=\"font-size: 14pt\"><a href=\"https:\/\/semmelweis.hu\/borklinika\/files\/2026\/03\/12.-turnus-orarend-2025-26.V1.docx\">Turnus 2026.03.30. &#8211; 2026.04.17.<\/a> A turnus <a href=\"https:\/\/semmelweis.hu\/borklinika\/files\/2026\/03\/12_turnus-ambulans-beosztas.docx\">Ambul\u00e1ns Beoszt\u00e1sa<\/a><\/span><\/li>\n<li><span style=\"font-size: 14pt\">Turnus 2026.04.20 &#8211; 2026.05.08. A turnus Ambul\u00e1ns Beoszt\u00e1sa<\/span><\/li>\n<li><span style=\"font-size: 14pt\">Turnus 2026.05.04. &#8211; 2026.05.22. A turnus Ambul\u00e1ns Beoszt\u00e1sa<\/span><\/li>\n<li><span style=\"font-size: 14pt\">Turnus 2026.05.25 &#8211; 2026.06.12. A turnus Ambul\u00e1ns Beoszt\u00e1sa<\/span><\/li>\n<li><span style=\"font-size: 14pt\">Turnus 2026.06.08 &#8211; 2026.06.26. A turnus Ambul\u00e1ns Beoszt\u00e1sa<\/span><\/li>\n<\/ol>\n<p style=\"margin-top: 0cm;text-align: justify;background: white\"><span style=\"font-size: 14pt;color: #1e2326\">A szem\u00e9lyes jelenl\u00e9ttel zajl\u00f3 t\u00f6mb\u00f6s\u00edtett oktat\u00e1s sor\u00e1n a turnusok 3 h\u00e9tb\u0151l \u00e1llnak. Az oktat\u00e1si heteken az el\u0151ad\u00e1sok, az interakt\u00edv PBL (problem based learning) foglalkoz\u00e1sok els\u0151sorban a klinika tanterm\u00e9ben, az ambul\u00e1ns \u00e9s oszt\u00e1lyos klinikai gyakorlatok kis l\u00e9tsz\u00e1m\u00fa csoportbont\u00e1sban az aktu\u00e1lis \u00f3rarend szerinti beoszt\u00e1s szerint ker\u00fclnek megtart\u00e1sra. A harmadik h\u00e9ten vizsg\u00e1t szervez\u00fcnk.<\/span><\/p>\n<p style=\"margin-top: 0cm;background: white\"><span style=\"font-size: 14pt;font-family: 'Segoe UI', sans-serif;color: #1d2125\">A turnus els\u0151 napj\u00e1n l\u00e9v\u0151\u00a0bevezet\u0151 el\u0151ad\u00e1s\u00a0helysz\u00edne a Semmelweis Egyetem \u00c1OK, B\u0151r-, Nemik\u00f3rtani \u00e9s B\u0151ronkol\u00f3giai Klinika (1085 Budapest M\u00e1ria utca 41.) II. emeleti (209.) Prof. Dr. F\u00f6ldv\u00e1ri Ferenc el\u0151ad\u00f3ja.\u00a0<\/span><\/p>\n<p style=\"margin-top: 0cm;background: white\"><span style=\"font-size: 14pt;font-family: 'Segoe UI', sans-serif;color: #1d2125\">A bevezet\u0151 el\u0151ad\u00e1st k\u00f6vet\u0151en a turnussal kapcsolatos \u00e1ltal\u00e1nos inform\u00e1ci\u00f3k sz\u00f3beli ismertet\u00e9se a klinika \u00e9p\u00fclet\u00e9nek magasf\u00f6ldszinti aul\u00e1j\u00e1ban, a hallgat\u00f3i inform\u00e1ci\u00f3s hirdet\u0151t\u00e1bla el\u0151tt t\u00f6rt\u00e9nik. <\/span><\/p>\n<p style=\"margin-top: 0cm;background: white\"><span style=\"font-size: 14pt;font-family: 'Segoe UI', sans-serif;color: #1d2125\">Az ambul\u00e1ns \u00e9s oszt\u00e1lyos gyakorlatok l\u00e1togat\u00e1s\u00e1hoz javasoljuk a saj\u00e1t tulajdon\u00fa k\u00f6peny visel\u00e9s\u00e9t.<\/span><\/p>\n<p style=\"margin-top: 0cm;text-align: justify;background: white\"><span style=\"font-size: 14pt;color: #1e2326\">A magasf\u00f6ldszinti aul\u00e1ban a hallgat\u00f3i hirdet\u0151t\u00e1bl\u00e1n helyezz\u00fck el az aktu\u00e1lis \u00f3rarendet, valamint az ambul\u00e1ns \u00e9s oszt\u00e1lyos gyakorlatok csoportbeoszt\u00e1s\u00e1t.<\/span><\/p>\n<p><span style=\"font-size: 14pt;color: #1e2326\">Az oszt\u00e1lyos gyakorlatok el\u0151tt k\u00e9rj\u00fck a magasf\u00f6ldszinti aul\u00e1ban gy\u00fclekezzenek, ott tal\u00e1lhat\u00f3ak az \u00f6lt\u00f6z\u0151szekr\u00e9nyek.\u00a0<\/span><\/p>\n<p style=\"margin-top: 0cm;text-align: justify;background: white\"><span style=\"font-size: 14pt;color: #1e2326\">Az \u00f3rarendben E-learning tananyagok is szerepelnek, melyek honlapunkon az E-learning men\u00fcpont alatt \u00e9rhet\u0151k el. Az E-learning tananyagokat az \u00f3rarendben megadott id\u0151szakban javasoljuk elv\u00e9gezni.<\/span><\/p>\n<p style=\"margin-top: 0cm;text-align: justify;background: white\"><span style=\"font-size: 14pt\"><strong><span style=\"color: #1e2326\">E-learning anyagok\u00a0<\/span><\/strong><a href=\"https:\/\/itc.semmelweis.hu\/moodle\/login\/index.php\"><b><span style=\"color: #007bff\">ITT<\/span><\/b><\/a><strong><span style=\"color: #1e2326\">\u00a0el\u00e9rhet\u0151k<\/span><\/strong><\/span><\/p>\n<p style=\"margin-top: 0cm;text-align: justify;background: white\"><span style=\"font-size: 14pt;color: #1e2326\">A vizsg\u00e1k gyakorlati \u00e9s elm\u00e9leti r\u00e9sz\u00e9nek teljes\u00edt\u00e9se egyar\u00e1nt szem\u00e9lyes jelenl\u00e9ttel t\u00f6rt\u00e9nik.<\/span><\/p>\n<p style=\"margin-top: 0cm;text-align: justify;background: white\"><span style=\"font-size: 14pt;color: #1e2326\">A turnusok harmadik het\u00e9ben az utols\u00f3 oktat\u00e1si napon tanulm\u00e1nyi versenyt (\u00edr\u00e1sbeli teszt) tartunk. Az els\u0151 h\u00e1rom helyezett mellett a tesztet eredm\u00e9nyesen teljes\u00edt\u0151 hallgat\u00f3k mentes\u00fclnek a vizsga gyakorlati r\u00e9sze al\u00f3l. A t\u00f6bbi hallgat\u00f3nak gyakorlati vizsg\u00e1t kell tenni beteg\u00e1gy mellett, amit az elm\u00e9leti vizsga napj\u00e1n, azt megel\u0151z\u0151en szervez\u00fcnk. Ha a kollokvium sikertelen eredm\u00e9nnyel z\u00e1rul, akkor a k\u00e9s\u0151bbi turnusokban biztos\u00edtunk lehet\u0151s\u00e9get a vizsga p\u00f3tl\u00e1s\u00e1ra.<\/span><\/p>\n<p style=\"margin-top: 0cm;text-align: justify;background: white\"><span style=\"font-size: 14pt;color: #1e2326\">A vizsg\u00e1ra jelentkez\u00e9s a Neptun rendszeren kereszt\u00fcl t\u00f6rt\u00e9nik.<\/span><\/p>\n<p style=\"margin-top: 0cm;text-align: justify;background: white\"><span style=\"font-size: 14pt;color: #1e2326\">A gyakorlati vizsg\u00e1n betegvizsg\u00e1lat keret\u00e9ben els\u0151sorban az elemi jelens\u00e9gek felismer\u00e9s\u00e9t, defin\u00edci\u00f3juk biztos tud\u00e1s\u00e1t, az \u00e1ltal\u00e1nos orvosi gyakorlat szempontj\u00e1b\u00f3l relev\u00e1ns b\u0151rgy\u00f3gy\u00e1szati diagn\u00f3zisok ismeret\u00e9t ellen\u0151rizz\u00fck. <\/span><\/p>\n<p style=\"margin-top: 0cm;text-align: justify;background: white\"><span style=\"font-size: 14pt;color: #1e2326\">Az elm\u00e9leti vizsga a Vizsgat\u00e9telek men\u00fcpont alatt felsorolt t\u00e9telek I. \u00e9s II. csoportj\u00e1nak sz\u00f3beli ismertet\u00e9s\u00e9vel zajlik.<\/span><\/p>\n<p style=\"margin-top: 0cm;text-align: justify;background: white\"><span style=\"font-size: 14pt\"><strong><span style=\"color: #1e2326\">A vizsg\u00e1n okostelefon, t\u00e1blag\u00e9p, egy\u00e9b \u00edrott vagy elektronikus seg\u00e9deszk\u00f6z haszn\u00e1lata tilos, ez\u00e9rt a gyakorlati vizsga kezdete el\u0151tt az elektronikus eszk\u00f6z\u00f6ket az \u00f6lt\u00f6z\u0151szekr\u00e9nybe kell elz\u00e1rni, vagy a vizsg\u00e1ztat\u00f3n\u00e1l leadni.<\/span><\/strong><\/span><\/p>\n<p style=\"margin-top: 0cm;text-align: justify;background: white\"><span style=\"font-size: 14pt;color: #1e2326\">J\u00f3 tanul\u00e1st k\u00edv\u00e1n a\u00a0<strong>klinika igazgat\u00f3ja<\/strong>, Prof. Dr. Holl\u00f3 P\u00e9ter \u00e9s a\u00a0<strong>tanulm\u00e1nyi felel\u0151s,<\/strong>\u00a0Dr. Medvecz M\u00e1rta.<\/span><\/p>\n","protected":false},"excerpt":{"rendered":"<p>Tisztelt Hallgat\u00f3k! K\u00f6sz\u00f6ntj\u00fck \u00d6n\u00f6ket a B\u0151rgy\u00f3gy\u00e1szat t\u00e1rgy gradu\u00e1lis k\u00e9pz\u00e9s\u00e9n. A turnusok \u00f3rarend beoszt\u00e1sa honlapunkon az al\u00e1bbiakban \u00e9rhet\u0151 el. Az aktu\u00e1lis \u00f3rarend ellen\u0151rz\u00e9s\u00e9t javasoljuk a turnus megkezd\u00e9se el\u0151tt. Turnusok: <a href=\"https:\/\/semmelweis.hu\/borklinika\/files\/2025\/08\/1.-turnus-orarend-TERVEZET-V1_2025-26.docx\">Turnus 2025.09.01 &#8211; 2025.09.19.<\/a> \u00a0A turnus <a href=\"https:\/\/semmelweis.hu\/borklinika\/files\/2025\/09\/1.-turnus-Ambulans-beosztas-2025-26.docx\">Ambul\u00e1ns Beoszt\u00e1sa\u00a0<\/a> \u00a0 <a href=\"https:\/\/semmelweis.hu\/borklinika\/files\/2025\/09\/2.-turnus-orarend-TERVEZET-V1_-2025-26-1.docx\">Turnus 2025.09.15 &#8211;\u00a0 2025.10.03.<\/a> A turnus <a href=\"https:\/\/semmelweis.hu\/borklinika\/files\/2025\/09\/2.-turnus-Ambulans-beosztas_-2025-26-1.docx\">Ambul\u00e1ns Beoszt\u00e1sa<\/a> <a href=\"https:\/\/semmelweis.hu\/borklinika\/files\/2025\/10\/3.-turnus-orarend-2025-26.V3.docx\">Turnus 2025.10.06 &#8211; 2025.10.24.<\/a> \u00a0 A turnus <a href=\"https:\/\/semmelweis.hu\/borklinika\/files\/2025\/10\/3.-turnus-ambulans-beosztas.docx\">Ambul\u00e1ns Beoszt\u00e1sa<\/a> <a href=\"https:\/\/semmelweis.hu\/borklinika\/files\/2025\/10\/4.-turnus-orarend-2025-26.V3.docx\">Turnus 2025.10.20 &#8211; 2025.11.07.<\/a> \u00a0 A turnus <a href=\"https:\/\/semmelweis.hu\/borklinika\/files\/2025\/10\/4.-turnus-ambulans-beosztas.docx\">Ambul\u00e1ns Beoszt\u00e1sa<\/a> <a href=\"https:\/\/semmelweis.hu\/borklinika\/files\/2025\/11\/5.-turnus-orarend-2025-26.V2.docx\">Turnus 2025.11.10 &#8211; 2025.11.28.<\/a> \u00a0 A turnus <a href=\"https:\/\/semmelweis.hu\/borklinika\/files\/2025\/11\/5.-turnus-ambulans-beosztas.docx\">Ambul\u00e1ns Beoszt\u00e1sa<\/a> <a href=\"https:\/\/semmelweis.hu\/borklinika\/files\/2025\/11\/6.-turnus-orarend-2025-26-TERVEZET-V1.docx\">Turnus 2025.11.24 &#8211; 2025.12.12.\u00a0<\/a> A turnus <a href=\"https:\/\/semmelweis.hu\/borklinika\/files\/2025\/11\/6.-turnus-ambulans-beosztas.V1.docx\">Ambul\u00e1ns Beoszt\u00e1sa<\/a> <a href=\"https:\/\/semmelweis.hu\/borklinika\/files\/2026\/01\/7.-turnus-orarend-V2-2025-26-1.docx\">Turnus 2026.01.05 &#8211; 2026.01.23<\/a> <a href=\"https:\/\/semmelweis.hu\/borklinika\/files\/2025\/12\/7.-turnus-orarend-2025-26.docx\">.<\/a> A turnus <a href=\"https:\/\/semmelweis.hu\/borklinika\/files\/2026\/01\/7.-turnus-ambulans-beosztas_VR_mod_form-V1.docx\">Ambul\u00e1ns Beoszt\u00e1sa<\/a> <a href=\"https:\/\/semmelweis.hu\/borklinika\/files\/2026\/01\/8.-turnus-orarend-V2-2025-26.docx\">Turnus 2026.01.19 &#8211; 2026.02.06.<\/a> A turnus <a href=\"https:\/\/semmelweis.hu\/borklinika\/files\/2026\/01\/8.-turnus-ambulans-beosztas_VR_mod.docx\">Ambul\u00e1ns Beoszt\u00e1sa<\/a> <a href=\"https:\/\/semmelweis.hu\/borklinika\/files\/2026\/02\/9.-turnus-orarend-2025-26-1-1.docx\">Turnus 2026.02.09 &#8211; 2026.02.27.<\/a> A turnus <a href=\"https:\/\/semmelweis.hu\/borklinika\/files\/2026\/02\/9.-turnus-ambulans-beosztas_kmv.docx\">Ambul\u00e1ns Beoszt\u00e1sa<\/a> <a href=\"https:\/\/semmelweis.hu\/borklinika\/files\/2026\/02\/10.-turnus-orarend-2025-26.docx\">Turnus 2026.02.23 &#8211; 2026.03.13.<\/a> A turnus <a href=\"https:\/\/semmelweis.hu\/borklinika\/files\/2026\/02\/10_turnus-ambulans-beosztas_teljes.docx\">Ambul\u00e1ns Beoszt\u00e1sa<\/a> <a href=\"https:\/\/semmelweis.hu\/borklinika\/files\/2026\/03\/11.-turnus-orarend-2025-26.V1.docx\">Turnus 2026.03.16 &#8211; 2026.04.03.<\/a> A turnus <a href=\"https:\/\/semmelweis.hu\/borklinika\/files\/2026\/03\/11_turnus-ambulans-beosztas-1.docx\">Ambul\u00e1ns Beoszt\u00e1sa<\/a> <a href=\"https:\/\/semmelweis.hu\/borklinika\/files\/2026\/03\/12.-turnus-orarend-2025-26.V1.docx\">Turnus 2026.03.30. &#8211; 2026.04.17.<\/a> A &hellip;<\/p>\n","protected":false},"author":101242,"featured_media":0,"parent":15,"menu_order":1,"comment_status":"closed","ping_status":"closed","template":"","meta":{"_acf_changed":false,"footnotes":""},"categories":[],"tags":[],"class_list":["post-321","page","type-page","status-publish","hentry"],"acf":[],"_links":{"self":[{"href":"https:\/\/semmelweis.hu\/borklinika\/wp-json\/wp\/v2\/pages\/321","targetHints":{"allow":["GET"]}}],"collection":[{"href":"https:\/\/semmelweis.hu\/borklinika\/wp-json\/wp\/v2\/pages"}],"about":[{"href":"https:\/\/semmelweis.hu\/borklinika\/wp-json\/wp\/v2\/types\/page"}],"author":[{"embeddable":true,"href":"https:\/\/semmelweis.hu\/borklinika\/wp-json\/wp\/v2\/users\/101242"}],"replies":[{"embeddable":true,"href":"https:\/\/semmelweis.hu\/borklinika\/wp-json\/wp\/v2\/comments?post=321"}],"version-history":[{"count":12,"href":"https:\/\/semmelweis.hu\/borklinika\/wp-json\/wp\/v2\/pages\/321\/revisions"}],"predecessor-version":[{"id":13476,"href":"https:\/\/semmelweis.hu\/borklinika\/wp-json\/wp\/v2\/pages\/321\/revisions\/13476"}],"up":[{"embeddable":true,"href":"https:\/\/semmelweis.hu\/borklinika\/wp-json\/wp\/v2\/pages\/15"}],"wp:attachment":[{"href":"https:\/\/semmelweis.hu\/borklinika\/wp-json\/wp\/v2\/media?parent=321"}],"wp:term":[{"taxonomy":"category","embeddable":true,"href":"https:\/\/semmelweis.hu\/borklinika\/wp-json\/wp\/v2\/categories?post=321"},{"taxonomy":"post_tag","embeddable":true,"href":"https:\/\/semmelweis.hu\/borklinika\/wp-json\/wp\/v2\/tags?post=321"}],"curies":[{"name":"wp","href":"https:\/\/api.w.org\/{rel}","templated":true}]}}