{"id":312,"date":"2014-05-13T10:53:04","date_gmt":"2014-05-13T08:53:04","guid":{"rendered":"http:\/\/semmelweis.hu\/borklinika\/?page_id=312"},"modified":"2026-03-09T13:33:49","modified_gmt":"2026-03-09T12:33:49","slug":"tdk","status":"publish","type":"page","link":"https:\/\/semmelweis.hu\/borklinika\/informaci-hallgatoknak\/tdk\/","title":{"rendered":"TDK munka"},"content":{"rendered":"<p>Klinik\u00e1nkon az al\u00e1bbi t\u00e9m\u00e1kban v\u00e9gezhet\u0151 TDK munka.\u00a0<\/p>\n<table style=\"width: 102.159%;height: 2000px\" width=\"1213\">\n<tbody>\n<tr>\n<td style=\"width: 46.8797%\">Neoadjuv\u00e1ns kezel\u00e9sek a nagy rizik\u00f3j\u00fa melanoma ell\u00e1t\u00e1s\u00e1ban<\/td>\n<td style=\"width: 18.5023%\">Prof. Dr. Holl\u00f3 P\u00e9ter<\/td>\n<\/tr>\n<tr>\n<td style=\"width: 46.8797%\">Kardiovaszkul\u00e1ris \u00e9s m\u00e1s t\u00e1rsbetegs\u00e9gekkel \u00f6sszef\u00fcgg\u0151 markerek vizsg\u00e1lata k\u00f6z\u00e9ps\u00falyos-s\u00falyos pikkelys\u00f6m\u00f6r\u00f6s betegekben<\/td>\n<td style=\"width: 18.5023%\">Prof. Dr. Holl\u00f3 P\u00e9ter<\/td>\n<\/tr>\n<tr>\n<td style=\"width: 46.8797%\">Sz\u00edv \u00e9s \u00e9rrendszeri biomarkerek vizsg\u00e1lata k\u00f6z\u00e9ps\u00falyos-s\u00falyos pikkelys\u00f6m\u00f6rben<\/td>\n<td style=\"width: 18.5023%\">Prof. Dr. Holl\u00f3 P\u00e9ter<\/td>\n<\/tr>\n<tr>\n<td style=\"width: 46.8797%\">\u00daj kontakt allerg\u00e9nek az epicutan tesztsorban<\/td>\n<td style=\"width: 18.5023%\">Dr. P\u00f3nyai Gy\u00f6rgyi PhD<\/td>\n<\/tr>\n<tr>\n<td style=\"width: 46.8797%\">Biol\u00f3giai ter\u00e1pi\u00e1k at\u00f3pi\u00e1ban<\/td>\n<td style=\"width: 18.5023%\">Dr. P\u00f3nyai Gy\u00f6rgyi PhD<\/td>\n<\/tr>\n<tr>\n<td style=\"width: 46.8797%\">Feln\u0151ttkori at\u00f3pia jellegzetess\u00e9gei<\/td>\n<td style=\"width: 18.5023%\">Dr. P\u00f3nyai Gy\u00f6rgyi PhD<\/td>\n<\/tr>\n<tr>\n<td style=\"width: 46.8797%\">K\u00fcl\u00f6nf\u00e9le b\u0151rbetegs\u00e9gekhez t\u00e1rsul\u00f3 kontakt szenzibiliz\u00e1ci\u00f3k<\/td>\n<td style=\"width: 18.5023%\">Dr. P\u00f3nyai Gy\u00f6rgyi PhD<\/td>\n<\/tr>\n<tr>\n<td style=\"width: 46.8797%\">Oralis allergia szindroma<\/td>\n<td style=\"width: 18.5023%\">Dr. P\u00f3nyai Gy\u00f6rgyi PhD<\/td>\n<\/tr>\n<tr>\n<td style=\"width: 46.8797%\">Feln\u0151ttkori at\u00f3pia jellegzetess\u00e9gei<\/td>\n<td style=\"width: 18.5023%\">Dr. P\u00f3nyai Gy\u00f6rgyi PhD<\/td>\n<\/tr>\n<tr>\n<td style=\"width: 46.8797%\">Ill\u00f3olaj kontakt szenzibiliz\u00e1ci\u00f3<\/td>\n<td style=\"width: 18.5023%\">Dr. P\u00f3nyai Gy\u00f6rgyi PhD<\/td>\n<\/tr>\n<tr>\n<td style=\"width: 46.8797%\">Illatanyag szenzibiliz\u00e1ci\u00f3 aktualit\u00e1sai<\/td>\n<td style=\"width: 18.5023%\">Dr. P\u00f3nyai Gy\u00f6rgyi PhD<\/td>\n<\/tr>\n<tr>\n<td style=\"width: 46.8797%\">Arci dermatitisok \u00e9s kontakt szenzibiliz\u00e1ci\u00f3<\/td>\n<td style=\"width: 18.5023%\">Dr. P\u00f3nyai Gy\u00f6rgyi PhD<\/td>\n<\/tr>\n<tr>\n<td style=\"width: 46.8797%\">Kontakt szenzibiliz\u00e1ci\u00f3 gyermekkorban<\/td>\n<td style=\"width: 18.5023%\">Dr. P\u00f3nyai Gy\u00f6rgyi PhD<\/td>\n<\/tr>\n<tr>\n<td style=\"width: 46.8797%\">Rosacea \u00e9s kontakt szenzibiliz\u00e1ci\u00f3<\/td>\n<td style=\"width: 18.5023%\">Dr. P\u00f3nyai Gy\u00f6rgyi PhD<\/td>\n<\/tr>\n<tr>\n<td style=\"width: 46.8797%\">Biol\u00f3giai ter\u00e1pi\u00e1k adverz hat\u00e1sai<\/td>\n<td style=\"width: 18.5023%\">Dr. P\u00f3nyai Gy\u00f6rgyi PhD<\/td>\n<\/tr>\n<tr>\n<td style=\"width: 46.8797%\">A f\u00e9m szenzibiliz\u00e1ci\u00f3 aktualit\u00e1sai<\/td>\n<td style=\"width: 18.5023%\">Dr. P\u00f3nyai Gy\u00f6rgyi PhD<\/td>\n<\/tr>\n<tr>\n<td style=\"width: 46.8797%\">Lok\u00e1lis szteroid szenzibiliz\u00e1ci\u00f3<\/td>\n<td style=\"width: 18.5023%\">Dr. P\u00f3nyai Gy\u00f6rgyi PhD<\/td>\n<\/tr>\n<tr>\n<td style=\"width: 46.8797%\">Kozmetikai beavatkoz\u00e1sok allergol\u00f3giai adverz hat\u00e1sai<\/td>\n<td style=\"width: 18.5023%\">Dr. P\u00f3nyai Gy\u00f6rgyi PhD<\/td>\n<\/tr>\n<tr>\n<td style=\"width: 46.8797%\">A b\u0151r mikrobiom elemz\u00e9se ichthyosisokban<\/td>\n<td style=\"width: 18.5023%\">Dr. Medvecz M\u00e1rta PhD<\/td>\n<\/tr>\n<tr>\n<td style=\"width: 46.8797%\">Neurocutan szindr\u00f3m\u00e1k multimod\u00e1lis elemz\u00e9se<\/td>\n<td style=\"width: 18.5023%\">Dr. Medvecz M\u00e1rta PhD<\/td>\n<\/tr>\n<tr>\n<td style=\"width: 46.8797%\">Genodermat\u00f3zisok multimod\u00e1lis elemz\u00e9se<\/td>\n<td style=\"width: 18.5023%\">Dr. Medvecz M\u00e1rta PhD<\/td>\n<\/tr>\n<tr>\n<td style=\"width: 46.8797%\">\u00d6r\u00f6kletes tumorszindr\u00f3m\u00e1k b\u0151rgy\u00f3gy\u00e1szati vonatkoz\u00e1sai<\/td>\n<td style=\"width: 18.5023%\">Dr. Medvecz M\u00e1rta PhD<\/td>\n<\/tr>\n<tr>\n<td style=\"width: 46.8797%\">Genodermat\u00f3zisok \u00faj ter\u00e1pi\u00e1s megk\u00f6zel\u00edt\u00e9sei<\/td>\n<td style=\"width: 18.5023%\">Dr. Medvecz M\u00e1rta PhD<\/td>\n<\/tr>\n<tr>\n<td style=\"width: 46.8797%\">Chronikus urticaria omalizumab kezel\u00e9se<\/td>\n<td style=\"width: 18.5023%\">Dr. Hidv\u00e9gi Bernadett PhD<\/td>\n<\/tr>\n<tr>\n<td style=\"width: 46.8797%\">Pityriasis rubra pilaris patomechanizmus, klinikai form\u00e1k, kezel\u00e9s<\/td>\n<td style=\"width: 18.5023%\">Dr. Hidv\u00e9gi Bernadett PhD<\/td>\n<\/tr>\n<tr>\n<td style=\"width: 46.8797%\">Cutan lupus erythematodes klinikai t\u00fcnetek pathomechanizmus, kezel\u00e9s<\/td>\n<td style=\"width: 18.5023%\">Dr. Hidv\u00e9gi Bernadett PhD<\/td>\n<\/tr>\n<tr>\n<td style=\"width: 46.8797%\">B\u0151rgy\u00f3gy\u00e1szati k\u00e9palkot\u00e1s<\/td>\n<td style=\"width: 18.5023%\">Dr. Kiss Norbert PhD<\/td>\n<\/tr>\n<tr>\n<td style=\"width: 46.8797%\">Innovat\u00edv technol\u00f3gi\u00e1k a b\u0151ronkol\u00f3gia ter\u00fclet\u00e9n<\/td>\n<td style=\"width: 18.5023%\">Dr. Kiss Norbert PhD<\/td>\n<\/tr>\n<tr>\n<td style=\"width: 46.8797%\">A b\u0151r \u00e9s b\u00e9l mikrobiom vizsg\u00e1lata kr\u00f3nikus b\u0151rbetegs\u00e9gekben<\/td>\n<td style=\"width: 18.5023%\">Dr. Kiss Norbert PhD<\/td>\n<\/tr>\n<tr>\n<td style=\"width: 46.8797%\">Pszichodermatol\u00f3gia<\/td>\n<td style=\"width: 18.5023%\">Dr. Kiss Norbert PhD<\/td>\n<\/tr>\n<tr>\n<td style=\"width: 46.8797%\">Modern ter\u00e1pi\u00e1s lehet\u0151s\u00e9gek a dermatol\u00f3gia ter\u00fclet\u00e9n<\/td>\n<td style=\"width: 18.5023%\">Dr. Kiss Norbert PhD<\/td>\n<\/tr>\n<tr>\n<td style=\"width: 46.8797%\">Lymphogranuloma venerum epidemiol\u00f3giai \u00e9s klinikai vonatkoz\u00e1sainak vizsg\u00e1lata<\/td>\n<td style=\"width: 18.5023%\">Dr. B\u00e1nv\u00f6lgyi Andr\u00e1s PhD<\/td>\n<\/tr>\n<tr>\n<td style=\"width: 46.8797%\">Patogenetikai komponensek g\u00e1tl\u00e1s\u00e1nak hat\u00e1sa dermatitis herpetiformisban<\/td>\n<td style=\"width: 18.5023%\">Prof. Dr. S\u00e1rdy Mikl\u00f3s<\/td>\n<\/tr>\n<tr>\n<td style=\"width: 46.8797%\" width=\"1000\">A Syk g\u00e1tl\u00f3k hat\u00e1sa bullosus pemphigoidban<\/td>\n<td style=\"width: 18.5023%\">Prof. Dr. S\u00e1rdy Mikl\u00f3s<\/td>\n<\/tr>\n<tr>\n<td style=\"width: 46.8797%\">V\u00e9rsejtek \u00e9s azok deriv\u00e1tumainak ter\u00e1pi\u00e1s felhaszn\u00e1l\u00e1sa a b\u0151rgy\u00f3gy\u00e1szatban<\/td>\n<td style=\"width: 18.5023%\">Prof. Dr. S\u00e1rdy Mikl\u00f3s<\/td>\n<\/tr>\n<tr>\n<td style=\"width: 46.8797%\" width=\"1000\">Patogenetikai komponensek g\u00e1tl\u00e1s\u00e1nak hat\u00e1sa bullosus pemphigoidban<\/td>\n<td style=\"width: 18.5023%\">Prof. Dr. S\u00e1rdy Mikl\u00f3s<\/td>\n<\/tr>\n<tr>\n<td style=\"width: 46.8797%\" width=\"1000\">Az alopecia areata klinikuma \u00e9s kezel\u00e9se<\/td>\n<td style=\"width: 18.5023%\">Prof. Dr. S\u00e1rdy Mikl\u00f3s<\/td>\n<\/tr>\n<tr>\n<td style=\"width: 46.8797%\">A lichen sclerosus et atrophicus klinikuma \u00e9s kezel\u00e9se<\/td>\n<td style=\"width: 18.5023%\">Prof. Dr. S\u00e1rdy Mikl\u00f3s<\/td>\n<\/tr>\n<tr>\n<td style=\"width: 46.8797%\">A JAK-g\u00e1tl\u00f3k haszn\u00e1lata a b\u0151rgy\u00f3gy\u00e1szatban<\/td>\n<td style=\"width: 18.5023%\">Prof. Dr. S\u00e1rdy Mikl\u00f3s<\/td>\n<\/tr>\n<tr>\n<td style=\"width: 46.8797%\">Occult melanom\u00e1s esetek vizsg\u00e1lata a klinika betegein\u00e9l<\/td>\n<td style=\"width: 18.5023%\">Dr. T\u00f3th Veronika PhD<\/td>\n<\/tr>\n<tr>\n<td style=\"width: 46.8797%\">A melanoma \u00e1tt\u00e9tk\u00e9pz\u00e9se \u00e9s immunter\u00e1pi\u00e1ra adott v\u00e1lasza<\/td>\n<td style=\"width: 18.5023%\">Dr. T\u00f3th Veronika PhD<\/td>\n<\/tr>\n<tr>\n<td style=\"width: 46.8797%\">Immunter\u00e1pi\u00e1t kap\u00f3 melanom\u00e1s betegekn\u00e9l tapasztalt mell\u00e9khat\u00e1sok<\/td>\n<td style=\"width: 18.5023%\">Dr. T\u00f3th Veronika PhD<\/td>\n<\/tr>\n<tr>\n<td style=\"width: 46.8797%\">Eszt\u00e9tikai beavatkoz\u00e1son \u00e1tes\u0151 p\u00e1ciensek \u00e9letmin\u0151s\u00e9g\u00e9nek vizsg\u00e1lata<\/td>\n<td style=\"width: 18.5023%\">Dr. Kem\u00e9ny Lajos PhD<\/td>\n<\/tr>\n<tr>\n<td style=\"width: 46.8797%\">CBM komplex regul\u00e1torainak vizsg\u00e1lata keratinocyt\u00e1kban<\/td>\n<td style=\"width: 18.5023%\">Dr. Kem\u00e9ny Lajos PhD<\/td>\n<\/tr>\n<tr>\n<td style=\"width: 46.8797%\">Pigment\u00e1ci\u00f3 szerep\u00e9nek vizsg\u00e1lata ferropt\u00f3zis szab\u00e1lyoz\u00e1s\u00e1ban melanom\u00e1ban<\/td>\n<td style=\"width: 18.5023%\">Dr. Kem\u00e9ny Lajos PhD<\/td>\n<\/tr>\n<tr>\n<td style=\"width: 46.8797%\">Pigment\u00e1ci\u00f3 szerep\u00e9nek vizsg\u00e1lata ferropt\u00f3zis szab\u00e1lyoz\u00e1s\u00e1ban melanocyt\u00e1kban<\/td>\n<td style=\"width: 18.5023%\">Dr. Kem\u00e9ny Lajos PhD<\/td>\n<\/tr>\n<tr>\n<td style=\"width: 46.8797%\">Primer melanoma mint\u00e1k proteomikai \u00e9s histopathol\u00f3giai korrel\u00e1ci\u00f3inak vizsg\u00e1lata<\/td>\n<td style=\"width: 18.5023%\">Dr. Kem\u00e9ny Lajos PhD<\/td>\n<\/tr>\n<tr>\n<td style=\"width: 46.8797%\">Perioperat\u00edv immunter\u00e1pia hat\u00e1s\u00e1nak vizsg\u00e1lata melanoma tumorok transzkriptomikai \u00e9s proteomikai elemz\u00e9s\u00e9vel<\/td>\n<td style=\"width: 18.5023%\">Dr. Kem\u00e9ny Lajos PhD<\/td>\n<\/tr>\n<tr>\n<td style=\"width: 46.8797%\">Klinikai \u00e9s laborat\u00f3riumi vizsg\u00e1latok psoriasisban<\/td>\n<td style=\"width: 18.5023%\">Dr. Luk\u00e1cs Andrea<\/td>\n<\/tr>\n<tr>\n<td style=\"width: 46.8797%\">Gamma-delta T sejtek funkci\u00f3i melan\u00f3m\u00e1ban\u00a0<\/td>\n<td style=\"width: 18.5023%\">Dr. Mayer Bal\u00e1zs PhD<\/td>\n<\/tr>\n<tr>\n<td style=\"width: 46.8797%\">Epidermolysis bullosa genetikai h\u00e1tter\u00e9nek vizsg\u00e1lata\u00a0<\/td>\n<td style=\"width: 18.5023%\">Dr. Mayer Bal\u00e1zs PhD<\/td>\n<\/tr>\n<tr>\n<td style=\"width: 46.8797%\">Immunter\u00e1pia induk\u00e1lta endoncrinopathi\u00e1k vizsg\u00e1lata melanom\u00e1s betegekn\u00e9l<\/td>\n<td style=\"width: 18.5023%\">Dr. T\u00f3th B\u00e9la PhD<\/td>\n<\/tr>\n<tr>\n<td style=\"width: 46.8797%\">Melanoma adjuv\u00e1ns kezel\u00e9se (c\u00e9lzott \u00e9s immunter\u00e1pia)<\/td>\n<td style=\"width: 18.5023%\">Dr. T\u00f3th B\u00e9la PhD<\/td>\n<\/tr>\n<tr>\n<td style=\"width: 46.8797%\">Cutan lymphom\u00e1k diagn\u00f3zisa \u00e9s kezel\u00e9se<\/td>\n<td style=\"width: 18.5023%\">Dr. Szakonyi J\u00f3zsef<\/td>\n<\/tr>\n<tr>\n<td style=\"width: 46.8797%\" width=\"238\">\n<p>Gyullad\u00e1sos b\u0151rgy\u00f3gy\u00e1szati \u00e9s reumatol\u00f3giai k\u00f3rk\u00e9pek klinikai jellemz\u0151inek, ter\u00e1pi\u00e1s v\u00e1lasz\u00e1nak, betegs\u00e9gterh\u00e9nek vizsg\u00e1lata<\/p>\n<\/td>\n<td style=\"width: 18.5023%\">Dr. Po\u00f3r Adrienn PhD<\/td>\n<\/tr>\n<tr>\n<td style=\"width: 46.8797%\">Lichen planopilaris \u00e9s frontalis fibrotisalo alop\u00e9cia diagnosztik\u00e1ja \u00e9s \u00faj ter\u00e1pi\u00e1s megk\u00f6zel\u00edt\u00e9se<\/td>\n<td style=\"width: 18.5023%\">Dr. Mohos Anita PhD<\/td>\n<\/tr>\n<tr>\n<td style=\"width: 46.8797%\">A psoriasis klinikai jellemz\u0151inek, ter\u00e1pi\u00e1s v\u00e1lasz\u00e1nak, betegs\u00e9gterh\u00e9nek vizsg\u00e1lata<\/td>\n<td style=\"width: 18.5023%\">Dr. Po\u00f3r Adrienn PhD<\/td>\n<\/tr>\n<\/tbody>\n<\/table>\n<table style=\"border-collapse: collapse;width: 102.817%;height: 35px\">\n<tbody>\n<tr>\n<td style=\"width: 71.5899%\">Az at\u00f3pi\u00e1s dermatitis jellemz\u0151inek, ter\u00e1pi\u00e1s v\u00e1lasz\u00e1nak, betegs\u00e9gterh\u00e9nek vizsg\u00e1lata<\/td>\n<td style=\"width: 28.4101%\">Dr. Po\u00f3r Adrienn PhD<\/td>\n<\/tr>\n<\/tbody>\n<\/table>\n<p>&nbsp;<\/p>\n<p>Az utols\u00f3 m\u00f3dos\u00edt\u00e1s:2026.03.09.<\/p>\n<p>&nbsp;<\/p>\n","protected":false},"excerpt":{"rendered":"<p>Klinik\u00e1nkon az al\u00e1bbi t\u00e9m\u00e1kban v\u00e9gezhet\u0151 TDK munka.\u00a0 Neoadjuv\u00e1ns kezel\u00e9sek a nagy rizik\u00f3j\u00fa melanoma ell\u00e1t\u00e1s\u00e1ban Prof. Dr. Holl\u00f3 P\u00e9ter Kardiovaszkul\u00e1ris \u00e9s m\u00e1s t\u00e1rsbetegs\u00e9gekkel \u00f6sszef\u00fcgg\u0151 markerek vizsg\u00e1lata k\u00f6z\u00e9ps\u00falyos-s\u00falyos pikkelys\u00f6m\u00f6r\u00f6s betegekben Prof. Dr. Holl\u00f3 P\u00e9ter Sz\u00edv \u00e9s \u00e9rrendszeri biomarkerek vizsg\u00e1lata k\u00f6z\u00e9ps\u00falyos-s\u00falyos pikkelys\u00f6m\u00f6rben Prof. Dr. Holl\u00f3 P\u00e9ter \u00daj kontakt allerg\u00e9nek az epicutan tesztsorban Dr. P\u00f3nyai Gy\u00f6rgyi PhD Biol\u00f3giai ter\u00e1pi\u00e1k &hellip;<\/p>\n","protected":false},"author":101242,"featured_media":0,"parent":15,"menu_order":6,"comment_status":"closed","ping_status":"closed","template":"","meta":{"_acf_changed":false,"footnotes":""},"categories":[],"tags":[],"class_list":["post-312","page","type-page","status-publish","hentry"],"acf":[],"_links":{"self":[{"href":"https:\/\/semmelweis.hu\/borklinika\/wp-json\/wp\/v2\/pages\/312","targetHints":{"allow":["GET"]}}],"collection":[{"href":"https:\/\/semmelweis.hu\/borklinika\/wp-json\/wp\/v2\/pages"}],"about":[{"href":"https:\/\/semmelweis.hu\/borklinika\/wp-json\/wp\/v2\/types\/page"}],"author":[{"embeddable":true,"href":"https:\/\/semmelweis.hu\/borklinika\/wp-json\/wp\/v2\/users\/101242"}],"replies":[{"embeddable":true,"href":"https:\/\/semmelweis.hu\/borklinika\/wp-json\/wp\/v2\/comments?post=312"}],"version-history":[{"count":12,"href":"https:\/\/semmelweis.hu\/borklinika\/wp-json\/wp\/v2\/pages\/312\/revisions"}],"predecessor-version":[{"id":13441,"href":"https:\/\/semmelweis.hu\/borklinika\/wp-json\/wp\/v2\/pages\/312\/revisions\/13441"}],"up":[{"embeddable":true,"href":"https:\/\/semmelweis.hu\/borklinika\/wp-json\/wp\/v2\/pages\/15"}],"wp:attachment":[{"href":"https:\/\/semmelweis.hu\/borklinika\/wp-json\/wp\/v2\/media?parent=312"}],"wp:term":[{"taxonomy":"category","embeddable":true,"href":"https:\/\/semmelweis.hu\/borklinika\/wp-json\/wp\/v2\/categories?post=312"},{"taxonomy":"post_tag","embeddable":true,"href":"https:\/\/semmelweis.hu\/borklinika\/wp-json\/wp\/v2\/tags?post=312"}],"curies":[{"name":"wp","href":"https:\/\/api.w.org\/{rel}","templated":true}]}}