{"id":283,"date":"2014-05-12T19:15:31","date_gmt":"2014-05-12T17:15:31","guid":{"rendered":"http:\/\/semmelweis.hu\/borklinika\/?page_id=283"},"modified":"2025-05-16T15:12:27","modified_gmt":"2025-05-16T13:12:27","slug":"latogatasi-ido","status":"publish","type":"page","link":"https:\/\/semmelweis.hu\/borklinika\/a-betegellatas-fo-profiljai\/fekvobeteg-ellatas\/latogatasi-ido\/","title":{"rendered":"L\u00e1togat\u00e1si id\u0151"},"content":{"rendered":"<p><strong>Tisztelt Beteg\u00fcnk!<\/strong><\/p>\n<p>Klinik\u00e1nk vezet\u0151s\u00e9gi d\u00f6nt\u00e9se alapj\u00e1n a l\u00e1togat\u00e1si rend a k\u00f6vetkez\u0151:<\/p>\n<ul>\n<li>L\u00e1togat\u00e1si id\u0151: naponta 15:00-18:00-ig.<\/li>\n<li><strong>A B\u0151rklinika oszt\u00e1lyain k\u00e9rj\u00fck, hogy mozg\u00e1sk\u00e9pes betegeinket az oszt\u00e1lyok el\u0151ter\u00e9ben, vagy a magas f\u00f6ldszinti aul\u00e1ban l\u00e1togass\u00e1k. J\u00f3 id\u0151 eset\u00e9n javasoljuk a park haszn\u00e1lat\u00e1t.<\/strong><\/li>\n<li>Biztos\u00edtani kell, hogy a betegek \u00e9s a hozz\u00e1tartoz\u00f3k a fert\u0151z\u00e9sek megakad\u00e1lyoz\u00e1sa \u00e9rdek\u00e9ben hozott int\u00e9zked\u00e9sek betart\u00e1s\u00e1ban, v\u00e9grehajt\u00e1s\u00e1ban egy\u00fcttm\u0171k\u00f6djenek, vagyis k\u00e9rj\u00fck a l\u00e1togat\u00f3kat \u00e9s p\u00e1cienseinket, hogy a klinika ter\u00fclet\u00e9n elhelyezett k\u00e9zfert\u0151tlen\u00edt\u0151ket az \u00e9p\u00fcletbe bel\u00e9p\u00e9skor \u00e9s t\u00e1voz\u00e1skor is felt\u00e9tlen\u00fcl haszn\u00e1lj\u00e1k.<\/li>\n<\/ul>\n<p><strong>Csomagok \u00e1tad\u00e1sa l\u00e1togat\u00e1si id\u0151n k\u00edv\u00fcl: <\/strong>Fekv\u0151beteg oszt\u00e1lyainkon ell\u00e1t\u00e1sban r\u00e9szes\u00fcl\u0151 p\u00e1cienseink r\u00e9sz\u00e9re csomaglead\u00e1sra l\u00e1togat\u00e1si id\u0151n k\u00edv\u00fcl a port\u00e1n van lehet\u0151s\u00e9g.<\/p>\n<p>A l\u00e1togat\u00e1si id\u0151 betart\u00e1s\u00e1val k\u00e9rj\u00fck \u00d6n is j\u00e1ruljon hozz\u00e1 a zavartalan betegell\u00e1t\u00f3 \u00e9s oktat\u00f3 munk\u00e1hoz!<\/p>\n<p>Bp, 2025.04.28.<\/p>\n","protected":false},"excerpt":{"rendered":"<p>Tisztelt Beteg\u00fcnk! Klinik\u00e1nk vezet\u0151s\u00e9gi d\u00f6nt\u00e9se alapj\u00e1n a l\u00e1togat\u00e1si rend a k\u00f6vetkez\u0151: L\u00e1togat\u00e1si id\u0151: naponta 15:00-18:00-ig. A B\u0151rklinika oszt\u00e1lyain k\u00e9rj\u00fck, hogy mozg\u00e1sk\u00e9pes betegeinket az oszt\u00e1lyok el\u0151ter\u00e9ben, vagy a magas f\u00f6ldszinti aul\u00e1ban l\u00e1togass\u00e1k. J\u00f3 id\u0151 eset\u00e9n javasoljuk a park haszn\u00e1lat\u00e1t. Biztos\u00edtani kell, hogy a betegek \u00e9s a hozz\u00e1tartoz\u00f3k a fert\u0151z\u00e9sek megakad\u00e1lyoz\u00e1sa \u00e9rdek\u00e9ben hozott int\u00e9zked\u00e9sek betart\u00e1s\u00e1ban, v\u00e9grehajt\u00e1s\u00e1ban egy\u00fcttm\u0171k\u00f6djenek, &hellip;<\/p>\n","protected":false},"author":101242,"featured_media":0,"parent":269,"menu_order":2,"comment_status":"closed","ping_status":"closed","template":"","meta":{"_acf_changed":false,"footnotes":""},"categories":[],"tags":[],"class_list":["post-283","page","type-page","status-publish","hentry"],"acf":[],"_links":{"self":[{"href":"https:\/\/semmelweis.hu\/borklinika\/wp-json\/wp\/v2\/pages\/283","targetHints":{"allow":["GET"]}}],"collection":[{"href":"https:\/\/semmelweis.hu\/borklinika\/wp-json\/wp\/v2\/pages"}],"about":[{"href":"https:\/\/semmelweis.hu\/borklinika\/wp-json\/wp\/v2\/types\/page"}],"author":[{"embeddable":true,"href":"https:\/\/semmelweis.hu\/borklinika\/wp-json\/wp\/v2\/users\/101242"}],"replies":[{"embeddable":true,"href":"https:\/\/semmelweis.hu\/borklinika\/wp-json\/wp\/v2\/comments?post=283"}],"version-history":[{"count":10,"href":"https:\/\/semmelweis.hu\/borklinika\/wp-json\/wp\/v2\/pages\/283\/revisions"}],"predecessor-version":[{"id":12970,"href":"https:\/\/semmelweis.hu\/borklinika\/wp-json\/wp\/v2\/pages\/283\/revisions\/12970"}],"up":[{"embeddable":true,"href":"https:\/\/semmelweis.hu\/borklinika\/wp-json\/wp\/v2\/pages\/269"}],"wp:attachment":[{"href":"https:\/\/semmelweis.hu\/borklinika\/wp-json\/wp\/v2\/media?parent=283"}],"wp:term":[{"taxonomy":"category","embeddable":true,"href":"https:\/\/semmelweis.hu\/borklinika\/wp-json\/wp\/v2\/categories?post=283"},{"taxonomy":"post_tag","embeddable":true,"href":"https:\/\/semmelweis.hu\/borklinika\/wp-json\/wp\/v2\/tags?post=283"}],"curies":[{"name":"wp","href":"https:\/\/api.w.org\/{rel}","templated":true}]}}