{"id":280,"date":"2014-05-12T19:13:29","date_gmt":"2014-05-12T17:13:29","guid":{"rendered":"http:\/\/semmelweis.hu\/borklinika\/?page_id=280"},"modified":"2025-03-12T09:34:25","modified_gmt":"2025-03-12T08:34:25","slug":"hazirend","status":"publish","type":"page","link":"https:\/\/semmelweis.hu\/borklinika\/a-betegellatas-fo-profiljai\/fekvobeteg-ellatas\/hazirend\/","title":{"rendered":"H\u00e1zirend \u00e9s betegt\u00e1j\u00e9koztat\u00f3 a fekv\u0151beteg-ell\u00e1t\u00e1sban"},"content":{"rendered":"<p><strong><a href=\"https:\/\/semmelweis.hu\/borklinika\/files\/2023\/03\/SE-BOR-BA-47-Fekvo-hazirend-reszletes-V3.pdf\" target=\"_blank\" rel=\"noopener noreferrer\"><span style=\"color: #3366ff\">Fekv\u0151beteg h\u00e1zirend let\u00f6lthet\u0151 teljes verzi\u00f3<\/span><\/a><br \/>\n<\/strong><\/p>\n<p style=\"text-align: center\"><span style=\"font-size: 14pt\"><strong>BETEGT\u00c1J\u00c9KOZTAT\u00d3 &#8211; H\u00c1ZIREND<\/strong><\/span><\/p>\n<p style=\"text-align: justify\">A Semmelweis Egyetem kiemelten fontos feladat\u00e1nak tartja a betegek \u00e9s hozz\u00e1tartoz\u00f3ik (a tov\u00e1bbiakban: Beteg) t\u00e1j\u00e9koztat\u00e1shoz f\u0171z\u0151d\u0151 jog\u00e1nak teljes k\u00f6r\u0171 gyakorl\u00e1s\u00e1t, az orvos-beteg kapcsolatban az eredm\u00e9nyes betegell\u00e1t\u00e1shoz sz\u00fcks\u00e9ges inform\u00e1ci\u00f3 \u00e1raml\u00e1s\u00e1nak biztos\u00edt\u00e1s\u00e1t. <br \/>\nA betegt\u00e1j\u00e9koztat\u00f3val sz\u00e9lesk\u00f6r\u0171 ismereteket szeretn\u00e9nk ny\u00fajtani a betegt\u00e1j\u00e9koztat\u00e1si gyakorlatr\u00f3l a betegek jogair\u00f3l \u00e9s k\u00f6teless\u00e9geir\u0151l illetve a H\u00e1zirendr\u0151l.<\/p>\n<p style=\"text-align: justify\">A t\u00e1j\u00e9koztat\u00f3 c\u00e9lja, hogy hasznos inform\u00e1ci\u00f3kkal seg\u00edts\u00fck az \u00d6n int\u00e9zm\u00e9nybeli ell\u00e1t\u00e1s\u00e1t, cs\u00f6kkents\u00fck az \u00d6nben rejl\u0151 esetleges bizonytalans\u00e1got \u00e9s kiszolg\u00e1ltatotts\u00e1g \u00e9rz\u00e9s\u00e9t. Az ell\u00e1t\u00e1shoz sz\u00fcks\u00e9ges tudnival\u00f3k rendelkez\u00e9sre \u00e1ll\u00e1sa egyar\u00e1nt fontos a beteg (hozz\u00e1tartoz\u00f3) \u00e9s az int\u00e9zm\u00e9ny munkat\u00e1rsai sz\u00e1m\u00e1ra is, az ell\u00e1t\u00e1s \u00edgy val\u00f3s\u00edthat\u00f3 meg eredm\u00e9nyesen, hat\u00e9konyan \u00e9s biztons\u00e1gosan.<\/p>\n<p><span style=\"font-size: 14pt\"><strong>FEKV\u0150BETEG H\u00c1ZIREND KIVONAT<\/strong><\/span><\/p>\n<p style=\"text-align: justify\">Jelen kivonattal szeretn\u00e9nk \u00d6nt t\u00e1j\u00e9koztatni az Int\u00e9zm\u00e9ny alapvet\u0151 m\u0171k\u00f6d\u00e9si rendj\u00e9r\u0151l a bel\u00e9p\u00e9s \u00e9s benntart\u00f3zkod\u00e1s szab\u00e1lyair\u00f3l. A teljes h\u00e1zirendet megtal\u00e1lhatja a port\u00e1n, a n\u0151v\u00e9rszob\u00e1kban, illetve az Int\u00e9zm\u00e9ny honlapj\u00e1n. <a href=\"https:\/\/semmelweis.hu\/borklinika\/\">https:\/\/semmelweis.hu\/borklinika\/\u00a0<\/a><\/p>\n<p style=\"text-align: justify\">T\u00e1j\u00e9koztatjuk, hogy Int\u00e9zm\u00e9ny\u00fcnk ter\u00fclet\u00e9n megfigyel\u0151 rendszer m\u0171k\u00f6dik. Ezzel kapcsolatban b\u0151vebb inform\u00e1ci\u00f3t a port\u00e1n elhelyezett t\u00e1j\u00e9koztat\u00f3b\u00f3l kaphat.<\/p>\n<p style=\"text-align: justify\"><span style=\"font-size: 14pt\"><strong>I. Alapelvek<\/strong><\/span><\/p>\n<p style=\"text-align: justify\">A fekv\u0151\/ j\u00e1r\u00f3 eg\u00e9szs\u00e9g\u00fcgyi ell\u00e1t\u00e1st ig\u00e9nybe vev\u0151, a beteg hozz\u00e1tartoz\u00f3ja, l\u00e1togat\u00f3ja \u00e9s b\u00e1rmely az Int\u00e9zm\u00e9ny ter\u00fclet\u00e9re bel\u00e9p\u0151 szem\u00e9ly (a tov\u00e1bbiakban: Beteg) az eg\u00e9szs\u00e9g\u00fcgyi szolg\u00e1ltat\u00e1s ig\u00e9nybev\u00e9telekor k\u00f6teles tiszteletben tartani a vonatkoz\u00f3 jogszab\u00e1lyokat \u00e9s a h\u00e1zirendet az Int\u00e9zm\u00e9ny teljes ter\u00fclet\u00e9n.<\/p>\n<p style=\"text-align: justify\">A beteg \u2013 k\u00e9pess\u00e9gei \u00e9s ismeretei szerint \u2013 k\u00f6teles az ell\u00e1t\u00e1s\u00e1ban k\u00f6zrem\u0171k\u00f6d\u0151 eg\u00e9szs\u00e9g\u00fcgyi dolgoz\u00f3kkal egy\u00fcttm\u0171k\u00f6dni.<\/p>\n<p style=\"text-align: justify\">A beteg \u00e9s hozz\u00e1tartoz\u00f3i k\u00f6telesek tiszteletben tartani m\u00e1s betegek jogait saj\u00e1t jogaik gyakorl\u00e1sa sor\u00e1n.<\/p>\n<p style=\"text-align: justify\">Az Int\u00e9zm\u00e9ny ter\u00fclet\u00e9n a Kommunik\u00e1ci\u00f3s \u00e9s Rendezv\u00e9nyszervez\u00e9si Igazgat\u00f3s\u00e1g enged\u00e9ly\u00e9hez k\u00f6t\u00f6tt a k\u00e9p- \u00e9s hangr\u00f6gz\u00edt\u00e9s.<\/p>\n<p style=\"text-align: justify\">Az Int\u00e9zm\u00e9ny ter\u00fclet\u00e9re tilos \u00e9l\u0151 \u00e1llatot behozni.<\/p>\n<p style=\"text-align: justify\">Az \u00e9p\u00fcletben tilos g\u00f6rkorcsoly\u00e1val, g\u00f6rdeszk\u00e1val, ker\u00e9kp\u00e1rral \u00e9s egy\u00e9b hasonl\u00f3 eszk\u00f6zzel k\u00f6zlekedni.<\/p>\n<p style=\"text-align: justify\"><span style=\"font-size: 14pt\"><strong>II. Betegjogi k\u00e9pvisel\u0151<\/strong><\/span><\/p>\n<p>R\u00e9szletes inform\u00e1ci\u00f3k<strong> <a href=\"https:\/\/semmelweis.hu\/borklinika\/a-betegellatas-fo-profiljai\/betegjogi-kepviselo\/\" target=\"_blank\" rel=\"noopener\">ide<\/a> <\/strong>kattintva \u00e9rhet\u0151k el.<\/p>\n<p><em><strong>T\u00e1j\u00e9koztatjuk, hogy az eg\u00e9szs\u00e9g\u00fcgyi szem\u00e9lyzetet munkav\u00e9gz\u00e9s k\u00f6zben \u00e9rt fenyeget\u00e9s, k\u00f6zfeladatot ell\u00e1t\u00f3 szem\u00e9ly elleni er\u0151szaknak min\u0151s\u00fcl.<\/strong><\/em><\/p>\n<p><span style=\"font-size: 14pt\"><strong>III. A bel\u00e9p\u00e9s \u00e9s a benntart\u00f3zkod\u00e1s rendje<\/strong><\/span><\/p>\n<p style=\"text-align: justify\">Fekv\u0151beteg ell\u00e1t\u00e1sra \u00e9rkez\u00e9skor k\u00e9rj\u00fck, h\u00fazzon sorsz\u00e1mot a f\u00f6ldszinten \u00e9s jelentkezzen a betegfelv\u00e9teli irod\u00e1n, ami a magas f\u00f6ldszinten tal\u00e1lhat\u00f3.<\/p>\n<p style=\"text-align: justify\">Amennyiben \u00d6n l\u00e1togat\u00f3 k\u00e9rj\u00fck, jelentkezzen a portaszolg\u00e1latn\u00e1l, ahol minden tov\u00e1bbi inform\u00e1ci\u00f3t megkap a l\u00e1togat\u00e1s rendj\u00e9r\u0151l \u00e9s m\u00f3dj\u00e1r\u00f3l.<\/p>\n<p style=\"text-align: justify\">K\u00e9rj\u00fck, csak a kezel\u00e9se, vizsg\u00e1lata c\u00e9lj\u00e1b\u00f3l meghat\u00e1rozott ter\u00fcleten, vagy l\u00e1togat\u00e1s sor\u00e1n a l\u00e1togatott oszt\u00e1ly el\u0151tt illetve a magas f\u00f6ldszinti aul\u00e1ban tart\u00f3zkodjon. A fekv\u0151beteg oszt\u00e1lyokra szakmai okok miatt l\u00e1togat\u00f3 nem mehet be.<\/p>\n<p style=\"text-align: justify\"><span style=\"font-size: 14pt\"><strong>IV. \u00c9rt\u00e9kek meg\u0151rz\u00e9se<\/strong><\/span><\/p>\n<p style=\"text-align: justify\">Ig\u00e9ny eset\u00e9n befekv\u00e9skor az oszt\u00e1lyos n\u0151v\u00e9r \u00e9rt\u00e9klelt\u00e1rt vesz fel a behozott \u00e9rt\u00e9kt\u00e1rgyair\u00f3l, melyek a Gazdas\u00e1gi iroda p\u00e1nc\u00e9lszekr\u00e9ny\u00e9ben ker\u00fclnek elhelyez\u00e9sre. A Klinika csak a p\u00e1nc\u00e9lszekr\u00e9ny\u00e9ben elhelyezett \u00e9rt\u00e9kek\u00e9rt v\u00e1llal felel\u0151ss\u00e9get. A gazdas\u00e1gi iroda csak munkanapokon \u00e9s munkaid\u0151ben tudja \u00e1tvenni \u00e9s \u00e1tadni az \u00e9rt\u00e9keket.<\/p>\n<p style=\"text-align: justify\"><span style=\"font-size: 14pt\"><strong>V. A l\u00e1togat\u00e1si rend<\/strong><\/span><\/p>\n<p style=\"text-align: justify\">L\u00e1togat\u00e1si id\u0151: minden nap 15.00-18.00-ig.<\/p>\n<p style=\"text-align: justify\">L\u00e1togat\u00f3kat a fenti id\u0151szakban fogadhat a gy\u00f3gy\u00edt\u00f3 munka \u00e9s a betegek zavartalan gy\u00f3gyul\u00e1sa, pihen\u00e9s\u00fck akad\u00e1lyoz\u00e1sa n\u00e9lk\u00fcl. 14 \u00e9ven aluli gyermekek beteget nem l\u00e1togathatnak! <br \/>\nEgy beteget egyszerre k\u00e9t f\u0151 l\u00e1togathat.<\/p>\n<p style=\"text-align: justify\">Felh\u00edvjuk a figyelmet, hogy a M\u00e1ria u. 41. sz\u00e1m alatti kapu h\u00e9tk\u00f6znap 5:00-19:00 k\u00f6z\u00f6tt, h\u00e9tv\u00e9g\u00e9n \u00e9s \u00fcnnepnapokon pedig 15:00-18:00 k\u00f6z\u00f6tt haszn\u00e1lhat\u00f3. Ezen k\u00edv\u00fcl a klinika a Szentkir\u00e1lyi utca fel\u0151li kapubej\u00e1raton k\u00f6zel\u00edthet\u0151 meg.<\/p>\n<p style=\"text-align: justify\"><span style=\"font-size: 14pt\"><strong>VI. A fekv\u0151beteg oszt\u00e1lyok napirendje<\/strong><\/span><\/p>\n<ul>\n<li style=\"text-align: justify\">05:30 h\u0151m\u00e9r\u0151z\u00e9s, tiszt\u00e1lkod\u00e1s, 08:00 reggeli<\/li>\n<li style=\"text-align: justify\">07:15-t\u0151l vagy 08:15-t\u0151l vizit, vizsg\u00e1latok, m\u0171t\u00e9tek, kezel\u00e9sek<\/li>\n<li style=\"text-align: justify\">12:00 eb\u00e9d, 14:00-16:00 csendes pihen\u0151<\/li>\n<li style=\"text-align: justify\">18:00 vacsora, 19:00 esti kezel\u00e9s, 22:00 villanyolt\u00e1s<\/li>\n<\/ul>\n<p style=\"text-align: justify\">Az oszt\u00e1lyonk\u00e9nti elt\u00e9r\u00e9sek miatt err\u0151l r\u00e9szletes felvil\u00e1gos\u00edt\u00e1st az oszt\u00e1lyos \u00e1pol\u00f3t\u00f3l fog kapni.<\/p>\n<p style=\"text-align: justify\"><strong><span style=\"font-size: 14pt\">VII. Az oszt\u00e1ly elhagy\u00e1sa<\/span><\/strong><\/p>\n<p style=\"text-align: justify\">A vizitek alatt k\u00e9rj\u00fck, felt\u00e9tlen\u00fcl tart\u00f3zkodj\u00e9k a k\u00f3rteremben.\u00a0Ezek id\u0151pontj\u00e1r\u00f3l az oszt\u00e1lyos \u00e1pol\u00f3kt\u00f3l kap felvil\u00e1gos\u00edt\u00e1st. A klinika \u00e9p\u00fclet\u00e9t este 20:00 \u00e9s reggel 05:00 \u00f3ra k\u00f6z\u00f6tt z\u00e1rva tartjuk.<br \/>\nFelvett betegk\u00e9nt a klinikai t\u00f6mb elhagy\u00e1sa csak az oszt\u00e1lyvezet\u0151 vagy kezel\u0151 orvos enged\u00e9ly\u00e9vel \u00e9s az erre vonatkoz\u00f3 \u00edr\u00e1sos nyilatkozat al\u00e1\u00edr\u00e1sa eset\u00e9n lehets\u00e9ges!<\/p>\n<p style=\"text-align: justify\"><span style=\"font-size: 14pt\"><strong>VIII. Doh\u00e1nyz\u00e1s<\/strong><\/span><\/p>\n<p style=\"text-align: justify\">Doh\u00e1nyz\u00e1sra kiz\u00e1r\u00f3lag a bej\u00e1ratt\u00f3l sz\u00e1m\u00edtott 5 m\u00e9teres k\u00f6rzeten k\u00edv\u00fcl, illetve a klinika udvar\u00e1n kijel\u00f6lt helyen van lehet\u0151s\u00e9ge!<\/p>\n<p style=\"text-align: justify\"><span style=\"font-size: 14pt\"><strong>IX. Lakoss\u00e1gi fert\u0151z\u0151 hullad\u00e9kok \u00e1tv\u00e9tele<\/strong><\/span><\/p>\n<p style=\"text-align: justify\">Fenti hullad\u00e9kok (pl: injekci\u00f3s t\u0171, fecskend\u0151) \u00e1tv\u00e9tele h\u00e9t- k\u00f6znap, munkaid\u0151ben a f\u00f6ldszinti regisztr\u00e1ci\u00f3s pultn\u00e1l t\u00f6rt\u00e9nik.<\/p>\n<p style=\"text-align: justify\"><span style=\"font-size: 14pt\"><strong>X. Vall\u00e1sgyakorl\u00e1s<\/strong><\/span><\/p>\n<p style=\"text-align: justify\">T\u00e1j\u00e9koztatjuk, hogy a katolikus egyh\u00e1z k\u00e9pvisel\u0151i rendszeresen l\u00e1togatj\u00e1k az Egyetem klinik\u00e1it az esetleges vall\u00e1sgyakorl\u00e1si ig\u00e9nyek kiel\u00e9g\u00edt\u00e9s\u00e9re. A betegl\u00e1togat\u00f3k nem ismerik a p\u00e1ciensek k\u00f3rt\u00f6rt\u00e9net\u00e9t \u00e9s csak a beteg szem\u00e9lyes k\u00e9r\u00e9se eset\u00e9n v\u00e9gzik munk\u00e1jukat.<\/p>\n<p style=\"text-align: justify\"><span style=\"font-size: 14pt\"><strong>XI. Egy\u00e9b rendelkez\u00e9sek<\/strong><\/span><\/p>\n<p style=\"text-align: justify\">K\u00e9rj\u00fck, hogy az Int\u00e9zm\u00e9ny csendj\u00e9t \u0151rizze meg, ne zavarja betegt\u00e1rsai nyugalm\u00e1t. K\u00e9rj\u00fck, \u00fcgyeljen a k\u00f3rh\u00e1z \u00e9s a k\u00f3rterem rendj\u00e9re, tisztas\u00e1g\u00e1ra saj\u00e1t \u00e9s betegt\u00e1rsai gy\u00f3gyul\u00e1sa \u00e9rdek\u00e9ben.<\/p>\n<p style=\"text-align: justify\">A klinika berendez\u00e9seinek nem megfelel\u0151 kezel\u00e9se, haszn\u00e1lata, rong\u00e1l\u00e1sa eset\u00e9n az int\u00e9zet k\u00e1rt\u00e9r\u00edt\u00e9si ig\u00e9nnyel \u00e9l.<\/p>\n<p style=\"text-align: justify\">A k\u00f3rh\u00e1z ter\u00fclet\u00e9n szeszesitalt, tudatm\u00f3dos\u00edt\u00f3 szereket tartani \u00e9s fogyasztani TILOS!<\/p>\n<p style=\"text-align: justify\">Az oszt\u00e1lyos telefonokat betegek nem haszn\u00e1lhatj\u00e1k.\u00a0<\/p>\n<p style=\"text-align: justify\">Telev\u00edzi\u00f3, egy\u00e9b sz\u00f3rakoztat\u00f3 elektronikai eszk\u00f6z haszn\u00e1lat\u00e1ra csak a szobat\u00e1rsak egy\u00f6ntet\u0171 hozz\u00e1j\u00e1rul\u00e1s\u00e1val van m\u00f3d. K\u00e9rj\u00fck a 22 \u00f3rai l\u00e1mpaolt\u00e1st betartani. A behozott elektronikus \u00e9s egy\u00e9b k\u00e9sz\u00fcl\u00e9kek\u00e9rt a Klinika felel\u0151ss\u00e9get nem v\u00e1llal.<\/p>\n<p>Amennyiben rendk\u00edv\u00fcli esem\u00e9nyt \u00e9szlel, jelezze a Klinika munkat\u00e1rsainak, a portaszolg\u00e1latnak, vagy h\u00edvja a nap 24 \u00f3r\u00e1j\u00e1ban az Egyetem K\u00f6zponti Diszp\u00e9cser- \u00e9s J\u00e1r\u0151rszolg\u00e1lat\u00e1t a 06-20\/663-2000-es telefonsz\u00e1mon!<\/p>\n<p>&nbsp;<\/p>\n<p style=\"text-align: justify\"><em>K\u00f6sz\u00f6nj\u00fck, hogy a H\u00c1ZIREND betart\u00e1s\u00e1val seg\u00edti munk\u00e1nkat \u00e9s betegt\u00e1rsai gy\u00f3gyul\u00e1s\u00e1t!<\/em><\/p>\n<p>Budapest, 2023. \u00e1prilis 26.<\/p>\n<p>&nbsp;<\/p>\n","protected":false},"excerpt":{"rendered":"<p><a href=\"https:\/\/semmelweis.hu\/borklinika\/files\/2023\/03\/SE-BOR-BA-47-Fekvo-hazirend-reszletes-V3.pdf\" target=\"_blank\" rel=\"noopener noreferrer\">Fekv\u0151beteg h\u00e1zirend let\u00f6lthet\u0151 teljes verzi\u00f3<\/a> BETEGT\u00c1J\u00c9KOZTAT\u00d3 &#8211; H\u00c1ZIREND A Semmelweis Egyetem kiemelten fontos feladat\u00e1nak tartja a betegek \u00e9s hozz\u00e1tartoz\u00f3ik (a tov\u00e1bbiakban: Beteg) t\u00e1j\u00e9koztat\u00e1shoz f\u0171z\u0151d\u0151 jog\u00e1nak teljes k\u00f6r\u0171 gyakorl\u00e1s\u00e1t, az orvos-beteg kapcsolatban az eredm\u00e9nyes betegell\u00e1t\u00e1shoz sz\u00fcks\u00e9ges inform\u00e1ci\u00f3 \u00e1raml\u00e1s\u00e1nak biztos\u00edt\u00e1s\u00e1t. A betegt\u00e1j\u00e9koztat\u00f3val sz\u00e9lesk\u00f6r\u0171 ismereteket szeretn\u00e9nk ny\u00fajtani a betegt\u00e1j\u00e9koztat\u00e1si gyakorlatr\u00f3l a betegek jogair\u00f3l \u00e9s k\u00f6teless\u00e9geir\u0151l illetve a H\u00e1zirendr\u0151l. A t\u00e1j\u00e9koztat\u00f3 c\u00e9lja, hogy hasznos &hellip;<\/p>\n","protected":false},"author":101242,"featured_media":0,"parent":269,"menu_order":3,"comment_status":"closed","ping_status":"closed","template":"","meta":{"_acf_changed":false,"footnotes":""},"categories":[],"tags":[],"class_list":["post-280","page","type-page","status-publish","hentry"],"acf":[],"_links":{"self":[{"href":"https:\/\/semmelweis.hu\/borklinika\/wp-json\/wp\/v2\/pages\/280","targetHints":{"allow":["GET"]}}],"collection":[{"href":"https:\/\/semmelweis.hu\/borklinika\/wp-json\/wp\/v2\/pages"}],"about":[{"href":"https:\/\/semmelweis.hu\/borklinika\/wp-json\/wp\/v2\/types\/page"}],"author":[{"embeddable":true,"href":"https:\/\/semmelweis.hu\/borklinika\/wp-json\/wp\/v2\/users\/101242"}],"replies":[{"embeddable":true,"href":"https:\/\/semmelweis.hu\/borklinika\/wp-json\/wp\/v2\/comments?post=280"}],"version-history":[{"count":11,"href":"https:\/\/semmelweis.hu\/borklinika\/wp-json\/wp\/v2\/pages\/280\/revisions"}],"predecessor-version":[{"id":12823,"href":"https:\/\/semmelweis.hu\/borklinika\/wp-json\/wp\/v2\/pages\/280\/revisions\/12823"}],"up":[{"embeddable":true,"href":"https:\/\/semmelweis.hu\/borklinika\/wp-json\/wp\/v2\/pages\/269"}],"wp:attachment":[{"href":"https:\/\/semmelweis.hu\/borklinika\/wp-json\/wp\/v2\/media?parent=280"}],"wp:term":[{"taxonomy":"category","embeddable":true,"href":"https:\/\/semmelweis.hu\/borklinika\/wp-json\/wp\/v2\/categories?post=280"},{"taxonomy":"post_tag","embeddable":true,"href":"https:\/\/semmelweis.hu\/borklinika\/wp-json\/wp\/v2\/tags?post=280"}],"curies":[{"name":"wp","href":"https:\/\/api.w.org\/{rel}","templated":true}]}}