{"id":269,"date":"2014-05-12T18:54:33","date_gmt":"2014-05-12T16:54:33","guid":{"rendered":"http:\/\/semmelweis.hu\/borklinika\/?page_id=269"},"modified":"2025-05-16T13:15:20","modified_gmt":"2025-05-16T11:15:20","slug":"fekvobeteg-ellatas","status":"publish","type":"page","link":"https:\/\/semmelweis.hu\/borklinika\/a-betegellatas-fo-profiljai\/fekvobeteg-ellatas\/","title":{"rendered":"Fekv\u0151beteg-ell\u00e1t\u00e1s"},"content":{"rendered":"<p>Klinik\u00e1nk fekv\u0151beteg oszt\u00e1lyaira a <strong style=\"font-size: 1rem\">befekv\u00e9s el\u0151jegyz\u00e9s alapj\u00e1n<\/strong><span style=\"font-size: 1rem\"> lehets\u00e9ges. Ez al\u00f3l kiv\u00e9tel a s\u00fcrg\u0151s felv\u00e9tel, amikor az ambulanci\u00e1n t\u00f6rt\u00e9n\u0151 el\u0151zetes betegvizsg\u00e1latot k\u00f6vet\u0151en \u00a0&#8211; amennyiben rendelkez\u00e9sre \u00e1ll szabad \u00e1gy &#8211; aznap ker\u00fcl sor a felv\u00e9telre.<\/span><\/p>\n<p>A tervezett befekv\u00e9s idej\u00e9r\u0151l a <strong>betegfelv\u00e9teli iroda adminisztr\u00e1tora telefonon \u00e9rtes\u00edti<\/strong> a klinika beutal\u00f3j\u00e1val rendelkez\u0151 p\u00e1cienseket, \u00e1ltal\u00e1ban egy nappal a felv\u00e9tel el\u0151tt.<\/p>\n<p><strong>Oszt\u00e1lyos felv\u00e9tel<\/strong> el\u0151tt \u00a0a f\u00f6ldszinten <strong>sorsz\u00e1m h\u00faz\u00e1sa<\/strong> sz\u00fcks\u00e9ges, majd jelentkez\u00e9s a magasf\u00f6ldszinti felv\u00e9teli irod\u00e1ban reggel 8-kor.<\/p>\n","protected":false},"excerpt":{"rendered":"<p>Klinik\u00e1nk fekv\u0151beteg oszt\u00e1lyaira a befekv\u00e9s el\u0151jegyz\u00e9s alapj\u00e1n lehets\u00e9ges. Ez al\u00f3l kiv\u00e9tel a s\u00fcrg\u0151s felv\u00e9tel, amikor az ambulanci\u00e1n t\u00f6rt\u00e9n\u0151 el\u0151zetes betegvizsg\u00e1latot k\u00f6vet\u0151en \u00a0&#8211; amennyiben rendelkez\u00e9sre \u00e1ll szabad \u00e1gy &#8211; aznap ker\u00fcl sor a felv\u00e9telre. A tervezett befekv\u00e9s idej\u00e9r\u0151l a betegfelv\u00e9teli iroda adminisztr\u00e1tora telefonon \u00e9rtes\u00edti a klinika beutal\u00f3j\u00e1val rendelkez\u0151 p\u00e1cienseket, \u00e1ltal\u00e1ban egy nappal a felv\u00e9tel el\u0151tt. Oszt\u00e1lyos &hellip;<\/p>\n","protected":false},"author":101242,"featured_media":0,"parent":9,"menu_order":2,"comment_status":"closed","ping_status":"closed","template":"","meta":{"_acf_changed":false,"footnotes":""},"categories":[],"tags":[],"class_list":["post-269","page","type-page","status-publish","hentry"],"acf":[],"_links":{"self":[{"href":"https:\/\/semmelweis.hu\/borklinika\/wp-json\/wp\/v2\/pages\/269","targetHints":{"allow":["GET"]}}],"collection":[{"href":"https:\/\/semmelweis.hu\/borklinika\/wp-json\/wp\/v2\/pages"}],"about":[{"href":"https:\/\/semmelweis.hu\/borklinika\/wp-json\/wp\/v2\/types\/page"}],"author":[{"embeddable":true,"href":"https:\/\/semmelweis.hu\/borklinika\/wp-json\/wp\/v2\/users\/101242"}],"replies":[{"embeddable":true,"href":"https:\/\/semmelweis.hu\/borklinika\/wp-json\/wp\/v2\/comments?post=269"}],"version-history":[{"count":11,"href":"https:\/\/semmelweis.hu\/borklinika\/wp-json\/wp\/v2\/pages\/269\/revisions"}],"predecessor-version":[{"id":12966,"href":"https:\/\/semmelweis.hu\/borklinika\/wp-json\/wp\/v2\/pages\/269\/revisions\/12966"}],"up":[{"embeddable":true,"href":"https:\/\/semmelweis.hu\/borklinika\/wp-json\/wp\/v2\/pages\/9"}],"wp:attachment":[{"href":"https:\/\/semmelweis.hu\/borklinika\/wp-json\/wp\/v2\/media?parent=269"}],"wp:term":[{"taxonomy":"category","embeddable":true,"href":"https:\/\/semmelweis.hu\/borklinika\/wp-json\/wp\/v2\/categories?post=269"},{"taxonomy":"post_tag","embeddable":true,"href":"https:\/\/semmelweis.hu\/borklinika\/wp-json\/wp\/v2\/tags?post=269"}],"curies":[{"name":"wp","href":"https:\/\/api.w.org\/{rel}","templated":true}]}}