{"id":257,"date":"2014-05-12T18:18:08","date_gmt":"2014-05-12T16:18:08","guid":{"rendered":"http:\/\/semmelweis.hu\/borklinika\/?page_id=257"},"modified":"2025-09-29T12:14:40","modified_gmt":"2025-09-29T10:14:40","slug":"rontgen-terapia","status":"publish","type":"page","link":"https:\/\/semmelweis.hu\/borklinika\/a-betegellatas-fo-profiljai\/jarobeteg-ellatas\/rontgen-terapia\/","title":{"rendered":"R\u00f6ntgen ter\u00e1pia"},"content":{"rendered":"<p>Sug\u00e1rter\u00e1pi\u00e1s r\u00e9szleg\u00fcnk\u00f6n b\u0151rdagantok fel\u00fcleti sug\u00e1rkezel\u00e9s\u00e9t v\u00e9gezz\u00fck. A korszer\u0171 fel\u00fcleti l\u00e1gy r\u00f6ntgenter\u00e1pi\u00e1s k\u00e9sz\u00fcl\u00e9kkel v\u00e9gzett kezel\u00e9sek el\u0151zetes sz\u00f6vettani lelet birtok\u00e1ban, onkol\u00f3giai szakbizotts\u00e1g javaslat\u00e1ra, id\u0151pontegyeztet\u00e9s alapj\u00e1n t\u00f6rt\u00e9nnek. Ritk\u00e1bban &#8211; szakorvosi javaslatra, az egy\u00e9b ter\u00e1pi\u00e1s lehet\u0151s\u00e9gek kimer\u00fcl\u00e9se ut\u00e1n &#8211; kr\u00f3nikus b\u0151rgyullad\u00e1sok, keloidok kezel\u00e9se c\u00e9lj\u00e1b\u00f3l adunk kis d\u00f3zis\u00fa besug\u00e1rz\u00e1st. A kezel\u00e9sek r\u00e9szleteit betegeinkkel a ter\u00e1pi\u00e1s d\u00f6nt\u00e9s ut\u00e1n, szem\u00e9lyes konzult\u00e1ci\u00f3 keret\u00e9ben besz\u00e9lj\u00fck meg.<br \/>\nBeutal\u00f3, id\u0151pont egyeztet\u00e9s sz\u00fcks\u00e9ges (betegeinket egy\u00e9b szakrendel\u00e9seinkr\u0151l ir\u00e1ny\u00edtjuk sz\u00fcks\u00e9g eset\u00e9n R\u00f6ntgen ter\u00e1pi\u00e1ra).<\/p>\n<p><b>R\u00f6ntgen ter\u00e1pia: <\/b>II. emelet 203. rendel\u0151. <b><\/b><\/p>\n<p>H-Cs: 8:00-14:30, P: 8:00-11:30<\/p>\n<p>Telefon: +36-1-459-1500\/55722<\/p>\n<p>Rendel\u0151 orvosok:<\/p>\n<ul>\n<li>Dr. Szakonyi J\u00f3zsef klinikai f\u0151orvos, radioterapeuta, b\u0151rgy\u00f3gy\u00e1sz szakorvos<\/li>\n<\/ul>\n<p>Tov\u00e1bbi munkat\u00e1rsak:<\/p>\n<ul>\n<li>Matkovics Krisztina, RTG szakasszisztens<\/li>\n<\/ul>\n","protected":false},"excerpt":{"rendered":"<p>Sug\u00e1rter\u00e1pi\u00e1s r\u00e9szleg\u00fcnk\u00f6n b\u0151rdagantok fel\u00fcleti sug\u00e1rkezel\u00e9s\u00e9t v\u00e9gezz\u00fck. A korszer\u0171 fel\u00fcleti l\u00e1gy r\u00f6ntgenter\u00e1pi\u00e1s k\u00e9sz\u00fcl\u00e9kkel v\u00e9gzett kezel\u00e9sek el\u0151zetes sz\u00f6vettani lelet birtok\u00e1ban, onkol\u00f3giai szakbizotts\u00e1g javaslat\u00e1ra, id\u0151pontegyeztet\u00e9s alapj\u00e1n t\u00f6rt\u00e9nnek. Ritk\u00e1bban &#8211; szakorvosi javaslatra, az egy\u00e9b ter\u00e1pi\u00e1s lehet\u0151s\u00e9gek kimer\u00fcl\u00e9se ut\u00e1n &#8211; kr\u00f3nikus b\u0151rgyullad\u00e1sok, keloidok kezel\u00e9se c\u00e9lj\u00e1b\u00f3l adunk kis d\u00f3zis\u00fa besug\u00e1rz\u00e1st. A kezel\u00e9sek r\u00e9szleteit betegeinkkel a ter\u00e1pi\u00e1s d\u00f6nt\u00e9s ut\u00e1n, szem\u00e9lyes konzult\u00e1ci\u00f3 keret\u00e9ben &hellip;<\/p>\n","protected":false},"author":101242,"featured_media":0,"parent":217,"menu_order":18,"comment_status":"closed","ping_status":"closed","template":"","meta":{"_acf_changed":false,"footnotes":""},"categories":[],"tags":[],"class_list":["post-257","page","type-page","status-publish","hentry"],"acf":[],"_links":{"self":[{"href":"https:\/\/semmelweis.hu\/borklinika\/wp-json\/wp\/v2\/pages\/257","targetHints":{"allow":["GET"]}}],"collection":[{"href":"https:\/\/semmelweis.hu\/borklinika\/wp-json\/wp\/v2\/pages"}],"about":[{"href":"https:\/\/semmelweis.hu\/borklinika\/wp-json\/wp\/v2\/types\/page"}],"author":[{"embeddable":true,"href":"https:\/\/semmelweis.hu\/borklinika\/wp-json\/wp\/v2\/users\/101242"}],"replies":[{"embeddable":true,"href":"https:\/\/semmelweis.hu\/borklinika\/wp-json\/wp\/v2\/comments?post=257"}],"version-history":[{"count":8,"href":"https:\/\/semmelweis.hu\/borklinika\/wp-json\/wp\/v2\/pages\/257\/revisions"}],"predecessor-version":[{"id":13212,"href":"https:\/\/semmelweis.hu\/borklinika\/wp-json\/wp\/v2\/pages\/257\/revisions\/13212"}],"up":[{"embeddable":true,"href":"https:\/\/semmelweis.hu\/borklinika\/wp-json\/wp\/v2\/pages\/217"}],"wp:attachment":[{"href":"https:\/\/semmelweis.hu\/borklinika\/wp-json\/wp\/v2\/media?parent=257"}],"wp:term":[{"taxonomy":"category","embeddable":true,"href":"https:\/\/semmelweis.hu\/borklinika\/wp-json\/wp\/v2\/categories?post=257"},{"taxonomy":"post_tag","embeddable":true,"href":"https:\/\/semmelweis.hu\/borklinika\/wp-json\/wp\/v2\/tags?post=257"}],"curies":[{"name":"wp","href":"https:\/\/api.w.org\/{rel}","templated":true}]}}