{"id":251,"date":"2014-05-12T18:16:33","date_gmt":"2014-05-12T16:16:33","guid":{"rendered":"http:\/\/semmelweis.hu\/borklinika\/?page_id=251"},"modified":"2026-01-23T13:28:25","modified_gmt":"2026-01-23T12:28:25","slug":"muto","status":"publish","type":"page","link":"https:\/\/semmelweis.hu\/borklinika\/a-betegellatas-fo-profiljai\/jarobeteg-ellatas\/muto\/","title":{"rendered":"M\u0171t\u0151 &#8211; Seb\u00e9szeti ambulancia"},"content":{"rendered":"<div style=\"text-align: justify\">Seb\u00e9szeti ambulanci\u00e1nkon Dr. Bottlik Gyula klinikai f\u0151orvos, seb\u00e9sz, plasztikai seb\u00e9sz, \u00e9rseb\u00e9sz \u00e9s Dr. Monostori L\u00e1szl\u00f3 \u00e1ltal\u00e1nos seb\u00e9sz szakorvos j\u00e1r\u00f3beteg-ell\u00e1t\u00e1s keret\u00e9ben j\u00f3indulat\u00fa elv\u00e1ltoz\u00e1sokat, anyajegyeket, fekv\u0151betegeinknek pedig rosszindulat\u00fa b\u0151rdaganatokat (pl. bazali\u00f3ma, spinali\u00f3ma, melan\u00f3ma) t\u00e1vol\u00edt el \u00e9s ny\u00fajt b\u0151ronkol\u00f3giai seb\u00e9szeti ell\u00e1t\u00e1st. A m\u0171t\u00e9teket altat\u00e1s n\u00e9lk\u00fcl, helyi \u00e9rz\u00e9stelen\u00edt\u00e9sben v\u00e9gezz\u00fck, \u00e9s a m\u0171t\u00e9tet k\u00f6vet\u0151 sebk\u00f6t\u00f6z\u00e9s, illetve varratszed\u00e9s is a seb\u00e9szeti ambulanci\u00e1n t\u00f6rt\u00e9nik.<\/div>\n<div style=\"text-align: justify\">M\u0171t\u00e9tekre p\u00e1cienseket <u>csak a klinika saj\u00e1t szakrendel\u00e9seir\u0151l<\/u> sz\u00e1rmaz\u00f3 beutal\u00f3val fogadunk! Az ambul\u00e1ns betegeket a b\u0151rgy\u00f3gy\u00e1sz vagy onkodermatol\u00f3gus szakorvosok jegyzik el\u0151 m\u0171t\u00e9tre. Rosszindulat\u00fa daganat kimetsz\u00e9st csak fekv\u0151betegeknek v\u00e9gz\u00fcnk.\u00a0<\/div>\n<div>\n<p>Helysz\u00edn: 06. emelet<\/p>\n<\/div>\n<div>\n<p>Rendel\u00e9si id\u0151: H-P 7:00-12:00<\/p>\n<\/div>\n<div>Rendel\u0151 orvosok:<\/div>\n<div style=\"text-align: justify\"><strong>Dr. Bottlik Gyula<\/strong> Oszt\u00e1lyvezet\u0151, klinikai f\u0151orvos, seb\u00e9sz, plasztikai seb\u00e9sz, \u00e9rseb\u00e9sz &#8211; 1996. \u00f3ta t\u00f6bb mint 75.000 m\u0171t\u00e9t, 2500 \u0151rszem-nyirokcsom\u00f3 biopszia \u00e9s 800 blokkdisszekci\u00f3 elv\u00e9gz\u00e9se.<\/div>\n<div><strong>Dr. Monostori L\u00e1szl\u00f3<\/strong> \u00e1ltal\u00e1nos seb\u00e9sz szakorvos<\/div>\n","protected":false},"excerpt":{"rendered":"<p>Seb\u00e9szeti ambulanci\u00e1nkon Dr. Bottlik Gyula klinikai f\u0151orvos, seb\u00e9sz, plasztikai seb\u00e9sz, \u00e9rseb\u00e9sz \u00e9s Dr. Monostori L\u00e1szl\u00f3 \u00e1ltal\u00e1nos seb\u00e9sz szakorvos j\u00e1r\u00f3beteg-ell\u00e1t\u00e1s keret\u00e9ben j\u00f3indulat\u00fa elv\u00e1ltoz\u00e1sokat, anyajegyeket, fekv\u0151betegeinknek pedig rosszindulat\u00fa b\u0151rdaganatokat (pl. bazali\u00f3ma, spinali\u00f3ma, melan\u00f3ma) t\u00e1vol\u00edt el \u00e9s ny\u00fajt b\u0151ronkol\u00f3giai seb\u00e9szeti ell\u00e1t\u00e1st. A m\u0171t\u00e9teket altat\u00e1s n\u00e9lk\u00fcl, helyi \u00e9rz\u00e9stelen\u00edt\u00e9sben v\u00e9gezz\u00fck, \u00e9s a m\u0171t\u00e9tet k\u00f6vet\u0151 sebk\u00f6t\u00f6z\u00e9s, illetve varratszed\u00e9s is a seb\u00e9szeti &hellip;<\/p>\n","protected":false},"author":101242,"featured_media":0,"parent":217,"menu_order":13,"comment_status":"closed","ping_status":"closed","template":"","meta":{"_acf_changed":false,"footnotes":""},"categories":[],"tags":[],"class_list":["post-251","page","type-page","status-publish","hentry"],"acf":[],"_links":{"self":[{"href":"https:\/\/semmelweis.hu\/borklinika\/wp-json\/wp\/v2\/pages\/251","targetHints":{"allow":["GET"]}}],"collection":[{"href":"https:\/\/semmelweis.hu\/borklinika\/wp-json\/wp\/v2\/pages"}],"about":[{"href":"https:\/\/semmelweis.hu\/borklinika\/wp-json\/wp\/v2\/types\/page"}],"author":[{"embeddable":true,"href":"https:\/\/semmelweis.hu\/borklinika\/wp-json\/wp\/v2\/users\/101242"}],"replies":[{"embeddable":true,"href":"https:\/\/semmelweis.hu\/borklinika\/wp-json\/wp\/v2\/comments?post=251"}],"version-history":[{"count":10,"href":"https:\/\/semmelweis.hu\/borklinika\/wp-json\/wp\/v2\/pages\/251\/revisions"}],"predecessor-version":[{"id":13385,"href":"https:\/\/semmelweis.hu\/borklinika\/wp-json\/wp\/v2\/pages\/251\/revisions\/13385"}],"up":[{"embeddable":true,"href":"https:\/\/semmelweis.hu\/borklinika\/wp-json\/wp\/v2\/pages\/217"}],"wp:attachment":[{"href":"https:\/\/semmelweis.hu\/borklinika\/wp-json\/wp\/v2\/media?parent=251"}],"wp:term":[{"taxonomy":"category","embeddable":true,"href":"https:\/\/semmelweis.hu\/borklinika\/wp-json\/wp\/v2\/categories?post=251"},{"taxonomy":"post_tag","embeddable":true,"href":"https:\/\/semmelweis.hu\/borklinika\/wp-json\/wp\/v2\/tags?post=251"}],"curies":[{"name":"wp","href":"https:\/\/api.w.org\/{rel}","templated":true}]}}