{"id":247,"date":"2014-05-12T18:15:15","date_gmt":"2014-05-12T16:15:15","guid":{"rendered":"http:\/\/semmelweis.hu\/borklinika\/?page_id=247"},"modified":"2025-09-29T12:10:43","modified_gmt":"2025-09-29T10:10:43","slug":"holyagos-borbetegsegek-szakrendeles","status":"publish","type":"page","link":"https:\/\/semmelweis.hu\/borklinika\/a-betegellatas-fo-profiljai\/jarobeteg-ellatas\/holyagos-borbetegsegek-szakrendeles\/","title":{"rendered":"H\u00f3lyagos b\u0151rbetegs\u00e9gek szakrendel\u00e9s"},"content":{"rendered":"<p style=\"text-align: justify\">Szakrendel\u00e9s\u00fcnk\u00f6n az \u00fan. autoimmun betegs\u00e9gek k\u00f6z\u00e9 tartoz\u00f3 h\u00f3lyagos b\u0151rt\u00fcnetekkel \u00e9s az esetlegesen ehhez t\u00e1rsul\u00f3 vagy els\u0151k\u00e9nt a sz\u00e1j\u00fcreg, szem \u00e9s nemiszervek ny\u00e1lkah\u00e1rty\u00e1j\u00e1t \u00e9rint\u0151 hasonl\u00f3 t\u00fcnetekkel j\u00e1r\u00f3 betegs\u00e9gek diagnosztik\u00e1j\u00e1t, kezel\u00e9s\u00e9t \u00e9s gondoz\u00e1s\u00e1t v\u00e9gezz\u00fck.<br \/>\n<strong>A rendel\u00e9sre ezen betegs\u00e9gek gyan\u00faj\u00e1val, b\u0151rgy\u00f3gy\u00e1szati beutal\u00f3val kell jelentkezni.<\/strong><\/p>\n<p>Az els\u0151dleges vizsg\u00e1lat mindig az \u00e1ltal\u00e1nos ambulanci\u00e1n t\u00f6rt\u00e9nik.<\/p>\n<p style=\"text-align: justify\"><strong>K\u00e9rj\u00fck, hogy erre a vizsg\u00e1latra kor\u00e1bbi b\u0151rgy\u00f3gy\u00e1szati dokument\u00e1ci\u00f3j\u00e1t, a b\u0151rt\u00fcnetekre alkalmazott \u00e9s a rendszeresen szedett gy\u00f3gyszerek \u00e9s kr\u00e9mek list\u00e1j\u00e1t, az 1-2 h\u00f3napn\u00e1l nem r\u00e9gebbi v\u00e9rv\u00e9teli lelet\u00e9t \u00e9s esetleges egy\u00e9b vizsg\u00e1lati leleteit is hozza mag\u00e1val.<\/strong><\/p>\n<p style=\"text-align: justify\">Az autoimmun h\u00f3lyagos betegs\u00e9gek megalapozott gyan\u00faja eset\u00e9n a kivizsg\u00e1l\u00e1s sor\u00e1n v\u00e9rv\u00e9tel \u00e9s a b\u0151rb\u0151l, sz\u00fcks\u00e9g eset\u00e9n a ny\u00e1lkah\u00e1rty\u00e1b\u00f3l mintav\u00e9tel t\u00f6rt\u00e9nik. Ny\u00e1lkah\u00e1rtya t\u00fcnetek eset\u00e9n a kivizsg\u00e1l\u00e1sban egyetemi t\u00e1rsint\u00e9zetek (fog\u00e1szati, sz\u00e1jseb\u00e9szeti, szem\u00e9szeti, gastroenterol\u00f3giai klinik\u00e1k) seg\u00edtenek. A v\u00e9r \u00e9s sz\u00f6vettani mint\u00e1k \u00e9rt\u00e9kel\u00e9se speci\u00e1lis egyetemi laborat\u00f3riumokban t\u00f6rt\u00e9nik, a feldolgoz\u00e1s t\u00f6bb napot, vagy n\u00e9h\u00e1ny hetet vesz ig\u00e9nybe. Igazolt diagn\u00f3zis eset\u00e9n a beteg \u00e1ltal\u00e1nos kivizsg\u00e1l\u00e1sa \u00e9s ennek alapj\u00e1n a kezel\u00e9s be\u00e1ll\u00edt\u00e1sa rendszerint fekv\u0151beteg oszt\u00e1lyainkon kezd\u0151dik. Az autoimmun bullosus ambulanci\u00e1n gondozzuk\u00a0 orvosi diagn\u00f3zis szerint a pemphigoid vagy pemphigus csoportba sorolhat\u00f3 k\u00f3rk\u00e9peket \u00e9s a dermatitis herpetiformis Duhring betegs\u00e9get. \u00a0\u00a0\u00a0<\/p>\n<p class=\"Normal\"><strong><span class=\"Normal__Char\">Rendel\u0151 orvosok:<\/span><\/strong><\/p>\n<ul>\n<li style=\"text-align: justify\"><span class=\"Normal__Char\">Prof. Dr. <\/span><span class=\"Normal__Char\">K<\/span><span class=\"Normal__Char\">\u00e1<\/span><span class=\"Normal__Char\">rp<\/span><span class=\"Normal__Char\">\u00e1<\/span><span class=\"Normal__Char\">ti<\/span> <span class=\"Normal__Char\">Sarolt<\/span><span class=\"Normal__Char\">a: h\u00e9tf\u0151, kedd<\/span><span class=\"Normal__Char\">\u00a08:30-12:00 (dermatitis <\/span><span class=\"Normal__Char\">herpetiformis, phemphigus, pemphigoid)<br \/>\n<\/span><span style=\"font-size: 1rem\">Id\u0151pont egyezt\u00e9s <span style=\"text-decoration: underline\">gondozott betegeknek<\/span>: +36-20-670-1608 (szabads\u00e1g alatt nem el\u00e9rhet\u0151). H\u00e9tf\u0151, kedd, cs\u00fct\u00f6rt\u00f6k 7:30-13:30<br \/>\n<\/span><\/li>\n<\/ul>\n","protected":false},"excerpt":{"rendered":"<p>Szakrendel\u00e9s\u00fcnk\u00f6n az \u00fan. autoimmun betegs\u00e9gek k\u00f6z\u00e9 tartoz\u00f3 h\u00f3lyagos b\u0151rt\u00fcnetekkel \u00e9s az esetlegesen ehhez t\u00e1rsul\u00f3 vagy els\u0151k\u00e9nt a sz\u00e1j\u00fcreg, szem \u00e9s nemiszervek ny\u00e1lkah\u00e1rty\u00e1j\u00e1t \u00e9rint\u0151 hasonl\u00f3 t\u00fcnetekkel j\u00e1r\u00f3 betegs\u00e9gek diagnosztik\u00e1j\u00e1t, kezel\u00e9s\u00e9t \u00e9s gondoz\u00e1s\u00e1t v\u00e9gezz\u00fck. A rendel\u00e9sre ezen betegs\u00e9gek gyan\u00faj\u00e1val, b\u0151rgy\u00f3gy\u00e1szati beutal\u00f3val kell jelentkezni. Az els\u0151dleges vizsg\u00e1lat mindig az \u00e1ltal\u00e1nos ambulanci\u00e1n t\u00f6rt\u00e9nik. K\u00e9rj\u00fck, hogy erre a vizsg\u00e1latra kor\u00e1bbi &hellip;<\/p>\n","protected":false},"author":101242,"featured_media":0,"parent":217,"menu_order":11,"comment_status":"closed","ping_status":"closed","template":"","meta":{"_acf_changed":false,"footnotes":""},"categories":[],"tags":[],"class_list":["post-247","page","type-page","status-publish","hentry"],"acf":[],"_links":{"self":[{"href":"https:\/\/semmelweis.hu\/borklinika\/wp-json\/wp\/v2\/pages\/247","targetHints":{"allow":["GET"]}}],"collection":[{"href":"https:\/\/semmelweis.hu\/borklinika\/wp-json\/wp\/v2\/pages"}],"about":[{"href":"https:\/\/semmelweis.hu\/borklinika\/wp-json\/wp\/v2\/types\/page"}],"author":[{"embeddable":true,"href":"https:\/\/semmelweis.hu\/borklinika\/wp-json\/wp\/v2\/users\/101242"}],"replies":[{"embeddable":true,"href":"https:\/\/semmelweis.hu\/borklinika\/wp-json\/wp\/v2\/comments?post=247"}],"version-history":[{"count":11,"href":"https:\/\/semmelweis.hu\/borklinika\/wp-json\/wp\/v2\/pages\/247\/revisions"}],"predecessor-version":[{"id":13208,"href":"https:\/\/semmelweis.hu\/borklinika\/wp-json\/wp\/v2\/pages\/247\/revisions\/13208"}],"up":[{"embeddable":true,"href":"https:\/\/semmelweis.hu\/borklinika\/wp-json\/wp\/v2\/pages\/217"}],"wp:attachment":[{"href":"https:\/\/semmelweis.hu\/borklinika\/wp-json\/wp\/v2\/media?parent=247"}],"wp:term":[{"taxonomy":"category","embeddable":true,"href":"https:\/\/semmelweis.hu\/borklinika\/wp-json\/wp\/v2\/categories?post=247"},{"taxonomy":"post_tag","embeddable":true,"href":"https:\/\/semmelweis.hu\/borklinika\/wp-json\/wp\/v2\/tags?post=247"}],"curies":[{"name":"wp","href":"https:\/\/api.w.org\/{rel}","templated":true}]}}