{"id":240,"date":"2014-05-12T17:48:10","date_gmt":"2014-05-12T15:48:10","guid":{"rendered":"http:\/\/semmelweis.hu\/borklinika\/?page_id=240"},"modified":"2025-09-29T12:09:13","modified_gmt":"2025-09-29T10:09:13","slug":"fenyterapia","status":"publish","type":"page","link":"https:\/\/semmelweis.hu\/borklinika\/a-betegellatas-fo-profiljai\/jarobeteg-ellatas\/fenyterapia\/","title":{"rendered":"F\u00e9nyter\u00e1pia"},"content":{"rendered":"<div>\u00a0<\/div>\n<p style=\"text-align: center\">\u00a0<\/p>\n<div>\n<p><span style=\"text-align: justify\">F\u00e9nyter\u00e1pi\u00e1s r\u00e9szleg\u00fcnk\u00f6n kiterjedt, ter\u00e1piarezisztens gyullad\u00e1sos b\u0151rbetegs\u00e9geket (f\u0151leg pikkelys\u00f6m\u00f6r, ekc\u00e9ma, b\u0151rlymphom\u00e1k, egy\u00e9b kiterjedt, viszket\u00e9ssel j\u00e1r\u00f3 k\u00f3rk\u00e9pek, stb.) kezel\u00fcnk, kihaszn\u00e1lva az ultraibolya f\u00e9ny gyullad\u00e1scs\u00f6kkent\u0151 hat\u00e1s\u00e1t. A rendelkez\u00e9sre \u00e1ll\u00f3 UVA-, UVB-kabin, valamint a tenyerek, talpak kezel\u00e9s\u00e9re szolg\u00e1l\u00f3 UVA panel seg\u00edts\u00e9g\u00e9vel lok\u00e1lis kezel\u00e9sre nem gy\u00f3gyul\u00f3 folyamatok sz\u00e9les sk\u00e1l\u00e1ja eset\u00e9ben tudunk javul\u00e1st, gy\u00f3gyul\u00e1st el\u00e9rni.<\/span><\/p>\n<\/div>\n<div id=\"yui_3_16_0_ym19_1_1494793318324_5436\" style=\"text-align: justify\">A kezel\u00e9s munkaid\u0151ben t\u00f6rt\u00e9nik, egy, a klinik\u00e1n dolgoz\u00f3 szakorvos javaslata alapj\u00e1n, az \u0151 \u00e1ltala meghat\u00e1rozott m\u00f3dszerrel. A kezel\u00e9sek el\u0151tt \u00e1ltal\u00e1ban, a f\u00e9nyd\u00f3zis meghat\u00e1roz\u00e1sa c\u00e9lj\u00e1b\u00f3l, f\u00e9ny\u00e9rz\u00e9kenys\u00e9gi tesztet v\u00e9gz\u00fcnk.<\/div>\n<div id=\"yui_3_16_0_ym19_1_1494793318324_5438\" style=\"text-align: justify\">A kezel\u00e9sekre \u00e1ltal\u00e1ban heti 2-3 alkalommal, el\u0151re egyeztetett id\u0151pontban kell megjelenni, egy f\u00e9nyter\u00e1pi\u00e1s k\u00fara \u00e1ltal\u00e1ban 20-30 kezel\u00e9st jelent.<\/div>\n<div id=\"yui_3_16_0_ym19_1_1494793318324_5190\" style=\"text-align: justify\">K\u00e9rj\u00fck, a kezel\u00e9s megkezd\u00e9se el\u0151tt f\u00e9ny\u00e9rz\u00e9kenys\u00e9get okoz\u00f3 \u00e1llapotr\u00f3l, betegs\u00e9gr\u0151l, gy\u00f3gyszerr\u0151l t\u00e1j\u00e9koztassa kezel\u0151orvos\u00e1t!<\/div>\n<div>\u00a0<\/div>\n<div><b>F\u00e9nyter\u00e1pia: <\/b>alagsor 15. rendel\u0151.<\/div>\n<p>H-P: 7:30-12:00<\/p>\n<p>Asszisztens: V\u00e1radi Zsuzsanna<\/p>\n<p>tel:+36-20-666-3030<\/p>\n","protected":false},"excerpt":{"rendered":"<p>\u00a0 \u00a0 F\u00e9nyter\u00e1pi\u00e1s r\u00e9szleg\u00fcnk\u00f6n kiterjedt, ter\u00e1piarezisztens gyullad\u00e1sos b\u0151rbetegs\u00e9geket (f\u0151leg pikkelys\u00f6m\u00f6r, ekc\u00e9ma, b\u0151rlymphom\u00e1k, egy\u00e9b kiterjedt, viszket\u00e9ssel j\u00e1r\u00f3 k\u00f3rk\u00e9pek, stb.) kezel\u00fcnk, kihaszn\u00e1lva az ultraibolya f\u00e9ny gyullad\u00e1scs\u00f6kkent\u0151 hat\u00e1s\u00e1t. A rendelkez\u00e9sre \u00e1ll\u00f3 UVA-, UVB-kabin, valamint a tenyerek, talpak kezel\u00e9s\u00e9re szolg\u00e1l\u00f3 UVA panel seg\u00edts\u00e9g\u00e9vel lok\u00e1lis kezel\u00e9sre nem gy\u00f3gyul\u00f3 folyamatok sz\u00e9les sk\u00e1l\u00e1ja eset\u00e9ben tudunk javul\u00e1st, gy\u00f3gyul\u00e1st el\u00e9rni. A kezel\u00e9s munkaid\u0151ben t\u00f6rt\u00e9nik, &hellip;<\/p>\n","protected":false},"author":101242,"featured_media":0,"parent":217,"menu_order":8,"comment_status":"closed","ping_status":"closed","template":"","meta":{"_acf_changed":false,"footnotes":""},"categories":[],"tags":[],"class_list":["post-240","page","type-page","status-publish","hentry"],"acf":[],"_links":{"self":[{"href":"https:\/\/semmelweis.hu\/borklinika\/wp-json\/wp\/v2\/pages\/240","targetHints":{"allow":["GET"]}}],"collection":[{"href":"https:\/\/semmelweis.hu\/borklinika\/wp-json\/wp\/v2\/pages"}],"about":[{"href":"https:\/\/semmelweis.hu\/borklinika\/wp-json\/wp\/v2\/types\/page"}],"author":[{"embeddable":true,"href":"https:\/\/semmelweis.hu\/borklinika\/wp-json\/wp\/v2\/users\/101242"}],"replies":[{"embeddable":true,"href":"https:\/\/semmelweis.hu\/borklinika\/wp-json\/wp\/v2\/comments?post=240"}],"version-history":[{"count":13,"href":"https:\/\/semmelweis.hu\/borklinika\/wp-json\/wp\/v2\/pages\/240\/revisions"}],"predecessor-version":[{"id":13205,"href":"https:\/\/semmelweis.hu\/borklinika\/wp-json\/wp\/v2\/pages\/240\/revisions\/13205"}],"up":[{"embeddable":true,"href":"https:\/\/semmelweis.hu\/borklinika\/wp-json\/wp\/v2\/pages\/217"}],"wp:attachment":[{"href":"https:\/\/semmelweis.hu\/borklinika\/wp-json\/wp\/v2\/media?parent=240"}],"wp:term":[{"taxonomy":"category","embeddable":true,"href":"https:\/\/semmelweis.hu\/borklinika\/wp-json\/wp\/v2\/categories?post=240"},{"taxonomy":"post_tag","embeddable":true,"href":"https:\/\/semmelweis.hu\/borklinika\/wp-json\/wp\/v2\/tags?post=240"}],"curies":[{"name":"wp","href":"https:\/\/api.w.org\/{rel}","templated":true}]}}