{"id":238,"date":"2014-05-12T17:47:39","date_gmt":"2014-05-12T15:47:39","guid":{"rendered":"http:\/\/semmelweis.hu\/borklinika\/?page_id=238"},"modified":"2024-10-09T09:44:02","modified_gmt":"2024-10-09T07:44:02","slug":"cutan-lymphoma-szakrendeles","status":"publish","type":"page","link":"https:\/\/semmelweis.hu\/borklinika\/a-betegellatas-fo-profiljai\/jarobeteg-ellatas\/cutan-lymphoma-szakrendeles\/","title":{"rendered":"B\u0151rlimf\u00f3ma szakrendel\u00e9s"},"content":{"rendered":"<p>A b\u0151rre lokaliz\u00e1l\u00f3d\u00f3 primer cutan lymphom\u00e1k speci\u00e1lis tulajdons\u00e1gokkal rendelkez\u0151 betegs\u00e9g csoport, rendszerint j\u00f3 progn\u00f3zis\u00fa, kev\u00e9ss\u00e9 agressz\u00edv ter\u00e1pi\u00e1t ig\u00e9nyl\u0151 betegs\u00e9gek. A betegs\u00e9gben jellegzetes, olykor nehezen diagnosztiz\u00e1lhat\u00f3 b\u0151rt\u00fcnetek fordulnak el\u0151, a diagn\u00f3zis fel\u00e1ll\u00edt\u00e1s\u00e1hoz elengedhetetlen a b\u0151rgy\u00f3gy\u00e1szati klinikai tapasztalat, gyakorlat \u00e9s minden esetben elv\u00e9gzend\u0151 a b\u0151relv\u00e1ltoz\u00e1s sz\u00f6vettani, immunhisztok\u00e9miai \u00e9s molekul\u00e1rbiol\u00f3giai vizsg\u00e1lata.<\/p>\n<p>Klinik\u00e1nk speci\u00e1lis ambulanci\u00e1j\u00e1n a konz\u00edliumba k\u00fcld\u00f6tt betegekn\u00e9l tan\u00e1csad\u00e1s, az \u00fajonnan jelentkezett esetekn\u00e9l a diagn\u00f3zis fel\u00e1ll\u00edt\u00e1sa t\u00f6rt\u00e9nik, hisztol\u00f3giai laborat\u00f3riumunk \u00e9s a Semmelweis Egyetem I. Pathol\u00f3giai Int\u00e9zet\u00e9nek diagnosztikus seg\u00edts\u00e9g\u00e9vel. A p\u00e1cienseket gondozzuk ambulanci\u00e1nkon, ennek sor\u00e1n ellen\u0151rizz\u00fck a kezel\u00e9s hat\u00e1soss\u00e1g\u00e1t, sz\u00fcks\u00e9g szerint m\u00f3dos\u00edtjuk, \u00e9s r\u00f6gz\u00edtj\u00fck a betegs\u00e9g aktu\u00e1lis st\u00e1dium\u00e1t, kontroll\u00e1ljuk a k\u00eds\u00e9r\u0151 betegs\u00e9geket, esetleges sz\u00f6v\u0151dm\u00e9nyeket. A betegek speci\u00e1lis kezel\u00e9s\u00e9nek (PUVA, f\u00e9nykezel\u00e9s, biol\u00f3giai kezel\u00e9sek, fel\u00fcleti r\u00f6ntgen) ir\u00e1ny\u00edt\u00e1s\u00e1t, ellen\u0151rz\u00e9s\u00e9t, a beteg \u00e1llapot\u00e1nak rendszeres kontroll\u00e1l\u00e1s\u00e1t v\u00e9gezz\u00fck ambulanci\u00e1nkon. Seb\u00e9szeti ell\u00e1t\u00e1s sz\u00fcks\u00e9g eset\u00e9n klinik\u00e1nk Seb\u00e9szeti Oszt\u00e1ly\u00e1n hozz\u00e1f\u00e9rhet\u0151, speci\u00e1lis laborat\u00f3riumi vizsg\u00e1latokra az Egyetemen bel\u00fcl lehet\u0151s\u00e9g\u00fcnk van. A betegek komplex ell\u00e1t\u00e1s\u00e1ban a Semmelweis Egyetem I. Belgy\u00f3gy\u00e1szati Klinika Hematol\u00f3giai Oszt\u00e1ly\u00e1val, extracorporalis photopheresis kezel\u00e9s\u00e9ben az I. Belklinika Apheresis Oszt\u00e1ly\u00e1val m\u0171k\u00f6d\u00fcnk egy\u00fctt. St\u00e1dium meg\u00e1llap\u00edt\u00e1s\u00e1ra szolg\u00e1l\u00f3 k\u00e9palkot\u00f3 vizsg\u00e1latok k\u00f6z\u00fcl klinik\u00e1nkon UH vizsg\u00e1latot v\u00e9gz\u00fcnk, CT, PET-CT vizsg\u00e1latra a megfelel\u0151 diagnosztikus egys\u00e9gekbe ir\u00e1ny\u00edtjuk betegeinket.<br \/>\nCutan lymphoma ambulancia vezet\u0151je: Dr. Szakonyi J\u00f3zsef\u00a0<\/p>\n<p><b>Cutan lymphoma szakrendel\u00e9s:\u00a0<\/b><\/p>\n<p>K: 8:00-12:00<b><\/b><\/p>\n<p>Beutal\u00f3, id\u0151pont egyeztet\u00e9s sz\u00fcks\u00e9ges.<\/p>\n<p>Id\u0151pont egyeztet\u00e9s: +36-1-235-2180, munkanapokon 12-15 \u00f3ra k\u00f6z\u00f6tt.<\/p>\n","protected":false},"excerpt":{"rendered":"<p>A b\u0151rre lokaliz\u00e1l\u00f3d\u00f3 primer cutan lymphom\u00e1k speci\u00e1lis tulajdons\u00e1gokkal rendelkez\u0151 betegs\u00e9g csoport, rendszerint j\u00f3 progn\u00f3zis\u00fa, kev\u00e9ss\u00e9 agressz\u00edv ter\u00e1pi\u00e1t ig\u00e9nyl\u0151 betegs\u00e9gek. A betegs\u00e9gben jellegzetes, olykor nehezen diagnosztiz\u00e1lhat\u00f3 b\u0151rt\u00fcnetek fordulnak el\u0151, a diagn\u00f3zis fel\u00e1ll\u00edt\u00e1s\u00e1hoz elengedhetetlen a b\u0151rgy\u00f3gy\u00e1szati klinikai tapasztalat, gyakorlat \u00e9s minden esetben elv\u00e9gzend\u0151 a b\u0151relv\u00e1ltoz\u00e1s sz\u00f6vettani, immunhisztok\u00e9miai \u00e9s molekul\u00e1rbiol\u00f3giai vizsg\u00e1lata. Klinik\u00e1nk speci\u00e1lis ambulanci\u00e1j\u00e1n a konz\u00edliumba k\u00fcld\u00f6tt betegekn\u00e9l &hellip;<\/p>\n","protected":false},"author":101242,"featured_media":0,"parent":217,"menu_order":6,"comment_status":"closed","ping_status":"closed","template":"","meta":{"_acf_changed":false,"footnotes":""},"categories":[],"tags":[],"class_list":["post-238","page","type-page","status-publish","hentry"],"acf":[],"_links":{"self":[{"href":"https:\/\/semmelweis.hu\/borklinika\/wp-json\/wp\/v2\/pages\/238","targetHints":{"allow":["GET"]}}],"collection":[{"href":"https:\/\/semmelweis.hu\/borklinika\/wp-json\/wp\/v2\/pages"}],"about":[{"href":"https:\/\/semmelweis.hu\/borklinika\/wp-json\/wp\/v2\/types\/page"}],"author":[{"embeddable":true,"href":"https:\/\/semmelweis.hu\/borklinika\/wp-json\/wp\/v2\/users\/101242"}],"replies":[{"embeddable":true,"href":"https:\/\/semmelweis.hu\/borklinika\/wp-json\/wp\/v2\/comments?post=238"}],"version-history":[{"count":11,"href":"https:\/\/semmelweis.hu\/borklinika\/wp-json\/wp\/v2\/pages\/238\/revisions"}],"predecessor-version":[{"id":12585,"href":"https:\/\/semmelweis.hu\/borklinika\/wp-json\/wp\/v2\/pages\/238\/revisions\/12585"}],"up":[{"embeddable":true,"href":"https:\/\/semmelweis.hu\/borklinika\/wp-json\/wp\/v2\/pages\/217"}],"wp:attachment":[{"href":"https:\/\/semmelweis.hu\/borklinika\/wp-json\/wp\/v2\/media?parent=238"}],"wp:term":[{"taxonomy":"category","embeddable":true,"href":"https:\/\/semmelweis.hu\/borklinika\/wp-json\/wp\/v2\/categories?post=238"},{"taxonomy":"post_tag","embeddable":true,"href":"https:\/\/semmelweis.hu\/borklinika\/wp-json\/wp\/v2\/tags?post=238"}],"curies":[{"name":"wp","href":"https:\/\/api.w.org\/{rel}","templated":true}]}}